{"id":11099,"date":"2022-07-22T09:27:29","date_gmt":"2022-07-22T09:27:29","guid":{"rendered":"https:\/\/greentec.eu.bluebird.pw\/references\/"},"modified":"2022-11-23T09:55:51","modified_gmt":"2022-11-23T09:55:51","slug":"referencer","status":"publish","type":"page","link":"https:\/\/greentec.eu\/da\/referencer\/","title":{"rendered":"Referencer"},"content":{"rendered":"<div id=\"pl-11099\"  class=\"panel-layout\" ><div id=\"pg-11099-0\"  class=\"panel-grid panel-no-style\" ><div id=\"pgc-11099-0-0\"  class=\"panel-grid-cell\" ><div id=\"panel-11099-0-0-0\" class=\"so-panel widget widget_mtt-archive panel-first-child panel-last-child\" data-index=\"0\" ><div\n\t\t\t\n\t\t\tclass=\"so-widget-mtt-archive so-widget-mtt-archive-base\"\n\t\t\t\n\t\t>    <section class=\"mtt-text-cover\">\n        <div class=\"pattern-container\">\n            <img decoding=\"async\" class=\"pattern-container__pattern pattern-container__pattern--left\" src=\"https:\/\/greentec.eu\/wp-content\/themes\/greentec-wordpress-theme\/public\/img\/svg\/pattern-text-cover.svg\" alt=\"GreenTec pattern\">\n        <\/div>\n        <div class=\"mtt-text-cover__inner page_container\">\n            <div class=\"mtt-text-cover__text\">\n                <div class=\"mtt-text-cover__text--tagline tagline--prim\">Bliv inspireret af vores kunder<\/div>                <h1 class=\"mtt-text-cover__text--title\">Referencer<\/h1>\n                <div class=\"mtt-text-cover__text--text\">L\u00e6s historierne fra vores kunder og bliv inspireret til din virksomhed!<\/div>            <\/div>\n    <\/section>\n    <section class=\"mtt-post-archive  spacing_top_56 spacing_bottom_104 spacing-classes-added\" data-archive data-post-type=\"references\" data-archive-per-page=\"15\">\n    <div class=\"page_container\">\n        <div class=\"mtt-post-archive__title\">\n                        <div class=\"mtt-post-archive-categories\" data-parent-tax-slug=\"references_categories\">\n                <ul class=\"mtt-post-archive-categories__list\">\n                    <li class='mtt-archive-category'><button data-archive-button data-tax-slug='references_categories' data-term-id='339,303,304' class='active'>Alle<\/button><\/li><li class='mtt-archive-category'><button data-archive-button data-tax-slug='references_categories' data-term-id='339' class=''>Armklippere<\/button><\/li><li class='mtt-archive-category'><button data-archive-button data-tax-slug='references_categories' data-term-id='303' class=''>Redskabsrammer<\/button><\/li><li class='mtt-archive-category'><button data-archive-button data-tax-slug='references_categories' data-term-id='304' class=''>Redskaber<\/button><\/li>                <\/ul>\n            <\/div>\n        <\/div>\n        <div class=\"mtt-post-archive__layout\">\n            <div class=\"mtt-post-archive__content\">\n                <div class=\"mtt-post-archive__grid\" data-archive-target>\n                    \n<div class=\"post-card\">\n    <a href=\"https:\/\/greentec.eu\/da\/referencer\/flotte-snit-og-effektiv-mulching\/\" class=\"post-card__link\"><\/a>\n    <div class=\"post-card__image-container\">\n        <div class=\"post-card__image object-fit\">\n            <img decoding=\"async\" src=\"https:\/\/greentec.eu\/wp-content\/uploads\/2024\/03\/Gerhard-Kreiml-Featured-image-550x413.webp\" alt=\"Hegnsklipper frontmonteret p\u00e5 traktor\">\n        <\/div>\n    <\/div>\n    <div class=\"post-card__text-container\">\n        <h3 class=\"post-card__title\">\n            Flotte snit og effektiv mulching        <\/h3>\n                    <p class=\"post-card__person\">Gerhard Kreiml - Lambach, \u00d8strig<\/p>\n                            <div class=\"post-card__excerpt\">\n                Vi kan bruge vores enge meget mere effektivt og produktivt, fordi vi altid besk\u00e6rer tr\u00e6erne rettidigt for at modvirke skyggeeffekter i skovkanterne.            <\/div>\n            <\/div>\n<\/div>\n<div class=\"post-card\">\n    <a href=\"https:\/\/greentec.eu\/da\/referencer\/vedligeholdelse-af-laehegn-med-grensav\/\" class=\"post-card__link\"><\/a>\n    <div class=\"post-card__image-container\">\n        <div class=\"post-card__image object-fit\">\n            <img decoding=\"async\" src=\"https:\/\/greentec.eu\/wp-content\/uploads\/2024\/02\/Johann-Appoyer-Featured-image-550x413.webp\" alt=\"Grensav til klipning af l\u00e6hegn\">\n        <\/div>\n    <\/div>\n    <div class=\"post-card__text-container\">\n        <h3 class=\"post-card__title\">\n            Vedligeholdelse af l\u00e6hegn med grensav        <\/h3>\n                    <p class=\"post-card__person\">Johann Appoyer - Grabern, \u00d8strig<\/p>\n                            <div class=\"post-card__excerpt\">\n                GreenTec Grensav LRS 1602 opfylder mine krav til perfektion. Den er alsidig og ekstremt robust. Sikkerhedsfunktionerne er ogs\u00e5 fremragende. Jeg er yderst tilfreds. Mine l\u00e6hegn er p\u00e6ne og smalle igen.            <\/div>\n            <\/div>\n<\/div>\n<div class=\"post-card\">\n    <a href=\"https:\/\/greentec.eu\/da\/referencer\/beskaering-af-traeer-sikkert-og-effektivt\/\" class=\"post-card__link\"><\/a>\n    <div class=\"post-card__image-container\">\n        <div class=\"post-card__image object-fit\">\n            <img decoding=\"async\" src=\"https:\/\/greentec.eu\/wp-content\/uploads\/2024\/02\/Christoph-Muss-Featured-image-550x413.webp\" alt=\"Hegnsklipper monteret p\u00e5 Takeuchi gravemaskine\">\n        <\/div>\n    <\/div>\n    <div class=\"post-card__text-container\">\n        <h3 class=\"post-card__title\">\n            Besk\u00e6ring af tr\u00e6er sikkert og effektivt        <\/h3>\n                    <p class=\"post-card__person\">Christoph Muss - Salzkammergut, \u00d8strig<\/p>\n                            <div class=\"post-card__excerpt\">\n                GreenTec saven har et meget glat snit og h\u00f8j ydeevne, s\u00e5 jeg kan besk\u00e6re selv tykke grene hurtigt og sk\u00e5nsomt.            <\/div>\n            <\/div>\n<\/div>\n<div class=\"post-card\">\n    <a href=\"https:\/\/greentec.eu\/da\/referencer\/rabatklipning-i-tre-kommuner\/\" class=\"post-card__link\"><\/a>\n    <div class=\"post-card__image-container\">\n        <div class=\"post-card__image object-fit\">\n            <img decoding=\"async\" src=\"https:\/\/greentec.eu\/wp-content\/uploads\/2024\/02\/Manfred-Pichler-Featured-image-550x413.webp\" alt=\"Gr\u00e6sklipning af rabatter med GreenTec maskiner\">\n        <\/div>\n    <\/div>\n    <div class=\"post-card__text-container\">\n        <h3 class=\"post-card__title\">\n            Rabatklipning i tre kommuner        <\/h3>\n                    <p class=\"post-card__person\">Manfred Pichler og Wolfgang Birngruber - Kirchschlag, \u00d8strig<\/p>\n                            <div class=\"post-card__excerpt\">\n                Kollisionsbeskyttelsen er fantastisk, samt rotordrejeleddet, fordi man kan k\u00f8re bagl\u00e6ns. Vi kan ogs\u00e5 godt lide det fremragende overblik i arbejdstilstand. Du kan ogs\u00e5 f\u00f8re armen frem, helt op ved siden af kabined\u00f8ren, s\u00e5 du kan se klippeomr\u00e5det perfekt. Jeg kan helt klart anbefale Scorpion armklipperen.            <\/div>\n            <\/div>\n<\/div>\n<div class=\"post-card\">\n    <a href=\"https:\/\/greentec.eu\/da\/referencer\/beskaering-af-frugttraeer-i-plantage\/\" class=\"post-card__link\"><\/a>\n    <div class=\"post-card__image-container\">\n        <div class=\"post-card__image object-fit\">\n            <img decoding=\"async\" src=\"https:\/\/greentec.eu\/wp-content\/uploads\/2023\/12\/Alf-Pappalardo-Featured-image-550x413.webp\" alt=\"Alf Pappalardo med sine GreenTec maskiner\">\n        <\/div>\n    <\/div>\n    <div class=\"post-card__text-container\">\n        <h3 class=\"post-card__title\">\n            Besk\u00e6ring af frugttr\u00e6er i plantage        <\/h3>\n                    <p class=\"post-card__person\">Alf Pappalardo - Giru, Australien<\/p>\n                            <div class=\"post-card__excerpt\">\n                Det har absolut overg\u00e5et alle vores forventninger. I l\u00f8bet af \u00e9n s\u00e6son, har vi allerede betalt for denne sav. Det er virkelig en fantastisk sav.            <\/div>\n            <\/div>\n<\/div>\n<div class=\"post-card\">\n    <a href=\"https:\/\/greentec.eu\/da\/referencer\/roskilde-ejendomsservice-vedligeholder-groenne-arealer-med-greentec-maskiner\/\" class=\"post-card__link\"><\/a>\n    <div class=\"post-card__image-container\">\n        <div class=\"post-card__image object-fit\">\n            <img decoding=\"async\" src=\"https:\/\/greentec.eu\/wp-content\/uploads\/2022\/11\/Joachim-Vuijik-Featured-image-1-550x413.webp\" alt=\"Joachim and Anders from Roskilde Ejendomsservice A\/S with their new GreenTec machines\">\n        <\/div>\n    <\/div>\n    <div class=\"post-card__text-container\">\n        <h3 class=\"post-card__title\">\n            Roskilde Ejendomsservice A\/S vedligeholder gr\u00f8nne arealer med GreenTec maskiner        <\/h3>\n                    <p class=\"post-card__person\">Joachim Vuijk - Roskilde, Danmark<\/p>\n                            <div class=\"post-card__excerpt\">\n                Vi har GreenTec, fordi vores oplevelse er, at det fungerer.            <\/div>\n            <\/div>\n<\/div>\n<div class=\"post-card\">\n    <a href=\"https:\/\/greentec.eu\/da\/referencer\/vedligeholdelse-af-skovstier-skovbryn\/\" class=\"post-card__link\"><\/a>\n    <div class=\"post-card__image-container\">\n        <div class=\"post-card__image object-fit\">\n            <img decoding=\"async\" src=\"https:\/\/greentec.eu\/wp-content\/uploads\/2023\/05\/Leopold-Danzler-Featured-image-550x413.webp\" alt=\"Tr\u00e6besk\u00e6ring i skoven\">\n        <\/div>\n    <\/div>\n    <div class=\"post-card__text-container\">\n        <h3 class=\"post-card__title\">\n            Vedligeholdelse af skovstier og skovbryn        <\/h3>\n                    <p class=\"post-card__person\">Leopold Danzler - Hollenthon, \u00d8strig<\/p>\n                            <div class=\"post-card__excerpt\">\n                GreenTec saven fungerer perfekt. Den er virkelig nem at bruge, har en utrolig lav v\u00e6gt og giver et rent snit.            <\/div>\n            <\/div>\n<\/div>\n<div class=\"post-card\">\n    <a href=\"https:\/\/greentec.eu\/da\/referencer\/landskabspleje-hoej-fleksibilitet\/\" class=\"post-card__link\"><\/a>\n    <div class=\"post-card__image-container\">\n        <div class=\"post-card__image object-fit\">\n            <img decoding=\"async\" src=\"https:\/\/greentec.eu\/wp-content\/uploads\/2022\/11\/Franz-Steindl-Featured-image-550x413.webp\" alt=\"Franz Steindl &#8211; Featured image\">\n        <\/div>\n    <\/div>\n    <div class=\"post-card__text-container\">\n        <h3 class=\"post-card__title\">\n            Landskabspleje med h\u00f8j fleksibilitet        <\/h3>\n                    <p class=\"post-card__person\">Franz Steindl - Gro\u00df Sierning, \u00d8strig<\/p>\n                            <div class=\"post-card__excerpt\">\n                Klippekvaliteten og arbejdskomforten er fremragende.            <\/div>\n            <\/div>\n<\/div>\n<div class=\"post-card\">\n    <a href=\"https:\/\/greentec.eu\/da\/referencer\/skovarbejde-med-greentec-maskiner\/\" class=\"post-card__link\"><\/a>\n    <div class=\"post-card__image-container\">\n        <div class=\"post-card__image object-fit\">\n            <img decoding=\"async\" src=\"https:\/\/greentec.eu\/wp-content\/uploads\/2023\/05\/Mario-Hemetsberger-Cover-image-Featured-image-1-550x413.webp\" alt=\"Hydraulisk sav til besk\u00e6ring af tr\u00e6er i skov\">\n        <\/div>\n    <\/div>\n    <div class=\"post-card__text-container\">\n        <h3 class=\"post-card__title\">\n            Skovarbejde med GreenTec maskiner        <\/h3>\n                    <p class=\"post-card__person\">Mario Hemetsberger - Unterach am Attersee, \u00d8strig<\/p>\n                            <div class=\"post-card__excerpt\">\n                Det, at man kan k\u00f8re klippehovedet b\u00e5de frem og tilbage med det roterende drejeled, er bare perfekt. Det er ogs\u00e5 dejligt, at du har kollisionsbeskyttelse i begge retninger. Takket v\u00e6re vendeanordningen p\u00e5 min Valtra traktor, kan jeg ogs\u00e5 v\u00e6lge \u2013 alt efter aktiviteten \u2013 om jeg k\u00f8rer normalt eller bagl\u00e6ns. Det er enormt praktisk!            <\/div>\n            <\/div>\n<\/div>\n<div class=\"post-card\">\n    <a href=\"https:\/\/greentec.eu\/da\/referencer\/vedlighold-markerne-beskaer-laehegn\/\" class=\"post-card__link\"><\/a>\n    <div class=\"post-card__image-container\">\n        <div class=\"post-card__image object-fit\">\n            <img decoding=\"async\" src=\"https:\/\/greentec.eu\/wp-content\/uploads\/2022\/11\/Niels-Martin-Aggesen-Featured-image-550x413.webp\" alt=\"Niels Martin Aggesen &#8211; Featured image\">\n        <\/div>\n    <\/div>\n    <div class=\"post-card__text-container\">\n        <h3 class=\"post-card__title\">\n            Vedligehold markerne ved at besk\u00e6re l\u00e6hegn regelm\u00e6ssigt        <\/h3>\n                    <p class=\"post-card__person\">Niels Martin Aggesen - Maugstrup, Danmark<\/p>\n                            <div class=\"post-card__excerpt\">\n                F\u00f8r havde vi en mand op i skovlen p\u00e5 teleskopl\u00e6sseren og s\u00e5 skar vi nogle grene v\u00e6k og fjernede dem. Nu kan vi k\u00f8re med en mand og klippe det.            <\/div>\n            <\/div>\n<\/div>\n<div class=\"post-card\">\n    <a href=\"https:\/\/greentec.eu\/da\/referencer\/graesklipning-af-stejle-skraaninger-med-greentec-maskiner\/\" class=\"post-card__link\"><\/a>\n    <div class=\"post-card__image-container\">\n        <div class=\"post-card__image object-fit\">\n            <img decoding=\"async\" src=\"https:\/\/greentec.eu\/wp-content\/uploads\/2022\/11\/Lautergrund-Rehabilitation-Clinic-Featured-image-550x413.webp\" alt=\"Lautergrund Rehabilitation Clinic &#8211; Featured image\">\n        <\/div>\n    <\/div>\n    <div class=\"post-card__text-container\">\n        <h3 class=\"post-card__title\">\n            Gr\u00e6sklipning af stejle skr\u00e5ninger med GreenTec maskiner        <\/h3>\n                    <p class=\"post-card__person\">Lautergrund Rehabiliteringsklinik - Bad Staffelstein, Tyskland<\/p>\n                            <div class=\"post-card__excerpt\">\n                Maskinerne har k\u00e6mpe fleksibilitet og lavt st\u00f8jniveau. Vores forventninger er blevet overg\u00e5et.            <\/div>\n            <\/div>\n<\/div>\n<div class=\"post-card\">\n    <a href=\"https:\/\/greentec.eu\/da\/referencer\/entreprenoeren-kai-ruppel-imoedekommer-efterspoergsel-paa-hegnsklipning\/\" class=\"post-card__link\"><\/a>\n    <div class=\"post-card__image-container\">\n        <div class=\"post-card__image object-fit\">\n            <img decoding=\"async\" src=\"https:\/\/greentec.eu\/wp-content\/uploads\/2022\/11\/Kai-Ruppel-Featured-image-550x413.webp\" alt=\"Kai Ruppel &#8211; Featured image\">\n        <\/div>\n    <\/div>\n    <div class=\"post-card__text-container\">\n        <h3 class=\"post-card__title\">\n            Entrepren\u00f8ren Kai Ruppel im\u00f8dekommer \u00f8get eftersp\u00f8rgsel p\u00e5 hegnsklipning        <\/h3>\n                    <p class=\"post-card__person\">Kai Ruppel - B\u00fcdingen, Tyskland<\/p>\n                            <div class=\"post-card__excerpt\">\n                Vi var n\u00f8dt til at kunne udf\u00f8re ordrerne noget hurtigere uden at g\u00e5 p\u00e5 kompromis med kvaliteten af arbejdet. Grensaven er perfekt til dette form\u00e5l.            <\/div>\n            <\/div>\n<\/div>\n<div class=\"post-card\">\n    <a href=\"https:\/\/greentec.eu\/da\/referencer\/professionel-rabat-og-hegnsklipning-med-scorpion-730-plus\/\" class=\"post-card__link\"><\/a>\n    <div class=\"post-card__image-container\">\n        <div class=\"post-card__image object-fit\">\n            <img decoding=\"async\" src=\"https:\/\/greentec.eu\/wp-content\/uploads\/2022\/11\/Johann-Lindner-Featured-image-550x413.webp\" alt=\"Johann Lindner &#8211; Featured image\">\n        <\/div>\n    <\/div>\n    <div class=\"post-card__text-container\">\n        <h3 class=\"post-card__title\">\n            Professionel rabat- og hegnsklipning med Scorpion 730 PLUS        <\/h3>\n                    <p class=\"post-card__person\">Johann Lindner - Yspertal, \u00d8strig<\/p>\n                            <div class=\"post-card__excerpt\">\n                Alt fungerer utrolig godt. R\u00e5dgivnings- og salgsprocessen var ogs\u00e5 meget behagelig.            <\/div>\n            <\/div>\n<\/div>\n<div class=\"post-card\">\n    <a href=\"https:\/\/greentec.eu\/da\/referencer\/skovpleje-med-hydraulisk-sav\/\" class=\"post-card__link\"><\/a>\n    <div class=\"post-card__image-container\">\n        <div class=\"post-card__image object-fit\">\n            <img decoding=\"async\" src=\"https:\/\/greentec.eu\/wp-content\/uploads\/2022\/11\/Friedl-Krimbacher-Featured-image-550x413.webp\" alt=\"Friedl Krimbacher &#8211; Featured image\">\n        <\/div>\n    <\/div>\n    <div class=\"post-card__text-container\">\n        <h3 class=\"post-card__title\">\n            Skovpleje med hydraulisk sav        <\/h3>\n                    <p class=\"post-card__person\">Friedl Krimbacher - Schwendt, \u00d8strig<\/p>\n                            <div class=\"post-card__excerpt\">\n                GreenTec saven er sensationel. Dens kraft er fremragende. Alt fungerer up\u00e5klageligt i samtlige aspekter.            <\/div>\n            <\/div>\n<\/div>\n<div class=\"post-card\">\n    <a href=\"https:\/\/greentec.eu\/da\/referencer\/foroegelse-af-kapaciteten-med-greentec-maskiner\/\" class=\"post-card__link\"><\/a>\n    <div class=\"post-card__image-container\">\n        <div class=\"post-card__image object-fit\">\n            <img decoding=\"async\" src=\"https:\/\/greentec.eu\/wp-content\/uploads\/2022\/11\/Philipp-Unger-Featured-image-550x413.webp\" alt=\"Philipp Unger &#8211; Featured image\">\n        <\/div>\n    <\/div>\n    <div class=\"post-card__text-container\">\n        <h3 class=\"post-card__title\">\n            For\u00f8gelse af kapaciteten med GreenTec maskiner        <\/h3>\n                    <p class=\"post-card__person\">Philipp Unger - Loipersdorf-Kitzladen, \u00d8strig<\/p>\n                            <div class=\"post-card__excerpt\">\n                Du har altid klippehovedet i sigte, da det k\u00f8rer i den h\u00f8jre side af kabinen. Du kan ogs\u00e5 k\u00f8re bagl\u00e6ns med slagleklipperen p\u00e5 grund af det dobbelte drejeled, og du har stadig en anti-kollisionsfunktion. Maskinen er meget st\u00f8jsvag og nem at bruge.            <\/div>\n            <\/div>\n<\/div>                <\/div>\n                <div class=\"mtt-post-archive__pagination\" data-archive-pagination>\n                    <div class='mtt-pagination'><button class='mtt-pagination__toggle' data-page='0' aria-label='Forrige' disabled><svg xmlns=\"http:\/\/www.w3.org\/2000\/svg\" viewBox=\"0 0 6 10\" fill=\"currentColor\"><path d=\"M6 9a1 1 0 0 1-.293.707 1 1 0 0 1-1.414 0l-4-4a1 1 0 0 1 0-1.414 1 1 0 0 1 1.414 0l4 4A1 1 0 0 1 6 9Z\"\/><path d=\"M6 1a1 1 0 0 1-.293.707l-4 4a1 1 0 0 1-1.414 0 1 1 0 0 1 0-1.414l4-4A1 1 0 0 1 6 1Z\"\/><\/svg><\/button><span class='mtt-pagination__toggle mtt-pagination__toggle--active' data-page='1'>1<\/span><button class='mtt-pagination__toggle' data-page='2'>2<\/button><button class='mtt-pagination__toggle' data-page='2' aria-label='N\u00e6ste'><svg xmlns=\"http:\/\/www.w3.org\/2000\/svg\" viewBox=\"0 0 6 10\" fill=\"currentColor\"><path d=\"M6 5a1 1 0 0 1-.293.707l-4 4a1 1 0 0 1-1.414 0 1 1 0 0 1 0-1.414l4-4A1 1 0 0 1 6 5Z\"\/><path d=\"M6 5a1 1 0 0 1-.293.707 1 1 0 0 1-1.414 0l-4-4a1 1 0 0 1 0-1.414 1 1 0 0 1 1.414 0l4 4A1 1 0 0 1 6 5Z\"\/><\/svg><\/button><\/div>                <\/div>\n            <\/div>\n        <\/div>\n    <\/div>\n<\/section>\n<\/div><\/div><\/div><\/div><\/div>","protected":false},"excerpt":{"rendered":"<p>Bliv inspireret af vores kunder Referencer L\u00e6s historierne fra vores kunder og bliv inspireret til din virksomhed! AlleArmklippereRedskabsrammerRedskaber Flotte snit og effektiv mulching Gerhard Kreiml &#8211; Lambach, \u00d8strig Vi kan bruge vores enge meget mere effektivt og produktivt, fordi vi altid besk\u00e6rer tr\u00e6erne rettidigt for at modvirke skyggeeffekter i skovkanterne. Vedligeholdelse af l\u00e6hegn med grensav [&hellip;]<\/p>\n","protected":false},"author":1,"featured_media":0,"parent":0,"menu_order":0,"comment_status":"closed","ping_status":"closed","template":"","meta":{"_acf_changed":false,"_relevanssi_hide_post":"","_relevanssi_hide_content":"","_relevanssi_pin_for_all":"","_relevanssi_pin_keywords":"","_relevanssi_unpin_keywords":"","_relevanssi_related_keywords":"","_relevanssi_related_include_ids":"","_relevanssi_related_exclude_ids":"","_relevanssi_related_no_append":"","_relevanssi_related_not_related":"","_relevanssi_related_posts":"","_relevanssi_noindex_reason":"","inline_featured_image":false,"footnotes":""},"class_list":["post-11099","page","type-page","status-publish","hentry"],"acf":[],"yoast_head":"<!-- This site is optimized with the Yoast SEO plugin v27.0 - https:\/\/yoast.com\/product\/yoast-seo-wordpress\/ -->\n<title>Referencer - GreenTec<\/title>\n<meta name=\"robots\" content=\"index, follow, max-snippet:-1, max-image-preview:large, max-video-preview:-1\" \/>\n<link rel=\"canonical\" href=\"https:\/\/greentec.eu\/da\/referencer\/\" \/>\n<meta property=\"og:locale\" content=\"da_DK\" \/>\n<meta property=\"og:type\" content=\"article\" \/>\n<meta property=\"og:title\" content=\"Referencer - GreenTec\" \/>\n<meta property=\"og:description\" content=\"Bliv inspireret af vores kunder Referencer L\u00e6s historierne fra vores kunder og bliv inspireret til din virksomhed! AlleArmklippereRedskabsrammerRedskaber Flotte snit og effektiv mulching Gerhard Kreiml - Lambach, \u00d8strig Vi kan bruge vores enge meget mere effektivt og produktivt, fordi vi altid besk\u00e6rer tr\u00e6erne rettidigt for at modvirke skyggeeffekter i skovkanterne. Vedligeholdelse af l\u00e6hegn med grensav [&hellip;]\" \/>\n<meta property=\"og:url\" content=\"https:\/\/greentec.eu\/da\/referencer\/\" \/>\n<meta property=\"og:site_name\" content=\"GreenTec\" \/>\n<meta property=\"article:modified_time\" content=\"2022-11-23T09:55:51+00:00\" \/>\n<meta name=\"twitter:card\" content=\"summary_large_image\" \/>\n<meta name=\"twitter:label1\" content=\"Estimeret l\u00e6setid\" \/>\n\t<meta name=\"twitter:data1\" content=\"1 minut\" \/>\n<script type=\"application\/ld+json\" class=\"yoast-schema-graph\">{\"@context\":\"https:\/\/schema.org\",\"@graph\":[{\"@type\":\"WebPage\",\"@id\":\"https:\/\/greentec.eu\/da\/referencer\/\",\"url\":\"https:\/\/greentec.eu\/da\/referencer\/\",\"name\":\"Referencer - GreenTec\",\"isPartOf\":{\"@id\":\"https:\/\/greentec.eu\/da\/#website\"},\"datePublished\":\"2022-07-22T09:27:29+00:00\",\"dateModified\":\"2022-11-23T09:55:51+00:00\",\"inLanguage\":\"da-DK\",\"potentialAction\":[{\"@type\":\"ReadAction\",\"target\":[\"https:\/\/greentec.eu\/da\/referencer\/\"]}]},{\"@type\":\"WebSite\",\"@id\":\"https:\/\/greentec.eu\/da\/#website\",\"url\":\"https:\/\/greentec.eu\/da\/\",\"name\":\"GreenTec\",\"description\":\"Maskiner til Hegnsklipning og Rabatklipning\",\"potentialAction\":[{\"@type\":\"SearchAction\",\"target\":{\"@type\":\"EntryPoint\",\"urlTemplate\":\"https:\/\/greentec.eu\/da\/?s={search_term_string}\"},\"query-input\":{\"@type\":\"PropertyValueSpecification\",\"valueRequired\":true,\"valueName\":\"search_term_string\"}}],\"inLanguage\":\"da-DK\"}]}<\/script>\n<!-- \/ Yoast SEO plugin. -->","yoast_head_json":{"title":"Referencer - GreenTec","robots":{"index":"index","follow":"follow","max-snippet":"max-snippet:-1","max-image-preview":"max-image-preview:large","max-video-preview":"max-video-preview:-1"},"canonical":"https:\/\/greentec.eu\/da\/referencer\/","og_locale":"da_DK","og_type":"article","og_title":"Referencer - GreenTec","og_description":"Bliv inspireret af vores kunder Referencer L\u00e6s historierne fra vores kunder og bliv inspireret til din virksomhed! AlleArmklippereRedskabsrammerRedskaber Flotte snit og effektiv mulching Gerhard Kreiml - Lambach, \u00d8strig Vi kan bruge vores enge meget mere effektivt og produktivt, fordi vi altid besk\u00e6rer tr\u00e6erne rettidigt for at modvirke skyggeeffekter i skovkanterne. Vedligeholdelse af l\u00e6hegn med grensav [&hellip;]","og_url":"https:\/\/greentec.eu\/da\/referencer\/","og_site_name":"GreenTec","article_modified_time":"2022-11-23T09:55:51+00:00","twitter_card":"summary_large_image","twitter_misc":{"Estimeret l\u00e6setid":"1 minut"},"schema":{"@context":"https:\/\/schema.org","@graph":[{"@type":"WebPage","@id":"https:\/\/greentec.eu\/da\/referencer\/","url":"https:\/\/greentec.eu\/da\/referencer\/","name":"Referencer - GreenTec","isPartOf":{"@id":"https:\/\/greentec.eu\/da\/#website"},"datePublished":"2022-07-22T09:27:29+00:00","dateModified":"2022-11-23T09:55:51+00:00","inLanguage":"da-DK","potentialAction":[{"@type":"ReadAction","target":["https:\/\/greentec.eu\/da\/referencer\/"]}]},{"@type":"WebSite","@id":"https:\/\/greentec.eu\/da\/#website","url":"https:\/\/greentec.eu\/da\/","name":"GreenTec","description":"Maskiner til Hegnsklipning og Rabatklipning","potentialAction":[{"@type":"SearchAction","target":{"@type":"EntryPoint","urlTemplate":"https:\/\/greentec.eu\/da\/?s={search_term_string}"},"query-input":{"@type":"PropertyValueSpecification","valueRequired":true,"valueName":"search_term_string"}}],"inLanguage":"da-DK"}]}},"_links":{"self":[{"href":"https:\/\/greentec.eu\/da\/wp-json\/wp\/v2\/pages\/11099","targetHints":{"allow":["GET"]}}],"collection":[{"href":"https:\/\/greentec.eu\/da\/wp-json\/wp\/v2\/pages"}],"about":[{"href":"https:\/\/greentec.eu\/da\/wp-json\/wp\/v2\/types\/page"}],"author":[{"embeddable":true,"href":"https:\/\/greentec.eu\/da\/wp-json\/wp\/v2\/users\/1"}],"replies":[{"embeddable":true,"href":"https:\/\/greentec.eu\/da\/wp-json\/wp\/v2\/comments?post=11099"}],"version-history":[{"count":10,"href":"https:\/\/greentec.eu\/da\/wp-json\/wp\/v2\/pages\/11099\/revisions"}],"predecessor-version":[{"id":11664,"href":"https:\/\/greentec.eu\/da\/wp-json\/wp\/v2\/pages\/11099\/revisions\/11664"}],"wp:attachment":[{"href":"https:\/\/greentec.eu\/da\/wp-json\/wp\/v2\/media?parent=11099"}],"curies":[{"name":"wp","href":"https:\/\/api.w.org\/{rel}","templated":true}]}}