{"id":12261,"date":"2022-11-25T10:23:39","date_gmt":"2022-11-25T10:23:39","guid":{"rendered":"https:\/\/greentec.eu.bluebird.pw\/terms-and-conditions-of-sale-and-delivery\/"},"modified":"2022-11-25T10:41:15","modified_gmt":"2022-11-25T10:41:15","slug":"salgs-og-leveringsbetingelser","status":"publish","type":"page","link":"https:\/\/greentec.eu\/da\/om-os\/salgs-og-leveringsbetingelser\/","title":{"rendered":"Salgs- og leveringsbetingelser"},"content":{"rendered":"<div id=\"pl-12261\"  class=\"panel-layout\" ><div id=\"pg-12261-0\"  class=\"panel-grid panel-no-style\" ><div id=\"pgc-12261-0-0\"  class=\"panel-grid-cell\" ><div id=\"panel-12261-0-0-0\" class=\"so-panel widget widget_mtt-cover panel-first-child panel-last-child\" data-index=\"0\" ><div\n\t\t\t\n\t\t\tclass=\"so-widget-mtt-cover so-widget-mtt-cover-base\"\n\t\t\t\n\t\t>\n<section class=\"mtt-cover\">\n\n            <img decoding=\"async\" class=\"mtt-cover__graphic graphic graphic--cover-corner\" src=\"https:\/\/greentec.eu\/wp-content\/themes\/greentec-wordpress-theme\/public\/img\/graphic\/cover-bottom-right-shape-white.svg\" alt=\"\"\/>\n    \n    <div class=\"mtt-cover__inner\">\n        <div class=\"mtt-cover__page-container page_container\">\n            <div class=\"mtt-cover__text-container\">\n                                                                            <\/div>\n\n                    <\/div>\n\n        <div class=\"mtt-cover__images\">\n                            <div class=\"mtt-image object-fit\">\n                    <picture>\n                                                    <source srcset=\"https:\/\/greentec.eu\/wp-content\/uploads\/2022\/11\/About-us-Terms-and-conditions-of-sale-and-delivery-Mobile.webp\" media=\"(max-width: 550px)\">\n                                                                        <img decoding=\"async\" src=\"https:\/\/greentec.eu\/wp-content\/uploads\/2022\/11\/About-us-Terms-and-conditions-of-sale-and-delivery-Desktop.webp\" alt=\"Terms and conditions of sale and delivery\">\n                    <\/picture>\n                <\/div>\n                                            <\/div>\n\n    <\/div>\n<\/section><\/div><\/div><\/div><\/div><div id=\"pg-12261-1\"  class=\"panel-grid panel-no-style\" ><div id=\"pgc-12261-1-0\"  class=\"panel-grid-cell\" ><div id=\"panel-12261-1-0-0\" class=\"so-panel widget widget_mtt-text-columns-image panel-first-child panel-last-child\" data-index=\"1\" ><div\n\t\t\t\n\t\t\tclass=\"so-widget-mtt-text-columns-image so-widget-mtt-text-columns-image-base\"\n\t\t\t\n\t\t>\n<section class=\"mtt-text-columns-image spacing_top_32 spacing_bottom_32 spacing-classes-added\">\n    <div class=\"mtt-text-columns-image__inner\">\n        <div class=\"page_container\">\n            <div class=\"mtt-text-columns-image__text-wrap full\">\n                                                    <h1 class=\"mtt-text-columns-image__title title title--2\">Salgs- og leveringsbetingelser<\/h1>\n                \n                \n                            <\/div>\n        <\/div>\n\n        \n    <\/div>\n<\/section><\/div><\/div><\/div><\/div><div id=\"pg-12261-2\"  class=\"panel-grid panel-no-style\" ><div id=\"pgc-12261-2-0\"  class=\"panel-grid-cell\" ><div id=\"panel-12261-2-0-0\" class=\"so-panel widget widget_mtt-single-content panel-first-child panel-last-child\" data-index=\"2\" ><div\n\t\t\t\n\t\t\tclass=\"so-widget-mtt-single-content so-widget-mtt-single-content-base\"\n\t\t\t\n\t\t>\n<section class=\"mtt-single-post  spacing_bottom_80 spacing-classes-added\">\n    <div class=\"mtt-single-post__inner page_container\">\n        <article class=\"mtt-single-post__content mtt-single-post__content--full\">\n                            <div class=\"wysiwyg\">\n                    <p><strong>GreenTec A\/S, Merkurvej 25, DK-6000 Kolding<\/strong><\/p>\n<p>Disse salgs- og leveringsbetingelser vedr\u00f8rer serviceydelser, der leveres af GreenTec, medmindre andet er aftalt skriftligt.<\/p>\n<p>&nbsp;<\/p>\n<p><strong>1. Leveringsbetingelser:<\/strong><\/p>\n<p>Leveringer til k\u00f8bere i Den Europ\u00e6iske Union (EU) er baseret p\u00e5 DDP (Delivery Duty Paid) if\u00f8lge ICC Incoterms 2020.<\/p>\n<p>Leveringer uden for Den Europ\u00e6iske Union (EU) er baseret p\u00e5 DAP (Delivery at Place) if\u00f8lge ICC Incoterms 2020.<\/p>\n<p>Medmindre andet er aftalt, betaler k\u00f8beren en beregnet leveringspris. Transporttiden er ikke inkluderet i leveringstiden.<\/p>\n<p>&nbsp;<\/p>\n<p>EXW (Ex Works):<br \/>\nK\u00f8beren skal arrangere al transport, eksportdokumentation, d\u00e6kke alle fragtomkostninger, og udf\u00f8re import- og leveringsprocessen. N\u00e5r varerne er afhentet fra s\u00e6lgerens ejendom, overf\u00f8res risikoen til k\u00f8beren.<\/p>\n<p>&nbsp;<\/p>\n<p>DAP (Leveres sted - navngivet sted):<br \/>\nS\u00e6lger betaler for transport til det navngivne sted, bortset fra omkostninger i forbindelse med importgodkendelse, og p\u00e5tager sig alle risici indtil det punkt, hvor varerne er klar til afl\u00e6sning af k\u00f8beren.<\/p>\n<p>&nbsp;<\/p>\n<p>DDP (Leveret afgift betalt - navngivet sted):<br \/>\nS\u00e6lgeren er ansvarlig for levering af varerne til det navngivne sted i k\u00f8berens land og betaler alle omkostninger for at bringe varerne til destinationen inklusive importafgifter og skatter.<\/p>\n<p>&nbsp;<\/p>\n<p><strong>2. Betalingsbetingelser:<\/strong><\/p>\n<p>Betaling sker i DKK, medmindre andet er aftalt skriftligt.<\/p>\n<p>Betalingen skal foretages direkte til GreenTec eller til en bank, der er angivet af GreenTec. GreenTec er ikke forpligtet til at betale omkostninger i forbindelse med overf\u00f8relsen af k\u00f8bsbel\u00f8bet. I tilf\u00e6lde af at betaling ikke er foretaget inden for forfaldstidspunktet, betales renter med 2 procent pr. kalenderm\u00e5ned eller en del heraf.<\/p>\n<p>Reservedele og tilbeh\u00f8r sendes principielt ufranko og pr. efterkrav.<\/p>\n<p>Returnering af reservedele kan kun ske mod forud indg\u00e5et aftale med GreenTec\u2019s reservedelsafdeling og imod 10% returgebyr.<\/p>\n<p>&nbsp;<\/p>\n<p><strong>3. Ejendomsforbehold:<\/strong><\/p>\n<p>GreenTec beholder ejendomsforbehold p\u00e5 det solgte indtil hele fakturabel\u00f8bet er indfriet.<\/p>\n<p>&nbsp;<\/p>\n<p><strong>4. Ansvar for fejl og mangler:<\/strong><\/p>\n<p>Risiko for varerne overf\u00f8res til kunden ved levering. Klager om varer skal ske skriftligt og indleveres til GreenTec uden urette og senest otte dage efter levering. I tilf\u00e6lde af at GreenTec ikke har modtaget en klage inden for den n\u00e6vnte tidsfrist, mister kunderne alle rettigheder til at klage over m\u00e6ngden og kvaliteten af \u200b\u200bde leverede varer.<\/p>\n<p>GreenTec har ret og forpligtelse til at afhj\u00e6lpe alle fejl, der skyldes mangelfuld design, materialer og arbejdsudf\u00f8relse.<\/p>\n<p>GreenTec afg\u00f8r, om afhj\u00e6lpningen skal ske i form af reparation eller udskiftning af de(n) defekte del(e).<\/p>\n<p>I tilf\u00e6lde af at GreenTec v\u00e6lger at reparere varerne, er kunden forpligtet til at levere og hente varerne fra et v\u00e6rksted, der er angivet af GreenTec, uden GreenTec p\u00e5drager sig omkostninger i denne sammenh\u00e6ng. I tilf\u00e6lde af at GreenTec v\u00e6lger at udskifte de(n) defekte del(e), skal kunderne sende de(n) defekte del(e) til GreenTec, uden at GreenTec p\u00e5drager sig omkostninger i denne sammenh\u00e6ng. GreenTec er i stedet for berettiget til at levere erstatningsvarer.<\/p>\n<p>GreenTecs ansvar g\u00e6lder kun for mangler, i forbindelse med de solgte varer, der er tilkendegivet inden to \u00e5r fra leveringsdatoen.<\/p>\n<p>GreenTec p\u00e5tager sig intet ansvar for mangler, der overstiger det, der er fastsat i denne bestemmelse. Dette g\u00e6lder for tab som f\u00f8lge af en s\u00e5dan mangel, herunder tab af overskud, tabt indtjening og andet \u00f8konomisk tab.<\/p>\n<p>&nbsp;<\/p>\n<p><strong>5. Garantibetingelser:<\/strong><\/p>\n<p>I tilf\u00e6lde af at GreenTec yder en garanti, skal garantien d\u00e6kke defekt design, materialer, og arbejdsudf\u00f8relse. En garanti udstedt af GreenTec d\u00e6kker ikke fejl og mangler for\u00e5rsaget af utilstr\u00e6kkelig vedligeholdelse, forkert installation, \u00e6ndringer foretaget af toldv\u00e6senet ved ukorrekt brug af varerne. Derudover, d\u00e6kker en garanti ikke normal slitage. GreenTecs garantiforpligtelse er betinget af, at kunden dokumenterer, at en konstateret fejl eller mangel ikke skyldes omst\u00e6ndigheder, der er fritaget for garantien, jf. overn\u00e6vnte. Kunden skal skriftligt underrette GreenTec om fejl eller mangler i de solgte varer senest otte dage efter, at fejlen var eller burde have v\u00e6ret registreret af kunden. Hvis kunden ikke underretter GreenTec inden udl\u00f8bet af tidsfristen og garantiperioden, er kunden ikke berettiget til at indgive krav vedr\u00f8rende fejl eller mangler. GreenTec er berettiget og forpligtettet til at afhj\u00e6lpe alle fejl og mangler, der er omfattet af en garanti fra GreenTec. GreenTec skal frit kunne afg\u00f8re, om et s\u00e5dant afhj\u00e6lpning skal ske i form af reparation eller udskiftning af de(n) defekte del(e) p\u00e5 de betingelser, som er fastsat i paragraf 4 i disse salgs- og leveringsbetingelser. GreenTec p\u00e5tager sig intet andet ansvar for s\u00e5danne fejl. Dette g\u00e6lder for tab som f\u00f8lge af en s\u00e5dan mangel, herunder tab af overskud, tabt indtjening og andet \u00f8konomisk tab.<\/p>\n<p>&nbsp;<\/p>\n<p>Vejtrafikbestemmelserne skal f\u00f8lges! Husk at placere lys og advarselstriangler mv. Transporthjul anvendes til k\u00f8ret\u00f8jer med for bred bredde.<\/p>\n<p>24 m\u00e5neders garanti ydes p\u00e5 nye maskiner fra leveringsdatoen p\u00e5 maskinen. Der ydes dog ingen kompensation for k\u00f8rsel eller andre f\u00f8lgeskader.<\/p>\n<p>Udf\u00f8rer du garantiarbejde, bedes du anmode om vores klagerapporter. Garantiarbejde afregnes pr. time til faste standardpriser. Hydraulik og gearolie er ikke d\u00e6kket af garantien.<\/p>\n<p>Ved brug af uoriginale reservedele, fraskriver GreenTec produktansvar og yderligere garanti.<\/p>\n<p>Garanterede dele, medmindre andet er aftalt, returneres gratis til GreenTecs serviceafdeling senest 14 dage efter udskiftning.<\/p>\n<p>&nbsp;<\/p>\n<p><strong>6. Produktansvar:<\/strong><\/p>\n<p>Kunden friholder GreenTec for tab, i det omfang at GreenTec holdes ansvarlig over for tredjemand for enhver form for beskadigelse, som GreenTec udelukker ansvar for jf. denne klausul.<\/p>\n<p>&nbsp;<\/p>\n<p>GreenTec er ikke ansvarlig for enhver form for beskadigelse for\u00e5rsaget af de solgte varer:<\/p>\n<p>a) til fast ejendom eller l\u00f8s\u00f8re for\u00e5rsaget mens varerne er i besiddelse af kunden<\/p>\n<p>b) for produkter produceret af kunden eller for produkter, hvoraf de omtalte produkter er en del, eller for enhver form for skade p\u00e5 fast ejendom eller l\u00f8s\u00f8re for\u00e5rsaget af de omtalte produkter p\u00e5 grund af de solgte varer.<\/p>\n<p>&nbsp;<\/p>\n<p>GreenTec skal under ingen omst\u00e6ndigheder v\u00e6re ansvarlig for tab af overskud, tabt indtjening og andet \u00f8konomisk tab. I tilf\u00e6lde af, at tredjeparter indgiver erstatningsansvar over for en af \u200b\u200bparterne i henhold til denne bestemmelse, skal der straks gives meddelelse herom til den anden part. GreenTec og kunden har en gensidig forpligtelse til at tillade tredjemand at anl\u00e6gge sag mod dem i en domstol eller voldgiftsdomstol, der har f\u00e5et til opgave at behandle erstatningskrav mod dem p\u00e5 grundlag af enhver skade eller tab, der p\u00e5st\u00e5s at v\u00e6re for\u00e5rsaget af de solgte varer. Forholdet mellem kunden og GreenTec skal dog altid afg\u00f8res p\u00e5 det sted, der er fastsat i disse salgs- og leveringsbetingelser.<\/p>\n<p>&nbsp;<\/p>\n<p><strong>7. Forsinkelse:<\/strong><\/p>\n<p>Kunden skal underrettes om forsinkelser. I tilf\u00e6lde af forsinkelser, har kunden ret til at annullere ordren, hvis genstanden er til ham. Kunden m\u00e5 kun annullere ordren, hvis forsinkelsen er materialer til kunden. I s\u00e5 fald skal kunden - hvis der ikke er observeret noget leveringstidspunkt - sende GreenTec en skriftlig anmodning om levering inden for otte dage. Hvis levering ikke finder sted inden for den n\u00e6vnte tidsfrist p\u00e5 8 dage, s\u00e5 har kunden ret til at annullere ordren.<\/p>\n<p>&nbsp;<\/p>\n<p><strong>8. Genanvendelig emballage:<\/strong><\/p>\n<p>GreenTec forbeholder sig retten til at fakturere kunden for genanvendelig emballage (f.eks. EUR paller).<\/p>\n<p>&nbsp;<\/p>\n<p><strong>9. Ansvarsfraskrivelse og force majeure:<\/strong><\/p>\n<p>F\u00f8lgende omst\u00e6ndigheder skal fritage GreenTec fra efter underskrivelsen af \u200b\u200bkontrakten og skal desuden oph\u00e6ve GreenTecs forpligtelse til at udf\u00f8re kontrakten: Strejker, lock-out, forretningsforstyrrelser, forsinket levering fra leverand\u00f8rer og lignende forhold skal forl\u00e6nge leveringstidspunktet i overensstemmelse hermed. Krig, borgerlig uro, naturkatastrofe og lignende begivenheder uden for parternes kontrol, herunder mangel p\u00e5 r\u00e5varer, beslagl\u00e6ggelse, valutakontrol og restriktioner fra regeringen skal give GreenTec ret til enten helt eller delvist at afvise kontrakter eller st\u00e5ende ordrer. Parten, der h\u00e6vder force majeure skal underrette den anden part herom med ekspres brev\/telefax senest syv dage efter force majeure situationen er opst\u00e5et.<\/p>\n<p>&nbsp;<\/p>\n<p><strong>10. Tvister:<\/strong><\/p>\n<p>Eventuelle tvister mellem parterne som f\u00f8lge af eller i forbindelse med denne kontrakt afg\u00f8res af dansk lov. Hvis det er muligt, skal tvister altid l\u00f8ses uden brug af domstole. Hvis en tvist ikke kan v\u00e6re afg\u00f8res i mindelighed, skal den afg\u00f8res ved K\u00f8benhavns Voldgiftinstitut, Danmark. GreenTec kan dog v\u00e6lge at f\u00f8re retssagen ved domstolen i Kolding, Danmark.<\/p>\n                <\/div>\n                                <\/article>\n\n            <\/div>\n<\/section><\/div><\/div><\/div><\/div><\/div>","protected":false},"excerpt":{"rendered":"<p>Salgs- og leveringsbetingelser GreenTec A\/S, Merkurvej 25, DK-6000 Kolding Disse salgs- og leveringsbetingelser vedr\u00f8rer serviceydelser, der leveres af GreenTec, medmindre andet er aftalt skriftligt. &nbsp; 1. Leveringsbetingelser: Leveringer til k\u00f8bere i Den Europ\u00e6iske Union (EU) er baseret p\u00e5 DDP (Delivery Duty Paid) if\u00f8lge ICC Incoterms 2020. Leveringer uden for Den Europ\u00e6iske Union (EU) er baseret [&hellip;]<\/p>\n","protected":false},"author":2,"featured_media":0,"parent":14774,"menu_order":0,"comment_status":"closed","ping_status":"closed","template":"","meta":{"_acf_changed":false,"_relevanssi_hide_post":"","_relevanssi_hide_content":"","_relevanssi_pin_for_all":"","_relevanssi_pin_keywords":"","_relevanssi_unpin_keywords":"","_relevanssi_related_keywords":"","_relevanssi_related_include_ids":"","_relevanssi_related_exclude_ids":"","_relevanssi_related_no_append":"","_relevanssi_related_not_related":"","_relevanssi_related_posts":"","_relevanssi_noindex_reason":"","inline_featured_image":false,"footnotes":""},"class_list":["post-12261","page","type-page","status-publish","hentry"],"acf":[],"yoast_head":"<!-- This site is optimized with the Yoast SEO plugin v27.0 - https:\/\/yoast.com\/product\/yoast-seo-wordpress\/ -->\n<title>Salgs- og leveringsbetingelser - GreenTec<\/title>\n<meta name=\"robots\" content=\"index, follow, max-snippet:-1, max-image-preview:large, max-video-preview:-1\" \/>\n<link rel=\"canonical\" href=\"https:\/\/greentec.eu\/da\/om-os\/salgs-og-leveringsbetingelser\/\" \/>\n<meta property=\"og:locale\" content=\"da_DK\" \/>\n<meta property=\"og:type\" content=\"article\" \/>\n<meta property=\"og:title\" content=\"Salgs- og leveringsbetingelser - GreenTec\" \/>\n<meta property=\"og:description\" content=\"Salgs- og leveringsbetingelser GreenTec A\/S, Merkurvej 25, DK-6000 Kolding Disse salgs- og leveringsbetingelser vedr\u00f8rer serviceydelser, der leveres af GreenTec, medmindre andet er aftalt skriftligt. &nbsp; 1. Leveringsbetingelser: Leveringer til k\u00f8bere i Den Europ\u00e6iske Union (EU) er baseret p\u00e5 DDP (Delivery Duty Paid) if\u00f8lge ICC Incoterms 2020. Leveringer uden for Den Europ\u00e6iske Union (EU) er baseret [&hellip;]\" \/>\n<meta property=\"og:url\" content=\"https:\/\/greentec.eu\/da\/om-os\/salgs-og-leveringsbetingelser\/\" \/>\n<meta property=\"og:site_name\" content=\"GreenTec\" \/>\n<meta property=\"article:modified_time\" content=\"2022-11-25T10:41:15+00:00\" \/>\n<meta name=\"twitter:card\" content=\"summary_large_image\" \/>\n<meta name=\"twitter:label1\" content=\"Estimeret l\u00e6setid\" \/>\n\t<meta name=\"twitter:data1\" content=\"1 minut\" \/>\n<script type=\"application\/ld+json\" class=\"yoast-schema-graph\">{\"@context\":\"https:\/\/schema.org\",\"@graph\":[{\"@type\":\"WebPage\",\"@id\":\"https:\/\/greentec.eu\/da\/om-os\/salgs-og-leveringsbetingelser\/\",\"url\":\"https:\/\/greentec.eu\/da\/om-os\/salgs-og-leveringsbetingelser\/\",\"name\":\"Salgs- og leveringsbetingelser - GreenTec\",\"isPartOf\":{\"@id\":\"https:\/\/greentec.eu\/da\/#website\"},\"datePublished\":\"2022-11-25T10:23:39+00:00\",\"dateModified\":\"2022-11-25T10:41:15+00:00\",\"inLanguage\":\"da-DK\",\"potentialAction\":[{\"@type\":\"ReadAction\",\"target\":[\"https:\/\/greentec.eu\/da\/om-os\/salgs-og-leveringsbetingelser\/\"]}]},{\"@type\":\"WebSite\",\"@id\":\"https:\/\/greentec.eu\/da\/#website\",\"url\":\"https:\/\/greentec.eu\/da\/\",\"name\":\"GreenTec\",\"description\":\"Maskiner til Hegnsklipning og Rabatklipning\",\"potentialAction\":[{\"@type\":\"SearchAction\",\"target\":{\"@type\":\"EntryPoint\",\"urlTemplate\":\"https:\/\/greentec.eu\/da\/?s={search_term_string}\"},\"query-input\":{\"@type\":\"PropertyValueSpecification\",\"valueRequired\":true,\"valueName\":\"search_term_string\"}}],\"inLanguage\":\"da-DK\"}]}<\/script>\n<!-- \/ Yoast SEO plugin. -->","yoast_head_json":{"title":"Salgs- og leveringsbetingelser - GreenTec","robots":{"index":"index","follow":"follow","max-snippet":"max-snippet:-1","max-image-preview":"max-image-preview:large","max-video-preview":"max-video-preview:-1"},"canonical":"https:\/\/greentec.eu\/da\/om-os\/salgs-og-leveringsbetingelser\/","og_locale":"da_DK","og_type":"article","og_title":"Salgs- og leveringsbetingelser - GreenTec","og_description":"Salgs- og leveringsbetingelser GreenTec A\/S, Merkurvej 25, DK-6000 Kolding Disse salgs- og leveringsbetingelser vedr\u00f8rer serviceydelser, der leveres af GreenTec, medmindre andet er aftalt skriftligt. &nbsp; 1. Leveringsbetingelser: Leveringer til k\u00f8bere i Den Europ\u00e6iske Union (EU) er baseret p\u00e5 DDP (Delivery Duty Paid) if\u00f8lge ICC Incoterms 2020. Leveringer uden for Den Europ\u00e6iske Union (EU) er baseret [&hellip;]","og_url":"https:\/\/greentec.eu\/da\/om-os\/salgs-og-leveringsbetingelser\/","og_site_name":"GreenTec","article_modified_time":"2022-11-25T10:41:15+00:00","twitter_card":"summary_large_image","twitter_misc":{"Estimeret l\u00e6setid":"1 minut"},"schema":{"@context":"https:\/\/schema.org","@graph":[{"@type":"WebPage","@id":"https:\/\/greentec.eu\/da\/om-os\/salgs-og-leveringsbetingelser\/","url":"https:\/\/greentec.eu\/da\/om-os\/salgs-og-leveringsbetingelser\/","name":"Salgs- og leveringsbetingelser - GreenTec","isPartOf":{"@id":"https:\/\/greentec.eu\/da\/#website"},"datePublished":"2022-11-25T10:23:39+00:00","dateModified":"2022-11-25T10:41:15+00:00","inLanguage":"da-DK","potentialAction":[{"@type":"ReadAction","target":["https:\/\/greentec.eu\/da\/om-os\/salgs-og-leveringsbetingelser\/"]}]},{"@type":"WebSite","@id":"https:\/\/greentec.eu\/da\/#website","url":"https:\/\/greentec.eu\/da\/","name":"GreenTec","description":"Maskiner til Hegnsklipning og Rabatklipning","potentialAction":[{"@type":"SearchAction","target":{"@type":"EntryPoint","urlTemplate":"https:\/\/greentec.eu\/da\/?s={search_term_string}"},"query-input":{"@type":"PropertyValueSpecification","valueRequired":true,"valueName":"search_term_string"}}],"inLanguage":"da-DK"}]}},"_links":{"self":[{"href":"https:\/\/greentec.eu\/da\/wp-json\/wp\/v2\/pages\/12261","targetHints":{"allow":["GET"]}}],"collection":[{"href":"https:\/\/greentec.eu\/da\/wp-json\/wp\/v2\/pages"}],"about":[{"href":"https:\/\/greentec.eu\/da\/wp-json\/wp\/v2\/types\/page"}],"author":[{"embeddable":true,"href":"https:\/\/greentec.eu\/da\/wp-json\/wp\/v2\/users\/2"}],"replies":[{"embeddable":true,"href":"https:\/\/greentec.eu\/da\/wp-json\/wp\/v2\/comments?post=12261"}],"version-history":[{"count":7,"href":"https:\/\/greentec.eu\/da\/wp-json\/wp\/v2\/pages\/12261\/revisions"}],"predecessor-version":[{"id":12277,"href":"https:\/\/greentec.eu\/da\/wp-json\/wp\/v2\/pages\/12261\/revisions\/12277"}],"up":[{"embeddable":true,"href":"https:\/\/greentec.eu\/da\/wp-json\/wp\/v2\/pages\/14774"}],"wp:attachment":[{"href":"https:\/\/greentec.eu\/da\/wp-json\/wp\/v2\/media?parent=12261"}],"curies":[{"name":"wp","href":"https:\/\/api.w.org\/{rel}","templated":true}]}}