{"id":14871,"date":"2022-06-13T08:55:17","date_gmt":"2022-06-13T08:55:17","guid":{"rendered":"https:\/\/greentec.eu.bluebird.pw\/privacy-policy\/"},"modified":"2026-02-10T06:29:10","modified_gmt":"2026-02-10T06:29:10","slug":"privatlivspolitik","status":"publish","type":"page","link":"https:\/\/greentec.eu\/da\/privatlivspolitik\/","title":{"rendered":"Privatlivspolitik"},"content":{"rendered":"<div id=\"pl-14871\"  class=\"panel-layout\" ><div id=\"pg-14871-0\"  class=\"panel-grid panel-no-style\" ><div id=\"pgc-14871-0-0\"  class=\"panel-grid-cell\" ><div id=\"panel-14871-0-0-0\" class=\"so-panel widget widget_mtt-cover panel-first-child panel-last-child\" data-index=\"0\" ><div\n\t\t\t\n\t\t\tclass=\"so-widget-mtt-cover so-widget-mtt-cover-base\"\n\t\t\t\n\t\t>\n<section class=\"mtt-cover\">\n\n            <img decoding=\"async\" class=\"mtt-cover__graphic graphic graphic--cover-corner\" src=\"https:\/\/greentec.eu\/wp-content\/themes\/greentec-wordpress-theme\/public\/img\/graphic\/cover-bottom-right-shape-white.svg\" alt=\"\"\/>\n    \n    <div class=\"mtt-cover__inner\">\n        <div class=\"mtt-cover__page-container page_container\">\n            <div class=\"mtt-cover__text-container\">\n                                                                            <\/div>\n\n                    <\/div>\n\n        <div class=\"mtt-cover__images\">\n                            <div class=\"mtt-image object-fit\">\n                    <picture>\n                                                    <source srcset=\"https:\/\/greentec.eu\/wp-content\/uploads\/2022\/12\/Privacy-policy-mobile.webp\" media=\"(max-width: 550px)\">\n                                                                        <img decoding=\"async\" src=\"https:\/\/greentec.eu\/wp-content\/uploads\/2022\/12\/Privacy-policy-desktop.webp\" alt=\"Privatlivspolitik\">\n                    <\/picture>\n                <\/div>\n                                            <\/div>\n\n    <\/div>\n<\/section><\/div><\/div><\/div><\/div><div id=\"pg-14871-1\"  class=\"panel-grid panel-no-style\" ><div id=\"pgc-14871-1-0\"  class=\"panel-grid-cell\" ><div id=\"panel-14871-1-0-0\" class=\"so-panel widget widget_mtt-text-columns-image panel-first-child panel-last-child\" data-index=\"1\" ><div\n\t\t\t\n\t\t\tclass=\"so-widget-mtt-text-columns-image so-widget-mtt-text-columns-image-base\"\n\t\t\t\n\t\t>\n<section class=\"mtt-text-columns-image spacing_top_32 spacing_bottom_32 spacing-classes-added\">\n    <div class=\"mtt-text-columns-image__inner\">\n        <div class=\"page_container\">\n            <div class=\"mtt-text-columns-image__text-wrap full\">\n                                                    <h1 class=\"mtt-text-columns-image__title title title--2\">Privatlivspolitik<\/h1>\n                \n                \n                            <\/div>\n        <\/div>\n\n        \n    <\/div>\n<\/section><\/div><\/div><\/div><\/div><div id=\"pg-14871-2\"  class=\"panel-grid panel-no-style\" ><div id=\"pgc-14871-2-0\"  class=\"panel-grid-cell\" ><div id=\"panel-14871-2-0-0\" class=\"so-panel widget widget_mtt-single-content panel-first-child panel-last-child\" data-index=\"2\" ><div\n\t\t\t\n\t\t\tclass=\"so-widget-mtt-single-content so-widget-mtt-single-content-base\"\n\t\t\t\n\t\t>\n<section class=\"mtt-single-post  spacing_bottom_80 spacing-classes-added\">\n    <div class=\"mtt-single-post__inner page_container\">\n        <article class=\"mtt-single-post__content mtt-single-post__content--full\">\n                            <div class=\"wysiwyg\">\n                    <p>N\u00e5r du bes\u00f8ger vores hjemmeside, indsamles oplysninger om dig, som bruges til at tilpasse og forbedre vores indhold og til at \u00f8ge v\u00e6rdien af de annoncer, der vises p\u00e5 siden. Hvis du ikke \u00f8nsker, at der indsamles data om dig, skal du slette dine cookies (se instruktioner) og undg\u00e5 yderligere brug af siden. Nedenfor har vi uddybet, hvilke oplysninger der indsamles, deres form\u00e5l og hvilke tredjeparter der har adgang til dem.<\/p>\n<p>&nbsp;<\/p>\n<h2>Cookies<\/h2>\n<p><script id=\"CookieDeclaration\" data-culture=\"da\" src=\"https:\/\/consent.cookiebot.com\/a4212a77-498f-4a4a-8fee-de0ad53e292e\/cd.js\" type=\"text\/javascript\" async><\/script><\/p>\n<p>&nbsp;<\/p>\n<h2>Personlig data<\/h2>\n<p><strong>Generelt<\/strong><\/p>\n<p>Personoplysninger er enhver form for information, der i et vist omfang kan v\u00e6re forbundet med dig. N\u00e5r vi bruger vores hjemmeside, indsamler og behandler vi en r\u00e6kke s\u00e5danne oplysninger. Dette kan forekomme, n\u00e5r du f\u00e5r adgang til indhold, ved at tilmelde dig nyhedsbrevet, deltage i konkurrencer eller unders\u00f8gelser, bruge vores tjenester eller sende foresp\u00f8rgsler.<\/p>\n<p>Vi indsamler og behandler typisk f\u00f8lgende typer oplysninger: Et unikt ID og tekniske oplysninger om din computer, tablet eller mobiltelefon, dit IP-nummer, geografiske placering og hvilke sider du klikker p\u00e5 (interesser). Vi indsamler ogs\u00e5 navn, telefonnummer, e-mail og adresse, n\u00e5r du giver udtrykkeligt samtykke og indtaster oplysningerne p\u00e5 egen h\u00e5nd. Dette vil typisk v\u00e6re forbundet med henvendelser til vores produkter.<\/p>\n<p><strong>Sikkerhed<\/strong><\/p>\n<p>Vi har truffet tekniske og organisatoriske foranstaltninger mod, at dine oplysninger h\u00e6ndeligt eller ulovligt slettes, offentligg\u00f8res, fortabes, forringes eller kommer til en persons kendskab, misbruges eller p\u00e5 anden m\u00e5de behandles i strid med loven.<\/p>\n<p><strong>Form\u00e5l<\/strong><\/p>\n<p>Oplysningerne bruges til at identificere dig som bruger og vise annoncer, der med stor sandsynlighed er relevante for dig, til at registrere dine ordrer og til at levere de tjenester, du har efterspurgt, s\u00e5som at sende et tilbud. Derudover bruger vi oplysningerne til at optimere vores tjenester og indhold.<\/p>\n<p><strong>Opbevaringsperiode<\/strong><\/p>\n<p>Oplysningerne opbevares i det tidsrum, loven tillader, og vi sletter dem, n\u00e5r de ikke l\u00e6ngere er n\u00f8dvendige. Perioden afh\u00e6nger af oplysningernes art og baggrunden for opbevaring. Det er derfor ikke muligt at angive en generel tidsramme for, hvorn\u00e5r oplysninger slettes.<\/p>\n<p><strong>Videregivelse af oplysninger<\/strong><\/p>\n<p>Data om din brug af hjemmesiden, hvilke annoncer du modtager og klikker p\u00e5, geografisk placering, k\u00f8n og alder osv. videregives til tredjemand i det omfang oplysningerne er kendt. Oplysningerne bruges til at m\u00e5lrette annoncer.<\/p>\n<p>Derudover bruger vi en r\u00e6kke tredjeparter til at opbevare og behandle data. Disse besk\u00e6ftiger sig kun med oplysninger p\u00e5 vores vegne og m\u00e5 ikke bruge dataene til deres egne form\u00e5l.<\/p>\n<p>Videregivelse af personlige oplysninger, s\u00e5som navn og e-mail, vil kun ske, hvis du giver samtykke til det. Vi bruger kun databehandlere i EU eller i lande, der kan give dine oplysninger tilstr\u00e6kkelig beskyttelse.<\/p>\n<h3 data-start=\"146\" data-end=\"166\">Google Analytics<\/h3>\n<p data-start=\"168\" data-end=\"582\">Vi bruger <strong data-start=\"178\" data-end=\"198\">Google Analytics<\/strong>, en webanalysetjeneste leveret af Google LLC, for bedre at forst\u00e5, hvordan bes\u00f8gende interagerer med vores hjemmeside. Dette v\u00e6rkt\u00f8j hj\u00e6lper os med at forbedre vores indhold, brugeroplevelse og den overordnede ydeevne p\u00e5 siden ved at indsamle aggregerede oplysninger, s\u00e5som hvilke sider der bes\u00f8ges oftest, hvordan brugerne navigerer mellem siderne, og hvor l\u00e6nge de bliver p\u00e5 siden.<\/p>\n<p data-start=\"584\" data-end=\"1040\">Google Analytics anvender cookies til at udarbejde statistiske rapporter om trafik og brugeradf\u00e6rd p\u00e5 websitet. De indsamlede data kan omfatte din <strong data-start=\"731\" data-end=\"745\">IP-adresse<\/strong>, <strong data-start=\"747\" data-end=\"762\">browsertype<\/strong>, <strong data-start=\"764\" data-end=\"796\">henvisnings- og afgangssider<\/strong>, <strong data-start=\"798\" data-end=\"816\">operativsystem<\/strong> samt <strong data-start=\"822\" data-end=\"856\">grundl\u00e6ggende interaktionsdata<\/strong> (f.eks. klik, rulning, sessionens varighed). Alle oplysninger behandles i anonymiseret eller pseudonymiseret form \u2014 vi bruger ikke Google Analytics til at identificere enkeltpersoner.<\/p>\n<p data-start=\"1042\" data-end=\"1394\">Du kan forhindre, at Google Analytics indsamler data om dig, ved at <strong data-start=\"1110\" data-end=\"1161\">deaktivere cookies i din browsers indstillinger<\/strong> eller ved at installere <strong data-start=\"1186\" data-end=\"1229\">Google Analytics Opt-out Browser Add-on<\/strong>. Dette tilf\u00f8jelsesprogram forhindrer, at data sendes til Google Analytics. Bem\u00e6rk, at hvis du deaktiverer cookies, kan visse funktioner p\u00e5 websitet v\u00e6re begr\u00e6nsede.<\/p>\n<p data-start=\"1396\" data-end=\"1515\">Du kan l\u00e6se mere om, hvordan Google h\u00e5ndterer data, i <a class=\"decorated-link cursor-pointer\" target=\"_new\" rel=\"noopener\" data-start=\"1450\" data-end=\"1514\">Googles privatlivspolitik<\/a>.<\/p>\n<h3 data-start=\"1522\" data-end=\"1544\">Google Tag Manager<\/h3>\n<p data-start=\"1546\" data-end=\"1931\">Vi bruger <strong data-start=\"1556\" data-end=\"1578\">Google Tag Manager<\/strong>, en tjeneste leveret af Google LLC, til effektivt at administrere og implementere marketing- og analysetags p\u00e5 vores hjemmeside. Tag Manager indsamler ikke personoplysninger og bruger ikke cookies i sig selv. I stedet fungerer den som en container, der aktiverer andre v\u00e6rkt\u00f8jer (f.eks. Google Analytics) og sikrer, at de indl\u00e6ses korrekt og effektivt.<\/p>\n<p data-start=\"1933\" data-end=\"2267\">Selvom Google Tag Manager ikke sporer brugere direkte, kan den udl\u00f8se tags, som indsamler data. Enhver sporing sker gennem disse individuelle tags \u2013 ikke via Tag Manager i sig selv. Hvis du for eksempel har givet samtykke til analyse- eller marketingcookies, kan Tag Manager indl\u00e6se de tilsvarende scripts for at registrere brugsdata.<\/p>\n<p data-start=\"2269\" data-end=\"2617\">Hvis du \u00f8nsker at <strong data-start=\"2287\" data-end=\"2309\">deaktivere sporing<\/strong>, kan du justere dine <strong data-start=\"2331\" data-end=\"2354\">cookieindstillinger<\/strong> eller din <strong data-start=\"2365\" data-end=\"2376\">browser<\/strong> til at blokere analyse- og marketingcookies. Dette vil forhindre, at de tilknyttede tags aktiveres. Du kan ogs\u00e5 bruge <strong data-start=\"2495\" data-end=\"2538\">Google Analytics Opt-out Browser Add-on<\/strong>, hvis Google Analytics er et af de v\u00e6rkt\u00f8jer, der anvendes gennem Tag Manager.<\/p>\n<p data-start=\"2619\" data-end=\"2851\">Du kan finde flere oplysninger om Google Tag Manager og databeskyttelse i <a class=\"decorated-link cursor-pointer\" target=\"_new\" rel=\"noopener\" data-start=\"2693\" data-end=\"2757\">Googles privatlivspolitik<\/a> og <a class=\"decorated-link cursor-pointer\" target=\"_new\" rel=\"noopener\" data-start=\"2761\" data-end=\"2850\">Google Tag Manager Use Policy<\/a>.<\/p>\n<h3 data-start=\"2858\" data-end=\"2879\">Kontaktformularer<\/h3>\n<p data-start=\"2881\" data-end=\"3223\">N\u00e5r du bruger vores <strong data-start=\"2901\" data-end=\"2922\">kontaktformularer<\/strong> til at komme i kontakt med os, indsamler vi de oplysninger, du selv giver \u2014 typisk <strong data-start=\"3006\" data-end=\"3014\">navn<\/strong>, <strong data-start=\"3016\" data-end=\"3033\">e-mailadresse<\/strong> og det <strong data-start=\"3041\" data-end=\"3052\">indhold<\/strong>, du skriver i beskedfeltet. Disse oplysninger bruges udelukkende til at besvare din henvendelse, h\u00e5ndtere kommunikationen og levere den \u00f8nskede service eller information.<\/p>\n<p data-start=\"3225\" data-end=\"3696\">For at sikre, at formularen fungerer korrekt, og for at beskytte mod spam og misbrug, kan nogle kontaktformularer anvende <strong data-start=\"3347\" data-end=\"3371\">funktionelle cookies<\/strong> eller tredjepartsv\u00e6rkt\u00f8jer (f.eks. CAPTCHA-tjenester). Disse cookies hj\u00e6lper med at bekr\u00e6fte, at det er et menneske, der indsender formularen, sikrer p\u00e5lidelig levering og opretholder sikkerheden p\u00e5 websitet. De funktionelle cookies, der anvendes i denne sammenh\u00e6ng, <strong data-start=\"3639\" data-end=\"3695\">sporer ikke din adf\u00e6rd uden for formularens funktion<\/strong>.<\/p>\n<p data-start=\"3698\" data-end=\"4054\">Vi kan bruge de oplysninger, der indsendes via kontaktformularer, til <strong data-start=\"3768\" data-end=\"3792\">markedsf\u00f8ringsform\u00e5l<\/strong>, f.eks. en m\u00e5nedlig nyhedsbrevstilmelding. Du kan altid afmelde dig via linket i nyhedsbrevet eller kontakte os direkte p\u00e5 <strong data-start=\"3916\" data-end=\"3936\"><a class=\"decorated-link cursor-pointer\" rel=\"noopener\" data-start=\"3918\" data-end=\"3934\">info@greentec.eu<\/a><\/strong>. Data, der sendes gennem formularen, lagres typisk sikkert p\u00e5 vores server og kan ogs\u00e5 blive sendt til os via e-mail.<\/p>\n<h3 data-start=\"4061\" data-end=\"4087\">Nyhedsbrev (Mailchimp)<\/h3>\n<p data-start=\"4089\" data-end=\"4395\">Hvis du v\u00e6lger at tilmelde dig vores <strong data-start=\"4126\" data-end=\"4140\">nyhedsbrev<\/strong>, bruger vi <strong data-start=\"4152\" data-end=\"4165\">Mailchimp<\/strong>, en tjeneste leveret af Intuit Inc., til at administrere vores e-mailkommunikation. Mailchimp hj\u00e6lper os med at oprette, udsende og analysere nyhedsbreve, s\u00e5 vi kan dele relevante opdateringer og information med vores abonnenter.<\/p>\n<p data-start=\"4397\" data-end=\"4819\">N\u00e5r du tilmelder dig nyhedsbrevet, indsamler vi de personoplysninger, du angiver \u2014 typisk <strong data-start=\"4487\" data-end=\"4495\">navn<\/strong> og <strong data-start=\"4499\" data-end=\"4516\">e-mailadresse<\/strong> \u2014 og lagrer dem sikkert via Mailchimps platform. Mailchimp anvender cookies og lignende teknologier til at spore nyhedsbrevenes ydeevne, s\u00e5som <strong data-start=\"4660\" data-end=\"4676\">\u00e5bningsrater<\/strong>, <strong data-start=\"4678\" data-end=\"4695\">klik p\u00e5 links<\/strong> og <strong data-start=\"4699\" data-end=\"4723\">abonnementsaktivitet<\/strong>. Disse oplysninger hj\u00e6lper os med at m\u00e5le engagement og forbedre indholdet i vores udsendelser.<\/p>\n<p data-start=\"4821\" data-end=\"5196\">Mailchimp kan ogs\u00e5 placere cookies, hvis du interagerer med vores <strong data-start=\"4887\" data-end=\"4912\">tilmeldingsformularer<\/strong> p\u00e5 websitet. Disse cookies bruges prim\u00e6rt til at sikre, at formularen fungerer korrekt, forhindre gentagne tilmeldinger og analysere brugen af formularen. Hvis du giver samtykke til <strong data-start=\"5095\" data-end=\"5115\">marketingcookies<\/strong>, kan Mailchimp indsamle yderligere data til analyse- eller markedsf\u00f8ringsform\u00e5l.<\/p>\n<p data-start=\"5198\" data-end=\"5606\">Du kan <strong data-start=\"5205\" data-end=\"5234\">tilbagekalde dit samtykke<\/strong> n\u00e5r som helst ved at klikke p\u00e5 <strong data-start=\"5266\" data-end=\"5278\">\u201cAfmeld\u201d<\/strong>-linket i bunden af enhver nyhedsbrevs-e-mail eller ved at kontakte os direkte. For at undg\u00e5 Mailchimp-cookies kan du \u00e6ndre dine <strong data-start=\"5407\" data-end=\"5442\">cookieindstillinger i browseren<\/strong> eller afvise marketingcookies i vores cookiebanner. Bem\u00e6rk dog, at deaktivering af disse cookies kan p\u00e5virke, hvordan tilmeldingsformularerne fungerer p\u00e5 websitet.<\/p>\n<p data-start=\"5608\" data-end=\"5769\">Du kan l\u00e6se mere i <a class=\"decorated-link cursor-pointer\" target=\"_new\" rel=\"noopener\" data-start=\"5627\" data-end=\"5700\">Mailchimps privatlivspolitik<\/a> og <a class=\"decorated-link cursor-pointer\" target=\"_new\" rel=\"noopener\" data-start=\"5704\" data-end=\"5768\">Mailchimps cookiepolitik<\/a>.<\/p>\n<h3 data-start=\"82\" data-end=\"133\">Identifikation af hjemmesidebes\u00f8gende (Leadinfo)<\/h3>\n<p data-start=\"135\" data-end=\"322\">Vi anvender Leadinfo B.V., Rotterdam, Holland, til at identificere erhvervsm\u00e6ssige bes\u00f8gende p\u00e5 vores hjemmeside og analysere brugen af hjemmesiden til B2B-salgs- og markedsf\u00f8ringsform\u00e5l.<\/p>\n<p data-start=\"324\" data-end=\"498\">Leadinfo behandler IP-adresser, virksomhedsrelaterede oplysninger, adf\u00e6rd p\u00e5 hjemmesiden samt oplysninger indsendt via kontaktformularer. Dette kan omfatte personoplysninger.<\/p>\n<p data-start=\"500\" data-end=\"719\">Behandlingen sker kun efter samtykke via vores cookie-banner, hvor det er p\u00e5kr\u00e6vet, og er baseret p\u00e5 vores legitime interesse i at identificere erhvervsm\u00e6ssig interesse for vores ydelser (art. 6, stk. 1, litra f, GDPR).<\/p>\n<p data-start=\"721\" data-end=\"794\">Leadinfo fungerer som databehandler i henhold til en databehandleraftale.<\/p>\n<p data-start=\"796\" data-end=\"902\">Du kan til enhver tid g\u00f8re indsigelse mod denne behandling via:<br \/>\n<a class=\"decorated-link\" href=\"https:\/\/www.leadinfo.com\/en\/legal\/opt-out\/?utm_source=chatgpt.com\" target=\"_new\" rel=\"noopener\" data-start=\"860\" data-end=\"902\">https:\/\/www.leadinfo.com\/en\/legal\/opt-out\/<\/a><\/p>\n<p data-start=\"904\" data-end=\"970\">Yderligere information:<br \/>\n<a class=\"decorated-link\" href=\"https:\/\/www.leadinfo.com\/en\/legal\/privacy\/?utm_source=chatgpt.com\" target=\"_new\" rel=\"noopener\" data-start=\"928\" data-end=\"970\">https:\/\/www.leadinfo.com\/en\/legal\/privacy\/<\/a><\/p>\n<p><strong>Indsigt og klager<\/strong><\/p>\n<p>Du har ret til at vide, hvilke personlige oplysninger vi indsamler om dig. Du kan ogs\u00e5 til enhver tid g\u00f8re indsigelse mod brugen af oplysninger. Du kan ogs\u00e5 tilbagekalde dit samtykke til at behandle oplysninger om dig. Hvis de oplysninger, der behandles om dig, er forkerte, har du ret til at f\u00e5 dem rettet eller slettet. Kontakt venligst:\u00a0<a href=\"mailto:info@greentec.eu\">info@greentec.eu\u00a0<\/a>for alle tilf\u00e6lde af indsigt eller klager.<\/p>\n<p><strong>Udgiver<\/strong><\/p>\n<p>Hjemmesiden ejes og udgives af:<\/p>\n<p>GreenTec A\/S<\/p>\n<p>Merkurvej 25, DK-6000 Kolding<\/p>\n<p>Phone: +45 75 55 36 44<\/p>\n<p>E-mail: info@greentec.eu<\/p>\n                <\/div>\n                                <\/article>\n\n            <\/div>\n<\/section><\/div><\/div><\/div><\/div><\/div>","protected":false},"excerpt":{"rendered":"<p>Privatlivspolitik N\u00e5r du bes\u00f8ger vores hjemmeside, indsamles oplysninger om dig, som bruges til at tilpasse og forbedre vores indhold og til at \u00f8ge v\u00e6rdien af de annoncer, der vises p\u00e5 siden. Hvis du ikke \u00f8nsker, at der indsamles data om dig, skal du slette dine cookies (se instruktioner) og undg\u00e5 yderligere brug af siden. Nedenfor [&hellip;]<\/p>\n","protected":false},"author":1,"featured_media":0,"parent":0,"menu_order":0,"comment_status":"closed","ping_status":"open","template":"","meta":{"_acf_changed":false,"_relevanssi_hide_post":"","_relevanssi_hide_content":"","_relevanssi_pin_for_all":"","_relevanssi_pin_keywords":"","_relevanssi_unpin_keywords":"","_relevanssi_related_keywords":"","_relevanssi_related_include_ids":"","_relevanssi_related_exclude_ids":"","_relevanssi_related_no_append":"","_relevanssi_related_not_related":"","_relevanssi_related_posts":"","_relevanssi_noindex_reason":"","inline_featured_image":false,"footnotes":""},"class_list":["post-14871","page","type-page","status-publish","hentry"],"acf":[],"yoast_head":"<!-- This site is optimized with the Yoast SEO plugin v27.0 - https:\/\/yoast.com\/product\/yoast-seo-wordpress\/ -->\n<title>Privatlivspolitik - GreenTec<\/title>\n<meta name=\"robots\" content=\"index, follow, max-snippet:-1, max-image-preview:large, max-video-preview:-1\" \/>\n<link rel=\"canonical\" href=\"https:\/\/greentec.eu\/da\/privatlivspolitik\/\" \/>\n<meta property=\"og:locale\" content=\"da_DK\" \/>\n<meta property=\"og:type\" content=\"article\" \/>\n<meta property=\"og:title\" content=\"Privatlivspolitik - GreenTec\" \/>\n<meta property=\"og:description\" content=\"Privatlivspolitik N\u00e5r du bes\u00f8ger vores hjemmeside, indsamles oplysninger om dig, som bruges til at tilpasse og forbedre vores indhold og til at \u00f8ge v\u00e6rdien af de annoncer, der vises p\u00e5 siden. Hvis du ikke \u00f8nsker, at der indsamles data om dig, skal du slette dine cookies (se instruktioner) og undg\u00e5 yderligere brug af siden. Nedenfor [&hellip;]\" \/>\n<meta property=\"og:url\" content=\"https:\/\/greentec.eu\/da\/privatlivspolitik\/\" \/>\n<meta property=\"og:site_name\" content=\"GreenTec\" \/>\n<meta property=\"article:modified_time\" content=\"2026-02-10T06:29:10+00:00\" \/>\n<meta name=\"twitter:card\" content=\"summary_large_image\" \/>\n<meta name=\"twitter:label1\" content=\"Estimeret l\u00e6setid\" \/>\n\t<meta name=\"twitter:data1\" content=\"6 minutter\" \/>\n<script type=\"application\/ld+json\" class=\"yoast-schema-graph\">{\"@context\":\"https:\/\/schema.org\",\"@graph\":[{\"@type\":\"WebPage\",\"@id\":\"https:\/\/greentec.eu\/da\/privatlivspolitik\/\",\"url\":\"https:\/\/greentec.eu\/da\/privatlivspolitik\/\",\"name\":\"Privatlivspolitik - GreenTec\",\"isPartOf\":{\"@id\":\"https:\/\/greentec.eu\/da\/#website\"},\"datePublished\":\"2022-06-13T08:55:17+00:00\",\"dateModified\":\"2026-02-10T06:29:10+00:00\",\"inLanguage\":\"da-DK\",\"potentialAction\":[{\"@type\":\"ReadAction\",\"target\":[\"https:\/\/greentec.eu\/da\/privatlivspolitik\/\"]}]},{\"@type\":\"WebSite\",\"@id\":\"https:\/\/greentec.eu\/da\/#website\",\"url\":\"https:\/\/greentec.eu\/da\/\",\"name\":\"GreenTec\",\"description\":\"Maskiner til Hegnsklipning og Rabatklipning\",\"potentialAction\":[{\"@type\":\"SearchAction\",\"target\":{\"@type\":\"EntryPoint\",\"urlTemplate\":\"https:\/\/greentec.eu\/da\/?s={search_term_string}\"},\"query-input\":{\"@type\":\"PropertyValueSpecification\",\"valueRequired\":true,\"valueName\":\"search_term_string\"}}],\"inLanguage\":\"da-DK\"}]}<\/script>\n<!-- \/ Yoast SEO plugin. -->","yoast_head_json":{"title":"Privatlivspolitik - GreenTec","robots":{"index":"index","follow":"follow","max-snippet":"max-snippet:-1","max-image-preview":"max-image-preview:large","max-video-preview":"max-video-preview:-1"},"canonical":"https:\/\/greentec.eu\/da\/privatlivspolitik\/","og_locale":"da_DK","og_type":"article","og_title":"Privatlivspolitik - GreenTec","og_description":"Privatlivspolitik N\u00e5r du bes\u00f8ger vores hjemmeside, indsamles oplysninger om dig, som bruges til at tilpasse og forbedre vores indhold og til at \u00f8ge v\u00e6rdien af de annoncer, der vises p\u00e5 siden. Hvis du ikke \u00f8nsker, at der indsamles data om dig, skal du slette dine cookies (se instruktioner) og undg\u00e5 yderligere brug af siden. Nedenfor [&hellip;]","og_url":"https:\/\/greentec.eu\/da\/privatlivspolitik\/","og_site_name":"GreenTec","article_modified_time":"2026-02-10T06:29:10+00:00","twitter_card":"summary_large_image","twitter_misc":{"Estimeret l\u00e6setid":"6 minutter"},"schema":{"@context":"https:\/\/schema.org","@graph":[{"@type":"WebPage","@id":"https:\/\/greentec.eu\/da\/privatlivspolitik\/","url":"https:\/\/greentec.eu\/da\/privatlivspolitik\/","name":"Privatlivspolitik - GreenTec","isPartOf":{"@id":"https:\/\/greentec.eu\/da\/#website"},"datePublished":"2022-06-13T08:55:17+00:00","dateModified":"2026-02-10T06:29:10+00:00","inLanguage":"da-DK","potentialAction":[{"@type":"ReadAction","target":["https:\/\/greentec.eu\/da\/privatlivspolitik\/"]}]},{"@type":"WebSite","@id":"https:\/\/greentec.eu\/da\/#website","url":"https:\/\/greentec.eu\/da\/","name":"GreenTec","description":"Maskiner til Hegnsklipning og Rabatklipning","potentialAction":[{"@type":"SearchAction","target":{"@type":"EntryPoint","urlTemplate":"https:\/\/greentec.eu\/da\/?s={search_term_string}"},"query-input":{"@type":"PropertyValueSpecification","valueRequired":true,"valueName":"search_term_string"}}],"inLanguage":"da-DK"}]}},"_links":{"self":[{"href":"https:\/\/greentec.eu\/da\/wp-json\/wp\/v2\/pages\/14871","targetHints":{"allow":["GET"]}}],"collection":[{"href":"https:\/\/greentec.eu\/da\/wp-json\/wp\/v2\/pages"}],"about":[{"href":"https:\/\/greentec.eu\/da\/wp-json\/wp\/v2\/types\/page"}],"author":[{"embeddable":true,"href":"https:\/\/greentec.eu\/da\/wp-json\/wp\/v2\/users\/1"}],"replies":[{"embeddable":true,"href":"https:\/\/greentec.eu\/da\/wp-json\/wp\/v2\/comments?post=14871"}],"version-history":[{"count":11,"href":"https:\/\/greentec.eu\/da\/wp-json\/wp\/v2\/pages\/14871\/revisions"}],"predecessor-version":[{"id":35373,"href":"https:\/\/greentec.eu\/da\/wp-json\/wp\/v2\/pages\/14871\/revisions\/35373"}],"wp:attachment":[{"href":"https:\/\/greentec.eu\/da\/wp-json\/wp\/v2\/media?parent=14871"}],"curies":[{"name":"wp","href":"https:\/\/api.w.org\/{rel}","templated":true}]}}