{"id":15013,"date":"2022-08-24T07:27:20","date_gmt":"2022-08-24T07:27:20","guid":{"rendered":"https:\/\/greentec.eu.bluebird.pw\/explore-learn\/"},"modified":"2023-02-02T11:42:11","modified_gmt":"2023-02-02T11:42:11","slug":"udforsk-laer","status":"publish","type":"page","link":"https:\/\/greentec.eu\/da\/udforsk-laer\/","title":{"rendered":"Udforsk og l\u00e6r"},"content":{"rendered":"<div id=\"pl-15013\"  class=\"panel-layout\" ><div id=\"pg-15013-0\"  class=\"panel-grid panel-no-style\" ><div id=\"pgc-15013-0-0\"  class=\"panel-grid-cell\" ><div id=\"panel-15013-0-0-0\" class=\"so-panel widget widget_mtt-archive panel-first-child panel-last-child\" data-index=\"0\" ><div\n\t\t\t\n\t\t\tclass=\"so-widget-mtt-archive so-widget-mtt-archive-base\"\n\t\t\t\n\t\t>    <section class=\"mtt-text-cover mtt-text-cover--article\">\n        <div class=\"pattern-container\">\n            <img decoding=\"async\" class=\"pattern-container__pattern pattern-container__pattern--left\" src=\"https:\/\/greentec.eu\/wp-content\/themes\/greentec-wordpress-theme\/public\/img\/svg\/pattern-text-cover.svg\" alt=\"GreenTec pattern\">\n        <\/div>\n        <div class=\"mtt-text-cover__inner page_container\">\n            <div class=\"mtt-text-cover__text\">\n                <div class=\"mtt-text-cover__text--tagline tagline--prim\">Artikler<\/div>                <h1 class=\"mtt-text-cover__text--title\">Udforsk og l\u00e6r<\/h1>\n                <div class=\"mtt-text-cover__text--text\">F\u00e5 de seneste nyheder hos GreenTec og modtag tips til, hvordan du bruger dine GreenTec maskiner!<\/div>            <\/div>\n    <\/section>\n    <section class=\"mtt-article-archive\" data-archive data-post-type=\"articles\" data-archive-per-page=\"9\">\n    <div class=\"page_container\">\n        <div class=\"mtt-article-categories\" data-parent-tax-slug=\"article_categories\">\n            <ul>\n                <li class='mtt-article-category'><button data-archive-button data-tax-slug='article_categories' data-term-id='0' class='active'>Alle<\/button><\/li><li class='mtt-article-category'><button data-archive-button data-tax-slug='article_categories' data-term-id='862' class=''>Presse<\/button><\/li><li class='mtt-article-category'><button data-archive-button data-tax-slug='article_categories' data-term-id='809' class=''>Tips &amp; Tricks<\/button><\/li><li class='mtt-article-category'><button data-archive-button data-tax-slug='article_categories' data-term-id='723' class=''>Produktnyheder<\/button><\/li><li class='mtt-article-category'><button data-archive-button data-tax-slug='article_categories' data-term-id='719' class=''>Aktiviteter<\/button><\/li><li class='mtt-article-category'><button data-archive-button data-tax-slug='article_categories' data-term-id='357' class=''>Vejledning<\/button><\/li>            <\/ul>\n        <\/div>\n    <\/div>\n\n    <div class=\"mtt-article-archive__content\">\n        <div class=\"page_container\">\n            <div class=\"mtt-article-categories mtt-article-categories--tags\" data-parent-tax-slug=\"article_tags\">\n                <ul>\n                    <li class='mtt-article-tag'><button data-archive-button data-tax-slug='article_tags' data-term-id='0' class='active'>Alle<\/button><\/li><li class='mtt-article-tag'><button data-archive-button data-tax-slug='article_tags' data-term-id='858' class=''>Tiger<\/button><\/li><li class='mtt-article-tag'><button data-archive-button data-tax-slug='article_tags' data-term-id='821' class=''>FOX<\/button><\/li><li class='mtt-article-tag'><button data-archive-button data-tax-slug='article_tags' data-term-id='813' class=''>FR<\/button><\/li><li class='mtt-article-tag'><button data-archive-button data-tax-slug='article_tags' data-term-id='810' class=''>LRS<\/button><\/li><li class='mtt-article-tag'><button data-archive-button data-tax-slug='article_tags' data-term-id='730' class=''>Spider<\/button><\/li><li class='mtt-article-tag'><button data-archive-button data-tax-slug='article_tags' data-term-id='358' class=''>Scorpion<\/button><\/li><li class='mtt-article-tag'><button data-archive-button data-tax-slug='article_tags' data-term-id='789' class=''>RX<\/button><\/li><li class='mtt-article-tag'><button data-archive-button data-tax-slug='article_tags' data-term-id='785' class=''>RI<\/button><\/li>                <\/ul>\n            <\/div>\n\n            <div class=\"mtt-article-archive__grid\" data-archive-target>\n                \n<a class=\"mtt-article-card\" href=\"https:\/\/greentec.eu\/da\/artikler\/greentec-leverer-for-andet-aar-i-traek-rekordomsaetning-i-2025\/\">\n    <div class=\"mtt-article-card__image\">\n                                <div class=\"object-fit object-fit--fill\">\n                <img decoding=\"async\" width=\"404\" height=\"280\" src=\"https:\/\/greentec.eu\/wp-content\/uploads\/2026\/03\/Article-12-404x280.png\" class=\"attachment-410x280x size-410x280x\" alt=\"GreenTec record earning 2025\" srcset=\"https:\/\/greentec.eu\/wp-content\/uploads\/2026\/03\/Article-12-404x280.png 404w, https:\/\/greentec.eu\/wp-content\/uploads\/2026\/03\/Article-12-150x104.png 150w, https:\/\/greentec.eu\/wp-content\/uploads\/2026\/03\/Article-12-300x208.png 300w, https:\/\/greentec.eu\/wp-content\/uploads\/2026\/03\/Article-12-180x125.png 180w, https:\/\/greentec.eu\/wp-content\/uploads\/2026\/03\/Article-12-600x416.png 600w, https:\/\/greentec.eu\/wp-content\/uploads\/2026\/03\/Article-12.png 678w\" sizes=\"(max-width: 404px) 100vw, 404px\" \/>            <\/div>\n            <\/div>\n    <div class=\"mtt-article-card__text\">\n                    <div class=\"mtt-article-card__category\">\n                Presse            <\/div>\n                <div class=\"mtt-article-card__title\">\n            GreenTec leverer for andet \u00e5r i tr\u00e6k rekordoms\u00e6tning i 2025        <\/div>\n    <\/div>\n<\/a>\n<a class=\"mtt-article-card\" href=\"https:\/\/greentec.eu\/da\/artikler\/greentec-indgaar-cirkulaert-partnerskab-med-papirvaerk\/\">\n    <div class=\"mtt-article-card__image\">\n                                <div class=\"object-fit object-fit--fill\">\n                <img decoding=\"async\" width=\"404\" height=\"280\" src=\"https:\/\/greentec.eu\/wp-content\/uploads\/2026\/03\/Article-11-404x280.webp\" class=\"attachment-410x280x size-410x280x\" alt=\"GreenTec Papirv\u00e6rk\" srcset=\"https:\/\/greentec.eu\/wp-content\/uploads\/2026\/03\/Article-11-404x280.webp 404w, https:\/\/greentec.eu\/wp-content\/uploads\/2026\/03\/Article-11-150x104.webp 150w, https:\/\/greentec.eu\/wp-content\/uploads\/2026\/03\/Article-11-180x125.webp 180w, https:\/\/greentec.eu\/wp-content\/uploads\/2026\/03\/Article-11-300x208.webp 300w, https:\/\/greentec.eu\/wp-content\/uploads\/2026\/03\/Article-11-600x416.webp 600w, https:\/\/greentec.eu\/wp-content\/uploads\/2026\/03\/Article-11.webp 678w\" sizes=\"(max-width: 404px) 100vw, 404px\" \/>            <\/div>\n            <\/div>\n    <div class=\"mtt-article-card__text\">\n                    <div class=\"mtt-article-card__category\">\n                Presse            <\/div>\n                <div class=\"mtt-article-card__title\">\n            GreenTec indg\u00e5r cirkul\u00e6rt partnerskab med Papirv\u00e6rk        <\/div>\n    <\/div>\n<\/a>\n<a class=\"mtt-article-card\" href=\"https:\/\/greentec.eu\/da\/artikler\/aabent-hus-hos-anker-bjerre-d-6-og-7-marts-2026\/\">\n    <div class=\"mtt-article-card__image\">\n                                <div class=\"object-fit object-fit--fill\">\n                <img decoding=\"async\" width=\"404\" height=\"280\" src=\"https:\/\/greentec.eu\/wp-content\/uploads\/2026\/02\/Article-6-404x280.webp\" class=\"attachment-410x280x size-410x280x\" alt=\"GreenTec anker bjerre \u00e5bent hus\" srcset=\"https:\/\/greentec.eu\/wp-content\/uploads\/2026\/02\/Article-6-404x280.webp 404w, https:\/\/greentec.eu\/wp-content\/uploads\/2026\/02\/Article-6-300x208.webp 300w, https:\/\/greentec.eu\/wp-content\/uploads\/2026\/02\/Article-6-150x104.webp 150w, https:\/\/greentec.eu\/wp-content\/uploads\/2026\/02\/Article-6-180x125.webp 180w, https:\/\/greentec.eu\/wp-content\/uploads\/2026\/02\/Article-6-600x416.webp 600w, https:\/\/greentec.eu\/wp-content\/uploads\/2026\/02\/Article-6.webp 678w\" sizes=\"(max-width: 404px) 100vw, 404px\" \/>            <\/div>\n            <\/div>\n    <div class=\"mtt-article-card__text\">\n                    <div class=\"mtt-article-card__category\">\n                Aktiviteter            <\/div>\n                <div class=\"mtt-article-card__title\">\n            \u00c5bent Hus hos Anker Bjerre d. 6. og 7. marts 2026        <\/div>\n    <\/div>\n<\/a>\n<a class=\"mtt-article-card\" href=\"https:\/\/greentec.eu\/da\/artikler\/de-vigtigste-fordele-ved-tiger-rotorklipper-en-komplet-koebsvejledning\/\">\n    <div class=\"mtt-article-card__image\">\n                                <div class=\"object-fit object-fit--fill\">\n                <img decoding=\"async\" width=\"404\" height=\"280\" src=\"https:\/\/greentec.eu\/wp-content\/uploads\/2026\/02\/Article-2-404x280.webp\" class=\"attachment-410x280x size-410x280x\" alt=\"Tiger Rotary Mower GreenTec\" srcset=\"https:\/\/greentec.eu\/wp-content\/uploads\/2026\/02\/Article-2-404x280.webp 404w, https:\/\/greentec.eu\/wp-content\/uploads\/2026\/02\/Article-2-150x104.webp 150w, https:\/\/greentec.eu\/wp-content\/uploads\/2026\/02\/Article-2-180x125.webp 180w, https:\/\/greentec.eu\/wp-content\/uploads\/2026\/02\/Article-2-600x416.webp 600w, https:\/\/greentec.eu\/wp-content\/uploads\/2026\/02\/Article-2-300x208.webp 300w, https:\/\/greentec.eu\/wp-content\/uploads\/2026\/02\/Article-2.webp 678w\" sizes=\"(max-width: 404px) 100vw, 404px\" \/>            <\/div>\n            <\/div>\n    <div class=\"mtt-article-card__text\">\n                    <div class=\"mtt-article-card__category\">\n                Tips &amp; Tricks            <\/div>\n                <div class=\"mtt-article-card__title\">\n            De vigtigste fordele ved Tiger Rotorklipper &#8211; En komplet k\u00f8bsvejledning        <\/div>\n    <\/div>\n<\/a>\n<a class=\"mtt-article-card\" href=\"https:\/\/greentec.eu\/da\/artikler\/greentec-paa-agritechnica-2025\/\">\n    <div class=\"mtt-article-card__image\">\n                                <div class=\"object-fit object-fit--fill\">\n                <img decoding=\"async\" width=\"404\" height=\"280\" src=\"https:\/\/greentec.eu\/wp-content\/uploads\/2025\/10\/Article-1-404x280.webp\" class=\"attachment-410x280x size-410x280x\" alt=\"Agritechnica 2025 GreenTec\" srcset=\"https:\/\/greentec.eu\/wp-content\/uploads\/2025\/10\/Article-1-404x280.webp 404w, https:\/\/greentec.eu\/wp-content\/uploads\/2025\/10\/Article-1-300x208.webp 300w, https:\/\/greentec.eu\/wp-content\/uploads\/2025\/10\/Article-1-150x104.webp 150w, https:\/\/greentec.eu\/wp-content\/uploads\/2025\/10\/Article-1-180x125.webp 180w, https:\/\/greentec.eu\/wp-content\/uploads\/2025\/10\/Article-1.webp 678w\" sizes=\"(max-width: 404px) 100vw, 404px\" \/>            <\/div>\n            <\/div>\n    <div class=\"mtt-article-card__text\">\n                    <div class=\"mtt-article-card__category\">\n                Aktiviteter            <\/div>\n                <div class=\"mtt-article-card__title\">\n            GreenTec p\u00e5 Agritechnica 2025        <\/div>\n    <\/div>\n<\/a>\n<a class=\"mtt-article-card\" href=\"https:\/\/greentec.eu\/da\/artikler\/produktnyhed-scorpion-490-plus\/\">\n    <div class=\"mtt-article-card__image\">\n                                <div class=\"object-fit object-fit--fill\">\n                <img decoding=\"async\" width=\"404\" height=\"280\" src=\"https:\/\/greentec.eu\/wp-content\/uploads\/2025\/10\/Article-404x280.webp\" class=\"attachment-410x280x size-410x280x\" alt=\"New hedge cutter Scorpion 490 PLUS\" srcset=\"https:\/\/greentec.eu\/wp-content\/uploads\/2025\/10\/Article-404x280.webp 404w, https:\/\/greentec.eu\/wp-content\/uploads\/2025\/10\/Article-150x104.webp 150w, https:\/\/greentec.eu\/wp-content\/uploads\/2025\/10\/Article-180x125.webp 180w, https:\/\/greentec.eu\/wp-content\/uploads\/2025\/10\/Article-600x416.webp 600w, https:\/\/greentec.eu\/wp-content\/uploads\/2025\/10\/Article-300x208.webp 300w, https:\/\/greentec.eu\/wp-content\/uploads\/2025\/10\/Article.webp 678w\" sizes=\"(max-width: 404px) 100vw, 404px\" \/>            <\/div>\n            <\/div>\n    <div class=\"mtt-article-card__text\">\n                    <div class=\"mtt-article-card__category\">\n                Presse            <\/div>\n                <div class=\"mtt-article-card__title\">\n            Produktnyhed: Scorpion 490 PLUS        <\/div>\n    <\/div>\n<\/a>\n<a class=\"mtt-article-card\" href=\"https:\/\/greentec.eu\/da\/artikler\/produktnyhed-tiger-rotorklipper\/\">\n    <div class=\"mtt-article-card__image\">\n                                <div class=\"object-fit object-fit--fill\">\n                <img decoding=\"async\" width=\"404\" height=\"280\" src=\"https:\/\/greentec.eu\/wp-content\/uploads\/2025\/09\/Tiger-artikel-404x280.webp\" class=\"attachment-410x280x size-410x280x\" alt=\"Tiger Rotorklipper Nyhed\" srcset=\"https:\/\/greentec.eu\/wp-content\/uploads\/2025\/09\/Tiger-artikel-404x280.webp 404w, https:\/\/greentec.eu\/wp-content\/uploads\/2025\/09\/Tiger-artikel-300x208.webp 300w, https:\/\/greentec.eu\/wp-content\/uploads\/2025\/09\/Tiger-artikel-150x104.webp 150w, https:\/\/greentec.eu\/wp-content\/uploads\/2025\/09\/Tiger-artikel-180x125.webp 180w, https:\/\/greentec.eu\/wp-content\/uploads\/2025\/09\/Tiger-artikel-600x416.webp 600w, https:\/\/greentec.eu\/wp-content\/uploads\/2025\/09\/Tiger-artikel.webp 678w\" sizes=\"(max-width: 404px) 100vw, 404px\" \/>            <\/div>\n            <\/div>\n    <div class=\"mtt-article-card__text\">\n                    <div class=\"mtt-article-card__category\">\n                Presse            <\/div>\n                <div class=\"mtt-article-card__title\">\n            Produktnyhed: Tiger Rotorklipper        <\/div>\n    <\/div>\n<\/a>\n<a class=\"mtt-article-card\" href=\"https:\/\/greentec.eu\/da\/artikler\/greentec-opkoeber-razorback\/\">\n    <div class=\"mtt-article-card__image\">\n                                <div class=\"object-fit object-fit--fill\">\n                <img decoding=\"async\" width=\"410\" height=\"231\" src=\"https:\/\/greentec.eu\/wp-content\/uploads\/2025\/08\/Martin-John-Mads-Henrik-2-min-scaled-410x231.jpg\" class=\"attachment-410x280x size-410x280x\" alt=\"Razorback and Greentec\" srcset=\"https:\/\/greentec.eu\/wp-content\/uploads\/2025\/08\/Martin-John-Mads-Henrik-2-min-scaled-410x231.jpg 410w, https:\/\/greentec.eu\/wp-content\/uploads\/2025\/08\/Martin-John-Mads-Henrik-2-min-scaled-300x169.jpg 300w, https:\/\/greentec.eu\/wp-content\/uploads\/2025\/08\/Martin-John-Mads-Henrik-2-min-scaled-1024x576.jpg 1024w, https:\/\/greentec.eu\/wp-content\/uploads\/2025\/08\/Martin-John-Mads-Henrik-2-min-scaled-768x432.jpg 768w, https:\/\/greentec.eu\/wp-content\/uploads\/2025\/08\/Martin-John-Mads-Henrik-2-min-scaled-2000x1125.jpg 2000w, https:\/\/greentec.eu\/wp-content\/uploads\/2025\/08\/Martin-John-Mads-Henrik-2-min-scaled-150x84.jpg 150w, https:\/\/greentec.eu\/wp-content\/uploads\/2025\/08\/Martin-John-Mads-Henrik-2-min-scaled-180x101.jpg 180w, https:\/\/greentec.eu\/wp-content\/uploads\/2025\/08\/Martin-John-Mads-Henrik-2-min-scaled-600x338.jpg 600w\" sizes=\"(max-width: 410px) 100vw, 410px\" \/>            <\/div>\n            <\/div>\n    <div class=\"mtt-article-card__text\">\n                    <div class=\"mtt-article-card__category\">\n                Presse            <\/div>\n                <div class=\"mtt-article-card__title\">\n            GreenTec opk\u00f8ber Razorback        <\/div>\n    <\/div>\n<\/a>\n<a class=\"mtt-article-card\" href=\"https:\/\/greentec.eu\/da\/artikler\/fox-bliver-nu-afsendt-samlet\/\">\n    <div class=\"mtt-article-card__image\">\n                                <div class=\"object-fit object-fit--fill\">\n                <img decoding=\"async\" width=\"404\" height=\"280\" src=\"https:\/\/greentec.eu\/wp-content\/uploads\/2025\/05\/FOX-assembled-thumbnail-404x280.webp\" class=\"attachment-410x280x size-410x280x\" alt=\"FOX assembled\" srcset=\"https:\/\/greentec.eu\/wp-content\/uploads\/2025\/05\/FOX-assembled-thumbnail-404x280.webp 404w, https:\/\/greentec.eu\/wp-content\/uploads\/2025\/05\/FOX-assembled-thumbnail-150x104.webp 150w, https:\/\/greentec.eu\/wp-content\/uploads\/2025\/05\/FOX-assembled-thumbnail-180x125.webp 180w, https:\/\/greentec.eu\/wp-content\/uploads\/2025\/05\/FOX-assembled-thumbnail-600x416.webp 600w, https:\/\/greentec.eu\/wp-content\/uploads\/2025\/05\/FOX-assembled-thumbnail-300x208.webp 300w, https:\/\/greentec.eu\/wp-content\/uploads\/2025\/05\/FOX-assembled-thumbnail.webp 678w\" sizes=\"(max-width: 404px) 100vw, 404px\" \/>            <\/div>\n            <\/div>\n    <div class=\"mtt-article-card__text\">\n                    <div class=\"mtt-article-card__category\">\n                Presse            <\/div>\n                <div class=\"mtt-article-card__title\">\n            FOX bliver fremadrettet afsendt samlet        <\/div>\n    <\/div>\n<\/a>            <\/div>\n\n            <div class=\"mtt-archive__pagination\" data-archive-pagination>\n                <div class='mtt-pagination'><button class='mtt-pagination__toggle' data-page='0' aria-label='Forrige' disabled><svg xmlns=\"http:\/\/www.w3.org\/2000\/svg\" viewBox=\"0 0 6 10\" fill=\"currentColor\"><path d=\"M6 9a1 1 0 0 1-.293.707 1 1 0 0 1-1.414 0l-4-4a1 1 0 0 1 0-1.414 1 1 0 0 1 1.414 0l4 4A1 1 0 0 1 6 9Z\"\/><path d=\"M6 1a1 1 0 0 1-.293.707l-4 4a1 1 0 0 1-1.414 0 1 1 0 0 1 0-1.414l4-4A1 1 0 0 1 6 1Z\"\/><\/svg><\/button><span class='mtt-pagination__toggle mtt-pagination__toggle--active' data-page='1'>1<\/span><button class='mtt-pagination__toggle' data-page='2'>2<\/button><button class='mtt-pagination__toggle' data-page='3'>3<\/button><span class='mtt-pagination__toggle mtt-pagination__toggle--dots'>...<\/span><button class='mtt-pagination__toggle' data-page='5'>5<\/button><button class='mtt-pagination__toggle' data-page='2' aria-label='N\u00e6ste'><svg xmlns=\"http:\/\/www.w3.org\/2000\/svg\" viewBox=\"0 0 6 10\" fill=\"currentColor\"><path d=\"M6 5a1 1 0 0 1-.293.707l-4 4a1 1 0 0 1-1.414 0 1 1 0 0 1 0-1.414l4-4A1 1 0 0 1 6 5Z\"\/><path d=\"M6 5a1 1 0 0 1-.293.707 1 1 0 0 1-1.414 0l-4-4a1 1 0 0 1 0-1.414 1 1 0 0 1 1.414 0l4 4A1 1 0 0 1 6 5Z\"\/><\/svg><\/button><\/div>            <\/div>\n        <\/div>\n    <\/div>\n<\/section><\/div><\/div><\/div><\/div><\/div>","protected":false},"excerpt":{"rendered":"<p>Artikler Udforsk og l\u00e6r F\u00e5 de seneste nyheder hos GreenTec og modtag tips til, hvordan du bruger dine GreenTec maskiner! AllePresseTips &amp; TricksProduktnyhederAktiviteterVejledning AlleTigerFOXFRLRSSpiderScorpionRXRI Presse GreenTec leverer for andet \u00e5r i tr\u00e6k rekordoms\u00e6tning i 2025 Presse GreenTec indg\u00e5r cirkul\u00e6rt partnerskab med Papirv\u00e6rk Aktiviteter \u00c5bent Hus hos Anker Bjerre d. 6. og 7. marts 2026 Tips [&hellip;]<\/p>\n","protected":false},"author":1,"featured_media":0,"parent":0,"menu_order":0,"comment_status":"closed","ping_status":"closed","template":"","meta":{"_acf_changed":false,"_relevanssi_hide_post":"","_relevanssi_hide_content":"","_relevanssi_pin_for_all":"","_relevanssi_pin_keywords":"","_relevanssi_unpin_keywords":"","_relevanssi_related_keywords":"","_relevanssi_related_include_ids":"","_relevanssi_related_exclude_ids":"","_relevanssi_related_no_append":"","_relevanssi_related_not_related":"","_relevanssi_related_posts":"","_relevanssi_noindex_reason":"","inline_featured_image":false,"footnotes":""},"class_list":["post-15013","page","type-page","status-publish","hentry"],"acf":[],"yoast_head":"<!-- This site is optimized with the Yoast SEO plugin v27.0 - https:\/\/yoast.com\/product\/yoast-seo-wordpress\/ -->\n<title>Udforsk og l\u00e6r - GreenTec<\/title>\n<meta name=\"robots\" content=\"index, follow, max-snippet:-1, max-image-preview:large, max-video-preview:-1\" \/>\n<link rel=\"canonical\" href=\"https:\/\/greentec.eu\/da\/udforsk-laer\/\" \/>\n<meta property=\"og:locale\" content=\"da_DK\" \/>\n<meta property=\"og:type\" content=\"article\" \/>\n<meta property=\"og:title\" content=\"Udforsk og l\u00e6r - GreenTec\" \/>\n<meta property=\"og:description\" content=\"Artikler Udforsk og l\u00e6r F\u00e5 de seneste nyheder hos GreenTec og modtag tips til, hvordan du bruger dine GreenTec maskiner! AllePresseTips &amp; TricksProduktnyhederAktiviteterVejledning AlleTigerFOXFRLRSSpiderScorpionRXRI Presse GreenTec leverer for andet \u00e5r i tr\u00e6k rekordoms\u00e6tning i 2025 Presse GreenTec indg\u00e5r cirkul\u00e6rt partnerskab med Papirv\u00e6rk Aktiviteter \u00c5bent Hus hos Anker Bjerre d. 6. og 7. marts 2026 Tips [&hellip;]\" \/>\n<meta property=\"og:url\" content=\"https:\/\/greentec.eu\/da\/udforsk-laer\/\" \/>\n<meta property=\"og:site_name\" content=\"GreenTec\" \/>\n<meta property=\"article:modified_time\" content=\"2023-02-02T11:42:11+00:00\" \/>\n<meta name=\"twitter:card\" content=\"summary_large_image\" \/>\n<meta name=\"twitter:label1\" content=\"Estimeret l\u00e6setid\" \/>\n\t<meta name=\"twitter:data1\" content=\"1 minut\" \/>\n<script type=\"application\/ld+json\" class=\"yoast-schema-graph\">{\"@context\":\"https:\/\/schema.org\",\"@graph\":[{\"@type\":\"WebPage\",\"@id\":\"https:\/\/greentec.eu\/da\/udforsk-laer\/\",\"url\":\"https:\/\/greentec.eu\/da\/udforsk-laer\/\",\"name\":\"Udforsk og l\u00e6r - GreenTec\",\"isPartOf\":{\"@id\":\"https:\/\/greentec.eu\/da\/#website\"},\"datePublished\":\"2022-08-24T07:27:20+00:00\",\"dateModified\":\"2023-02-02T11:42:11+00:00\",\"inLanguage\":\"da-DK\",\"potentialAction\":[{\"@type\":\"ReadAction\",\"target\":[\"https:\/\/greentec.eu\/da\/udforsk-laer\/\"]}]},{\"@type\":\"WebSite\",\"@id\":\"https:\/\/greentec.eu\/da\/#website\",\"url\":\"https:\/\/greentec.eu\/da\/\",\"name\":\"GreenTec\",\"description\":\"Maskiner til Hegnsklipning og Rabatklipning\",\"potentialAction\":[{\"@type\":\"SearchAction\",\"target\":{\"@type\":\"EntryPoint\",\"urlTemplate\":\"https:\/\/greentec.eu\/da\/?s={search_term_string}\"},\"query-input\":{\"@type\":\"PropertyValueSpecification\",\"valueRequired\":true,\"valueName\":\"search_term_string\"}}],\"inLanguage\":\"da-DK\"}]}<\/script>\n<!-- \/ Yoast SEO plugin. -->","yoast_head_json":{"title":"Udforsk og l\u00e6r - GreenTec","robots":{"index":"index","follow":"follow","max-snippet":"max-snippet:-1","max-image-preview":"max-image-preview:large","max-video-preview":"max-video-preview:-1"},"canonical":"https:\/\/greentec.eu\/da\/udforsk-laer\/","og_locale":"da_DK","og_type":"article","og_title":"Udforsk og l\u00e6r - GreenTec","og_description":"Artikler Udforsk og l\u00e6r F\u00e5 de seneste nyheder hos GreenTec og modtag tips til, hvordan du bruger dine GreenTec maskiner! AllePresseTips &amp; TricksProduktnyhederAktiviteterVejledning AlleTigerFOXFRLRSSpiderScorpionRXRI Presse GreenTec leverer for andet \u00e5r i tr\u00e6k rekordoms\u00e6tning i 2025 Presse GreenTec indg\u00e5r cirkul\u00e6rt partnerskab med Papirv\u00e6rk Aktiviteter \u00c5bent Hus hos Anker Bjerre d. 6. og 7. marts 2026 Tips [&hellip;]","og_url":"https:\/\/greentec.eu\/da\/udforsk-laer\/","og_site_name":"GreenTec","article_modified_time":"2023-02-02T11:42:11+00:00","twitter_card":"summary_large_image","twitter_misc":{"Estimeret l\u00e6setid":"1 minut"},"schema":{"@context":"https:\/\/schema.org","@graph":[{"@type":"WebPage","@id":"https:\/\/greentec.eu\/da\/udforsk-laer\/","url":"https:\/\/greentec.eu\/da\/udforsk-laer\/","name":"Udforsk og l\u00e6r - GreenTec","isPartOf":{"@id":"https:\/\/greentec.eu\/da\/#website"},"datePublished":"2022-08-24T07:27:20+00:00","dateModified":"2023-02-02T11:42:11+00:00","inLanguage":"da-DK","potentialAction":[{"@type":"ReadAction","target":["https:\/\/greentec.eu\/da\/udforsk-laer\/"]}]},{"@type":"WebSite","@id":"https:\/\/greentec.eu\/da\/#website","url":"https:\/\/greentec.eu\/da\/","name":"GreenTec","description":"Maskiner til Hegnsklipning og Rabatklipning","potentialAction":[{"@type":"SearchAction","target":{"@type":"EntryPoint","urlTemplate":"https:\/\/greentec.eu\/da\/?s={search_term_string}"},"query-input":{"@type":"PropertyValueSpecification","valueRequired":true,"valueName":"search_term_string"}}],"inLanguage":"da-DK"}]}},"_links":{"self":[{"href":"https:\/\/greentec.eu\/da\/wp-json\/wp\/v2\/pages\/15013","targetHints":{"allow":["GET"]}}],"collection":[{"href":"https:\/\/greentec.eu\/da\/wp-json\/wp\/v2\/pages"}],"about":[{"href":"https:\/\/greentec.eu\/da\/wp-json\/wp\/v2\/types\/page"}],"author":[{"embeddable":true,"href":"https:\/\/greentec.eu\/da\/wp-json\/wp\/v2\/users\/1"}],"replies":[{"embeddable":true,"href":"https:\/\/greentec.eu\/da\/wp-json\/wp\/v2\/comments?post=15013"}],"version-history":[{"count":8,"href":"https:\/\/greentec.eu\/da\/wp-json\/wp\/v2\/pages\/15013\/revisions"}],"predecessor-version":[{"id":20403,"href":"https:\/\/greentec.eu\/da\/wp-json\/wp\/v2\/pages\/15013\/revisions\/20403"}],"wp:attachment":[{"href":"https:\/\/greentec.eu\/da\/wp-json\/wp\/v2\/media?parent=15013"}],"curies":[{"name":"wp","href":"https:\/\/api.w.org\/{rel}","templated":true}]}}