{"id":1720,"date":"2022-07-08T10:34:41","date_gmt":"2022-07-08T10:34:41","guid":{"rendered":"https:\/\/greentec.eu.bluebird.pw\/markets\/"},"modified":"2024-02-27T13:03:20","modified_gmt":"2024-02-27T13:03:20","slug":"markeder","status":"publish","type":"page","link":"https:\/\/greentec.eu\/da\/markeder\/","title":{"rendered":"Markeder"},"content":{"rendered":"<div id=\"pl-1720\"  class=\"panel-layout\" ><div id=\"pg-1720-0\"  class=\"panel-grid panel-no-style\" ><div id=\"pgc-1720-0-0\"  class=\"panel-grid-cell\" ><div id=\"panel-1720-0-0-0\" class=\"so-panel widget widget_mtt-cover panel-first-child panel-last-child\" data-index=\"0\" ><div\n\t\t\t\n\t\t\tclass=\"so-widget-mtt-cover so-widget-mtt-cover-base\"\n\t\t\t\n\t\t>\n<section class=\"mtt-cover\">\n\n            <img decoding=\"async\" class=\"mtt-cover__graphic graphic graphic--cover-corner\" src=\"https:\/\/greentec.eu\/wp-content\/themes\/greentec-wordpress-theme\/public\/img\/graphic\/cover-bottom-right-shape-white.svg\" alt=\"\"\/>\n    \n    <div class=\"mtt-cover__inner\">\n        <div class=\"mtt-cover__page-container page_container\">\n            <div class=\"mtt-cover__text-container\">\n                                                                            <\/div>\n\n                    <\/div>\n\n        <div class=\"mtt-cover__images\">\n                                            <\/div>\n\n    <\/div>\n<\/section><\/div><\/div><\/div><\/div><div id=\"pg-1720-1\"  class=\"panel-grid panel-no-style\" ><div id=\"pgc-1720-1-0\"  class=\"panel-grid-cell\" ><div id=\"panel-1720-1-0-0\" class=\"so-panel widget widget_mtt-text-columns-image panel-first-child panel-last-child\" data-index=\"1\" ><div\n\t\t\t\n\t\t\tclass=\"so-widget-mtt-text-columns-image so-widget-mtt-text-columns-image-base\"\n\t\t\t\n\t\t>\n<section class=\"mtt-text-columns-image spacing_top_32 spacing_bottom_32 spacing-classes-added\">\n    <div class=\"mtt-text-columns-image__inner\">\n        <div class=\"page_container\">\n            <div class=\"mtt-text-columns-image__text-wrap full\">\n                                                    <h1 class=\"mtt-text-columns-image__title title title--2\">Markeder<\/h1>\n                \n                                    <div class=\"mtt-text-columns-image__text-wrapper wysiwyg\">\n                                                    <div class=\"mtt-text-columns-image__text mtt-text-columns-image__text--first\">\n                                <p>GreenTec er en dansk virksomhed specialiseret i maskiner til vedligeholdelse af gr\u00f8nne omr\u00e5der. Siden 1979 har vi udviklet et omfattende program af maskiner, der hovedsageligt bruges til <a href=\"https:\/\/greentec.eu\/da\/produkter\/graesklipning\/\">gr\u00e6sklipning<\/a>, <a href=\"https:\/\/greentec.eu\/da\/produkter\/traebeskaering\/\">tr\u00e6besk\u00e6ring<\/a> og <a href=\"https:\/\/greentec.eu\/da\/produkter\/haekklipning\/\">h\u00e6kklipning<\/a>. Alle produkter fremstilles p\u00e5 vores fabrik i Danmark og distribueres over hele verden gennem vores <a href=\"https:\/\/greentec.eu\/da\/forhandlere\/\">forhandlernetv\u00e6rk<\/a>.<\/p>\n                            <\/div>\n                                                                            <div class=\"mtt-text-columns-image__text mtt-text-columns-image__text--second\">\n                                <p>Vores produkter har en bred vifte af anvendelser fra professionel- til privatbrug. Nogle af vores m\u00e5lgrupper er <a href=\"https:\/\/greentec.eu\/da\/markeder\/kommunal-landskabspleje\/\">kommuner<\/a>, <a href=\"https:\/\/greentec.eu\/da\/markeder\/landbrug-beskaering-laehegn\/\">landm\u00e6nd<\/a>, <a href=\"https:\/\/greentec.eu\/da\/markeder\/anlaegsgartnere\/\">anl\u00e6gsgartnere<\/a>, <a href=\"https:\/\/greentec.eu\/da\/markeder\/skovbrug\/\">skovarbejdere<\/a> og <a href=\"https:\/\/greentec.eu\/da\/markeder\/frugtplantager\/\">frugtplantageejere<\/a>. Du kan f\u00e5 mere information om, hvordan vi skaber v\u00e6rdi for hvert marked ved at f\u00f8lge nedenst\u00e5ende links.<\/p>\n                            <\/div>\n                                            <\/div>\n                \n                            <\/div>\n        <\/div>\n\n        \n    <\/div>\n<\/section><\/div><\/div><\/div><\/div><div id=\"pg-1720-2\"  class=\"panel-grid panel-no-style\" ><div id=\"pgc-1720-2-0\"  class=\"panel-grid-cell\" ><div id=\"panel-1720-2-0-0\" class=\"so-panel widget widget_mtt-image-link-boxes-slider panel-first-child panel-last-child\" data-index=\"2\" ><div\n\t\t\t\n\t\t\tclass=\"so-widget-mtt-image-link-boxes-slider so-widget-mtt-image-link-boxes-slider-base\"\n\t\t\t\n\t\t>\n    <section class=\"mtt-image-link-boxes-slider spacing_bottom_56 spacing-classes-added\">\n        <div class=\"mtt-image-link-boxes-slider__inner page_container\">\n                        <div class=\"mtt-image-link-boxes-slider__buttons\">\n                <button class=\"swiper-prev swiper-button-prev absolute\" aria-label=\"\"><\/button>\n                <button class=\"swiper-next swiper-button-next absolute\" aria-label=\"\"><\/button>\n            <\/div>\n            <div class=\"mtt-image-link-boxes-slider__swiper swiper\">\n              <div class=\"swiper-wrapper\">\n                                  <a href=\"https:\/\/greentec.eu\/da\/markeder\/kommunal-landskabspleje\/\" class=\"swiper-slide mtt-image-link-boxes-slide\">\n            <div class=\"mtt-image-link-boxes-slide__image object-fit\">\n            <img decoding=\"async\" src=\"https:\/\/greentec.eu\/wp-content\/uploads\/2022\/11\/Municipality-markets-410x532.webp\" alt=\"Kommuner\">\n        <\/div>\n        <div class=\"mtt-image-link-boxes-slide__text\">\n                  <div class=\"mtt-image-link-boxes-slide__title\">\n            <p class=\"title\">Kommuner<\/p>                      <\/div>\n                          <div class=\"text\">Vedligehold veje og landskaber<\/div>\n            <\/div>\n<\/a>\n                                  <a href=\"https:\/\/greentec.eu\/da\/markeder\/landbrug-beskaering-laehegn\/\" class=\"swiper-slide mtt-image-link-boxes-slide\">\n            <div class=\"mtt-image-link-boxes-slide__image object-fit\">\n            <img decoding=\"async\" src=\"https:\/\/greentec.eu\/wp-content\/uploads\/2023\/01\/Agriculture-markets-410x532.webp\" alt=\"Landbrug\">\n        <\/div>\n        <div class=\"mtt-image-link-boxes-slide__text\">\n                  <div class=\"mtt-image-link-boxes-slide__title\">\n            <p class=\"title\">Landbrug<\/p>                      <\/div>\n                          <div class=\"text\">Maksimer din indtjening gennem s\u00e6sonen<\/div>\n            <\/div>\n<\/a>\n                                  <a href=\"https:\/\/greentec.eu\/da\/markeder\/anlaegsgartnere\/\" class=\"swiper-slide mtt-image-link-boxes-slide\">\n            <div class=\"mtt-image-link-boxes-slide__image object-fit\">\n            <img decoding=\"async\" src=\"https:\/\/greentec.eu\/wp-content\/uploads\/2023\/01\/Gardening-and-landscaping-markets-410x532.webp\" alt=\"Anl\u00e6gsgartnere\">\n        <\/div>\n        <div class=\"mtt-image-link-boxes-slide__text\">\n                  <div class=\"mtt-image-link-boxes-slide__title\">\n            <p class=\"title\">Anl\u00e6gsgartnere<\/p>                      <\/div>\n                          <div class=\"text\">Spar tid og \u00f8g kapaciteten<\/div>\n            <\/div>\n<\/a>\n                                  <a href=\"https:\/\/greentec.eu\/da\/markeder\/skovbrug\/\" class=\"swiper-slide mtt-image-link-boxes-slide\">\n            <div class=\"mtt-image-link-boxes-slide__image object-fit\">\n            <img decoding=\"async\" src=\"https:\/\/greentec.eu\/wp-content\/uploads\/2022\/11\/Forestry-markets-410x532.webp\" alt=\"Skovbrug\">\n        <\/div>\n        <div class=\"mtt-image-link-boxes-slide__text\">\n                  <div class=\"mtt-image-link-boxes-slide__title\">\n            <p class=\"title\">Skovbrug<\/p>                      <\/div>\n                          <div class=\"text\">Vedligehold skove og stier<\/div>\n            <\/div>\n<\/a>\n                                  <a href=\"https:\/\/greentec.eu\/da\/markeder\/frugtplantager\/\" class=\"swiper-slide mtt-image-link-boxes-slide\">\n            <div class=\"mtt-image-link-boxes-slide__image object-fit\">\n            <img decoding=\"async\" src=\"https:\/\/greentec.eu\/wp-content\/uploads\/2022\/11\/Orchards-markets-410x532.webp\" alt=\"Frugtplantager\">\n        <\/div>\n        <div class=\"mtt-image-link-boxes-slide__text\">\n                  <div class=\"mtt-image-link-boxes-slide__title\">\n            <p class=\"title\">Frugtplantager<\/p>                      <\/div>\n                          <div class=\"text\">Opn\u00e5 et h\u00f8jere udbytte<\/div>\n            <\/div>\n<\/a>\n                              <\/div>\n            <\/div>\n        <\/div>\n    <\/section>\n\n<\/div><\/div><\/div><\/div><\/div>","protected":false},"excerpt":{"rendered":"<p>Markeder GreenTec er en dansk virksomhed specialiseret i maskiner til vedligeholdelse af gr\u00f8nne omr\u00e5der. Siden 1979 har vi udviklet et omfattende program af maskiner, der hovedsageligt bruges til gr\u00e6sklipning, tr\u00e6besk\u00e6ring og h\u00e6kklipning. Alle produkter fremstilles p\u00e5 vores fabrik i Danmark og distribueres over hele verden gennem vores forhandlernetv\u00e6rk. Vores produkter har en bred vifte af [&hellip;]<\/p>\n","protected":false},"author":1,"featured_media":0,"parent":0,"menu_order":0,"comment_status":"closed","ping_status":"closed","template":"","meta":{"_acf_changed":false,"_relevanssi_hide_post":"","_relevanssi_hide_content":"","_relevanssi_pin_for_all":"","_relevanssi_pin_keywords":"","_relevanssi_unpin_keywords":"","_relevanssi_related_keywords":"","_relevanssi_related_include_ids":"","_relevanssi_related_exclude_ids":"","_relevanssi_related_no_append":"","_relevanssi_related_not_related":"","_relevanssi_related_posts":"","_relevanssi_noindex_reason":"","inline_featured_image":false,"footnotes":""},"class_list":["post-1720","page","type-page","status-publish","hentry"],"acf":[],"yoast_head":"<!-- This site is optimized with the Yoast SEO plugin v27.0 - https:\/\/yoast.com\/product\/yoast-seo-wordpress\/ -->\n<title>Markeder - GreenTec<\/title>\n<meta name=\"description\" content=\"GreenTec produkterne har en bred vifte af anvendelser. Nogle af vores m\u00e5lgrupper er kommuner, landm\u00e6nd, anl\u00e6gsgartnere, skovarbejdere og plantageejere.\" \/>\n<meta name=\"robots\" content=\"index, follow, max-snippet:-1, max-image-preview:large, max-video-preview:-1\" \/>\n<link rel=\"canonical\" href=\"https:\/\/greentec.eu\/da\/markeder\/\" \/>\n<meta property=\"og:locale\" content=\"da_DK\" \/>\n<meta property=\"og:type\" content=\"article\" \/>\n<meta property=\"og:title\" content=\"Markeder - GreenTec\" \/>\n<meta property=\"og:description\" content=\"GreenTec produkterne har en bred vifte af anvendelser. Nogle af vores m\u00e5lgrupper er kommuner, landm\u00e6nd, anl\u00e6gsgartnere, skovarbejdere og plantageejere.\" \/>\n<meta property=\"og:url\" content=\"https:\/\/greentec.eu\/da\/markeder\/\" \/>\n<meta property=\"og:site_name\" content=\"GreenTec\" \/>\n<meta property=\"article:modified_time\" content=\"2024-02-27T13:03:20+00:00\" \/>\n<meta name=\"twitter:card\" content=\"summary_large_image\" \/>\n<meta name=\"twitter:label1\" content=\"Estimeret l\u00e6setid\" \/>\n\t<meta name=\"twitter:data1\" content=\"1 minut\" \/>\n<script type=\"application\/ld+json\" class=\"yoast-schema-graph\">{\"@context\":\"https:\/\/schema.org\",\"@graph\":[{\"@type\":\"WebPage\",\"@id\":\"https:\/\/greentec.eu\/da\/markeder\/\",\"url\":\"https:\/\/greentec.eu\/da\/markeder\/\",\"name\":\"Markeder - GreenTec\",\"isPartOf\":{\"@id\":\"https:\/\/greentec.eu\/da\/#website\"},\"datePublished\":\"2022-07-08T10:34:41+00:00\",\"dateModified\":\"2024-02-27T13:03:20+00:00\",\"description\":\"GreenTec produkterne har en bred vifte af anvendelser. Nogle af vores m\u00e5lgrupper er kommuner, landm\u00e6nd, anl\u00e6gsgartnere, skovarbejdere og plantageejere.\",\"inLanguage\":\"da-DK\",\"potentialAction\":[{\"@type\":\"ReadAction\",\"target\":[\"https:\/\/greentec.eu\/da\/markeder\/\"]}]},{\"@type\":\"WebSite\",\"@id\":\"https:\/\/greentec.eu\/da\/#website\",\"url\":\"https:\/\/greentec.eu\/da\/\",\"name\":\"GreenTec\",\"description\":\"Maskiner til Hegnsklipning og Rabatklipning\",\"potentialAction\":[{\"@type\":\"SearchAction\",\"target\":{\"@type\":\"EntryPoint\",\"urlTemplate\":\"https:\/\/greentec.eu\/da\/?s={search_term_string}\"},\"query-input\":{\"@type\":\"PropertyValueSpecification\",\"valueRequired\":true,\"valueName\":\"search_term_string\"}}],\"inLanguage\":\"da-DK\"}]}<\/script>\n<!-- \/ Yoast SEO plugin. -->","yoast_head_json":{"title":"Markeder - GreenTec","description":"GreenTec produkterne har en bred vifte af anvendelser. Nogle af vores m\u00e5lgrupper er kommuner, landm\u00e6nd, anl\u00e6gsgartnere, skovarbejdere og plantageejere.","robots":{"index":"index","follow":"follow","max-snippet":"max-snippet:-1","max-image-preview":"max-image-preview:large","max-video-preview":"max-video-preview:-1"},"canonical":"https:\/\/greentec.eu\/da\/markeder\/","og_locale":"da_DK","og_type":"article","og_title":"Markeder - GreenTec","og_description":"GreenTec produkterne har en bred vifte af anvendelser. Nogle af vores m\u00e5lgrupper er kommuner, landm\u00e6nd, anl\u00e6gsgartnere, skovarbejdere og plantageejere.","og_url":"https:\/\/greentec.eu\/da\/markeder\/","og_site_name":"GreenTec","article_modified_time":"2024-02-27T13:03:20+00:00","twitter_card":"summary_large_image","twitter_misc":{"Estimeret l\u00e6setid":"1 minut"},"schema":{"@context":"https:\/\/schema.org","@graph":[{"@type":"WebPage","@id":"https:\/\/greentec.eu\/da\/markeder\/","url":"https:\/\/greentec.eu\/da\/markeder\/","name":"Markeder - GreenTec","isPartOf":{"@id":"https:\/\/greentec.eu\/da\/#website"},"datePublished":"2022-07-08T10:34:41+00:00","dateModified":"2024-02-27T13:03:20+00:00","description":"GreenTec produkterne har en bred vifte af anvendelser. Nogle af vores m\u00e5lgrupper er kommuner, landm\u00e6nd, anl\u00e6gsgartnere, skovarbejdere og plantageejere.","inLanguage":"da-DK","potentialAction":[{"@type":"ReadAction","target":["https:\/\/greentec.eu\/da\/markeder\/"]}]},{"@type":"WebSite","@id":"https:\/\/greentec.eu\/da\/#website","url":"https:\/\/greentec.eu\/da\/","name":"GreenTec","description":"Maskiner til Hegnsklipning og Rabatklipning","potentialAction":[{"@type":"SearchAction","target":{"@type":"EntryPoint","urlTemplate":"https:\/\/greentec.eu\/da\/?s={search_term_string}"},"query-input":{"@type":"PropertyValueSpecification","valueRequired":true,"valueName":"search_term_string"}}],"inLanguage":"da-DK"}]}},"_links":{"self":[{"href":"https:\/\/greentec.eu\/da\/wp-json\/wp\/v2\/pages\/1720","targetHints":{"allow":["GET"]}}],"collection":[{"href":"https:\/\/greentec.eu\/da\/wp-json\/wp\/v2\/pages"}],"about":[{"href":"https:\/\/greentec.eu\/da\/wp-json\/wp\/v2\/types\/page"}],"author":[{"embeddable":true,"href":"https:\/\/greentec.eu\/da\/wp-json\/wp\/v2\/users\/1"}],"replies":[{"embeddable":true,"href":"https:\/\/greentec.eu\/da\/wp-json\/wp\/v2\/comments?post=1720"}],"version-history":[{"count":11,"href":"https:\/\/greentec.eu\/da\/wp-json\/wp\/v2\/pages\/1720\/revisions"}],"predecessor-version":[{"id":29607,"href":"https:\/\/greentec.eu\/da\/wp-json\/wp\/v2\/pages\/1720\/revisions\/29607"}],"wp:attachment":[{"href":"https:\/\/greentec.eu\/da\/wp-json\/wp\/v2\/media?parent=1720"}],"curies":[{"name":"wp","href":"https:\/\/api.w.org\/{rel}","templated":true}]}}