{"id":11101,"date":"2022-07-22T09:27:29","date_gmt":"2022-07-22T09:27:29","guid":{"rendered":"https:\/\/greentec.eu.bluebird.pw\/references\/"},"modified":"2022-11-23T09:55:39","modified_gmt":"2022-11-23T09:55:39","slug":"referenzen","status":"publish","type":"page","link":"https:\/\/greentec.eu\/de\/referenzen\/","title":{"rendered":"Referenzen"},"content":{"rendered":"<div id=\"pl-11101\"  class=\"panel-layout\" ><div id=\"pg-11101-0\"  class=\"panel-grid panel-no-style\" ><div id=\"pgc-11101-0-0\"  class=\"panel-grid-cell\" ><div id=\"panel-11101-0-0-0\" class=\"so-panel widget widget_mtt-archive panel-first-child panel-last-child\" data-index=\"0\" ><div\n\t\t\t\n\t\t\tclass=\"so-widget-mtt-archive so-widget-mtt-archive-base\"\n\t\t\t\n\t\t>    <section class=\"mtt-text-cover\">\n        <div class=\"pattern-container\">\n            <img decoding=\"async\" class=\"pattern-container__pattern pattern-container__pattern--left\" src=\"https:\/\/greentec.eu\/wp-content\/themes\/greentec-wordpress-theme\/public\/img\/svg\/pattern-text-cover.svg\" alt=\"GreenTec pattern\">\n        <\/div>\n        <div class=\"mtt-text-cover__inner page_container\">\n            <div class=\"mtt-text-cover__text\">\n                <div class=\"mtt-text-cover__text--tagline tagline--prim\">Lassen Sie sich von unseren Kunden inspirieren<\/div>                <h1 class=\"mtt-text-cover__text--title\">Referenzen<\/h1>\n                <div class=\"mtt-text-cover__text--text\">Sehen Sie sich die Geschichten unserer Kunden an und lassen Sie sich f\u00fcr Ihr Gesch\u00e4ft inspirieren!<\/div>            <\/div>\n    <\/section>\n    <section class=\"mtt-post-archive  spacing_top_56 spacing_bottom_104 spacing-classes-added\" data-archive data-post-type=\"references\" data-archive-per-page=\"15\">\n    <div class=\"page_container\">\n        <div class=\"mtt-post-archive__title\">\n                        <div class=\"mtt-post-archive-categories\" data-parent-tax-slug=\"references_categories\">\n                <ul class=\"mtt-post-archive-categories__list\">\n                    <li class='mtt-archive-category'><button data-archive-button data-tax-slug='references_categories' data-term-id='340,342,341' class='active'>Alle<\/button><\/li><li class='mtt-archive-category'><button data-archive-button data-tax-slug='references_categories' data-term-id='340' class=''>Auslegemulchern<\/button><\/li><li class='mtt-archive-category'><button data-archive-button data-tax-slug='references_categories' data-term-id='342' class=''>Multitr\u00e4gern<\/button><\/li><li class='mtt-archive-category'><button data-archive-button data-tax-slug='references_categories' data-term-id='341' class=''>Anbauger\u00e4te<\/button><\/li>                <\/ul>\n            <\/div>\n        <\/div>\n        <div class=\"mtt-post-archive__layout\">\n            <div class=\"mtt-post-archive__content\">\n                <div class=\"mtt-post-archive__grid\" data-archive-target>\n                    \n<div class=\"post-card\">\n    <a href=\"https:\/\/greentec.eu\/de\/referenzen\/schoene-schnitte-und-saubere-mulchergebnisse\/\" class=\"post-card__link\"><\/a>\n    <div class=\"post-card__image-container\">\n        <div class=\"post-card__image object-fit\">\n            <img decoding=\"async\" src=\"https:\/\/greentec.eu\/wp-content\/uploads\/2024\/03\/Gerhard-Kreiml-Featured-image-550x413.webp\" alt=\"Asts\u00e4ge montiert auf Frontlader Traktor\">\n        <\/div>\n    <\/div>\n    <div class=\"post-card__text-container\">\n        <h3 class=\"post-card__title\">\n            Sch\u00f6ne Schnitte und saubere Mulchergebnisse        <\/h3>\n                    <p class=\"post-card__person\">Gerhard Kreiml - Lambach, \u00d6sterreich<\/p>\n                            <div class=\"post-card__excerpt\">\n                Wir k\u00f6nnen unsere Wiesen viel effizienter und ertragreicher nutzen, weil wir die Beschattung an den Waldr\u00e4ndern immer rechtzeitig zur\u00fcckschneiden.            <\/div>\n            <\/div>\n<\/div>\n<div class=\"post-card\">\n    <a href=\"https:\/\/greentec.eu\/de\/referenzen\/schneiden-von-windschutzhecken\/\" class=\"post-card__link\"><\/a>\n    <div class=\"post-card__image-container\">\n        <div class=\"post-card__image object-fit\">\n            <img decoding=\"async\" src=\"https:\/\/greentec.eu\/wp-content\/uploads\/2024\/02\/Johann-Appoyer-Featured-image-550x413.webp\" alt=\"Hydraulische Asts\u00e4ge f\u00fcr Windschutzstreifen\">\n        <\/div>\n    <\/div>\n    <div class=\"post-card__text-container\">\n        <h3 class=\"post-card__title\">\n            Schneiden von Windschutzhecken        <\/h3>\n                    <p class=\"post-card__person\">Johann Appoyer - Grabern, \u00d6sterreich<\/p>\n                            <div class=\"post-card__excerpt\">\n                Die GreenTec Asts\u00e4ge LRS 1602 entspricht genau meinen Anforderungen. Sie ist vielseitig einsetzbar und extrem robust gebaut. Auch die Sicherheitseinrichtungen sind hervorragend. Ich bin vollauf zufrieden. Meine Bodenschutzanlagen sind wieder sch\u00f6n und schmal.            <\/div>\n            <\/div>\n<\/div>\n<div class=\"post-card\">\n    <a href=\"https:\/\/greentec.eu\/de\/referenzen\/sicher-und-effizient-baeume-schneiden\/\" class=\"post-card__link\"><\/a>\n    <div class=\"post-card__image-container\">\n        <div class=\"post-card__image object-fit\">\n            <img decoding=\"async\" src=\"https:\/\/greentec.eu\/wp-content\/uploads\/2024\/02\/Christoph-Muss-Featured-image-550x413.webp\" alt=\"Hydraulische Asts\u00e4ge montiert auf Radbagger\">\n        <\/div>\n    <\/div>\n    <div class=\"post-card__text-container\">\n        <h3 class=\"post-card__title\">\n            Sicher und effizient B\u00e4ume schneiden        <\/h3>\n                    <p class=\"post-card__person\">Christoph Muss - Salzkammergut, \u00d6sterreich<\/p>\n                            <div class=\"post-card__excerpt\">\n                Die S\u00e4ge schneidet mit einem sehr glatten Schnitt und einer hohen Leistung, damit kann ich auch dicke \u00c4ste schnell und schonend s\u00e4gen.            <\/div>\n            <\/div>\n<\/div>\n<div class=\"post-card\">\n    <a href=\"https:\/\/greentec.eu\/de\/referenzen\/boeschungsmulcher-im-einsatz-in-drei-gemeinden\/\" class=\"post-card__link\"><\/a>\n    <div class=\"post-card__image-container\">\n        <div class=\"post-card__image object-fit\">\n            <img decoding=\"async\" src=\"https:\/\/greentec.eu\/wp-content\/uploads\/2024\/02\/Manfred-Pichler-Featured-image-550x413.webp\" alt=\"Gras m\u00e4hen in Stra\u00dfenr\u00e4ndern mit GreenTec Maschinen\">\n        <\/div>\n    <\/div>\n    <div class=\"post-card__text-container\">\n        <h3 class=\"post-card__title\">\n            B\u00f6schungsmulcher im Einsatz in drei Gemeinden        <\/h3>\n                    <p class=\"post-card__person\">Manfred Pichler und Wolfgang Birngruber - Kirchschlag, \u00d6sterreich<\/p>\n                            <div class=\"post-card__excerpt\">\n                Die Anfahrsicherung ist spitze, genauso das Rotordrehgelenk, weil man so auch r\u00fcckw\u00e4rts fahren kann. Und auch die exzellente \u00dcbersicht im Arbeitsmodus taugt uns. Da man den Auslegearm auch noch vorne-seitlich neben die Kabinent\u00fcr schwenken kann, sieht man \u201a\u00fcberall optimal dazu. Die Scorpion kann ich sofort weiterempfehlen.            <\/div>\n            <\/div>\n<\/div>\n<div class=\"post-card\">\n    <a href=\"https:\/\/greentec.eu\/de\/referenzen\/astsaege-fuer-obstgarten\/\" class=\"post-card__link\"><\/a>\n    <div class=\"post-card__image-container\">\n        <div class=\"post-card__image object-fit\">\n            <img decoding=\"async\" src=\"https:\/\/greentec.eu\/wp-content\/uploads\/2023\/12\/Alf-Pappalardo-Featured-image-550x413.webp\" alt=\"Alf Pappalardo mit seinen GreenTec-Maschinen\">\n        <\/div>\n    <\/div>\n    <div class=\"post-card__text-container\">\n        <h3 class=\"post-card__title\">\n            Asts\u00e4ge f\u00fcr Obstgarten        <\/h3>\n                    <p class=\"post-card__person\">Alf Pappalardo - Giru, Australien<\/p>\n                            <div class=\"post-card__excerpt\">\n                Sie hat alle unsere Erwartungen absolut \u00fcbertroffen und diese S\u00e4ge macht sich bereits in nur einer Saison bezahlt. Es ist wirklich eine tolle S\u00e4ge.            <\/div>\n            <\/div>\n<\/div>\n<div class=\"post-card\">\n    <a href=\"https:\/\/greentec.eu\/de\/referenzen\/pflege-von-waldwege-waldrande\/\" class=\"post-card__link\"><\/a>\n    <div class=\"post-card__image-container\">\n        <div class=\"post-card__image object-fit\">\n            <img decoding=\"async\" src=\"https:\/\/greentec.eu\/wp-content\/uploads\/2023\/05\/Leopold-Danzler-Featured-image-550x413.webp\" alt=\"Baumschnitt im Forst\">\n        <\/div>\n    <\/div>\n    <div class=\"post-card__text-container\">\n        <h3 class=\"post-card__title\">\n            Pflege von Waldwege und Waldrande        <\/h3>\n                    <p class=\"post-card__person\">Leopold Danzler - Hollenthon, \u00d6sterreich<\/p>\n                            <div class=\"post-card__excerpt\">\n                Die GreenTec Asts\u00e4ge funktioniert einwandfrei. Sie ist total einfach zu bedienen, verf\u00fcgt \u00fcber ein erstaunlich geringes Eigengewicht und macht einen sauberen Schnitt.            <\/div>\n            <\/div>\n<\/div>\n<div class=\"post-card\">\n    <a href=\"https:\/\/greentec.eu\/de\/referenzen\/der-daenische-lohnunternehmer-pflegt-gruenflaechen-mit-greentec-maschinen\/\" class=\"post-card__link\"><\/a>\n    <div class=\"post-card__image-container\">\n        <div class=\"post-card__image object-fit\">\n            <img decoding=\"async\" src=\"https:\/\/greentec.eu\/wp-content\/uploads\/2022\/11\/Joachim-Vuijik-Featured-image-1-550x413.webp\" alt=\"Joachim and Anders from Roskilde Ejendomsservice A\/S with their new GreenTec machines\">\n        <\/div>\n    <\/div>\n    <div class=\"post-card__text-container\">\n        <h3 class=\"post-card__title\">\n            Der d\u00e4nische Lohnunternehmer pflegt Gr\u00fcnfl\u00e4chen mit GreenTec-Maschinen        <\/h3>\n                    <p class=\"post-card__person\">Joachim Vuijk - Roskilde, D\u00e4nemark<\/p>\n                            <div class=\"post-card__excerpt\">\n                Wir wissen, dass wir uns bei der Ausf\u00fchrung unserer Arbeit auf sie verlassen k\u00f6nnen.            <\/div>\n            <\/div>\n<\/div>\n<div class=\"post-card\">\n    <a href=\"https:\/\/greentec.eu\/de\/referenzen\/landschaftspflege-mit-hoher-flexibilitaet\/\" class=\"post-card__link\"><\/a>\n    <div class=\"post-card__image-container\">\n        <div class=\"post-card__image object-fit\">\n            <img decoding=\"async\" src=\"https:\/\/greentec.eu\/wp-content\/uploads\/2022\/11\/Franz-Steindl-Featured-image-550x413.webp\" alt=\"Franz Steindl &#8211; Featured image\">\n        <\/div>\n    <\/div>\n    <div class=\"post-card__text-container\">\n        <h3 class=\"post-card__title\">\n            Landschaftspflege mit hoher Flexibilit\u00e4t        <\/h3>\n                    <p class=\"post-card__person\">Franz Steindl - Gro\u00df Sierning, \u00d6sterreich<\/p>\n                            <div class=\"post-card__excerpt\">\n                Die Schnitt- und die Arbeitsqualit\u00e4t ist hervorragend.            <\/div>\n            <\/div>\n<\/div>\n<div class=\"post-card\">\n    <a href=\"https:\/\/greentec.eu\/de\/referenzen\/wald-forstarbeiten-mit-greentec-maschinen\/\" class=\"post-card__link\"><\/a>\n    <div class=\"post-card__image-container\">\n        <div class=\"post-card__image object-fit\">\n            <img decoding=\"async\" src=\"https:\/\/greentec.eu\/wp-content\/uploads\/2023\/05\/Mario-Hemetsberger-Cover-image-Featured-image-1-550x413.webp\" alt=\"Hydraulische Asts\u00e4ge im Wald\">\n        <\/div>\n    <\/div>\n    <div class=\"post-card__text-container\">\n        <h3 class=\"post-card__title\">\n            Wald- und Forstarbeiten mit GreenTec Maschinen        <\/h3>\n                    <p class=\"post-card__person\">Mario Hemetsberger - Unterach am Attersee, \u00d6sterreich<\/p>\n                            <div class=\"post-card__excerpt\">\n                Dass man durch den Rotator den Mulchkopf sowohl vorw\u00e4rts als auch r\u00fcckw\u00e4rts fahren kann, ist einfach perfekt. Ebenso, dass man eine Anfahrsicherung in beide Richtungen hat, ist Klasse. Durch die R\u00fcckfahreinrichtung meines Valtra kann ich \u00fcberdies w\u00e4hlen \u2013 je nach T\u00e4tigkeit nat\u00fcrlich \u2013 ob ich normal oder r\u00fcckw\u00e4rts fahre. Das ist schon immens praktisch!            <\/div>\n            <\/div>\n<\/div>\n<div class=\"post-card\">\n    <a href=\"https:\/\/greentec.eu\/de\/referenzen\/pflegen-sie-felder-durch-regelmaessiges-schneiden-von-zweigen\/\" class=\"post-card__link\"><\/a>\n    <div class=\"post-card__image-container\">\n        <div class=\"post-card__image object-fit\">\n            <img decoding=\"async\" src=\"https:\/\/greentec.eu\/wp-content\/uploads\/2022\/11\/Niels-Martin-Aggesen-Featured-image-550x413.webp\" alt=\"Niels Martin Aggesen &#8211; Featured image\">\n        <\/div>\n    <\/div>\n    <div class=\"post-card__text-container\">\n        <h3 class=\"post-card__title\">\n            Pflegen Sie Felder durch regelm\u00e4\u00dfiges Schneiden von Zweigen        <\/h3>\n                    <p class=\"post-card__person\">Niels Martin Aggesen - Maugstrup, D\u00e4nemark<\/p>\n                            <div class=\"post-card__excerpt\">\n                Fr\u00fcher hatten wir einen Mann im Korb des Teleskopladers, der manuell \u00c4ste schnitt. Eine andere Person steuerte den Teleskoplader. Jetzt kann die Arbeit von einer Person erledigt werden, welche die S\u00e4ge und das Fahrzeug von der Kabine aus steuert.            <\/div>\n            <\/div>\n<\/div>\n<div class=\"post-card\">\n    <a href=\"https:\/\/greentec.eu\/de\/referenzen\/steilhangmaehen-mit-greentec-maschinen\/\" class=\"post-card__link\"><\/a>\n    <div class=\"post-card__image-container\">\n        <div class=\"post-card__image object-fit\">\n            <img decoding=\"async\" src=\"https:\/\/greentec.eu\/wp-content\/uploads\/2022\/11\/Lautergrund-Rehabilitation-Clinic-Featured-image-550x413.webp\" alt=\"Lautergrund Rehabilitation Clinic &#8211; Featured image\">\n        <\/div>\n    <\/div>\n    <div class=\"post-card__text-container\">\n        <h3 class=\"post-card__title\">\n            Steilhangm\u00e4hen mit GreenTec-Maschinen        <\/h3>\n                    <p class=\"post-card__person\">Rehaklinik Lautergrund - Bad Staffelstein, Deutschland<\/p>\n                            <div class=\"post-card__excerpt\">\n                Die Maschinen haben eine enorme Flexibilit\u00e4t und einen niedrigen Ger\u00e4uschpegel. Unsere Erwartungen wurden \u00fcbertroffen.            <\/div>\n            <\/div>\n<\/div>\n<div class=\"post-card\">\n    <a href=\"https:\/\/greentec.eu\/de\/referenzen\/lichtraumprofile-zu-schneiden\/\" class=\"post-card__link\"><\/a>\n    <div class=\"post-card__image-container\">\n        <div class=\"post-card__image object-fit\">\n            <img decoding=\"async\" src=\"https:\/\/greentec.eu\/wp-content\/uploads\/2022\/11\/Kai-Ruppel-Featured-image-550x413.webp\" alt=\"Kai Ruppel &#8211; Featured image\">\n        <\/div>\n    <\/div>\n    <div class=\"post-card__text-container\">\n        <h3 class=\"post-card__title\">\n            Lichtraumprofile zu schneiden und um in den umliegenden Gemeinden die Pflegearbeiten durchzuf\u00fchren        <\/h3>\n                    <p class=\"post-card__person\">Kai Ruppel - B\u00fcdingen, Deutschland<\/p>\n                            <div class=\"post-card__excerpt\">\n                Es muss z\u00fcgig und ordentlich erledigt werden, was mit dieser S\u00e4ge sehr gut funktioniert.            <\/div>\n            <\/div>\n<\/div>\n<div class=\"post-card\">\n    <a href=\"https:\/\/greentec.eu\/de\/referenzen\/professionelles-randstreifenmaehen-und-heckenschneiden\/\" class=\"post-card__link\"><\/a>\n    <div class=\"post-card__image-container\">\n        <div class=\"post-card__image object-fit\">\n            <img decoding=\"async\" src=\"https:\/\/greentec.eu\/wp-content\/uploads\/2022\/11\/Johann-Lindner-Featured-image-550x413.webp\" alt=\"Johann Lindner &#8211; Featured image\">\n        <\/div>\n    <\/div>\n    <div class=\"post-card__text-container\">\n        <h3 class=\"post-card__title\">\n            Professionelles Randstreifenm\u00e4hen und Heckenschneiden        <\/h3>\n                    <p class=\"post-card__person\">Johann Lindner - Yspertal, \u00d6sterreich<\/p>\n                            <div class=\"post-card__excerpt\">\n                Alles funktioniert sehr gut. Und auch Beratungs- und Verkaufsprozess waren sehr angenehm.            <\/div>\n            <\/div>\n<\/div>\n<div class=\"post-card\">\n    <a href=\"https:\/\/greentec.eu\/de\/referenzen\/forstpflege-mit-hydraulische-astsaege\/\" class=\"post-card__link\"><\/a>\n    <div class=\"post-card__image-container\">\n        <div class=\"post-card__image object-fit\">\n            <img decoding=\"async\" src=\"https:\/\/greentec.eu\/wp-content\/uploads\/2022\/11\/Friedl-Krimbacher-Featured-image-550x413.webp\" alt=\"Friedl Krimbacher &#8211; Featured image\">\n        <\/div>\n    <\/div>\n    <div class=\"post-card__text-container\">\n        <h3 class=\"post-card__title\">\n            Forstpflege mit hydraulische Asts\u00e4ge        <\/h3>\n                    <p class=\"post-card__person\">Friedl Krimbacher - Schwendt, \u00d6sterreich<\/p>\n                            <div class=\"post-card__excerpt\">\n                Die GreenTec Asts\u00e4ge ist sensationell, ihre Power ein Wahnsinn. Das alles haut durch und durch super hin.            <\/div>\n            <\/div>\n<\/div>\n<div class=\"post-card\">\n    <a href=\"https:\/\/greentec.eu\/de\/referenzen\/gruenlandpflege-mit-greentec-maschinen\/\" class=\"post-card__link\"><\/a>\n    <div class=\"post-card__image-container\">\n        <div class=\"post-card__image object-fit\">\n            <img decoding=\"async\" src=\"https:\/\/greentec.eu\/wp-content\/uploads\/2022\/11\/Philipp-Unger-Featured-image-550x413.webp\" alt=\"Philipp Unger &#8211; Featured image\">\n        <\/div>\n    <\/div>\n    <div class=\"post-card__text-container\">\n        <h3 class=\"post-card__title\">\n            Gr\u00fcnlandpflege mit GreenTec Maschinen        <\/h3>\n                    <p class=\"post-card__person\">Philipp Unger - Loipersdorf-Kitzladen, \u00d6sterreich<\/p>\n                            <div class=\"post-card__excerpt\">\n                Man hat den Mulchkopf immer im Blickwinkel, weil er rechts neben der Kabine l\u00e4uf. R\u00fcckw\u00e4rts kann man damit auch fahren, aufgrund von dem Rotordrehgelenk, und eine Anfahrsicherung hat man trotzdem. Au\u00dferdem ist er extrem leise und einfach zu bedienen.            <\/div>\n            <\/div>\n<\/div>                <\/div>\n                <div class=\"mtt-post-archive__pagination\" data-archive-pagination>\n                    <div class='mtt-pagination'><button class='mtt-pagination__toggle' data-page='0' aria-label='Forrige' disabled><svg xmlns=\"http:\/\/www.w3.org\/2000\/svg\" viewBox=\"0 0 6 10\" fill=\"currentColor\"><path d=\"M6 9a1 1 0 0 1-.293.707 1 1 0 0 1-1.414 0l-4-4a1 1 0 0 1 0-1.414 1 1 0 0 1 1.414 0l4 4A1 1 0 0 1 6 9Z\"\/><path d=\"M6 1a1 1 0 0 1-.293.707l-4 4a1 1 0 0 1-1.414 0 1 1 0 0 1 0-1.414l4-4A1 1 0 0 1 6 1Z\"\/><\/svg><\/button><span class='mtt-pagination__toggle mtt-pagination__toggle--active' data-page='1'>1<\/span><button class='mtt-pagination__toggle' data-page='2'>2<\/button><button class='mtt-pagination__toggle' data-page='2' aria-label='N\u00e6ste'><svg xmlns=\"http:\/\/www.w3.org\/2000\/svg\" viewBox=\"0 0 6 10\" fill=\"currentColor\"><path d=\"M6 5a1 1 0 0 1-.293.707l-4 4a1 1 0 0 1-1.414 0 1 1 0 0 1 0-1.414l4-4A1 1 0 0 1 6 5Z\"\/><path d=\"M6 5a1 1 0 0 1-.293.707 1 1 0 0 1-1.414 0l-4-4a1 1 0 0 1 0-1.414 1 1 0 0 1 1.414 0l4 4A1 1 0 0 1 6 5Z\"\/><\/svg><\/button><\/div>                <\/div>\n            <\/div>\n        <\/div>\n    <\/div>\n<\/section>\n<\/div><\/div><\/div><\/div><\/div>","protected":false},"excerpt":{"rendered":"<p>Lassen Sie sich von unseren Kunden inspirieren Referenzen Sehen Sie sich die Geschichten unserer Kunden an und lassen Sie sich f\u00fcr Ihr Gesch\u00e4ft inspirieren! AlleAuslegemulchernMultitr\u00e4gernAnbauger\u00e4te Sch\u00f6ne Schnitte und saubere Mulchergebnisse Gerhard Kreiml &#8211; Lambach, \u00d6sterreich Wir k\u00f6nnen unsere Wiesen viel effizienter und ertragreicher nutzen, weil wir die Beschattung an den Waldr\u00e4ndern immer rechtzeitig zur\u00fcckschneiden. Schneiden [&hellip;]<\/p>\n","protected":false},"author":1,"featured_media":0,"parent":0,"menu_order":0,"comment_status":"closed","ping_status":"closed","template":"","meta":{"_acf_changed":false,"_relevanssi_hide_post":"","_relevanssi_hide_content":"","_relevanssi_pin_for_all":"","_relevanssi_pin_keywords":"","_relevanssi_unpin_keywords":"","_relevanssi_related_keywords":"","_relevanssi_related_include_ids":"","_relevanssi_related_exclude_ids":"","_relevanssi_related_no_append":"","_relevanssi_related_not_related":"","_relevanssi_related_posts":"","_relevanssi_noindex_reason":"","inline_featured_image":false,"footnotes":""},"class_list":["post-11101","page","type-page","status-publish","hentry"],"acf":[],"yoast_head":"<!-- This site is optimized with the Yoast SEO plugin v27.0 - https:\/\/yoast.com\/product\/yoast-seo-wordpress\/ -->\n<title>Referenzen - GreenTec<\/title>\n<meta name=\"robots\" content=\"index, follow, max-snippet:-1, max-image-preview:large, max-video-preview:-1\" \/>\n<link rel=\"canonical\" href=\"https:\/\/greentec.eu\/de\/referenzen\/\" \/>\n<meta property=\"og:locale\" content=\"de_DE\" \/>\n<meta property=\"og:type\" content=\"article\" \/>\n<meta property=\"og:title\" content=\"Referenzen - GreenTec\" \/>\n<meta property=\"og:description\" content=\"Lassen Sie sich von unseren Kunden inspirieren Referenzen Sehen Sie sich die Geschichten unserer Kunden an und lassen Sie sich f\u00fcr Ihr Gesch\u00e4ft inspirieren! AlleAuslegemulchernMultitr\u00e4gernAnbauger\u00e4te Sch\u00f6ne Schnitte und saubere Mulchergebnisse Gerhard Kreiml - Lambach, \u00d6sterreich Wir k\u00f6nnen unsere Wiesen viel effizienter und ertragreicher nutzen, weil wir die Beschattung an den Waldr\u00e4ndern immer rechtzeitig zur\u00fcckschneiden. Schneiden [&hellip;]\" \/>\n<meta property=\"og:url\" content=\"https:\/\/greentec.eu\/de\/referenzen\/\" \/>\n<meta property=\"og:site_name\" content=\"GreenTec\" \/>\n<meta property=\"article:modified_time\" content=\"2022-11-23T09:55:39+00:00\" \/>\n<meta name=\"twitter:card\" content=\"summary_large_image\" \/>\n<meta name=\"twitter:label1\" content=\"Est. reading time\" \/>\n\t<meta name=\"twitter:data1\" content=\"1 minute\" \/>\n<script type=\"application\/ld+json\" class=\"yoast-schema-graph\">{\"@context\":\"https:\/\/schema.org\",\"@graph\":[{\"@type\":\"WebPage\",\"@id\":\"https:\/\/greentec.eu\/de\/referenzen\/\",\"url\":\"https:\/\/greentec.eu\/de\/referenzen\/\",\"name\":\"Referenzen - GreenTec\",\"isPartOf\":{\"@id\":\"https:\/\/greentec.eu\/de\/#website\"},\"datePublished\":\"2022-07-22T09:27:29+00:00\",\"dateModified\":\"2022-11-23T09:55:39+00:00\",\"inLanguage\":\"de-DE\",\"potentialAction\":[{\"@type\":\"ReadAction\",\"target\":[\"https:\/\/greentec.eu\/de\/referenzen\/\"]}]},{\"@type\":\"WebSite\",\"@id\":\"https:\/\/greentec.eu\/de\/#website\",\"url\":\"https:\/\/greentec.eu\/de\/\",\"name\":\"GreenTec\",\"description\":\"Maskiner til Hegnsklipning og Rabatklipning\",\"potentialAction\":[{\"@type\":\"SearchAction\",\"target\":{\"@type\":\"EntryPoint\",\"urlTemplate\":\"https:\/\/greentec.eu\/de\/?s={search_term_string}\"},\"query-input\":{\"@type\":\"PropertyValueSpecification\",\"valueRequired\":true,\"valueName\":\"search_term_string\"}}],\"inLanguage\":\"de-DE\"}]}<\/script>\n<!-- \/ Yoast SEO plugin. -->","yoast_head_json":{"title":"Referenzen - GreenTec","robots":{"index":"index","follow":"follow","max-snippet":"max-snippet:-1","max-image-preview":"max-image-preview:large","max-video-preview":"max-video-preview:-1"},"canonical":"https:\/\/greentec.eu\/de\/referenzen\/","og_locale":"de_DE","og_type":"article","og_title":"Referenzen - GreenTec","og_description":"Lassen Sie sich von unseren Kunden inspirieren Referenzen Sehen Sie sich die Geschichten unserer Kunden an und lassen Sie sich f\u00fcr Ihr Gesch\u00e4ft inspirieren! AlleAuslegemulchernMultitr\u00e4gernAnbauger\u00e4te Sch\u00f6ne Schnitte und saubere Mulchergebnisse Gerhard Kreiml - Lambach, \u00d6sterreich Wir k\u00f6nnen unsere Wiesen viel effizienter und ertragreicher nutzen, weil wir die Beschattung an den Waldr\u00e4ndern immer rechtzeitig zur\u00fcckschneiden. Schneiden [&hellip;]","og_url":"https:\/\/greentec.eu\/de\/referenzen\/","og_site_name":"GreenTec","article_modified_time":"2022-11-23T09:55:39+00:00","twitter_card":"summary_large_image","twitter_misc":{"Est. reading time":"1 minute"},"schema":{"@context":"https:\/\/schema.org","@graph":[{"@type":"WebPage","@id":"https:\/\/greentec.eu\/de\/referenzen\/","url":"https:\/\/greentec.eu\/de\/referenzen\/","name":"Referenzen - GreenTec","isPartOf":{"@id":"https:\/\/greentec.eu\/de\/#website"},"datePublished":"2022-07-22T09:27:29+00:00","dateModified":"2022-11-23T09:55:39+00:00","inLanguage":"de-DE","potentialAction":[{"@type":"ReadAction","target":["https:\/\/greentec.eu\/de\/referenzen\/"]}]},{"@type":"WebSite","@id":"https:\/\/greentec.eu\/de\/#website","url":"https:\/\/greentec.eu\/de\/","name":"GreenTec","description":"Maskiner til Hegnsklipning og Rabatklipning","potentialAction":[{"@type":"SearchAction","target":{"@type":"EntryPoint","urlTemplate":"https:\/\/greentec.eu\/de\/?s={search_term_string}"},"query-input":{"@type":"PropertyValueSpecification","valueRequired":true,"valueName":"search_term_string"}}],"inLanguage":"de-DE"}]}},"_links":{"self":[{"href":"https:\/\/greentec.eu\/de\/wp-json\/wp\/v2\/pages\/11101","targetHints":{"allow":["GET"]}}],"collection":[{"href":"https:\/\/greentec.eu\/de\/wp-json\/wp\/v2\/pages"}],"about":[{"href":"https:\/\/greentec.eu\/de\/wp-json\/wp\/v2\/types\/page"}],"author":[{"embeddable":true,"href":"https:\/\/greentec.eu\/de\/wp-json\/wp\/v2\/users\/1"}],"replies":[{"embeddable":true,"href":"https:\/\/greentec.eu\/de\/wp-json\/wp\/v2\/comments?post=11101"}],"version-history":[{"count":10,"href":"https:\/\/greentec.eu\/de\/wp-json\/wp\/v2\/pages\/11101\/revisions"}],"predecessor-version":[{"id":11662,"href":"https:\/\/greentec.eu\/de\/wp-json\/wp\/v2\/pages\/11101\/revisions\/11662"}],"wp:attachment":[{"href":"https:\/\/greentec.eu\/de\/wp-json\/wp\/v2\/media?parent=11101"}],"curies":[{"name":"wp","href":"https:\/\/api.w.org\/{rel}","templated":true}]}}