{"id":12263,"date":"2022-11-25T10:23:39","date_gmt":"2022-11-25T10:23:39","guid":{"rendered":"https:\/\/greentec.eu.bluebird.pw\/terms-and-conditions-of-sale-and-delivery\/"},"modified":"2022-11-25T10:37:29","modified_gmt":"2022-11-25T10:37:29","slug":"verkaufs-und-lieferbedingungen","status":"publish","type":"page","link":"https:\/\/greentec.eu\/de\/ueber-uns\/verkaufs-und-lieferbedingungen\/","title":{"rendered":"Verkaufs- und Lieferbedingungen"},"content":{"rendered":"<div id=\"pl-12263\"  class=\"panel-layout\" ><div id=\"pg-12263-0\"  class=\"panel-grid panel-no-style\" ><div id=\"pgc-12263-0-0\"  class=\"panel-grid-cell\" ><div id=\"panel-12263-0-0-0\" class=\"so-panel widget widget_mtt-cover panel-first-child panel-last-child\" data-index=\"0\" ><div\n\t\t\t\n\t\t\tclass=\"so-widget-mtt-cover so-widget-mtt-cover-base\"\n\t\t\t\n\t\t>\n<section class=\"mtt-cover\">\n\n            <img decoding=\"async\" class=\"mtt-cover__graphic graphic graphic--cover-corner\" src=\"https:\/\/greentec.eu\/wp-content\/themes\/greentec-wordpress-theme\/public\/img\/graphic\/cover-bottom-right-shape-white.svg\" alt=\"\"\/>\n    \n    <div class=\"mtt-cover__inner\">\n        <div class=\"mtt-cover__page-container page_container\">\n            <div class=\"mtt-cover__text-container\">\n                                                                            <\/div>\n\n                    <\/div>\n\n        <div class=\"mtt-cover__images\">\n                            <div class=\"mtt-image object-fit\">\n                    <picture>\n                                                    <source srcset=\"https:\/\/greentec.eu\/wp-content\/uploads\/2022\/11\/About-us-Terms-and-conditions-of-sale-and-delivery-Mobile.webp\" media=\"(max-width: 550px)\">\n                                                                        <img decoding=\"async\" src=\"https:\/\/greentec.eu\/wp-content\/uploads\/2022\/11\/About-us-Terms-and-conditions-of-sale-and-delivery-Desktop.webp\" alt=\"Terms and conditions of sale and delivery\">\n                    <\/picture>\n                <\/div>\n                                            <\/div>\n\n    <\/div>\n<\/section><\/div><\/div><\/div><\/div><div id=\"pg-12263-1\"  class=\"panel-grid panel-no-style\" ><div id=\"pgc-12263-1-0\"  class=\"panel-grid-cell\" ><div id=\"panel-12263-1-0-0\" class=\"so-panel widget widget_mtt-text-columns-image panel-first-child panel-last-child\" data-index=\"1\" ><div\n\t\t\t\n\t\t\tclass=\"so-widget-mtt-text-columns-image so-widget-mtt-text-columns-image-base\"\n\t\t\t\n\t\t>\n<section class=\"mtt-text-columns-image spacing_top_32 spacing_bottom_32 spacing-classes-added\">\n    <div class=\"mtt-text-columns-image__inner\">\n        <div class=\"page_container\">\n            <div class=\"mtt-text-columns-image__text-wrap full\">\n                                                    <h1 class=\"mtt-text-columns-image__title title title--2\">Verkaufs- und Lieferbedingungen<\/h1>\n                \n                \n                            <\/div>\n        <\/div>\n\n        \n    <\/div>\n<\/section><\/div><\/div><\/div><\/div><div id=\"pg-12263-2\"  class=\"panel-grid panel-no-style\" ><div id=\"pgc-12263-2-0\"  class=\"panel-grid-cell\" ><div id=\"panel-12263-2-0-0\" class=\"so-panel widget widget_mtt-single-content panel-first-child panel-last-child\" data-index=\"2\" ><div\n\t\t\t\n\t\t\tclass=\"so-widget-mtt-single-content so-widget-mtt-single-content-base\"\n\t\t\t\n\t\t>\n<section class=\"mtt-single-post  spacing_bottom_80 spacing-classes-added\">\n    <div class=\"mtt-single-post__inner page_container\">\n        <article class=\"mtt-single-post__content mtt-single-post__content--full\">\n                            <div class=\"wysiwyg\">\n                    <p><strong>GreenTec A\/S, Merkurvej 25, DK 6000 Kolding<\/strong><\/p>\n<p>Diese Verkaufsbedingungen gelten, soweit andere nicht schriftlich festgelegt wurden, f\u00fcr jeden von der Firma GreenTec A\/S get\u00e4tigten Verkauf.<\/p>\n<p>&nbsp;<\/p>\n<p><strong>1. Lieferbedingungen:<\/strong><\/p>\n<p>Lieferungen an den K\u00e4ufer in der Europ\u00e4ischen Union (EU) basieren auf DDP (Delivery Duty Paid) gem\u00e4\u00df ICC Incoterms 2020.<\/p>\n<p>Lieferungen au\u00dferhalb der Europ\u00e4ischen Union (EU) basieren auf DAP (Delivery at Place) gem\u00e4\u00df ICC Incoterms 2020.<\/p>\n<p>Sofern nicht anders vereinbart, zahlt der K\u00e4ufer einen berechneten Lieferpreis. Die Transportzeit ist nicht in der Lieferzeit enthalten.<\/p>\n<p>&nbsp;<\/p>\n<p>EXW (Ex Works):<\/p>\n<p>Der K\u00e4ufer muss den gesamten Transport, die Exportdokumentation, die Deckung aller Versandkosten arrangieren, und f\u00fchrt den Import- und Lieferprozess durch. Sobald die Ware vom Eigentum des<br \/>\nVerk\u00e4ufers abgeholt wurde, geht das Risiko auf den K\u00e4ufer \u00fcber.<\/p>\n<p>&nbsp;<\/p>\n<p>DAP (Delivered at Place - benannter Bestimmungsort):<\/p>\n<p>Der Verk\u00e4ufer bezahlt die Bef\u00f6rderung zum genannten Ort, mit Ausnahme der Kosten im Zusammenhang mit der Einfuhrabfertigung und \u00fcbernimmt alle Risiken vor dem Zeitpunkt, an dem die Waren durch den K\u00e4ufer bereit zum Entladen sind.<\/p>\n<p>&nbsp;<\/p>\n<p>DDP (Delivered Duty Paid - benannter Bestimmungsort):<\/p>\n<p>Der Verk\u00e4ufer ist f\u00fcr die Lieferung der Ware verantwortlich bis zum genannten Ort im Land des K\u00e4ufers und tr\u00e4gt alle Kosten f\u00fcr die \u00dcbergabe der Ware an den Bestimmungsort, einschlie\u00dflich Einfuhrz\u00f6lle und Steuern.<\/p>\n<p>&nbsp;<\/p>\n<p><strong>2. Zahlungsbedingungen:<\/strong><\/p>\n<p>Alle Zahlungen sind in Euro zu leisten, soweit eine andere W\u00e4hrung nicht schriftlich festgelegt ist. Alle Zahlungen haben an eine von GreenTec angewiesene Bank zu erfolgen. F\u00fcr die bei der \u00dcberweisung der Kaufsumme zu entrichtenden Kosten kommt GreenTec nicht auf. Bei \u00dcberschreitung der Zahlungsfrist werden Zinsen in H\u00f6he von 1,5 % pro angefangenen Monat in Rechnung gestellt.<\/p>\n<p>Grunds\u00e4tzlich werden Frachtkosten f\u00fcr Ersatzteile und Zubeh\u00f6r vom Kunden nach Lieferung bezahlt.<\/p>\n<p>Die R\u00fccksendung von Ersatzteilen kann nur nach vorheriger Absprache mit der Ersatzteilabteilung von GreenTec und einem R\u00fccksendebetrag von 10% erfolgen.<\/p>\n<p>&nbsp;<\/p>\n<p><strong>3. Eigentumsvorbehalt:<\/strong><\/p>\n<p>Die gelieferten Gegenst\u00e4nde bleiben bis zur vollst\u00e4ndigen Bezahlung der gesamten Kaufsumme einschlie\u00dflich Zinsen, Unkosten usw. Eigentum der Firma GreenTec A\/S.<\/p>\n<p>&nbsp;<\/p>\n<p><strong>4. Reklamationen:<\/strong><\/p>\n<p>Zum Zeitpunkt der Lieferung der Waren geht jegliche Gefahr f\u00fcr die Waren auf den K\u00e4ufer \u00fcber. Eine Bem\u00e4ngelung der Waren gegen\u00fcber GreenTec hat so schnell wie m\u00f6glich und sp\u00e4testens 8 Tage nach Lieferung schriftlich zu erfolgen. Jegliche Mengen- und Qualit\u00e4tsbem\u00e4ngelungen des K\u00e4ufers entfallen, wenn GreenTec die M\u00e4ngelr\u00fcge innerhalb der angegebenen Frist nicht erh\u00e4lt. GreenTec ist berechtigt und verpflichtet, durch Vertriebspartner, etwaige auf Konstruktions- und Materialfehler zur\u00fcckzuf\u00fchrende sowie aus der Herstellung hervorgegangene M\u00e4ngel nachzubessern. GreenTec entscheidet selbst, ob die Nachbesserung durch Reparatur oder Ersetzung des defekten Teils bzw. der defekten Teile erfolgt. Im Falle einer Reparatur ist der K\u00e4ufer verpflichtet, den Liefergegenstand bei der von GreenTec angegebenen Werkstatt eigenst\u00e4ndig einzuliefern und abzuholen. Im Falle einer Ersetzung des defekten Teils bzw. der defekten Teile ist der K\u00e4ufer verpflichtet, auf eigene Rechnung die defekten Teile an GreenTec zu senden. GreenTec ist berechtigt, statt Ersetzung eine Neulieferung der fehlerhaften Waren vorzunehmen. GreenTec haftet nur f\u00fcr auftretende M\u00e4ngel binnen ein Jahr vom Liefertag des Verkauften. Die Gew\u00e4hrleistung der GreenTec A\/S erstreckt sich nicht \u00fcber die in diesem Punkt angef\u00fchrte hinaus. Dies gilt f\u00fcr jeden durch den Mangel verursachten Verlust, hierunter fallen Betriebs- und Verdienstausf\u00e4lle sowie andere daraus folgende Verm\u00f6genssch\u00e4den.<\/p>\n<p>&nbsp;<\/p>\n<p><strong>5. Garantiebedingungen:<\/strong><\/p>\n<p>Bei \u00dcbernahme der Garantieleistung durch GreenTec umfasst die Garantie Konstruktions-, Material- oder Herstellungsfehler und -m\u00e4ngel. Die von GreenTec geleistete Garantie gilt jedoch nicht bei mangelhafter Wartung, fehlerhafter Montage, vom K\u00e4ufer vorgenommenen \u00c4nderungen oder durch falschen Gebrauch der Ware entstandenen Fehlern und M\u00e4ngeln. Ferner umfasst die Garantie nicht normalen Verschlei\u03b2 und normale Minderung. Die Gew\u00e4hrleistungspflicht von GreenTec steht den Nachweis durch den K\u00e4ufer voraus, dass der festgestellte Fehler bzw. Mangel nicht durch von der Garantie, vgl. oben, ausgenommene Umst\u00e4nde zur\u00fcckzuf\u00fchren ist. Sp\u00e4testens binnen 8 Tagen nachdem der Fehler bzw. Mangel vom K\u00e4ufer festgestellt wurde oder h\u00e4tte festgestellt sein sollen, hat der K\u00e4ufer GreenTec gegen\u00fcber Fehler oder M\u00e4ngel am Verkauften schriftlich anzuzeigen. Wenn der K\u00e4ufer GreenTec vor dem Ablauf dieser Frist und vor dem Ablauf der Garantiefrist nicht benachrichtigt hat, verliert der K\u00e4ufer das Recht, Anspr\u00fcche wegen des Fehlers bzw. Mangels zu erheben. GreenTec ist berechtigt und verpflichtet, alle von einer von GreenTec geleisteten Garantie umfassten M\u00e4ngel nachzubessern.<\/p>\n<p>GreenTec entscheidet selbst, ob die Nachbesserung durch Reparatur oder Ersetzung des defekten Teils bzw. der defekten Teile erfolgt, vgl. die unter Punkt 4 angef\u00fchrten Bedingungen. GreenTec haftet dar\u00fcber hinaus nicht f\u00fcr solche M\u00e4ngel. Dies gilt f\u00fcr jeden durch den Mangel verursachten Verlust, hierunter fallen Betriebs- und Verdienstausf\u00e4lle sowie andere daraus folgende Verm\u00f6genssch\u00e4den.<\/p>\n<p>Die Stra\u00dfenverkehrsordnung muss befolgt werden! Denken Sie daran, Lichter, Warndreiecke usw. zu platzieren. Transportr\u00e4der werden f\u00fcr Fahrzeuge mit zu gro\u00dfer Breite verwendet.<\/p>\n<p>24 Monate Garantie gilt f\u00fcr neue Maschinen ab dem Zeitpunkt der Lieferung der Maschine. Es wird jedoch keine Erstattung f\u00fcr Fahrkosten oder andere Folgekosten gew\u00e4hrt.<\/p>\n<p>Wenn Sie Garantiearbeiten durchf\u00fchren, fordern Sie bitte unseren Garantiebericht an. Die Arbeitszeiten werden pro Stunde zu festen Standardpreisen abgerechnet. Hydraulik und Getriebe\u00f6l fallen nicht unter die Garantie.<\/p>\n<p>Mit der Verwendung von nicht originalen Ersatzteilen lehnt GreenTec die Produkthaftung und weitere Gew\u00e4hrleistung ab.<\/p>\n<p>Garantierte- Teile werden, sofern nicht anders vereinbart, sp\u00e4testens 14 Tage nach dem Austausch kostenlos an den Service von GreenTec zur\u00fcckgesandt.<\/p>\n<p>&nbsp;<\/p>\n<p><strong>6.\u00a0<\/strong><strong>Produkthaftung:<\/strong><\/p>\n<p>Der K\u00e4ufer hat GreenTec in dem Umfang schadlos zu halten, indem GreenTec einem Dritten gegen\u00fcber eine Haftungsverpflichtung f\u00fcr solche Sch\u00e4den und Ausf\u00e4lle auferlegt wird, f\u00fcr die GreenTec dem K\u00e4ufer gegen\u00fcber gem\u00e4\u03b2 diesem Punkt nicht haftbar ist.<\/p>\n<p>&nbsp;<\/p>\n<p>GreenTec haftet nicht f\u00fcr die durch das Verkaufte verursachten Sch\u00e4den:<\/p>\n<p>a) An Immobilien oder Mobilien, die eintreten, w\u00e4hrend die Ausr\u00fcstung im Besitz des K\u00e4ufers ist.<\/p>\n<p>b) An den vom K\u00e4ufer hergestellten Produkten bzw. an Produkten, von denen diese Teile sind, oder f\u00fcr Sch\u00e4den an Immobilien oder Mobilien, die solche Produkte wegen des Verkauften verursachen.<\/p>\n<p>&nbsp;<\/p>\n<p>In keinen Fall haftet GreenTec f\u00fcr Betriebs- und Verdienstausf\u00e4lle sowie andere daraus folgende Verm\u00f6genssch\u00e4den. Wenn ein Dritter gegen eine der Parteien Anspr\u00fcche auf Schadensersatz gem\u00e4\u00df diesem Punkt erhebt, hat diese Partei der anderen Partei dies umgehend mitzuteilen. GreenTec und der K\u00e4ufer sind gegenseitig verpflichtet, sich bei dem Gericht bzw. Schiedsgericht verklagen zu lassen, das die gegen eine der beiden Parteien auf Grund eines laut dem Klageantrag von der Ausr\u00fcstung verursachten Schadens oder Verlusts erhobenen Schadensersatzanspr\u00fcche behandelt. Das Innenverh\u00e4ltnis zwischen K\u00e4ufer und GreenTec ist jedoch stets beim vereinbarten Gerichtsstand gem\u00e4\u03b2 diesen Verkaufs- und Lieferbedingungen zu regeln.<\/p>\n<p>&nbsp;<\/p>\n<p><strong>7.\u00a0<\/strong><strong>Versp\u00e4tete Leistung:<\/strong><\/p>\n<p>Im Falle versp\u00e4teter Leistung ist der K\u00e4ufer davon in Kenntnis zu setzen. Bei versp\u00e4teter Leistung steht dem K\u00e4ufer lediglich das Recht auf Wandelung zu. Das Recht auf Wandelung steht dem K\u00e4ufer jedoch nur in dem Falle zu, wenn es sich um eine f\u00fcr den K\u00e4ufer wesentliche Versp\u00e4tung handelt. In dem Falle hat der K\u00e4ufer, nachdem die Lieferung h\u00e4tte stattfinden sollen, GreenTec eine schriftliche Mahnung mit Forderung auf Lieferung binnen 8 Tagen zuzuschicken. Wenn Lieferung vor Ablauf der 8-t\u00e4gigen Frist nicht stattfindet, kann der K\u00e4ufer den Kauf wandeln.<\/p>\n<p>&nbsp;<\/p>\n<p><strong>8. Wiederverwendbare Verpackungen:<\/strong><\/p>\n<p>GreenTec beh\u00e4lt sich das Recht vor, dem K\u00e4ufer jede wiederverwendbare Verpackung wie zum Beispiel EUR-Paletten, in Rechung zu stellen.<\/p>\n<p>&nbsp;<\/p>\n<p><strong>9. Haftungsausschluss und h\u00f6here Gewalt:<\/strong><\/p>\n<p>Unter folgenden nach Abschluss des Gesch\u00e4fts entstandenen Umst\u00e4nden wird der Firma GreenTec die Haftung und auch die Erf\u00fcllung des Vertrags erlassen: Im Falle von Streik, Aussperrung, Betriebsst\u00f6rungen, Lieferverzug von Seiten der Zulieferer u.\u00e4. erfolgt eine entsprechende Verl\u00e4ngerung der Lieferfrist. Im Falle eines Krieges, politischer Unruhen, Naturkatastrophen und \u00e4hnlicher Ereignisse au\u03b2erhalb der Kontrolle der Parteien, einschlie\u03b2lich Rohwarenmangels, Beschlagnahme, devisenrechtlicher Beschr\u00e4nkungen und beh\u00f6rdlicher Ma\u03b2nahmen ist die Firma GreenTec berechtigt, von jedem Angebot bzw. jedem laufenden Auftrag ganz oder teilweise zur\u00fcckzutreten. Die sich auf h\u00f6here Gewalt berufende Partei ist verpflichtet, binnen 7 Tagen nach dem Eintritt der h\u00f6heren Gewalt, die andere Partei durch E-Mail\/Telefax zu informieren.<\/p>\n<p>&nbsp;<\/p>\n<p><strong>10. Streitf\u00e4lle:<\/strong><\/p>\n<p>Etwaige Streitf\u00e4lle zwischen den beiden Parteien bez\u00fcglich dieses Vertrags sind in \u00dcbereinstimmung mit CISG (Contracts for the International Sale of Goods) zu entscheiden. Etwaige Streitf\u00e4lle sind wenn m\u00f6glich stets au\u03b2ergerichtlich zu regeln. L\u00e4sst sich der Streitfall nicht durch g\u00fctliche Einigung beilegen, so ist er durch das D\u00e4nische Schiedsrichterliche Institut (Det Danske Voldgiftsinstitut) in Kopenhagen, D\u00e4nemark zu entscheiden. Nach Wahl kann GreenTec jedoch Klage beim Gericht in Kolding, D\u00e4nemark, erheben.<\/p>\n                <\/div>\n                                <\/article>\n\n            <\/div>\n<\/section><\/div><\/div><\/div><\/div><\/div>","protected":false},"excerpt":{"rendered":"<p>Verkaufs- und Lieferbedingungen GreenTec A\/S, Merkurvej 25, DK 6000 Kolding Diese Verkaufsbedingungen gelten, soweit andere nicht schriftlich festgelegt wurden, f\u00fcr jeden von der Firma GreenTec A\/S get\u00e4tigten Verkauf. &nbsp; 1. Lieferbedingungen: Lieferungen an den K\u00e4ufer in der Europ\u00e4ischen Union (EU) basieren auf DDP (Delivery Duty Paid) gem\u00e4\u00df ICC Incoterms 2020. Lieferungen au\u00dferhalb der Europ\u00e4ischen Union [&hellip;]<\/p>\n","protected":false},"author":2,"featured_media":0,"parent":14786,"menu_order":0,"comment_status":"closed","ping_status":"closed","template":"","meta":{"_acf_changed":false,"_relevanssi_hide_post":"","_relevanssi_hide_content":"","_relevanssi_pin_for_all":"","_relevanssi_pin_keywords":"","_relevanssi_unpin_keywords":"","_relevanssi_related_keywords":"","_relevanssi_related_include_ids":"","_relevanssi_related_exclude_ids":"","_relevanssi_related_no_append":"","_relevanssi_related_not_related":"","_relevanssi_related_posts":"","_relevanssi_noindex_reason":"","inline_featured_image":false,"footnotes":""},"class_list":["post-12263","page","type-page","status-publish","hentry"],"acf":[],"yoast_head":"<!-- This site is optimized with the Yoast SEO plugin v27.0 - https:\/\/yoast.com\/product\/yoast-seo-wordpress\/ -->\n<title>Verkaufs- und Lieferbedingungen - GreenTec<\/title>\n<meta name=\"robots\" content=\"index, follow, max-snippet:-1, max-image-preview:large, max-video-preview:-1\" \/>\n<link rel=\"canonical\" href=\"https:\/\/greentec.eu\/de\/ueber-uns\/verkaufs-und-lieferbedingungen\/\" \/>\n<meta property=\"og:locale\" content=\"de_DE\" \/>\n<meta property=\"og:type\" content=\"article\" \/>\n<meta property=\"og:title\" content=\"Verkaufs- und Lieferbedingungen - GreenTec\" \/>\n<meta property=\"og:description\" content=\"Verkaufs- und Lieferbedingungen GreenTec A\/S, Merkurvej 25, DK 6000 Kolding Diese Verkaufsbedingungen gelten, soweit andere nicht schriftlich festgelegt wurden, f\u00fcr jeden von der Firma GreenTec A\/S get\u00e4tigten Verkauf. &nbsp; 1. Lieferbedingungen: Lieferungen an den K\u00e4ufer in der Europ\u00e4ischen Union (EU) basieren auf DDP (Delivery Duty Paid) gem\u00e4\u00df ICC Incoterms 2020. Lieferungen au\u00dferhalb der Europ\u00e4ischen Union [&hellip;]\" \/>\n<meta property=\"og:url\" content=\"https:\/\/greentec.eu\/de\/ueber-uns\/verkaufs-und-lieferbedingungen\/\" \/>\n<meta property=\"og:site_name\" content=\"GreenTec\" \/>\n<meta property=\"article:modified_time\" content=\"2022-11-25T10:37:29+00:00\" \/>\n<meta name=\"twitter:card\" content=\"summary_large_image\" \/>\n<meta name=\"twitter:label1\" content=\"Est. reading time\" \/>\n\t<meta name=\"twitter:data1\" content=\"1 minute\" \/>\n<script type=\"application\/ld+json\" class=\"yoast-schema-graph\">{\"@context\":\"https:\/\/schema.org\",\"@graph\":[{\"@type\":\"WebPage\",\"@id\":\"https:\/\/greentec.eu\/de\/ueber-uns\/verkaufs-und-lieferbedingungen\/\",\"url\":\"https:\/\/greentec.eu\/de\/ueber-uns\/verkaufs-und-lieferbedingungen\/\",\"name\":\"Verkaufs- und Lieferbedingungen - GreenTec\",\"isPartOf\":{\"@id\":\"https:\/\/greentec.eu\/de\/#website\"},\"datePublished\":\"2022-11-25T10:23:39+00:00\",\"dateModified\":\"2022-11-25T10:37:29+00:00\",\"inLanguage\":\"de-DE\",\"potentialAction\":[{\"@type\":\"ReadAction\",\"target\":[\"https:\/\/greentec.eu\/de\/ueber-uns\/verkaufs-und-lieferbedingungen\/\"]}]},{\"@type\":\"WebSite\",\"@id\":\"https:\/\/greentec.eu\/de\/#website\",\"url\":\"https:\/\/greentec.eu\/de\/\",\"name\":\"GreenTec\",\"description\":\"Maskiner til Hegnsklipning og Rabatklipning\",\"potentialAction\":[{\"@type\":\"SearchAction\",\"target\":{\"@type\":\"EntryPoint\",\"urlTemplate\":\"https:\/\/greentec.eu\/de\/?s={search_term_string}\"},\"query-input\":{\"@type\":\"PropertyValueSpecification\",\"valueRequired\":true,\"valueName\":\"search_term_string\"}}],\"inLanguage\":\"de-DE\"}]}<\/script>\n<!-- \/ Yoast SEO plugin. -->","yoast_head_json":{"title":"Verkaufs- und Lieferbedingungen - GreenTec","robots":{"index":"index","follow":"follow","max-snippet":"max-snippet:-1","max-image-preview":"max-image-preview:large","max-video-preview":"max-video-preview:-1"},"canonical":"https:\/\/greentec.eu\/de\/ueber-uns\/verkaufs-und-lieferbedingungen\/","og_locale":"de_DE","og_type":"article","og_title":"Verkaufs- und Lieferbedingungen - GreenTec","og_description":"Verkaufs- und Lieferbedingungen GreenTec A\/S, Merkurvej 25, DK 6000 Kolding Diese Verkaufsbedingungen gelten, soweit andere nicht schriftlich festgelegt wurden, f\u00fcr jeden von der Firma GreenTec A\/S get\u00e4tigten Verkauf. &nbsp; 1. Lieferbedingungen: Lieferungen an den K\u00e4ufer in der Europ\u00e4ischen Union (EU) basieren auf DDP (Delivery Duty Paid) gem\u00e4\u00df ICC Incoterms 2020. Lieferungen au\u00dferhalb der Europ\u00e4ischen Union [&hellip;]","og_url":"https:\/\/greentec.eu\/de\/ueber-uns\/verkaufs-und-lieferbedingungen\/","og_site_name":"GreenTec","article_modified_time":"2022-11-25T10:37:29+00:00","twitter_card":"summary_large_image","twitter_misc":{"Est. reading time":"1 minute"},"schema":{"@context":"https:\/\/schema.org","@graph":[{"@type":"WebPage","@id":"https:\/\/greentec.eu\/de\/ueber-uns\/verkaufs-und-lieferbedingungen\/","url":"https:\/\/greentec.eu\/de\/ueber-uns\/verkaufs-und-lieferbedingungen\/","name":"Verkaufs- und Lieferbedingungen - GreenTec","isPartOf":{"@id":"https:\/\/greentec.eu\/de\/#website"},"datePublished":"2022-11-25T10:23:39+00:00","dateModified":"2022-11-25T10:37:29+00:00","inLanguage":"de-DE","potentialAction":[{"@type":"ReadAction","target":["https:\/\/greentec.eu\/de\/ueber-uns\/verkaufs-und-lieferbedingungen\/"]}]},{"@type":"WebSite","@id":"https:\/\/greentec.eu\/de\/#website","url":"https:\/\/greentec.eu\/de\/","name":"GreenTec","description":"Maskiner til Hegnsklipning og Rabatklipning","potentialAction":[{"@type":"SearchAction","target":{"@type":"EntryPoint","urlTemplate":"https:\/\/greentec.eu\/de\/?s={search_term_string}"},"query-input":{"@type":"PropertyValueSpecification","valueRequired":true,"valueName":"search_term_string"}}],"inLanguage":"de-DE"}]}},"_links":{"self":[{"href":"https:\/\/greentec.eu\/de\/wp-json\/wp\/v2\/pages\/12263","targetHints":{"allow":["GET"]}}],"collection":[{"href":"https:\/\/greentec.eu\/de\/wp-json\/wp\/v2\/pages"}],"about":[{"href":"https:\/\/greentec.eu\/de\/wp-json\/wp\/v2\/types\/page"}],"author":[{"embeddable":true,"href":"https:\/\/greentec.eu\/de\/wp-json\/wp\/v2\/users\/2"}],"replies":[{"embeddable":true,"href":"https:\/\/greentec.eu\/de\/wp-json\/wp\/v2\/comments?post=12263"}],"version-history":[{"count":3,"href":"https:\/\/greentec.eu\/de\/wp-json\/wp\/v2\/pages\/12263\/revisions"}],"predecessor-version":[{"id":12271,"href":"https:\/\/greentec.eu\/de\/wp-json\/wp\/v2\/pages\/12263\/revisions\/12271"}],"up":[{"embeddable":true,"href":"https:\/\/greentec.eu\/de\/wp-json\/wp\/v2\/pages\/14786"}],"wp:attachment":[{"href":"https:\/\/greentec.eu\/de\/wp-json\/wp\/v2\/media?parent=12263"}],"curies":[{"name":"wp","href":"https:\/\/api.w.org\/{rel}","templated":true}]}}