{"id":14557,"date":"2022-07-08T10:34:41","date_gmt":"2022-07-08T10:34:41","guid":{"rendered":"https:\/\/greentec.eu.bluebird.pw\/markets\/"},"modified":"2024-02-27T13:22:36","modified_gmt":"2024-02-27T13:22:36","slug":"maerkte","status":"publish","type":"page","link":"https:\/\/greentec.eu\/de\/maerkte\/","title":{"rendered":"M\u00e4rkte"},"content":{"rendered":"<div id=\"pl-14557\"  class=\"panel-layout\" ><div id=\"pg-14557-0\"  class=\"panel-grid panel-no-style\" ><div id=\"pgc-14557-0-0\"  class=\"panel-grid-cell\" ><div id=\"panel-14557-0-0-0\" class=\"so-panel widget widget_mtt-cover panel-first-child panel-last-child\" data-index=\"0\" ><div\n\t\t\t\n\t\t\tclass=\"so-widget-mtt-cover so-widget-mtt-cover-base\"\n\t\t\t\n\t\t>\n<section class=\"mtt-cover\">\n\n            <img decoding=\"async\" class=\"mtt-cover__graphic graphic graphic--cover-corner\" src=\"https:\/\/greentec.eu\/wp-content\/themes\/greentec-wordpress-theme\/public\/img\/graphic\/cover-bottom-right-shape-white.svg\" alt=\"\"\/>\n    \n    <div class=\"mtt-cover__inner\">\n        <div class=\"mtt-cover__page-container page_container\">\n            <div class=\"mtt-cover__text-container\">\n                                                                            <\/div>\n\n                    <\/div>\n\n        <div class=\"mtt-cover__images\">\n                                            <\/div>\n\n    <\/div>\n<\/section><\/div><\/div><\/div><\/div><div id=\"pg-14557-1\"  class=\"panel-grid panel-no-style\" ><div id=\"pgc-14557-1-0\"  class=\"panel-grid-cell\" ><div id=\"panel-14557-1-0-0\" class=\"so-panel widget widget_mtt-text-columns-image panel-first-child panel-last-child\" data-index=\"1\" ><div\n\t\t\t\n\t\t\tclass=\"so-widget-mtt-text-columns-image so-widget-mtt-text-columns-image-base\"\n\t\t\t\n\t\t>\n<section class=\"mtt-text-columns-image spacing_top_32 spacing_bottom_32 spacing-classes-added\">\n    <div class=\"mtt-text-columns-image__inner\">\n        <div class=\"page_container\">\n            <div class=\"mtt-text-columns-image__text-wrap full\">\n                                                    <h1 class=\"mtt-text-columns-image__title title title--2\">M\u00e4rkte<\/h1>\n                \n                                    <div class=\"mtt-text-columns-image__text-wrapper wysiwyg\">\n                                                    <div class=\"mtt-text-columns-image__text mtt-text-columns-image__text--first\">\n                                <p>GreenTec ist ein d\u00e4nisches Unternehmen, welches sich auf Ger\u00e4te zur Pflege von Gr\u00fcnfl\u00e4chen spezialisiert hat. Seit 1979 hat GreenTec ein umfassendes Produktprogramm entwickelt, was haupts\u00e4chlich zum <a href=\"https:\/\/greentec.eu\/de\/produkte\/grasmaehen\/\">M\u00e4hen von Gras<\/a>, zur <a href=\"https:\/\/greentec.eu\/de\/produkte\/baumschnitt\/\">Pflege von B\u00e4umen<\/a> und zum <a href=\"https:\/\/greentec.eu\/de\/produkte\/heckenschneiden\/\">Heckenschneiden<\/a> eingesetzt wird. Alle Produkte werden in unseren Werken in D\u00e4nemark hergestellt und weltweit \u00fcber unser <a href=\"https:\/\/greentec.eu\/de\/haendler\/\">H\u00e4ndlernetz<\/a> vertrieben.<\/p>\n                            <\/div>\n                                                                            <div class=\"mtt-text-columns-image__text mtt-text-columns-image__text--second\">\n                                <p>Unsere Produkte haben ein breites Anwendungsspektrum vom professionellen bis zum Freizeitgebrauch. Einige unserer Zielgruppen sind <a href=\"https:\/\/greentec.eu\/de\/maerkte\/kommunaltechnik\/\">Kommunen<\/a>, <a href=\"https:\/\/greentec.eu\/de\/maerkte\/landwirtschaft\/\">Landwirte<\/a>, <a href=\"https:\/\/greentec.eu\/de\/maerkte\/garten-landschaftsbau\/\">G\u00e4rtner<\/a>, <a href=\"https:\/\/greentec.eu\/de\/maerkte\/forstwirtschaft\/\">Forstarbeiter<\/a> und <a href=\"https:\/\/greentec.eu\/de\/maerkte\/obstgaerten\/\">Obstbauern<\/a>. Weitere Informationen dar\u00fcber, wie wir Werte f\u00fcr jeden Markt schaffen, erhalten Sie, indem Sie den unten stehenden Links folgen.<\/p>\n                            <\/div>\n                                            <\/div>\n                \n                            <\/div>\n        <\/div>\n\n        \n    <\/div>\n<\/section><\/div><\/div><\/div><\/div><div id=\"pg-14557-2\"  class=\"panel-grid panel-no-style\" ><div id=\"pgc-14557-2-0\"  class=\"panel-grid-cell\" ><div id=\"panel-14557-2-0-0\" class=\"so-panel widget widget_mtt-image-link-boxes-slider panel-first-child panel-last-child\" data-index=\"2\" ><div\n\t\t\t\n\t\t\tclass=\"so-widget-mtt-image-link-boxes-slider so-widget-mtt-image-link-boxes-slider-base\"\n\t\t\t\n\t\t>\n    <section class=\"mtt-image-link-boxes-slider spacing_bottom_56 spacing-classes-added\">\n        <div class=\"mtt-image-link-boxes-slider__inner page_container\">\n                        <div class=\"mtt-image-link-boxes-slider__buttons\">\n                <button class=\"swiper-prev swiper-button-prev absolute\" aria-label=\"\"><\/button>\n                <button class=\"swiper-next swiper-button-next absolute\" aria-label=\"\"><\/button>\n            <\/div>\n            <div class=\"mtt-image-link-boxes-slider__swiper swiper\">\n              <div class=\"swiper-wrapper\">\n                                  <a href=\"https:\/\/greentec.eu\/de\/maerkte\/kommunaltechnik\/\" class=\"swiper-slide mtt-image-link-boxes-slide\">\n            <div class=\"mtt-image-link-boxes-slide__image object-fit\">\n            <img decoding=\"async\" src=\"https:\/\/greentec.eu\/wp-content\/uploads\/2022\/11\/Municipality-markets-410x532.webp\" alt=\"Kommunaltechnik\">\n        <\/div>\n        <div class=\"mtt-image-link-boxes-slide__text\">\n                  <div class=\"mtt-image-link-boxes-slide__title\">\n            <p class=\"title\">Kommunaltechnik<\/p>                      <\/div>\n                          <div class=\"text\">Halten Sie Stra\u00dfen und Erholungsgebiete sicher<\/div>\n            <\/div>\n<\/a>\n                                  <a href=\"https:\/\/greentec.eu\/de\/maerkte\/landwirtschaft\/\" class=\"swiper-slide mtt-image-link-boxes-slide\">\n            <div class=\"mtt-image-link-boxes-slide__image object-fit\">\n            <img decoding=\"async\" src=\"https:\/\/greentec.eu\/wp-content\/uploads\/2023\/01\/Agriculture-markets-410x532.webp\" alt=\"Landwirtschaft\">\n        <\/div>\n        <div class=\"mtt-image-link-boxes-slide__text\">\n                  <div class=\"mtt-image-link-boxes-slide__title\">\n            <p class=\"title\">Landwirtschaft<\/p>                      <\/div>\n                          <div class=\"text\">Maximieren Sie Ihren Verdienst w\u00e4hrend der Saison<\/div>\n            <\/div>\n<\/a>\n                                  <a href=\"https:\/\/greentec.eu\/de\/maerkte\/garten-landschaftsbau\/\" class=\"swiper-slide mtt-image-link-boxes-slide\">\n            <div class=\"mtt-image-link-boxes-slide__image object-fit\">\n            <img decoding=\"async\" src=\"https:\/\/greentec.eu\/wp-content\/uploads\/2023\/01\/Gardening-and-landscaping-markets-410x532.webp\" alt=\"Garten- und Landschaftsbau\">\n        <\/div>\n        <div class=\"mtt-image-link-boxes-slide__text\">\n                  <div class=\"mtt-image-link-boxes-slide__title\">\n            <p class=\"title\">Garten- und Landschaftsbau<\/p>                      <\/div>\n                          <div class=\"text\">Sparen Sie Zeit und erh\u00f6hen Sie die Kapazit\u00e4t<\/div>\n            <\/div>\n<\/a>\n                                  <a href=\"https:\/\/greentec.eu\/de\/maerkte\/forstwirtschaft\/\" class=\"swiper-slide mtt-image-link-boxes-slide\">\n            <div class=\"mtt-image-link-boxes-slide__image object-fit\">\n            <img decoding=\"async\" src=\"https:\/\/greentec.eu\/wp-content\/uploads\/2022\/11\/Forestry-markets-410x532.webp\" alt=\"Forstwirtschaft\">\n        <\/div>\n        <div class=\"mtt-image-link-boxes-slide__text\">\n                  <div class=\"mtt-image-link-boxes-slide__title\">\n            <p class=\"title\">Forstwirtschaft<\/p>                      <\/div>\n                          <div class=\"text\">Pfade und Wege pflegen<\/div>\n            <\/div>\n<\/a>\n                                  <a href=\"https:\/\/greentec.eu\/de\/maerkte\/obstgaerten\/\" class=\"swiper-slide mtt-image-link-boxes-slide\">\n            <div class=\"mtt-image-link-boxes-slide__image object-fit\">\n            <img decoding=\"async\" src=\"https:\/\/greentec.eu\/wp-content\/uploads\/2022\/11\/Orchards-markets-410x532.webp\" alt=\"Obstg\u00e4rten\">\n        <\/div>\n        <div class=\"mtt-image-link-boxes-slide__text\">\n                  <div class=\"mtt-image-link-boxes-slide__title\">\n            <p class=\"title\">Obstg\u00e4rten<\/p>                      <\/div>\n                          <div class=\"text\">Erzielen Sie einen h\u00f6heren Ertrag<\/div>\n            <\/div>\n<\/a>\n                              <\/div>\n            <\/div>\n        <\/div>\n    <\/section>\n\n<\/div><\/div><\/div><\/div><\/div>","protected":false},"excerpt":{"rendered":"<p>M\u00e4rkte GreenTec ist ein d\u00e4nisches Unternehmen, welches sich auf Ger\u00e4te zur Pflege von Gr\u00fcnfl\u00e4chen spezialisiert hat. Seit 1979 hat GreenTec ein umfassendes Produktprogramm entwickelt, was haupts\u00e4chlich zum M\u00e4hen von Gras, zur Pflege von B\u00e4umen und zum Heckenschneiden eingesetzt wird. Alle Produkte werden in unseren Werken in D\u00e4nemark hergestellt und weltweit \u00fcber unser H\u00e4ndlernetz vertrieben. Unsere [&hellip;]<\/p>\n","protected":false},"author":1,"featured_media":0,"parent":0,"menu_order":0,"comment_status":"closed","ping_status":"closed","template":"","meta":{"_acf_changed":false,"_relevanssi_hide_post":"","_relevanssi_hide_content":"","_relevanssi_pin_for_all":"","_relevanssi_pin_keywords":"","_relevanssi_unpin_keywords":"","_relevanssi_related_keywords":"","_relevanssi_related_include_ids":"","_relevanssi_related_exclude_ids":"","_relevanssi_related_no_append":"","_relevanssi_related_not_related":"","_relevanssi_related_posts":"","_relevanssi_noindex_reason":"","inline_featured_image":false,"footnotes":""},"class_list":["post-14557","page","type-page","status-publish","hentry"],"acf":[],"yoast_head":"<!-- This site is optimized with the Yoast SEO plugin v27.0 - https:\/\/yoast.com\/product\/yoast-seo-wordpress\/ -->\n<title>M\u00e4rkte - GreenTec<\/title>\n<meta name=\"description\" content=\"GreenTec-Produkte haben ein breites Anwendungsspektrum. Einige unserer Zielgruppen sind Kommunen, Landwirte, G\u00e4rtner, Forstarbeiter und Obstbauern.\" \/>\n<meta name=\"robots\" content=\"index, follow, max-snippet:-1, max-image-preview:large, max-video-preview:-1\" \/>\n<link rel=\"canonical\" href=\"https:\/\/greentec.eu\/de\/maerkte\/\" \/>\n<meta property=\"og:locale\" content=\"de_DE\" \/>\n<meta property=\"og:type\" content=\"article\" \/>\n<meta property=\"og:title\" content=\"M\u00e4rkte - GreenTec\" \/>\n<meta property=\"og:description\" content=\"GreenTec-Produkte haben ein breites Anwendungsspektrum. Einige unserer Zielgruppen sind Kommunen, Landwirte, G\u00e4rtner, Forstarbeiter und Obstbauern.\" \/>\n<meta property=\"og:url\" content=\"https:\/\/greentec.eu\/de\/maerkte\/\" \/>\n<meta property=\"og:site_name\" content=\"GreenTec\" \/>\n<meta property=\"article:modified_time\" content=\"2024-02-27T13:22:36+00:00\" \/>\n<meta name=\"twitter:card\" content=\"summary_large_image\" \/>\n<meta name=\"twitter:label1\" content=\"Est. reading time\" \/>\n\t<meta name=\"twitter:data1\" content=\"1 minute\" \/>\n<script type=\"application\/ld+json\" class=\"yoast-schema-graph\">{\"@context\":\"https:\/\/schema.org\",\"@graph\":[{\"@type\":\"WebPage\",\"@id\":\"https:\/\/greentec.eu\/de\/maerkte\/\",\"url\":\"https:\/\/greentec.eu\/de\/maerkte\/\",\"name\":\"M\u00e4rkte - GreenTec\",\"isPartOf\":{\"@id\":\"https:\/\/greentec.eu\/de\/#website\"},\"datePublished\":\"2022-07-08T10:34:41+00:00\",\"dateModified\":\"2024-02-27T13:22:36+00:00\",\"description\":\"GreenTec-Produkte haben ein breites Anwendungsspektrum. Einige unserer Zielgruppen sind Kommunen, Landwirte, G\u00e4rtner, Forstarbeiter und Obstbauern.\",\"inLanguage\":\"de-DE\",\"potentialAction\":[{\"@type\":\"ReadAction\",\"target\":[\"https:\/\/greentec.eu\/de\/maerkte\/\"]}]},{\"@type\":\"WebSite\",\"@id\":\"https:\/\/greentec.eu\/de\/#website\",\"url\":\"https:\/\/greentec.eu\/de\/\",\"name\":\"GreenTec\",\"description\":\"Maskiner til Hegnsklipning og Rabatklipning\",\"potentialAction\":[{\"@type\":\"SearchAction\",\"target\":{\"@type\":\"EntryPoint\",\"urlTemplate\":\"https:\/\/greentec.eu\/de\/?s={search_term_string}\"},\"query-input\":{\"@type\":\"PropertyValueSpecification\",\"valueRequired\":true,\"valueName\":\"search_term_string\"}}],\"inLanguage\":\"de-DE\"}]}<\/script>\n<!-- \/ Yoast SEO plugin. -->","yoast_head_json":{"title":"M\u00e4rkte - GreenTec","description":"GreenTec-Produkte haben ein breites Anwendungsspektrum. Einige unserer Zielgruppen sind Kommunen, Landwirte, G\u00e4rtner, Forstarbeiter und Obstbauern.","robots":{"index":"index","follow":"follow","max-snippet":"max-snippet:-1","max-image-preview":"max-image-preview:large","max-video-preview":"max-video-preview:-1"},"canonical":"https:\/\/greentec.eu\/de\/maerkte\/","og_locale":"de_DE","og_type":"article","og_title":"M\u00e4rkte - GreenTec","og_description":"GreenTec-Produkte haben ein breites Anwendungsspektrum. Einige unserer Zielgruppen sind Kommunen, Landwirte, G\u00e4rtner, Forstarbeiter und Obstbauern.","og_url":"https:\/\/greentec.eu\/de\/maerkte\/","og_site_name":"GreenTec","article_modified_time":"2024-02-27T13:22:36+00:00","twitter_card":"summary_large_image","twitter_misc":{"Est. reading time":"1 minute"},"schema":{"@context":"https:\/\/schema.org","@graph":[{"@type":"WebPage","@id":"https:\/\/greentec.eu\/de\/maerkte\/","url":"https:\/\/greentec.eu\/de\/maerkte\/","name":"M\u00e4rkte - GreenTec","isPartOf":{"@id":"https:\/\/greentec.eu\/de\/#website"},"datePublished":"2022-07-08T10:34:41+00:00","dateModified":"2024-02-27T13:22:36+00:00","description":"GreenTec-Produkte haben ein breites Anwendungsspektrum. Einige unserer Zielgruppen sind Kommunen, Landwirte, G\u00e4rtner, Forstarbeiter und Obstbauern.","inLanguage":"de-DE","potentialAction":[{"@type":"ReadAction","target":["https:\/\/greentec.eu\/de\/maerkte\/"]}]},{"@type":"WebSite","@id":"https:\/\/greentec.eu\/de\/#website","url":"https:\/\/greentec.eu\/de\/","name":"GreenTec","description":"Maskiner til Hegnsklipning og Rabatklipning","potentialAction":[{"@type":"SearchAction","target":{"@type":"EntryPoint","urlTemplate":"https:\/\/greentec.eu\/de\/?s={search_term_string}"},"query-input":{"@type":"PropertyValueSpecification","valueRequired":true,"valueName":"search_term_string"}}],"inLanguage":"de-DE"}]}},"_links":{"self":[{"href":"https:\/\/greentec.eu\/de\/wp-json\/wp\/v2\/pages\/14557","targetHints":{"allow":["GET"]}}],"collection":[{"href":"https:\/\/greentec.eu\/de\/wp-json\/wp\/v2\/pages"}],"about":[{"href":"https:\/\/greentec.eu\/de\/wp-json\/wp\/v2\/types\/page"}],"author":[{"embeddable":true,"href":"https:\/\/greentec.eu\/de\/wp-json\/wp\/v2\/users\/1"}],"replies":[{"embeddable":true,"href":"https:\/\/greentec.eu\/de\/wp-json\/wp\/v2\/comments?post=14557"}],"version-history":[{"count":11,"href":"https:\/\/greentec.eu\/de\/wp-json\/wp\/v2\/pages\/14557\/revisions"}],"predecessor-version":[{"id":29611,"href":"https:\/\/greentec.eu\/de\/wp-json\/wp\/v2\/pages\/14557\/revisions\/29611"}],"wp:attachment":[{"href":"https:\/\/greentec.eu\/de\/wp-json\/wp\/v2\/media?parent=14557"}],"curies":[{"name":"wp","href":"https:\/\/api.w.org\/{rel}","templated":true}]}}