{"id":14877,"date":"2022-06-13T08:55:17","date_gmt":"2022-06-13T08:55:17","guid":{"rendered":"https:\/\/greentec.eu.bluebird.pw\/privacy-policy\/"},"modified":"2026-02-10T06:29:45","modified_gmt":"2026-02-10T06:29:45","slug":"datenschutzbestimmungen","status":"publish","type":"page","link":"https:\/\/greentec.eu\/de\/datenschutzbestimmungen\/","title":{"rendered":"Datenschutzbestimmungen"},"content":{"rendered":"<div id=\"pl-14877\"  class=\"panel-layout\" ><div id=\"pg-14877-0\"  class=\"panel-grid panel-no-style\" ><div id=\"pgc-14877-0-0\"  class=\"panel-grid-cell\" ><div id=\"panel-14877-0-0-0\" class=\"so-panel widget widget_mtt-cover panel-first-child panel-last-child\" data-index=\"0\" ><div\n\t\t\t\n\t\t\tclass=\"so-widget-mtt-cover so-widget-mtt-cover-base\"\n\t\t\t\n\t\t>\n<section class=\"mtt-cover\">\n\n            <img decoding=\"async\" class=\"mtt-cover__graphic graphic graphic--cover-corner\" src=\"https:\/\/greentec.eu\/wp-content\/themes\/greentec-wordpress-theme\/public\/img\/graphic\/cover-bottom-right-shape-white.svg\" alt=\"\"\/>\n    \n    <div class=\"mtt-cover__inner\">\n        <div class=\"mtt-cover__page-container page_container\">\n            <div class=\"mtt-cover__text-container\">\n                                                                            <\/div>\n\n                    <\/div>\n\n        <div class=\"mtt-cover__images\">\n                            <div class=\"mtt-image object-fit\">\n                    <picture>\n                                                    <source srcset=\"https:\/\/greentec.eu\/wp-content\/uploads\/2022\/12\/Privacy-policy-mobile.webp\" media=\"(max-width: 550px)\">\n                                                                        <img decoding=\"async\" src=\"https:\/\/greentec.eu\/wp-content\/uploads\/2022\/12\/Privacy-policy-desktop.webp\" alt=\"Privacy policy\">\n                    <\/picture>\n                <\/div>\n                                            <\/div>\n\n    <\/div>\n<\/section><\/div><\/div><\/div><\/div><div id=\"pg-14877-1\"  class=\"panel-grid panel-no-style\" ><div id=\"pgc-14877-1-0\"  class=\"panel-grid-cell\" ><div id=\"panel-14877-1-0-0\" class=\"so-panel widget widget_mtt-text-columns-image panel-first-child panel-last-child\" data-index=\"1\" ><div\n\t\t\t\n\t\t\tclass=\"so-widget-mtt-text-columns-image so-widget-mtt-text-columns-image-base\"\n\t\t\t\n\t\t>\n<section class=\"mtt-text-columns-image spacing_top_32 spacing_bottom_32 spacing-classes-added\">\n    <div class=\"mtt-text-columns-image__inner\">\n        <div class=\"page_container\">\n            <div class=\"mtt-text-columns-image__text-wrap full\">\n                                                    <h1 class=\"mtt-text-columns-image__title title title--2\">Datenschutzbestimmungen<\/h1>\n                \n                \n                            <\/div>\n        <\/div>\n\n        \n    <\/div>\n<\/section><\/div><\/div><\/div><\/div><div id=\"pg-14877-2\"  class=\"panel-grid panel-no-style\" ><div id=\"pgc-14877-2-0\"  class=\"panel-grid-cell\" ><div id=\"panel-14877-2-0-0\" class=\"so-panel widget widget_mtt-single-content panel-first-child panel-last-child\" data-index=\"2\" ><div\n\t\t\t\n\t\t\tclass=\"so-widget-mtt-single-content so-widget-mtt-single-content-base\"\n\t\t\t\n\t\t>\n<section class=\"mtt-single-post  spacing_bottom_80 spacing-classes-added\">\n    <div class=\"mtt-single-post__inner page_container\">\n        <article class=\"mtt-single-post__content mtt-single-post__content--full\">\n                            <div class=\"wysiwyg\">\n                    <p>Wenn Sie unsere Website besuchen, werden Informationen \u00fcber Sie gesammelt, die verwendet werden, um unsere Inhalte anzupassen und zu verbessern und den Wert der auf der Seite angezeigten Anzeigen zu steigern. Wenn Sie nicht m\u00f6chten, dass Daten \u00fcber Sie gesammelt werden, m\u00fcssen Sie Ihre Cookies l\u00f6schen (siehe Anleitung) und die weitere Nutzung der Website vermeiden. Nachfolgend haben wir erl\u00e4utert, welche Informationen gesammelt werden, zu welchem Zweck und welche Dritten Zugriff darauf haben.<\/p>\n<p>&nbsp;<\/p>\n<h2>Cookies<\/h2>\n<p><script id=\"CookieDeclaration\" data-culture=\"de\" src=\"https:\/\/consent.cookiebot.com\/a4212a77-498f-4a4a-8fee-de0ad53e292e\/cd.js\" type=\"text\/javascript\" async><\/script><\/p>\n<p>&nbsp;<\/p>\n<h2>Pers\u00f6nliche Daten<\/h2>\n<p><strong>Im Algemeinen<\/strong><\/p>\n<p>Personenbezogene Daten sind alle Arten von Informationen, die in gewissem Umfang mit Ihnen in Verbindung gebracht werden k\u00f6nnen. Bei der Nutzung unserer Website erheben und verarbeiten wir eine Vielzahl solcher Informationen. Dies kann beim Aufrufen von Inhalten, bei der Anmeldung zum Newsletter, bei der Teilnahme an Gewinnspielen oder Umfragen, bei der Nutzung unserer Dienste oder beim Versenden von Anfragen geschehen.<\/p>\n<p>Wir erfassen und verarbeiten normalerweise die folgenden Arten von Informationen: Eine eindeutige ID und technische Informationen \u00fcber Ihren Computer, Ihr Tablet oder Mobiltelefon, Ihre IP-Nummer, Ihren geografischen Standort und welche Seiten Sie anklicken (Interessen). Wir erfassen auch Name, Telefonnummer, E-Mail und Adresse, wenn Sie ausdr\u00fccklich zustimmen und die Informationen selbst eingeben. Dies ist typischerweise mit Anfragen zu unseren Produkten verbunden.<\/p>\n<p><strong>Sicherheit<\/strong><\/p>\n<p>Wir haben technische und organisatorische Ma\u00dfnahmen dagegen ergriffen, dass Ihre Daten versehentlich oder unrechtm\u00e4\u00dfig gel\u00f6scht, ver\u00f6ffentlicht, verloren, beeintr\u00e4chtigt oder einer Person bekannt werden, missbraucht oder anderweitig rechtswidrig behandelt werden.<\/p>\n<p><strong>Zweck<\/strong><\/p>\n<p>Die Informationen werden verwendet, um Sie als Benutzer zu identifizieren und Anzeigen anzuzeigen, die f\u00fcr Sie am wahrscheinlichsten relevant sind, um Ihre Bestellungen zu registrieren und um die von Ihnen angeforderten Dienste bereitzustellen, z. B. das Versenden eines Angebots. Dar\u00fcber hinaus verwenden wir die Informationen, um unsere Dienste und Inhalte zu optimieren.<\/p>\n<p><strong>Dauer der Speicherung<\/strong><\/p>\n<p>Die Informationen werden f\u00fcr die gesetzlich zul\u00e4ssige Zeit aufbewahrt und wir l\u00f6schen sie, wenn sie nicht mehr erforderlich sind. Die Dauer h\u00e4ngt von der Art der Informationen und dem Hintergrund der Speicherung ab. Daher ist es nicht m\u00f6glich, einen allgemeinen Zeitraum f\u00fcr die L\u00f6schung von Informationen anzugeben.<\/p>\n<p><strong>Offenlegung von Informationen<\/strong><\/p>\n<p>Daten \u00fcber Ihre Nutzung der Website, welche Anzeigen Sie erhalten und anklicken, geografischer Standort, Geschlecht und Alter usw. werden an Dritte weitergegeben, soweit die Informationen bekannt sind. Die Informationen werden f\u00fcr zielgerichtete Werbung verwendet.<\/p>\n<p>Dar\u00fcber hinaus verwenden wir eine Reihe von Drittanbietern, um Daten zu speichern und zu verarbeiten. Diese behandeln nur Informationen in unserem Auftrag und d\u00fcrfen die Daten nicht f\u00fcr eigene Zwecke verwenden.<\/p>\n<p>Die Weitergabe personenbezogener Daten wie Name und E-Mail erfolgt nur, wenn Sie damit einverstanden sind. Wir verwenden nur Datenverarbeiter in der EU oder in L\u00e4ndern, die Ihre Daten angemessen sch\u00fctzen k\u00f6nnen.<\/p>\n<h3 data-start=\"162\" data-end=\"182\">Google Analytics<\/h3>\n<p data-start=\"184\" data-end=\"634\">Wir verwenden <strong data-start=\"198\" data-end=\"218\">Google Analytics<\/strong>, einen Webanalysedienst der Google LLC, um besser zu verstehen, wie Besucher mit unserer Website interagieren. Dieses Tool hilft uns, unsere Inhalte, die Nutzererfahrung sowie die Gesamtleistung der Website zu verbessern, indem aggregierte Informationen gesammelt werden \u2013 zum Beispiel, welche Seiten am h\u00e4ufigsten besucht werden, wie Nutzer zwischen den Seiten navigieren und wie lange sie auf der Website bleiben.<\/p>\n<p data-start=\"636\" data-end=\"1142\">Google Analytics verwendet Cookies, um statistische Berichte \u00fcber Website-Traffic und Nutzerverhalten zu erstellen. Die erfassten Daten k\u00f6nnen unter anderem Ihre <strong data-start=\"798\" data-end=\"812\">IP-Adresse<\/strong>, den <strong data-start=\"818\" data-end=\"832\">Browsertyp<\/strong>, <strong data-start=\"834\" data-end=\"866\">Verweis- und Ausstiegsseiten<\/strong>, das <strong data-start=\"872\" data-end=\"890\">Betriebssystem<\/strong> sowie <strong data-start=\"897\" data-end=\"931\">grundlegende Interaktionsdaten<\/strong> (z. B. Klicks, Scrolls, Sitzungsdauer) umfassen. Alle Informationen werden in anonymisierter oder pseudonymisierter Form verarbeitet \u2013 wir verwenden Google Analytics nicht, um einzelne Nutzer zu identifizieren.<\/p>\n<p data-start=\"1144\" data-end=\"1534\">Sie k\u00f6nnen verhindern, dass Google Analytics Daten \u00fcber Sie sammelt, indem Sie <strong data-start=\"1223\" data-end=\"1283\">Cookies in den Einstellungen Ihres Browsers deaktivieren<\/strong> oder das <strong data-start=\"1293\" data-end=\"1336\">Google Analytics Opt-out Browser-Add-on<\/strong> installieren. Dieses Add-on verhindert die \u00dcbermittlung von Daten an Google Analytics. Bitte beachten Sie, dass die Deaktivierung von Cookies bestimmte Funktionen unserer Website einschr\u00e4nken kann.<\/p>\n<p data-start=\"1536\" data-end=\"1680\">Weitere Informationen dar\u00fcber, wie Google Daten verarbeitet, finden Sie in <a class=\"decorated-link cursor-pointer\" target=\"_new\" rel=\"noopener\" data-start=\"1611\" data-end=\"1679\">Googles Datenschutzrichtlinie<\/a>.<\/p>\n<h3 data-start=\"1687\" data-end=\"1709\">Google Tag Manager<\/h3>\n<p data-start=\"1711\" data-end=\"2127\">Wir verwenden den <strong data-start=\"1729\" data-end=\"1751\">Google Tag Manager<\/strong>, einen Dienst der Google LLC, um Marketing- und Analysetags auf unserer Website effizient zu verwalten und bereitzustellen. Der Tag Manager selbst erhebt <strong data-start=\"1906\" data-end=\"1939\">keine personenbezogenen Daten<\/strong> und verwendet <strong data-start=\"1954\" data-end=\"1971\">keine Cookies<\/strong>. Stattdessen fungiert er als Container, der andere Tools (z. B. Google Analytics) aktiviert und daf\u00fcr sorgt, dass sie korrekt und effizient geladen werden.<\/p>\n<p data-start=\"2129\" data-end=\"2511\">Obwohl der Google Tag Manager keine Nutzer direkt verfolgt, kann er Tags ausl\u00f6sen, die Daten erfassen. Jegliches Tracking erfolgt \u00fcber diese einzelnen Tags \u2013 nicht \u00fcber den Tag Manager selbst. Wenn Sie beispielsweise der Verwendung von Analyse- oder Marketing-Cookies zugestimmt haben, kann der Tag Manager die entsprechenden Skripte laden, um Nutzungsdaten der Website zu erfassen.<\/p>\n<p data-start=\"2513\" data-end=\"2888\">Wenn Sie <strong data-start=\"2522\" data-end=\"2547\">Tracking deaktivieren<\/strong> m\u00f6chten, k\u00f6nnen Sie Ihre <strong data-start=\"2573\" data-end=\"2597\">Cookie-Einstellungen<\/strong> oder Ihren <strong data-start=\"2609\" data-end=\"2620\">Browser<\/strong> so konfigurieren, dass Analyse- und Marketing-Cookies blockiert werden. Dadurch werden die entsprechenden Tags nicht mehr aktiviert. Sie k\u00f6nnen auch das <strong data-start=\"2774\" data-end=\"2817\">Google Analytics Opt-out Browser-Add-on<\/strong> verwenden, wenn Google Analytics \u00fcber den Tag Manager eingebunden ist.<\/p>\n<p data-start=\"2890\" data-end=\"3141\">Weitere Informationen zum Google Tag Manager und zum Datenschutz finden Sie in <a class=\"decorated-link cursor-pointer\" target=\"_new\" rel=\"noopener\" data-start=\"2969\" data-end=\"3037\">Googles Datenschutzrichtlinie<\/a> sowie in der <a class=\"decorated-link cursor-pointer\" target=\"_new\" rel=\"noopener\" data-start=\"3051\" data-end=\"3140\">Google Tag Manager Use Policy<\/a>.<\/p>\n<h3 data-start=\"3148\" data-end=\"3168\">Kontaktformulare<\/h3>\n<p data-start=\"3170\" data-end=\"3579\">Wenn Sie unsere <strong data-start=\"3186\" data-end=\"3206\">Kontaktformulare<\/strong> nutzen, um mit uns in Verbindung zu treten, erheben wir die von Ihnen angegebenen Daten \u2013 in der Regel <strong data-start=\"3310\" data-end=\"3318\">Name<\/strong>, <strong data-start=\"3320\" data-end=\"3338\">E-Mail-Adresse<\/strong> sowie den von Ihnen eingegebenen <strong data-start=\"3372\" data-end=\"3391\">Nachrichtentext<\/strong>. Diese Daten werden ausschlie\u00dflich verwendet, um Ihre Anfrage zu beantworten, die Kommunikation zu verwalten und die von Ihnen angeforderten Leistungen oder Informationen bereitzustellen.<\/p>\n<p data-start=\"3581\" data-end=\"4096\">Um sicherzustellen, dass das Formular korrekt funktioniert und um es vor Spam und Missbrauch zu sch\u00fctzen, k\u00f6nnen einige Kontaktformulare <strong data-start=\"3718\" data-end=\"3741\">funktionale Cookies<\/strong> oder <strong data-start=\"3747\" data-end=\"3769\">Drittanbietertools<\/strong> (z. B. CAPTCHA-Dienste) verwenden. Diese Cookies dienen dazu, sicherzustellen, dass ein echter Mensch das Formular absendet, eine zuverl\u00e4ssige Zustellung zu gew\u00e4hrleisten und die Sicherheit der Website zu sch\u00fctzen. Funktionale Cookies in diesem Zusammenhang <strong data-start=\"4028\" data-end=\"4095\">verfolgen Ihr Surfverhalten au\u00dferhalb der Formularnutzung nicht<\/strong>.<\/p>\n<p data-start=\"4098\" data-end=\"4512\">Wir k\u00f6nnen die \u00fcber Kontaktformulare \u00fcbermittelten Daten f\u00fcr <strong data-start=\"4159\" data-end=\"4178\">Marketingzwecke<\/strong> verwenden, z. B. zur Anmeldung zu einem monatlichen Newsletter. Sie k\u00f6nnen den Newsletter jederzeit \u00fcber den Abmeldelink im Newsletter oder direkt per E-Mail an <strong data-start=\"4340\" data-end=\"4360\"><a class=\"decorated-link cursor-pointer\" rel=\"noopener\" data-start=\"4342\" data-end=\"4358\">info@greentec.eu<\/a><\/strong> abbestellen. Die \u00fcbermittelten Daten werden in der Regel sicher auf unserem Server gespeichert und k\u00f6nnen zus\u00e4tzlich per E-Mail an uns gesendet werden.<\/p>\n<h3 data-start=\"4519\" data-end=\"4545\">Newsletter (Mailchimp)<\/h3>\n<p data-start=\"4547\" data-end=\"4880\">Wenn Sie sich f\u00fcr unseren <strong data-start=\"4573\" data-end=\"4587\">Newsletter<\/strong> anmelden, verwenden wir <strong data-start=\"4612\" data-end=\"4625\">Mailchimp<\/strong>, einen Dienst der Intuit Inc., um unsere E-Mail-Kommunikation zu verwalten. Mailchimp unterst\u00fctzt uns bei der Erstellung, dem Versand und der Analyse unserer Newsletter, sodass wir relevante Informationen und Updates mit unseren Abonnenten teilen k\u00f6nnen.<\/p>\n<p data-start=\"4882\" data-end=\"5348\">Bei der Anmeldung zum Newsletter erfassen wir die von Ihnen angegebenen personenbezogenen Daten \u2013 in der Regel <strong data-start=\"4993\" data-end=\"5001\">Name<\/strong> und <strong data-start=\"5006\" data-end=\"5024\">E-Mail-Adresse<\/strong> \u2013 und speichern sie sicher \u00fcber die Plattform von Mailchimp. Mailchimp verwendet Cookies und \u00e4hnliche Technologien, um die <strong data-start=\"5148\" data-end=\"5175\">Leistung der Newsletter<\/strong> zu messen, z. B. \u00d6ffnungsraten, Klicks auf Links und Abonnentenaktivit\u00e4ten. Diese Informationen helfen uns, die Inhalte zu verbessern und das Nutzerengagement zu verstehen.<\/p>\n<p data-start=\"5350\" data-end=\"5804\">Mailchimp kann ebenfalls Cookies setzen, wenn Sie mit unseren <strong data-start=\"5412\" data-end=\"5433\">Anmeldeformularen<\/strong> auf der Website interagieren. Diese Cookies werden haupts\u00e4chlich verwendet, um eine ordnungsgem\u00e4\u00dfe Funktionsweise der Formulare sicherzustellen, doppelte Anmeldungen zu verhindern und die Nutzung der Formulare zu analysieren. Wenn Sie der Verwendung von <strong data-start=\"5688\" data-end=\"5709\">Marketing-Cookies<\/strong> zugestimmt haben, kann Mailchimp zus\u00e4tzliche Daten zu Analyse- oder Marketingzwecken erfassen.<\/p>\n<p data-start=\"5806\" data-end=\"6264\">Sie k\u00f6nnen Ihre <strong data-start=\"5822\" data-end=\"5859\">Einwilligung jederzeit widerrufen<\/strong>, indem Sie auf den <strong data-start=\"5879\" data-end=\"5898\">\u201eAbmelden\u201c-Link<\/strong> in der Fu\u00dfzeile eines Newsletters klicken oder uns direkt kontaktieren. Um Mailchimp-Cookies zu vermeiden, k\u00f6nnen Sie Ihre <strong data-start=\"6022\" data-end=\"6054\">Browser-Cookie-Einstellungen<\/strong> anpassen oder Marketing-Cookies \u00fcber unser Cookie-Banner ablehnen. Bitte beachten Sie jedoch, dass die Deaktivierung dieser Cookies die Funktionsweise der Anmeldeformulare auf der Website beeintr\u00e4chtigen kann.<\/p>\n<p data-start=\"6266\" data-end=\"6467\">Weitere Informationen finden Sie in der <a class=\"decorated-link cursor-pointer\" target=\"_new\" rel=\"noopener\" data-start=\"6306\" data-end=\"6386\">Datenschutzrichtlinie von Mailchimp<\/a> und der <a class=\"decorated-link cursor-pointer\" target=\"_new\" rel=\"noopener\" data-start=\"6395\" data-end=\"6466\">Cookie-Richtlinie von Mailchimp<\/a>.<\/p>\n<h3 data-start=\"54\" data-end=\"105\">Identifizierung von Website-Besuchern (Leadinfo)<\/h3>\n<p data-start=\"107\" data-end=\"303\">Wir nutzen Leadinfo B.V., Rotterdam, Niederlande, um gesch\u00e4ftliche Besucher unserer Website zu identifizieren und die Nutzung unserer Website zu B2B-Vertriebs- und Marketingzwecken zu analysieren.<\/p>\n<p data-start=\"305\" data-end=\"514\">Leadinfo verarbeitet IP-Adressen, unternehmensbezogene Informationen, das Nutzungsverhalten auf der Website sowie \u00fcber Kontaktformulare \u00fcbermittelte Daten. Dabei kann es sich um personenbezogene Daten handeln.<\/p>\n<p data-start=\"516\" data-end=\"759\">Die Verarbeitung erfolgt \u2013 soweit erforderlich \u2013 nur nach Einwilligung \u00fcber unser Cookie-Banner und basiert auf unserem berechtigten Interesse an der Identifizierung gesch\u00e4ftlichen Interesses an unseren Leistungen (Art. 6 Abs. 1 lit. f DSGVO).<\/p>\n<p data-start=\"761\" data-end=\"854\">Leadinfo ist als Auftragsverarbeiter auf Grundlage eines Auftragsverarbeitungsvertrags t\u00e4tig.<\/p>\n<p data-start=\"856\" data-end=\"960\">Sie k\u00f6nnen dieser Verarbeitung jederzeit widersprechen unter:<br \/>\n<a class=\"decorated-link\" href=\"https:\/\/www.leadinfo.com\/en\/legal\/opt-out\/?utm_source=chatgpt.com\" target=\"_new\" rel=\"noopener\" data-start=\"918\" data-end=\"960\">https:\/\/www.leadinfo.com\/en\/legal\/opt-out\/<\/a><\/p>\n<p data-start=\"962\" data-end=\"1027\">Weitere Informationen:<br \/>\n<a class=\"decorated-link\" href=\"https:\/\/www.leadinfo.com\/en\/legal\/privacy\/?utm_source=chatgpt.com\" target=\"_new\" rel=\"noopener\" data-start=\"985\" data-end=\"1027\">https:\/\/www.leadinfo.com\/en\/legal\/privacy\/<\/a><\/p>\n<p><strong>Einsichten und Beschwerden<\/strong><\/p>\n<p>Sie haben das Recht zu erfahren, welche personenbezogenen Daten wir \u00fcber Sie erfassen. Sie k\u00f6nnen der Verwendung der Informationen auch jederzeit widersprechen. Sie k\u00f6nnen auch Ihre Einwilligung zur Verarbeitung von Informationen \u00fcber Sie widerrufen. Wenn die \u00fcber Sie verarbeiteten Informationen unrichtig sind, haben Sie das Recht, diese berichtigen oder l\u00f6schen zu lassen. Bitte kontaktieren Sie:\u00a0<a href=\"mailto:info@greentec.eu\">info@greentec<\/a>.eu\u00a0f\u00fcr F\u00e4lle von Einsichten oder Beschwerden.<\/p>\n<p><strong>Herausgeber<\/strong><\/p>\n<p>Die Website ist Eigentum und wird ver\u00f6ffentlicht von:<\/p>\n<p>GreenTec A\/S<\/p>\n<p>Merkurvej 25, DK-6000 Kolding<\/p>\n<p>Telefon: +45 75 55 36 44<\/p>\n<p>E-Mail: info@greentec.eu<\/p>\n                <\/div>\n                                <\/article>\n\n            <\/div>\n<\/section><\/div><\/div><\/div><\/div><\/div>","protected":false},"excerpt":{"rendered":"<p>Datenschutzbestimmungen Wenn Sie unsere Website besuchen, werden Informationen \u00fcber Sie gesammelt, die verwendet werden, um unsere Inhalte anzupassen und zu verbessern und den Wert der auf der Seite angezeigten Anzeigen zu steigern. Wenn Sie nicht m\u00f6chten, dass Daten \u00fcber Sie gesammelt werden, m\u00fcssen Sie Ihre Cookies l\u00f6schen (siehe Anleitung) und die weitere Nutzung der Website [&hellip;]<\/p>\n","protected":false},"author":1,"featured_media":0,"parent":0,"menu_order":0,"comment_status":"closed","ping_status":"open","template":"","meta":{"_acf_changed":false,"_relevanssi_hide_post":"","_relevanssi_hide_content":"","_relevanssi_pin_for_all":"","_relevanssi_pin_keywords":"","_relevanssi_unpin_keywords":"","_relevanssi_related_keywords":"","_relevanssi_related_include_ids":"","_relevanssi_related_exclude_ids":"","_relevanssi_related_no_append":"","_relevanssi_related_not_related":"","_relevanssi_related_posts":"","_relevanssi_noindex_reason":"","inline_featured_image":false,"footnotes":""},"class_list":["post-14877","page","type-page","status-publish","hentry"],"acf":[],"yoast_head":"<!-- This site is optimized with the Yoast SEO plugin v27.0 - https:\/\/yoast.com\/product\/yoast-seo-wordpress\/ -->\n<title>Datenschutzbestimmungen - GreenTec<\/title>\n<meta name=\"robots\" content=\"index, follow, max-snippet:-1, max-image-preview:large, max-video-preview:-1\" \/>\n<link rel=\"canonical\" href=\"https:\/\/greentec.eu\/de\/datenschutzbestimmungen\/\" \/>\n<meta property=\"og:locale\" content=\"de_DE\" \/>\n<meta property=\"og:type\" content=\"article\" \/>\n<meta property=\"og:title\" content=\"Datenschutzbestimmungen - GreenTec\" \/>\n<meta property=\"og:description\" content=\"Datenschutzbestimmungen Wenn Sie unsere Website besuchen, werden Informationen \u00fcber Sie gesammelt, die verwendet werden, um unsere Inhalte anzupassen und zu verbessern und den Wert der auf der Seite angezeigten Anzeigen zu steigern. Wenn Sie nicht m\u00f6chten, dass Daten \u00fcber Sie gesammelt werden, m\u00fcssen Sie Ihre Cookies l\u00f6schen (siehe Anleitung) und die weitere Nutzung der Website [&hellip;]\" \/>\n<meta property=\"og:url\" content=\"https:\/\/greentec.eu\/de\/datenschutzbestimmungen\/\" \/>\n<meta property=\"og:site_name\" content=\"GreenTec\" \/>\n<meta property=\"article:modified_time\" content=\"2026-02-10T06:29:45+00:00\" \/>\n<meta name=\"twitter:card\" content=\"summary_large_image\" \/>\n<meta name=\"twitter:label1\" content=\"Est. reading time\" \/>\n\t<meta name=\"twitter:data1\" content=\"7 minutes\" \/>\n<script type=\"application\/ld+json\" class=\"yoast-schema-graph\">{\"@context\":\"https:\/\/schema.org\",\"@graph\":[{\"@type\":\"WebPage\",\"@id\":\"https:\/\/greentec.eu\/de\/datenschutzbestimmungen\/\",\"url\":\"https:\/\/greentec.eu\/de\/datenschutzbestimmungen\/\",\"name\":\"Datenschutzbestimmungen - GreenTec\",\"isPartOf\":{\"@id\":\"https:\/\/greentec.eu\/de\/#website\"},\"datePublished\":\"2022-06-13T08:55:17+00:00\",\"dateModified\":\"2026-02-10T06:29:45+00:00\",\"inLanguage\":\"de-DE\",\"potentialAction\":[{\"@type\":\"ReadAction\",\"target\":[\"https:\/\/greentec.eu\/de\/datenschutzbestimmungen\/\"]}]},{\"@type\":\"WebSite\",\"@id\":\"https:\/\/greentec.eu\/de\/#website\",\"url\":\"https:\/\/greentec.eu\/de\/\",\"name\":\"GreenTec\",\"description\":\"Maskiner til Hegnsklipning og Rabatklipning\",\"potentialAction\":[{\"@type\":\"SearchAction\",\"target\":{\"@type\":\"EntryPoint\",\"urlTemplate\":\"https:\/\/greentec.eu\/de\/?s={search_term_string}\"},\"query-input\":{\"@type\":\"PropertyValueSpecification\",\"valueRequired\":true,\"valueName\":\"search_term_string\"}}],\"inLanguage\":\"de-DE\"}]}<\/script>\n<!-- \/ Yoast SEO plugin. -->","yoast_head_json":{"title":"Datenschutzbestimmungen - GreenTec","robots":{"index":"index","follow":"follow","max-snippet":"max-snippet:-1","max-image-preview":"max-image-preview:large","max-video-preview":"max-video-preview:-1"},"canonical":"https:\/\/greentec.eu\/de\/datenschutzbestimmungen\/","og_locale":"de_DE","og_type":"article","og_title":"Datenschutzbestimmungen - GreenTec","og_description":"Datenschutzbestimmungen Wenn Sie unsere Website besuchen, werden Informationen \u00fcber Sie gesammelt, die verwendet werden, um unsere Inhalte anzupassen und zu verbessern und den Wert der auf der Seite angezeigten Anzeigen zu steigern. Wenn Sie nicht m\u00f6chten, dass Daten \u00fcber Sie gesammelt werden, m\u00fcssen Sie Ihre Cookies l\u00f6schen (siehe Anleitung) und die weitere Nutzung der Website [&hellip;]","og_url":"https:\/\/greentec.eu\/de\/datenschutzbestimmungen\/","og_site_name":"GreenTec","article_modified_time":"2026-02-10T06:29:45+00:00","twitter_card":"summary_large_image","twitter_misc":{"Est. reading time":"7 minutes"},"schema":{"@context":"https:\/\/schema.org","@graph":[{"@type":"WebPage","@id":"https:\/\/greentec.eu\/de\/datenschutzbestimmungen\/","url":"https:\/\/greentec.eu\/de\/datenschutzbestimmungen\/","name":"Datenschutzbestimmungen - GreenTec","isPartOf":{"@id":"https:\/\/greentec.eu\/de\/#website"},"datePublished":"2022-06-13T08:55:17+00:00","dateModified":"2026-02-10T06:29:45+00:00","inLanguage":"de-DE","potentialAction":[{"@type":"ReadAction","target":["https:\/\/greentec.eu\/de\/datenschutzbestimmungen\/"]}]},{"@type":"WebSite","@id":"https:\/\/greentec.eu\/de\/#website","url":"https:\/\/greentec.eu\/de\/","name":"GreenTec","description":"Maskiner til Hegnsklipning og Rabatklipning","potentialAction":[{"@type":"SearchAction","target":{"@type":"EntryPoint","urlTemplate":"https:\/\/greentec.eu\/de\/?s={search_term_string}"},"query-input":{"@type":"PropertyValueSpecification","valueRequired":true,"valueName":"search_term_string"}}],"inLanguage":"de-DE"}]}},"_links":{"self":[{"href":"https:\/\/greentec.eu\/de\/wp-json\/wp\/v2\/pages\/14877","targetHints":{"allow":["GET"]}}],"collection":[{"href":"https:\/\/greentec.eu\/de\/wp-json\/wp\/v2\/pages"}],"about":[{"href":"https:\/\/greentec.eu\/de\/wp-json\/wp\/v2\/types\/page"}],"author":[{"embeddable":true,"href":"https:\/\/greentec.eu\/de\/wp-json\/wp\/v2\/users\/1"}],"replies":[{"embeddable":true,"href":"https:\/\/greentec.eu\/de\/wp-json\/wp\/v2\/comments?post=14877"}],"version-history":[{"count":10,"href":"https:\/\/greentec.eu\/de\/wp-json\/wp\/v2\/pages\/14877\/revisions"}],"predecessor-version":[{"id":35374,"href":"https:\/\/greentec.eu\/de\/wp-json\/wp\/v2\/pages\/14877\/revisions\/35374"}],"wp:attachment":[{"href":"https:\/\/greentec.eu\/de\/wp-json\/wp\/v2\/media?parent=14877"}],"curies":[{"name":"wp","href":"https:\/\/api.w.org\/{rel}","templated":true}]}}