{"id":15011,"date":"2022-08-24T07:27:20","date_gmt":"2022-08-24T07:27:20","guid":{"rendered":"https:\/\/greentec.eu.bluebird.pw\/explore-learn\/"},"modified":"2023-02-02T11:42:47","modified_gmt":"2023-02-02T11:42:47","slug":"entdecken-lernen","status":"publish","type":"page","link":"https:\/\/greentec.eu\/de\/entdecken-lernen\/","title":{"rendered":"Entdecken und lernen"},"content":{"rendered":"<div id=\"pl-15011\"  class=\"panel-layout\" ><div id=\"pg-15011-0\"  class=\"panel-grid panel-no-style\" ><div id=\"pgc-15011-0-0\"  class=\"panel-grid-cell\" ><div id=\"panel-15011-0-0-0\" class=\"so-panel widget widget_mtt-archive panel-first-child panel-last-child\" data-index=\"0\" ><div\n\t\t\t\n\t\t\tclass=\"so-widget-mtt-archive so-widget-mtt-archive-base\"\n\t\t\t\n\t\t>    <section class=\"mtt-text-cover mtt-text-cover--article\">\n        <div class=\"pattern-container\">\n            <img decoding=\"async\" class=\"pattern-container__pattern pattern-container__pattern--left\" src=\"https:\/\/greentec.eu\/wp-content\/themes\/greentec-wordpress-theme\/public\/img\/svg\/pattern-text-cover.svg\" alt=\"GreenTec pattern\">\n        <\/div>\n        <div class=\"mtt-text-cover__inner page_container\">\n            <div class=\"mtt-text-cover__text\">\n                <div class=\"mtt-text-cover__text--tagline tagline--prim\">Artikel<\/div>                <h1 class=\"mtt-text-cover__text--title\">Entdecken und lernen<\/h1>\n                <div class=\"mtt-text-cover__text--text\">Informieren Sie sich \u00fcber Nachrichten bei GreenTec und erhalten Sie Tipps zur Nutzung Ihrer GreenTec-Maschinen!<\/div>            <\/div>\n    <\/section>\n    <section class=\"mtt-article-archive\" data-archive data-post-type=\"articles\" data-archive-per-page=\"9\">\n    <div class=\"page_container\">\n        <div class=\"mtt-article-categories\" data-parent-tax-slug=\"article_categories\">\n            <ul>\n                <li class='mtt-article-category'><button data-archive-button data-tax-slug='article_categories' data-term-id='0' class='active'>Alle<\/button><\/li><li class='mtt-article-category'><button data-archive-button data-tax-slug='article_categories' data-term-id='820' class=''>Presse<\/button><\/li><li class='mtt-article-category'><button data-archive-button data-tax-slug='article_categories' data-term-id='811' class=''>Tipps &amp; Tricks<\/button><\/li><li class='mtt-article-category'><button data-archive-button data-tax-slug='article_categories' data-term-id='724' class=''>Produktneuheiten<\/button><\/li><li class='mtt-article-category'><button data-archive-button data-tax-slug='article_categories' data-term-id='721' class=''>Aktivit\u00e4t<\/button><\/li><li class='mtt-article-category'><button data-archive-button data-tax-slug='article_categories' data-term-id='353' class=''>Anleitung<\/button><\/li>            <\/ul>\n        <\/div>\n    <\/div>\n\n    <div class=\"mtt-article-archive__content\">\n        <div class=\"page_container\">\n            <div class=\"mtt-article-categories mtt-article-categories--tags\" data-parent-tax-slug=\"article_tags\">\n                <ul>\n                    <li class='mtt-article-tag'><button data-archive-button data-tax-slug='article_tags' data-term-id='0' class='active'>Alle<\/button><\/li><li class='mtt-article-tag'><button data-archive-button data-tax-slug='article_tags' data-term-id='857' class=''>Tiger<\/button><\/li><li class='mtt-article-tag'><button data-archive-button data-tax-slug='article_tags' data-term-id='822' class=''>FOX<\/button><\/li><li class='mtt-article-tag'><button data-archive-button data-tax-slug='article_tags' data-term-id='814' class=''>FR<\/button><\/li><li class='mtt-article-tag'><button data-archive-button data-tax-slug='article_tags' data-term-id='812' class=''>LRS<\/button><\/li><li class='mtt-article-tag'><button data-archive-button data-tax-slug='article_tags' data-term-id='731' class=''>Spider<\/button><\/li><li class='mtt-article-tag'><button data-archive-button data-tax-slug='article_tags' data-term-id='354' class=''>Scorpion<\/button><\/li><li class='mtt-article-tag'><button data-archive-button data-tax-slug='article_tags' data-term-id='791' class=''>RX<\/button><\/li><li class='mtt-article-tag'><button data-archive-button data-tax-slug='article_tags' data-term-id='787' class=''>RI<\/button><\/li>                <\/ul>\n            <\/div>\n\n            <div class=\"mtt-article-archive__grid\" data-archive-target>\n                \n<a class=\"mtt-article-card\" href=\"https:\/\/greentec.eu\/de\/artikel\/greentec-geht-eine-zirkulaere-partnerschaft-mit-papirvaerk-ein\/\">\n    <div class=\"mtt-article-card__image\">\n                                <div class=\"object-fit object-fit--fill\">\n                <img decoding=\"async\" width=\"404\" height=\"280\" src=\"https:\/\/greentec.eu\/wp-content\/uploads\/2026\/03\/Article-11-404x280.webp\" class=\"attachment-410x280x size-410x280x\" alt=\"GreenTec Papirv\u00e6rk\" srcset=\"https:\/\/greentec.eu\/wp-content\/uploads\/2026\/03\/Article-11-404x280.webp 404w, https:\/\/greentec.eu\/wp-content\/uploads\/2026\/03\/Article-11-150x104.webp 150w, https:\/\/greentec.eu\/wp-content\/uploads\/2026\/03\/Article-11-180x125.webp 180w, https:\/\/greentec.eu\/wp-content\/uploads\/2026\/03\/Article-11-600x416.webp 600w, https:\/\/greentec.eu\/wp-content\/uploads\/2026\/03\/Article-11-300x208.webp 300w, https:\/\/greentec.eu\/wp-content\/uploads\/2026\/03\/Article-11.webp 678w\" sizes=\"(max-width: 404px) 100vw, 404px\" \/>            <\/div>\n            <\/div>\n    <div class=\"mtt-article-card__text\">\n                    <div class=\"mtt-article-card__category\">\n                Presse            <\/div>\n                <div class=\"mtt-article-card__title\">\n            GreenTec geht eine zirkul\u00e4re Partnerschaft mit Papirv\u00e6rk ein        <\/div>\n    <\/div>\n<\/a>\n<a class=\"mtt-article-card\" href=\"https:\/\/greentec.eu\/de\/artikel\/greentec-auf-agritechnica-2025\/\">\n    <div class=\"mtt-article-card__image\">\n                                <div class=\"object-fit object-fit--fill\">\n                <img decoding=\"async\" width=\"404\" height=\"280\" src=\"https:\/\/greentec.eu\/wp-content\/uploads\/2025\/10\/Article-1-404x280.webp\" class=\"attachment-410x280x size-410x280x\" alt=\"Agritechnica 2025 GreenTec\" srcset=\"https:\/\/greentec.eu\/wp-content\/uploads\/2025\/10\/Article-1-404x280.webp 404w, https:\/\/greentec.eu\/wp-content\/uploads\/2025\/10\/Article-1-300x208.webp 300w, https:\/\/greentec.eu\/wp-content\/uploads\/2025\/10\/Article-1-150x104.webp 150w, https:\/\/greentec.eu\/wp-content\/uploads\/2025\/10\/Article-1-180x125.webp 180w, https:\/\/greentec.eu\/wp-content\/uploads\/2025\/10\/Article-1-600x416.webp 600w, https:\/\/greentec.eu\/wp-content\/uploads\/2025\/10\/Article-1.webp 678w\" sizes=\"(max-width: 404px) 100vw, 404px\" \/>            <\/div>\n            <\/div>\n    <div class=\"mtt-article-card__text\">\n                    <div class=\"mtt-article-card__category\">\n                Presse            <\/div>\n                <div class=\"mtt-article-card__title\">\n            GreenTec auf Agritechnica 2025        <\/div>\n    <\/div>\n<\/a>\n<a class=\"mtt-article-card\" href=\"https:\/\/greentec.eu\/de\/artikel\/neuheit-scorpion-490-plus\/\">\n    <div class=\"mtt-article-card__image\">\n                                <div class=\"object-fit object-fit--fill\">\n                <img decoding=\"async\" width=\"404\" height=\"280\" src=\"https:\/\/greentec.eu\/wp-content\/uploads\/2025\/10\/Article-404x280.webp\" class=\"attachment-410x280x size-410x280x\" alt=\"New hedge cutter Scorpion 490 PLUS\" srcset=\"https:\/\/greentec.eu\/wp-content\/uploads\/2025\/10\/Article-404x280.webp 404w, https:\/\/greentec.eu\/wp-content\/uploads\/2025\/10\/Article-150x104.webp 150w, https:\/\/greentec.eu\/wp-content\/uploads\/2025\/10\/Article-180x125.webp 180w, https:\/\/greentec.eu\/wp-content\/uploads\/2025\/10\/Article-600x416.webp 600w, https:\/\/greentec.eu\/wp-content\/uploads\/2025\/10\/Article-300x208.webp 300w, https:\/\/greentec.eu\/wp-content\/uploads\/2025\/10\/Article.webp 678w\" sizes=\"(max-width: 404px) 100vw, 404px\" \/>            <\/div>\n            <\/div>\n    <div class=\"mtt-article-card__text\">\n                    <div class=\"mtt-article-card__category\">\n                Presse            <\/div>\n                <div class=\"mtt-article-card__title\">\n            Neuheit: Scorpion 490 PLUS        <\/div>\n    <\/div>\n<\/a>\n<a class=\"mtt-article-card\" href=\"https:\/\/greentec.eu\/de\/artikel\/neuheit-tiger-rotormulcher\/\">\n    <div class=\"mtt-article-card__image\">\n                                <div class=\"object-fit object-fit--fill\">\n                <img decoding=\"async\" width=\"404\" height=\"280\" src=\"https:\/\/greentec.eu\/wp-content\/uploads\/2025\/09\/Tiger-artikel-404x280.webp\" class=\"attachment-410x280x size-410x280x\" alt=\"Tiger Rotorklipper Nyhed\" srcset=\"https:\/\/greentec.eu\/wp-content\/uploads\/2025\/09\/Tiger-artikel-404x280.webp 404w, https:\/\/greentec.eu\/wp-content\/uploads\/2025\/09\/Tiger-artikel-300x208.webp 300w, https:\/\/greentec.eu\/wp-content\/uploads\/2025\/09\/Tiger-artikel-150x104.webp 150w, https:\/\/greentec.eu\/wp-content\/uploads\/2025\/09\/Tiger-artikel-180x125.webp 180w, https:\/\/greentec.eu\/wp-content\/uploads\/2025\/09\/Tiger-artikel-600x416.webp 600w, https:\/\/greentec.eu\/wp-content\/uploads\/2025\/09\/Tiger-artikel.webp 678w\" sizes=\"(max-width: 404px) 100vw, 404px\" \/>            <\/div>\n            <\/div>\n    <div class=\"mtt-article-card__text\">\n                    <div class=\"mtt-article-card__category\">\n                Presse            <\/div>\n                <div class=\"mtt-article-card__title\">\n            Product News: Tiger Rotary Mower        <\/div>\n    <\/div>\n<\/a>\n<a class=\"mtt-article-card\" href=\"https:\/\/greentec.eu\/de\/artikel\/greentec-uebernimmt-razorback\/\">\n    <div class=\"mtt-article-card__image\">\n                                <div class=\"object-fit object-fit--fill\">\n                <img decoding=\"async\" width=\"410\" height=\"231\" src=\"https:\/\/greentec.eu\/wp-content\/uploads\/2025\/08\/Martin-John-Mads-Henrik-2-min-scaled-410x231.jpg\" class=\"attachment-410x280x size-410x280x\" alt=\"Razorback and Greentec\" srcset=\"https:\/\/greentec.eu\/wp-content\/uploads\/2025\/08\/Martin-John-Mads-Henrik-2-min-scaled-410x231.jpg 410w, https:\/\/greentec.eu\/wp-content\/uploads\/2025\/08\/Martin-John-Mads-Henrik-2-min-scaled-1024x576.jpg 1024w, https:\/\/greentec.eu\/wp-content\/uploads\/2025\/08\/Martin-John-Mads-Henrik-2-min-scaled-768x432.jpg 768w, https:\/\/greentec.eu\/wp-content\/uploads\/2025\/08\/Martin-John-Mads-Henrik-2-min-scaled-2000x1125.jpg 2000w, https:\/\/greentec.eu\/wp-content\/uploads\/2025\/08\/Martin-John-Mads-Henrik-2-min-scaled-150x84.jpg 150w, https:\/\/greentec.eu\/wp-content\/uploads\/2025\/08\/Martin-John-Mads-Henrik-2-min-scaled-180x101.jpg 180w, https:\/\/greentec.eu\/wp-content\/uploads\/2025\/08\/Martin-John-Mads-Henrik-2-min-scaled-600x338.jpg 600w, https:\/\/greentec.eu\/wp-content\/uploads\/2025\/08\/Martin-John-Mads-Henrik-2-min-scaled-300x169.jpg 300w\" sizes=\"(max-width: 410px) 100vw, 410px\" \/>            <\/div>\n            <\/div>\n    <div class=\"mtt-article-card__text\">\n                    <div class=\"mtt-article-card__category\">\n                Presse            <\/div>\n                <div class=\"mtt-article-card__title\">\n            GreenTec \u00fcbernimmt Razorback        <\/div>\n    <\/div>\n<\/a>\n<a class=\"mtt-article-card\" href=\"https:\/\/greentec.eu\/de\/artikel\/der-fox-wird-jetzt-komplett-montiert-geliefert\/\">\n    <div class=\"mtt-article-card__image\">\n                                <div class=\"object-fit object-fit--fill\">\n                <img decoding=\"async\" width=\"404\" height=\"280\" src=\"https:\/\/greentec.eu\/wp-content\/uploads\/2025\/05\/FOX-assembled-thumbnail-404x280.webp\" class=\"attachment-410x280x size-410x280x\" alt=\"FOX assembled\" srcset=\"https:\/\/greentec.eu\/wp-content\/uploads\/2025\/05\/FOX-assembled-thumbnail-404x280.webp 404w, https:\/\/greentec.eu\/wp-content\/uploads\/2025\/05\/FOX-assembled-thumbnail-150x104.webp 150w, https:\/\/greentec.eu\/wp-content\/uploads\/2025\/05\/FOX-assembled-thumbnail-180x125.webp 180w, https:\/\/greentec.eu\/wp-content\/uploads\/2025\/05\/FOX-assembled-thumbnail-600x416.webp 600w, https:\/\/greentec.eu\/wp-content\/uploads\/2025\/05\/FOX-assembled-thumbnail-300x208.webp 300w, https:\/\/greentec.eu\/wp-content\/uploads\/2025\/05\/FOX-assembled-thumbnail.webp 678w\" sizes=\"(max-width: 404px) 100vw, 404px\" \/>            <\/div>\n            <\/div>\n    <div class=\"mtt-article-card__text\">\n                    <div class=\"mtt-article-card__category\">\n                Presse            <\/div>\n                <div class=\"mtt-article-card__title\">\n            Der FOX wird jetzt komplett montiert geliefert        <\/div>\n    <\/div>\n<\/a>\n<a class=\"mtt-article-card\" href=\"https:\/\/greentec.eu\/de\/artikel\/treffen-sie-greentec-auf-dyrskuerne\/\">\n    <div class=\"mtt-article-card__image\">\n                                <div class=\"object-fit object-fit--fill\">\n                <img decoding=\"async\" width=\"404\" height=\"280\" src=\"https:\/\/greentec.eu\/wp-content\/uploads\/2025\/05\/Dyrskue-thumbnail-404x280.webp\" class=\"attachment-410x280x size-410x280x\" alt=\"GreenTec Roskilde Dyrskue Aabenraa\" srcset=\"https:\/\/greentec.eu\/wp-content\/uploads\/2025\/05\/Dyrskue-thumbnail-404x280.webp 404w, https:\/\/greentec.eu\/wp-content\/uploads\/2025\/05\/Dyrskue-thumbnail-1024x710.webp 1024w, https:\/\/greentec.eu\/wp-content\/uploads\/2025\/05\/Dyrskue-thumbnail-768x532.webp 768w, https:\/\/greentec.eu\/wp-content\/uploads\/2025\/05\/Dyrskue-thumbnail-2000x1386.webp 2000w, https:\/\/greentec.eu\/wp-content\/uploads\/2025\/05\/Dyrskue-thumbnail-150x104.webp 150w, https:\/\/greentec.eu\/wp-content\/uploads\/2025\/05\/Dyrskue-thumbnail-180x125.webp 180w, https:\/\/greentec.eu\/wp-content\/uploads\/2025\/05\/Dyrskue-thumbnail-300x208.webp 300w, https:\/\/greentec.eu\/wp-content\/uploads\/2025\/05\/Dyrskue-thumbnail-600x416.webp 600w\" sizes=\"(max-width: 404px) 100vw, 404px\" \/>            <\/div>\n            <\/div>\n    <div class=\"mtt-article-card__text\">\n                    <div class=\"mtt-article-card__category\">\n                Presse            <\/div>\n                <div class=\"mtt-article-card__title\">\n            Treffen Sie GreenTec auf &#8220;Dyrskuerne&#8221;        <\/div>\n    <\/div>\n<\/a>\n<a class=\"mtt-article-card\" href=\"https:\/\/greentec.eu\/de\/artikel\/greentec-auf-der-demopark-2025\/\">\n    <div class=\"mtt-article-card__image\">\n                                <div class=\"object-fit object-fit--fill\">\n                <img decoding=\"async\" width=\"404\" height=\"280\" src=\"https:\/\/greentec.eu\/wp-content\/uploads\/2025\/05\/thumbnail-blog-demopark-1-404x280.webp\" class=\"attachment-410x280x size-410x280x\" alt=\"GreenTec at DEMOPARK 2025\" srcset=\"https:\/\/greentec.eu\/wp-content\/uploads\/2025\/05\/thumbnail-blog-demopark-1-404x280.webp 404w, https:\/\/greentec.eu\/wp-content\/uploads\/2025\/05\/thumbnail-blog-demopark-1-1024x710.webp 1024w, https:\/\/greentec.eu\/wp-content\/uploads\/2025\/05\/thumbnail-blog-demopark-1-768x532.webp 768w, https:\/\/greentec.eu\/wp-content\/uploads\/2025\/05\/thumbnail-blog-demopark-1-150x104.webp 150w, https:\/\/greentec.eu\/wp-content\/uploads\/2025\/05\/thumbnail-blog-demopark-1-180x125.webp 180w, https:\/\/greentec.eu\/wp-content\/uploads\/2025\/05\/thumbnail-blog-demopark-1-2000x1386.webp 2000w, https:\/\/greentec.eu\/wp-content\/uploads\/2025\/05\/thumbnail-blog-demopark-1-600x416.webp 600w, https:\/\/greentec.eu\/wp-content\/uploads\/2025\/05\/thumbnail-blog-demopark-1-300x208.webp 300w\" sizes=\"(max-width: 404px) 100vw, 404px\" \/>            <\/div>\n            <\/div>\n    <div class=\"mtt-article-card__text\">\n                    <div class=\"mtt-article-card__category\">\n                Presse            <\/div>\n                <div class=\"mtt-article-card__title\">\n            GreenTec auf der DEMOPARK 2025        <\/div>\n    <\/div>\n<\/a>\n<a class=\"mtt-article-card\" href=\"https:\/\/greentec.eu\/de\/artikel\/warum-verwenden-wir-strenx-700-stahl\/\">\n    <div class=\"mtt-article-card__image\">\n                                <div class=\"object-fit object-fit--fill\">\n                <img decoding=\"async\" width=\"404\" height=\"280\" src=\"https:\/\/greentec.eu\/wp-content\/uploads\/2025\/05\/Thumbnail-for-Blog-404x280.webp\" class=\"attachment-410x280x size-410x280x\" alt=\"GreenTec Strenx 700 SSAB\" srcset=\"https:\/\/greentec.eu\/wp-content\/uploads\/2025\/05\/Thumbnail-for-Blog-404x280.webp 404w, https:\/\/greentec.eu\/wp-content\/uploads\/2025\/05\/Thumbnail-for-Blog-150x104.webp 150w, https:\/\/greentec.eu\/wp-content\/uploads\/2025\/05\/Thumbnail-for-Blog-180x125.webp 180w, https:\/\/greentec.eu\/wp-content\/uploads\/2025\/05\/Thumbnail-for-Blog-300x208.webp 300w, https:\/\/greentec.eu\/wp-content\/uploads\/2025\/05\/Thumbnail-for-Blog-600x416.webp 600w, https:\/\/greentec.eu\/wp-content\/uploads\/2025\/05\/Thumbnail-for-Blog.webp 678w\" sizes=\"(max-width: 404px) 100vw, 404px\" \/>            <\/div>\n            <\/div>\n    <div class=\"mtt-article-card__text\">\n                    <div class=\"mtt-article-card__category\">\n                Tipps &amp; Tricks            <\/div>\n                <div class=\"mtt-article-card__title\">\n            Warum verwenden wir Strenx\u00ae 700 Stahl?        <\/div>\n    <\/div>\n<\/a>            <\/div>\n\n            <div class=\"mtt-archive__pagination\" data-archive-pagination>\n                <div class='mtt-pagination'><button class='mtt-pagination__toggle' data-page='0' aria-label='Forrige' disabled><svg xmlns=\"http:\/\/www.w3.org\/2000\/svg\" viewBox=\"0 0 6 10\" fill=\"currentColor\"><path d=\"M6 9a1 1 0 0 1-.293.707 1 1 0 0 1-1.414 0l-4-4a1 1 0 0 1 0-1.414 1 1 0 0 1 1.414 0l4 4A1 1 0 0 1 6 9Z\"\/><path d=\"M6 1a1 1 0 0 1-.293.707l-4 4a1 1 0 0 1-1.414 0 1 1 0 0 1 0-1.414l4-4A1 1 0 0 1 6 1Z\"\/><\/svg><\/button><span class='mtt-pagination__toggle mtt-pagination__toggle--active' data-page='1'>1<\/span><button class='mtt-pagination__toggle' data-page='2'>2<\/button><button class='mtt-pagination__toggle' data-page='3'>3<\/button><button class='mtt-pagination__toggle' data-page='4'>4<\/button><button class='mtt-pagination__toggle' data-page='2' aria-label='N\u00e6ste'><svg xmlns=\"http:\/\/www.w3.org\/2000\/svg\" viewBox=\"0 0 6 10\" fill=\"currentColor\"><path d=\"M6 5a1 1 0 0 1-.293.707l-4 4a1 1 0 0 1-1.414 0 1 1 0 0 1 0-1.414l4-4A1 1 0 0 1 6 5Z\"\/><path d=\"M6 5a1 1 0 0 1-.293.707 1 1 0 0 1-1.414 0l-4-4a1 1 0 0 1 0-1.414 1 1 0 0 1 1.414 0l4 4A1 1 0 0 1 6 5Z\"\/><\/svg><\/button><\/div>            <\/div>\n        <\/div>\n    <\/div>\n<\/section><\/div><\/div><\/div><\/div><\/div>","protected":false},"excerpt":{"rendered":"<p>Artikel Entdecken und lernen Informieren Sie sich \u00fcber Nachrichten bei GreenTec und erhalten Sie Tipps zur Nutzung Ihrer GreenTec-Maschinen! AllePresseTipps &amp; TricksProduktneuheitenAktivit\u00e4tAnleitung AlleTigerFOXFRLRSSpiderScorpionRXRI Presse GreenTec geht eine zirkul\u00e4re Partnerschaft mit Papirv\u00e6rk ein Presse GreenTec auf Agritechnica 2025 Presse Neuheit: Scorpion 490 PLUS Presse Product News: Tiger Rotary Mower Presse GreenTec \u00fcbernimmt Razorback Presse Der FOX [&hellip;]<\/p>\n","protected":false},"author":1,"featured_media":0,"parent":0,"menu_order":0,"comment_status":"closed","ping_status":"closed","template":"","meta":{"_acf_changed":false,"_relevanssi_hide_post":"","_relevanssi_hide_content":"","_relevanssi_pin_for_all":"","_relevanssi_pin_keywords":"","_relevanssi_unpin_keywords":"","_relevanssi_related_keywords":"","_relevanssi_related_include_ids":"","_relevanssi_related_exclude_ids":"","_relevanssi_related_no_append":"","_relevanssi_related_not_related":"","_relevanssi_related_posts":"","_relevanssi_noindex_reason":"","inline_featured_image":false,"footnotes":""},"class_list":["post-15011","page","type-page","status-publish","hentry"],"acf":[],"yoast_head":"<!-- This site is optimized with the Yoast SEO plugin v27.0 - https:\/\/yoast.com\/product\/yoast-seo-wordpress\/ -->\n<title>Entdecken und lernen - GreenTec<\/title>\n<meta name=\"robots\" content=\"index, follow, max-snippet:-1, max-image-preview:large, max-video-preview:-1\" \/>\n<link rel=\"canonical\" href=\"https:\/\/greentec.eu\/de\/entdecken-lernen\/\" \/>\n<meta property=\"og:locale\" content=\"de_DE\" \/>\n<meta property=\"og:type\" content=\"article\" \/>\n<meta property=\"og:title\" content=\"Entdecken und lernen - GreenTec\" \/>\n<meta property=\"og:description\" content=\"Artikel Entdecken und lernen Informieren Sie sich \u00fcber Nachrichten bei GreenTec und erhalten Sie Tipps zur Nutzung Ihrer GreenTec-Maschinen! AllePresseTipps &amp; TricksProduktneuheitenAktivit\u00e4tAnleitung AlleTigerFOXFRLRSSpiderScorpionRXRI Presse GreenTec geht eine zirkul\u00e4re Partnerschaft mit Papirv\u00e6rk ein Presse GreenTec auf Agritechnica 2025 Presse Neuheit: Scorpion 490 PLUS Presse Product News: Tiger Rotary Mower Presse GreenTec \u00fcbernimmt Razorback Presse Der FOX [&hellip;]\" \/>\n<meta property=\"og:url\" content=\"https:\/\/greentec.eu\/de\/entdecken-lernen\/\" \/>\n<meta property=\"og:site_name\" content=\"GreenTec\" \/>\n<meta property=\"article:modified_time\" content=\"2023-02-02T11:42:47+00:00\" \/>\n<meta name=\"twitter:card\" content=\"summary_large_image\" \/>\n<meta name=\"twitter:label1\" content=\"Est. reading time\" \/>\n\t<meta name=\"twitter:data1\" content=\"1 minute\" \/>\n<script type=\"application\/ld+json\" class=\"yoast-schema-graph\">{\"@context\":\"https:\/\/schema.org\",\"@graph\":[{\"@type\":\"WebPage\",\"@id\":\"https:\/\/greentec.eu\/de\/entdecken-lernen\/\",\"url\":\"https:\/\/greentec.eu\/de\/entdecken-lernen\/\",\"name\":\"Entdecken und lernen - GreenTec\",\"isPartOf\":{\"@id\":\"https:\/\/greentec.eu\/de\/#website\"},\"datePublished\":\"2022-08-24T07:27:20+00:00\",\"dateModified\":\"2023-02-02T11:42:47+00:00\",\"inLanguage\":\"de-DE\",\"potentialAction\":[{\"@type\":\"ReadAction\",\"target\":[\"https:\/\/greentec.eu\/de\/entdecken-lernen\/\"]}]},{\"@type\":\"WebSite\",\"@id\":\"https:\/\/greentec.eu\/de\/#website\",\"url\":\"https:\/\/greentec.eu\/de\/\",\"name\":\"GreenTec\",\"description\":\"Maskiner til Hegnsklipning og Rabatklipning\",\"potentialAction\":[{\"@type\":\"SearchAction\",\"target\":{\"@type\":\"EntryPoint\",\"urlTemplate\":\"https:\/\/greentec.eu\/de\/?s={search_term_string}\"},\"query-input\":{\"@type\":\"PropertyValueSpecification\",\"valueRequired\":true,\"valueName\":\"search_term_string\"}}],\"inLanguage\":\"de-DE\"}]}<\/script>\n<!-- \/ Yoast SEO plugin. -->","yoast_head_json":{"title":"Entdecken und lernen - GreenTec","robots":{"index":"index","follow":"follow","max-snippet":"max-snippet:-1","max-image-preview":"max-image-preview:large","max-video-preview":"max-video-preview:-1"},"canonical":"https:\/\/greentec.eu\/de\/entdecken-lernen\/","og_locale":"de_DE","og_type":"article","og_title":"Entdecken und lernen - GreenTec","og_description":"Artikel Entdecken und lernen Informieren Sie sich \u00fcber Nachrichten bei GreenTec und erhalten Sie Tipps zur Nutzung Ihrer GreenTec-Maschinen! AllePresseTipps &amp; TricksProduktneuheitenAktivit\u00e4tAnleitung AlleTigerFOXFRLRSSpiderScorpionRXRI Presse GreenTec geht eine zirkul\u00e4re Partnerschaft mit Papirv\u00e6rk ein Presse GreenTec auf Agritechnica 2025 Presse Neuheit: Scorpion 490 PLUS Presse Product News: Tiger Rotary Mower Presse GreenTec \u00fcbernimmt Razorback Presse Der FOX [&hellip;]","og_url":"https:\/\/greentec.eu\/de\/entdecken-lernen\/","og_site_name":"GreenTec","article_modified_time":"2023-02-02T11:42:47+00:00","twitter_card":"summary_large_image","twitter_misc":{"Est. reading time":"1 minute"},"schema":{"@context":"https:\/\/schema.org","@graph":[{"@type":"WebPage","@id":"https:\/\/greentec.eu\/de\/entdecken-lernen\/","url":"https:\/\/greentec.eu\/de\/entdecken-lernen\/","name":"Entdecken und lernen - GreenTec","isPartOf":{"@id":"https:\/\/greentec.eu\/de\/#website"},"datePublished":"2022-08-24T07:27:20+00:00","dateModified":"2023-02-02T11:42:47+00:00","inLanguage":"de-DE","potentialAction":[{"@type":"ReadAction","target":["https:\/\/greentec.eu\/de\/entdecken-lernen\/"]}]},{"@type":"WebSite","@id":"https:\/\/greentec.eu\/de\/#website","url":"https:\/\/greentec.eu\/de\/","name":"GreenTec","description":"Maskiner til Hegnsklipning og Rabatklipning","potentialAction":[{"@type":"SearchAction","target":{"@type":"EntryPoint","urlTemplate":"https:\/\/greentec.eu\/de\/?s={search_term_string}"},"query-input":{"@type":"PropertyValueSpecification","valueRequired":true,"valueName":"search_term_string"}}],"inLanguage":"de-DE"}]}},"_links":{"self":[{"href":"https:\/\/greentec.eu\/de\/wp-json\/wp\/v2\/pages\/15011","targetHints":{"allow":["GET"]}}],"collection":[{"href":"https:\/\/greentec.eu\/de\/wp-json\/wp\/v2\/pages"}],"about":[{"href":"https:\/\/greentec.eu\/de\/wp-json\/wp\/v2\/types\/page"}],"author":[{"embeddable":true,"href":"https:\/\/greentec.eu\/de\/wp-json\/wp\/v2\/users\/1"}],"replies":[{"embeddable":true,"href":"https:\/\/greentec.eu\/de\/wp-json\/wp\/v2\/comments?post=15011"}],"version-history":[{"count":11,"href":"https:\/\/greentec.eu\/de\/wp-json\/wp\/v2\/pages\/15011\/revisions"}],"predecessor-version":[{"id":20405,"href":"https:\/\/greentec.eu\/de\/wp-json\/wp\/v2\/pages\/15011\/revisions\/20405"}],"wp:attachment":[{"href":"https:\/\/greentec.eu\/de\/wp-json\/wp\/v2\/media?parent=15011"}],"curies":[{"name":"wp","href":"https:\/\/api.w.org\/{rel}","templated":true}]}}