{"id":11100,"date":"2022-07-22T09:27:29","date_gmt":"2022-07-22T09:27:29","guid":{"rendered":"https:\/\/greentec.eu.bluebird.pw\/references\/"},"modified":"2022-11-23T09:55:14","modified_gmt":"2022-11-23T09:55:14","slug":"references","status":"publish","type":"page","link":"https:\/\/greentec.eu\/fr\/references\/","title":{"rendered":"R\u00e9f\u00e9rences"},"content":{"rendered":"<div id=\"pl-11100\"  class=\"panel-layout\" ><div id=\"pg-11100-0\"  class=\"panel-grid panel-no-style\" ><div id=\"pgc-11100-0-0\"  class=\"panel-grid-cell\" ><div id=\"panel-11100-0-0-0\" class=\"so-panel widget widget_mtt-archive panel-first-child panel-last-child\" data-index=\"0\" ><div\n\t\t\t\n\t\t\tclass=\"so-widget-mtt-archive so-widget-mtt-archive-base\"\n\t\t\t\n\t\t>    <section class=\"mtt-text-cover\">\n        <div class=\"pattern-container\">\n            <img decoding=\"async\" class=\"pattern-container__pattern pattern-container__pattern--left\" src=\"https:\/\/greentec.eu\/wp-content\/themes\/greentec-wordpress-theme\/public\/img\/svg\/pattern-text-cover.svg\" alt=\"GreenTec pattern\">\n        <\/div>\n        <div class=\"mtt-text-cover__inner page_container\">\n            <div class=\"mtt-text-cover__text\">\n                <div class=\"mtt-text-cover__text--tagline tagline--prim\">Inspirez vous de nos clients<\/div>                <h1 class=\"mtt-text-cover__text--title\">R\u00e9f\u00e9rences<\/h1>\n                <div class=\"mtt-text-cover__text--text\">D\u00e9couvrez les histoires de nos clients et laissez-vous inspirer pour votre entreprise !<\/div>            <\/div>\n    <\/section>\n    <section class=\"mtt-post-archive  spacing_top_56 spacing_bottom_104 spacing-classes-added\" data-archive data-post-type=\"references\" data-archive-per-page=\"15\">\n    <div class=\"page_container\">\n        <div class=\"mtt-post-archive__title\">\n                        <div class=\"mtt-post-archive-categories\" data-parent-tax-slug=\"references_categories\">\n                <ul class=\"mtt-post-archive-categories__list\">\n                    <li class='mtt-archive-category'><button data-archive-button data-tax-slug='references_categories' data-term-id='733,735,734' class='active'>Tous<\/button><\/li><li class='mtt-archive-category'><button data-archive-button data-tax-slug='references_categories' data-term-id='733' class=''>\u00c9pareuses<\/button><\/li><li class='mtt-archive-category'><button data-archive-button data-tax-slug='references_categories' data-term-id='735' class=''>Multiporteurs<\/button><\/li><li class='mtt-archive-category'><button data-archive-button data-tax-slug='references_categories' data-term-id='734' class=''>Outils<\/button><\/li>                <\/ul>\n            <\/div>\n        <\/div>\n        <div class=\"mtt-post-archive__layout\">\n            <div class=\"mtt-post-archive__content\">\n                <div class=\"mtt-post-archive__grid\" data-archive-target>\n                    \n<div class=\"post-card\">\n    <a href=\"https:\/\/greentec.eu\/fr\/references\/de-belles-coupes-et-des-resultats-de-paillage-propres\/\" class=\"post-card__link\"><\/a>\n    <div class=\"post-card__image-container\">\n        <div class=\"post-card__image object-fit\">\n            <img decoding=\"async\" src=\"https:\/\/greentec.eu\/wp-content\/uploads\/2024\/03\/Gerhard-Kreiml-Featured-image-550x413.webp\" alt=\"Lamier avant mont\u00e9 sur tracteur\">\n        <\/div>\n    <\/div>\n    <div class=\"post-card__text-container\">\n        <h3 class=\"post-card__title\">\n            De belles coupes et des r\u00e9sultats de paillage propres        <\/h3>\n                    <p class=\"post-card__person\">Gerhard Kreiml - Lambach, Autriche<\/p>\n                            <div class=\"post-card__excerpt\">\n                Nous pouvons utiliser nos prairies de mani\u00e8re beaucoup plus efficace et productive, car nous coupons toujours les arbres pour contrer l\u2019ombrage en bordure de la for\u00eat en temps opportun.            <\/div>\n            <\/div>\n<\/div>\n<div class=\"post-card\">\n    <a href=\"https:\/\/greentec.eu\/fr\/references\/entretien-des-brise-vent-avec-une-lamier\/\" class=\"post-card__link\"><\/a>\n    <div class=\"post-card__image-container\">\n        <div class=\"post-card__image object-fit\">\n            <img decoding=\"async\" src=\"https:\/\/greentec.eu\/wp-content\/uploads\/2024\/02\/Johann-Appoyer-Featured-image-550x413.webp\" alt=\"Accessoire scie pour l'entretien des brise-vent\">\n        <\/div>\n    <\/div>\n    <div class=\"post-card__text-container\">\n        <h3 class=\"post-card__title\">\n            Entretien des brise-vent avec une lamier        <\/h3>\n                    <p class=\"post-card__person\">Johann Appoyer - Grabern, Autriche<\/p>\n                            <div class=\"post-card__excerpt\">\n                Le lamier LRS 1602 de GreenTec r\u00e9pond parfaitement \u00e0 mes besoins. Elle est polyvalente et extr\u00eamement robuste. Les caract\u00e9ristiques de s\u00e9curit\u00e9 sont \u00e9galement excellentes. Je suis totalement satisfait. Mes haies brise-vent sont \u00e0 nouveau belles et \u00e9troites.            <\/div>\n            <\/div>\n<\/div>\n<div class=\"post-card\">\n    <a href=\"https:\/\/greentec.eu\/fr\/references\/elagage-des-arbres-de-maniere-sure-et-efficace\/\" class=\"post-card__link\"><\/a>\n    <div class=\"post-card__image-container\">\n        <div class=\"post-card__image object-fit\">\n            <img decoding=\"async\" src=\"https:\/\/greentec.eu\/wp-content\/uploads\/2024\/02\/Christoph-Muss-Featured-image-550x413.webp\" alt=\"Pelle avec scie hydraulique\">\n        <\/div>\n    <\/div>\n    <div class=\"post-card__text-container\">\n        <h3 class=\"post-card__title\">\n            L\u2019\u00e9lagage des arbres de mani\u00e8re s\u00fbre et efficace        <\/h3>\n                    <p class=\"post-card__person\">Christoph Muss - Salzkammergut, Autriche<\/p>\n                            <div class=\"post-card__excerpt\">\n                Le lamier de GreenTec a une coupe tr\u00e8s lisse et des performances \u00e9lev\u00e9es, ce qui me permet d\u2019\u00e9laguer rapidement et en douceur m\u00eame les branches \u00e9paisses            <\/div>\n            <\/div>\n<\/div>\n<div class=\"post-card\">\n    <a href=\"https:\/\/greentec.eu\/fr\/references\/fauchage-des-accotements-dans-trois-municipalites\/\" class=\"post-card__link\"><\/a>\n    <div class=\"post-card__image-container\">\n        <div class=\"post-card__image object-fit\">\n            <img decoding=\"async\" src=\"https:\/\/greentec.eu\/wp-content\/uploads\/2024\/02\/Manfred-Pichler-Featured-image-550x413.webp\" alt=\"Tonte de l'herbe en accotement avec les machines GreenTec\">\n        <\/div>\n    <\/div>\n    <div class=\"post-card__text-container\">\n        <h3 class=\"post-card__title\">\n            Fauchage des accotements dans trois municipalit\u00e9s        <\/h3>\n                    <p class=\"post-card__person\">Manfred Pichler et Wolfgang Birngruber - Kirchschlag, Autriche<\/p>\n                            <div class=\"post-card__excerpt\">\n                La protection contre les collisions est excellente, ainsi que l\u2019articulation pivotante du rotor, car vous pouvez conduire en marche arri\u00e8re. Nous aimons \u00e9galement l\u2019excellente vue d\u2019ensemble en mode travail. Vous pouvez aussi \u00e9tendre le bras \u00e0 l\u2019avant et sur le c\u00f4t\u00e9 \u00e0 c\u00f4t\u00e9 de la porte de la cabine, afin de voir parfaitement la zone de coupe. Je recommande la \u00e9pareuse Scorpion en toute confiance.            <\/div>\n            <\/div>\n<\/div>\n<div class=\"post-card\">\n    <a href=\"https:\/\/greentec.eu\/fr\/references\/tailleuse-arboricole\/\" class=\"post-card__link\"><\/a>\n    <div class=\"post-card__image-container\">\n        <div class=\"post-card__image object-fit\">\n            <img decoding=\"async\" src=\"https:\/\/greentec.eu\/wp-content\/uploads\/2023\/12\/Alf-Pappalardo-Featured-image-550x413.webp\" alt=\"Alf Pappalardo avec ses machines GreenTec\">\n        <\/div>\n    <\/div>\n    <div class=\"post-card__text-container\">\n        <h3 class=\"post-card__title\">\n            Tailleuse arboricole        <\/h3>\n                    <p class=\"post-card__person\">Alf Pappalardo - Giru, Australie<\/p>\n                            <div class=\"post-card__excerpt\">\n                Le r\u00e9sultat a totalement d\u00e9pass\u00e9 nos attentes et nous avons rentabilis\u00e9 cette scie en une seule saison d\u2019\u00e9lagage. C\u2019est vraiment une scie g\u00e9niale.            <\/div>\n            <\/div>\n<\/div>\n<div class=\"post-card\">\n    <a href=\"https:\/\/greentec.eu\/fr\/references\/entrepreneur-entretient-espaces-verts-machines-greentec\/\" class=\"post-card__link\"><\/a>\n    <div class=\"post-card__image-container\">\n        <div class=\"post-card__image object-fit\">\n            <img decoding=\"async\" src=\"https:\/\/greentec.eu\/wp-content\/uploads\/2022\/11\/Joachim-Vuijik-Featured-image-1-550x413.webp\" alt=\"Joachim and Anders from Roskilde Ejendomsservice A\/S with their new GreenTec machines\">\n        <\/div>\n    <\/div>\n    <div class=\"post-card__text-container\">\n        <h3 class=\"post-card__title\">\n            Un entrepreneur danois entretient des espaces verts avec les machines GreenTec        <\/h3>\n                    <p class=\"post-card__person\">Joachim Vuijk - Roskilde, Danemark<\/p>\n                            <div class=\"post-card__excerpt\">\n                Nous avons des machines GreenTec, parce que nous savons que nous pouvons compter sur elles pour effectuer le travail.             <\/div>\n            <\/div>\n<\/div>\n<div class=\"post-card\">\n    <a href=\"https:\/\/greentec.eu\/fr\/references\/entretien-paysager-avec-une-grande-flexibilite\/\" class=\"post-card__link\"><\/a>\n    <div class=\"post-card__image-container\">\n        <div class=\"post-card__image object-fit\">\n            <img decoding=\"async\" src=\"https:\/\/greentec.eu\/wp-content\/uploads\/2022\/11\/Franz-Steindl-Featured-image-550x413.webp\" alt=\"Franz Steindl &#8211; Featured image\">\n        <\/div>\n    <\/div>\n    <div class=\"post-card__text-container\">\n        <h3 class=\"post-card__title\">\n            L&#8217;entretien paysager avec une grande flexibilit\u00e9        <\/h3>\n                    <p class=\"post-card__person\">Franz Steindl - Gro\u00df Sierning, Autriche<\/p>\n                            <div class=\"post-card__excerpt\">\n                La qualit\u00e9 de coupe et de travail est excellente.            <\/div>\n            <\/div>\n<\/div>\n<div class=\"post-card\">\n    <a href=\"https:\/\/greentec.eu\/fr\/references\/entretien-des-champs-avec-taille-reguliere-les-branches\/\" class=\"post-card__link\"><\/a>\n    <div class=\"post-card__image-container\">\n        <div class=\"post-card__image object-fit\">\n            <img decoding=\"async\" src=\"https:\/\/greentec.eu\/wp-content\/uploads\/2022\/11\/Niels-Martin-Aggesen-Featured-image-550x413.webp\" alt=\"Niels Martin Aggesen &#8211; Featured image\">\n        <\/div>\n    <\/div>\n    <div class=\"post-card__text-container\">\n        <h3 class=\"post-card__title\">\n            Entretien des champs avec taille r\u00e9guli\u00e8re les branches        <\/h3>\n                    <p class=\"post-card__person\">Niels Martin Aggesen - Maugstrup, Danemark<\/p>\n                            <div class=\"post-card__excerpt\">\n                Nous avons beaucoup de champs longs et bord\u00e9s de grands arbres. Les haies ne cessent de cro\u00eetre et deviennent de plus en plus grandes. \u00c0 tel point que les branches commencent \u00e0 pendre au-dessus de nos machines lorsque nous les utilisons sur les champs. Par cons\u00e9quent, nous avons investi dans une scie \u00e0 branches pour garder les haies nettes et propres.            <\/div>\n            <\/div>\n<\/div>\n<div class=\"post-card\">\n    <a href=\"https:\/\/greentec.eu\/fr\/references\/tonte-de-pentes-avec-les-machines-greentec\/\" class=\"post-card__link\"><\/a>\n    <div class=\"post-card__image-container\">\n        <div class=\"post-card__image object-fit\">\n            <img decoding=\"async\" src=\"https:\/\/greentec.eu\/wp-content\/uploads\/2022\/11\/Lautergrund-Rehabilitation-Clinic-Featured-image-550x413.webp\" alt=\"Lautergrund Rehabilitation Clinic &#8211; Featured image\">\n        <\/div>\n    <\/div>\n    <div class=\"post-card__text-container\">\n        <h3 class=\"post-card__title\">\n            Tonte dans les pentes \u00e0 forte inclinaison avec les machines GreenTec        <\/h3>\n                    <p class=\"post-card__person\">Clinique de r\u00e9habilitation de Lautergrund - Bad Staffelstein, Allemagne<\/p>\n                            <div class=\"post-card__excerpt\">\n                Les machines ont une grande flexibilit\u00e9 et un faible niveau de bruit. Nos attentes ont \u00e9t\u00e9 d\u00e9pass\u00e9es.            <\/div>\n            <\/div>\n<\/div>\n<div class=\"post-card\">\n    <a href=\"https:\/\/greentec.eu\/fr\/references\/entrepreneur-kai-ruppel-en-matiere-de-coupe-et-entretien-de-haies\/\" class=\"post-card__link\"><\/a>\n    <div class=\"post-card__image-container\">\n        <div class=\"post-card__image object-fit\">\n            <img decoding=\"async\" src=\"https:\/\/greentec.eu\/wp-content\/uploads\/2022\/11\/Kai-Ruppel-Featured-image-550x413.webp\" alt=\"Kai Ruppel &#8211; Featured image\">\n        <\/div>\n    <\/div>\n    <div class=\"post-card__text-container\">\n        <h3 class=\"post-card__title\">\n            L&#8217;entrepreneur Kai Ruppel doit r\u00e9pondre \u00e0 une demande accrue en mati\u00e8re de coupe et d&#8217;entretien de haies        <\/h3>\n                    <p class=\"post-card__person\">Kai Ruppel - B\u00fcdingen, Allemagne<\/p>\n                            <div class=\"post-card__excerpt\">\n                Nous devions ex\u00e9cuter les commandes plus rapidement sans compromettre la qualit\u00e9 du travail et le lamier est vraiment id\u00e9al pour cela.            <\/div>\n            <\/div>\n<\/div>\n<div class=\"post-card\">\n    <a href=\"https:\/\/greentec.eu\/fr\/references\/tonte-des-accotements-et-coupe-des-arbres-professionnels-avec-scorpion-730-plus\/\" class=\"post-card__link\"><\/a>\n    <div class=\"post-card__image-container\">\n        <div class=\"post-card__image object-fit\">\n            <img decoding=\"async\" src=\"https:\/\/greentec.eu\/wp-content\/uploads\/2022\/11\/Johann-Lindner-Featured-image-550x413.webp\" alt=\"Johann Lindner &#8211; Featured image\">\n        <\/div>\n    <\/div>\n    <div class=\"post-card__text-container\">\n        <h3 class=\"post-card__title\">\n            Fauchage d&#8217;accotements et taille de branches professionnel avec l&#8217;\u00e9pareuse Scorpion 730 PLUS        <\/h3>\n                    <p class=\"post-card__person\">Johann Lindner - Yspertal, Autriche<\/p>\n                            <div class=\"post-card__excerpt\">\n                Tout fonctionne tr\u00e8s bien. Et le processus de consultation et de vente a \u00e9galement \u00e9t\u00e9 tr\u00e8s agr\u00e9able.            <\/div>\n            <\/div>\n<\/div>\n<div class=\"post-card\">\n    <a href=\"https:\/\/greentec.eu\/fr\/references\/entretien-forestier-avec-scie-hydraulique\/\" class=\"post-card__link\"><\/a>\n    <div class=\"post-card__image-container\">\n        <div class=\"post-card__image object-fit\">\n            <img decoding=\"async\" src=\"https:\/\/greentec.eu\/wp-content\/uploads\/2022\/11\/Friedl-Krimbacher-Featured-image-550x413.webp\" alt=\"Friedl Krimbacher &#8211; Featured image\">\n        <\/div>\n    <\/div>\n    <div class=\"post-card__text-container\">\n        <h3 class=\"post-card__title\">\n            Entretien forestier avec scie hydraulique        <\/h3>\n                    <p class=\"post-card__person\">Friedl Krimbacher - Schwendt, Autriche<\/p>\n                            <div class=\"post-card__excerpt\">\n                La scie \u00e0 \u00e9laguer GreenTec est sensationnelle. Sa puissance est incroyable.            <\/div>\n            <\/div>\n<\/div>\n<div class=\"post-card\">\n    <a href=\"https:\/\/greentec.eu\/fr\/references\/augmenter-sa-capacite-avec-les-machines-greentec\/\" class=\"post-card__link\"><\/a>\n    <div class=\"post-card__image-container\">\n        <div class=\"post-card__image object-fit\">\n            <img decoding=\"async\" src=\"https:\/\/greentec.eu\/wp-content\/uploads\/2022\/11\/Philipp-Unger-Featured-image-550x413.webp\" alt=\"Philipp Unger &#8211; Featured image\">\n        <\/div>\n    <\/div>\n    <div class=\"post-card__text-container\">\n        <h3 class=\"post-card__title\">\n            Augmenter sa capacit\u00e9 avec les machines GreenTec        <\/h3>\n                    <p class=\"post-card__person\">Philipp Unger - Loipersdorf-Kitzladen, Autriche<\/p>\n                            <div class=\"post-card__excerpt\">\n                Vous avez toujours la t\u00eate de broyage en vue car elle se trouve du c\u00f4t\u00e9 droit de la cabine. Vous pouvez \u00e9galement conduire en marche arri\u00e8re avec la d\u00e9broussailleuse gr\u00e2ce \u00e0 l'articulation pivotante du rotor, tout en gardant une fonction anticollision. La machine est extr\u00eamement silencieuse et facile \u00e0 utiliser.            <\/div>\n            <\/div>\n<\/div>\n<div class=\"post-card\">\n    <a href=\"https:\/\/greentec.eu\/fr\/references\/entretien-des-cafeiers-a-hawaii\/\" class=\"post-card__link\"><\/a>\n    <div class=\"post-card__image-container\">\n        <div class=\"post-card__image object-fit\">\n            <img decoding=\"async\" src=\"https:\/\/greentec.eu\/wp-content\/uploads\/2022\/11\/Vance-Honda-Featured-image-550x413.webp\" alt=\"Vance Honda &#8211; Featured image\">\n        <\/div>\n    <\/div>\n    <div class=\"post-card__text-container\">\n        <h3 class=\"post-card__title\">\n            Entretien des caf\u00e9iers \u00e0 Hawa\u00ef        <\/h3>\n                    <p class=\"post-card__person\">Vance Honda - Lahaina, Hawa\u00ef, \u00c9tats-Unis<\/p>\n                            <div class=\"post-card__excerpt\">\n                Je recommande fortement ce lamier \u00e0 quiconque a besoin d'un outil fiable pour tailler les arbres.            <\/div>\n            <\/div>\n<\/div>\n<div class=\"post-card\">\n    <a href=\"https:\/\/greentec.eu\/fr\/references\/le-choix-naturel-pour-la-taille-de-haies\/\" class=\"post-card__link\"><\/a>\n    <div class=\"post-card__image-container\">\n        <div class=\"post-card__image object-fit\">\n            <img decoding=\"async\" src=\"https:\/\/greentec.eu\/wp-content\/uploads\/2022\/11\/Erich-Rippl-Featured-image-550x413.webp\" alt=\"Erich Rippl &#8211; Featured image\">\n        <\/div>\n    <\/div>\n    <div class=\"post-card__text-container\">\n        <h3 class=\"post-card__title\">\n            Le choix naturel pour la taille de haies        <\/h3>\n                    <p class=\"post-card__person\">Erich Rippl - Lengau, Autriche<\/p>\n                            <div class=\"post-card__excerpt\">\n                Le r\u00e9sultat de la coupe sur les arbres a \u00e9t\u00e9 un crit\u00e8re de s\u00e9lection important. Nous voulions une scie \u00e0 haute fr\u00e9quence avec une belle coupe droite. Les branches ne doivent pas appara\u00eetre effiloch\u00e9es ou d\u00e9chir\u00e9es. Une coupe lisse est plus esth\u00e9tique et surtout meilleure pour les plantes.            <\/div>\n            <\/div>\n<\/div>                <\/div>\n                <div class=\"mtt-post-archive__pagination\" data-archive-pagination>\n                    <div class='mtt-pagination'><button class='mtt-pagination__toggle' data-page='0' aria-label='Forrige' disabled><svg xmlns=\"http:\/\/www.w3.org\/2000\/svg\" viewBox=\"0 0 6 10\" fill=\"currentColor\"><path d=\"M6 9a1 1 0 0 1-.293.707 1 1 0 0 1-1.414 0l-4-4a1 1 0 0 1 0-1.414 1 1 0 0 1 1.414 0l4 4A1 1 0 0 1 6 9Z\"\/><path d=\"M6 1a1 1 0 0 1-.293.707l-4 4a1 1 0 0 1-1.414 0 1 1 0 0 1 0-1.414l4-4A1 1 0 0 1 6 1Z\"\/><\/svg><\/button><span class='mtt-pagination__toggle mtt-pagination__toggle--active' data-page='1'>1<\/span><button class='mtt-pagination__toggle' data-page='2'>2<\/button><button class='mtt-pagination__toggle' data-page='2' aria-label='N\u00e6ste'><svg xmlns=\"http:\/\/www.w3.org\/2000\/svg\" viewBox=\"0 0 6 10\" fill=\"currentColor\"><path d=\"M6 5a1 1 0 0 1-.293.707l-4 4a1 1 0 0 1-1.414 0 1 1 0 0 1 0-1.414l4-4A1 1 0 0 1 6 5Z\"\/><path d=\"M6 5a1 1 0 0 1-.293.707 1 1 0 0 1-1.414 0l-4-4a1 1 0 0 1 0-1.414 1 1 0 0 1 1.414 0l4 4A1 1 0 0 1 6 5Z\"\/><\/svg><\/button><\/div>                <\/div>\n            <\/div>\n        <\/div>\n    <\/div>\n<\/section>\n<\/div><\/div><\/div><\/div><\/div>","protected":false},"excerpt":{"rendered":"<p>Inspirez vous de nos clients R\u00e9f\u00e9rences D\u00e9couvrez les histoires de nos clients et laissez-vous inspirer pour votre entreprise ! Tous\u00c9pareusesMultiporteursOutils De belles coupes et des r\u00e9sultats de paillage propres Gerhard Kreiml &#8211; Lambach, Autriche Nous pouvons utiliser nos prairies de mani\u00e8re beaucoup plus efficace et productive, car nous coupons toujours les arbres pour contrer l\u2019ombrage [&hellip;]<\/p>\n","protected":false},"author":1,"featured_media":0,"parent":0,"menu_order":0,"comment_status":"closed","ping_status":"closed","template":"","meta":{"_acf_changed":false,"_relevanssi_hide_post":"","_relevanssi_hide_content":"","_relevanssi_pin_for_all":"","_relevanssi_pin_keywords":"","_relevanssi_unpin_keywords":"","_relevanssi_related_keywords":"","_relevanssi_related_include_ids":"","_relevanssi_related_exclude_ids":"","_relevanssi_related_no_append":"","_relevanssi_related_not_related":"","_relevanssi_related_posts":"","_relevanssi_noindex_reason":"","inline_featured_image":false,"footnotes":""},"class_list":["post-11100","page","type-page","status-publish","hentry"],"acf":[],"yoast_head":"<!-- This site is optimized with the Yoast SEO plugin v27.0 - https:\/\/yoast.com\/product\/yoast-seo-wordpress\/ -->\n<title>R\u00e9f\u00e9rences - GreenTec<\/title>\n<meta name=\"robots\" content=\"index, follow, max-snippet:-1, max-image-preview:large, max-video-preview:-1\" \/>\n<link rel=\"canonical\" href=\"https:\/\/greentec.eu\/fr\/references\/\" \/>\n<meta property=\"og:locale\" content=\"fr_FR\" \/>\n<meta property=\"og:type\" content=\"article\" \/>\n<meta property=\"og:title\" content=\"R\u00e9f\u00e9rences - GreenTec\" \/>\n<meta property=\"og:description\" content=\"Inspirez vous de nos clients R\u00e9f\u00e9rences D\u00e9couvrez les histoires de nos clients et laissez-vous inspirer pour votre entreprise ! Tous\u00c9pareusesMultiporteursOutils De belles coupes et des r\u00e9sultats de paillage propres Gerhard Kreiml - Lambach, Autriche Nous pouvons utiliser nos prairies de mani\u00e8re beaucoup plus efficace et productive, car nous coupons toujours les arbres pour contrer l\u2019ombrage [&hellip;]\" \/>\n<meta property=\"og:url\" content=\"https:\/\/greentec.eu\/fr\/references\/\" \/>\n<meta property=\"og:site_name\" content=\"GreenTec\" \/>\n<meta property=\"article:modified_time\" content=\"2022-11-23T09:55:14+00:00\" \/>\n<meta name=\"twitter:card\" content=\"summary_large_image\" \/>\n<meta name=\"twitter:label1\" content=\"Est. reading time\" \/>\n\t<meta name=\"twitter:data1\" content=\"1 minute\" \/>\n<script type=\"application\/ld+json\" class=\"yoast-schema-graph\">{\"@context\":\"https:\/\/schema.org\",\"@graph\":[{\"@type\":\"WebPage\",\"@id\":\"https:\/\/greentec.eu\/fr\/references\/\",\"url\":\"https:\/\/greentec.eu\/fr\/references\/\",\"name\":\"R\u00e9f\u00e9rences - GreenTec\",\"isPartOf\":{\"@id\":\"https:\/\/greentec.eu\/fr\/#website\"},\"datePublished\":\"2022-07-22T09:27:29+00:00\",\"dateModified\":\"2022-11-23T09:55:14+00:00\",\"inLanguage\":\"fr-FR\",\"potentialAction\":[{\"@type\":\"ReadAction\",\"target\":[\"https:\/\/greentec.eu\/fr\/references\/\"]}]},{\"@type\":\"WebSite\",\"@id\":\"https:\/\/greentec.eu\/fr\/#website\",\"url\":\"https:\/\/greentec.eu\/fr\/\",\"name\":\"GreenTec\",\"description\":\"Maskiner til Hegnsklipning og Rabatklipning\",\"potentialAction\":[{\"@type\":\"SearchAction\",\"target\":{\"@type\":\"EntryPoint\",\"urlTemplate\":\"https:\/\/greentec.eu\/fr\/?s={search_term_string}\"},\"query-input\":{\"@type\":\"PropertyValueSpecification\",\"valueRequired\":true,\"valueName\":\"search_term_string\"}}],\"inLanguage\":\"fr-FR\"}]}<\/script>\n<!-- \/ Yoast SEO plugin. -->","yoast_head_json":{"title":"R\u00e9f\u00e9rences - GreenTec","robots":{"index":"index","follow":"follow","max-snippet":"max-snippet:-1","max-image-preview":"max-image-preview:large","max-video-preview":"max-video-preview:-1"},"canonical":"https:\/\/greentec.eu\/fr\/references\/","og_locale":"fr_FR","og_type":"article","og_title":"R\u00e9f\u00e9rences - GreenTec","og_description":"Inspirez vous de nos clients R\u00e9f\u00e9rences D\u00e9couvrez les histoires de nos clients et laissez-vous inspirer pour votre entreprise ! Tous\u00c9pareusesMultiporteursOutils De belles coupes et des r\u00e9sultats de paillage propres Gerhard Kreiml - Lambach, Autriche Nous pouvons utiliser nos prairies de mani\u00e8re beaucoup plus efficace et productive, car nous coupons toujours les arbres pour contrer l\u2019ombrage [&hellip;]","og_url":"https:\/\/greentec.eu\/fr\/references\/","og_site_name":"GreenTec","article_modified_time":"2022-11-23T09:55:14+00:00","twitter_card":"summary_large_image","twitter_misc":{"Est. reading time":"1 minute"},"schema":{"@context":"https:\/\/schema.org","@graph":[{"@type":"WebPage","@id":"https:\/\/greentec.eu\/fr\/references\/","url":"https:\/\/greentec.eu\/fr\/references\/","name":"R\u00e9f\u00e9rences - GreenTec","isPartOf":{"@id":"https:\/\/greentec.eu\/fr\/#website"},"datePublished":"2022-07-22T09:27:29+00:00","dateModified":"2022-11-23T09:55:14+00:00","inLanguage":"fr-FR","potentialAction":[{"@type":"ReadAction","target":["https:\/\/greentec.eu\/fr\/references\/"]}]},{"@type":"WebSite","@id":"https:\/\/greentec.eu\/fr\/#website","url":"https:\/\/greentec.eu\/fr\/","name":"GreenTec","description":"Maskiner til Hegnsklipning og Rabatklipning","potentialAction":[{"@type":"SearchAction","target":{"@type":"EntryPoint","urlTemplate":"https:\/\/greentec.eu\/fr\/?s={search_term_string}"},"query-input":{"@type":"PropertyValueSpecification","valueRequired":true,"valueName":"search_term_string"}}],"inLanguage":"fr-FR"}]}},"_links":{"self":[{"href":"https:\/\/greentec.eu\/fr\/wp-json\/wp\/v2\/pages\/11100","targetHints":{"allow":["GET"]}}],"collection":[{"href":"https:\/\/greentec.eu\/fr\/wp-json\/wp\/v2\/pages"}],"about":[{"href":"https:\/\/greentec.eu\/fr\/wp-json\/wp\/v2\/types\/page"}],"author":[{"embeddable":true,"href":"https:\/\/greentec.eu\/fr\/wp-json\/wp\/v2\/users\/1"}],"replies":[{"embeddable":true,"href":"https:\/\/greentec.eu\/fr\/wp-json\/wp\/v2\/comments?post=11100"}],"version-history":[{"count":10,"href":"https:\/\/greentec.eu\/fr\/wp-json\/wp\/v2\/pages\/11100\/revisions"}],"predecessor-version":[{"id":11660,"href":"https:\/\/greentec.eu\/fr\/wp-json\/wp\/v2\/pages\/11100\/revisions\/11660"}],"wp:attachment":[{"href":"https:\/\/greentec.eu\/fr\/wp-json\/wp\/v2\/media?parent=11100"}],"curies":[{"name":"wp","href":"https:\/\/api.w.org\/{rel}","templated":true}]}}