{"id":12262,"date":"2022-11-25T10:23:39","date_gmt":"2022-11-25T10:23:39","guid":{"rendered":"https:\/\/greentec.eu.bluebird.pw\/terms-and-conditions-of-sale-and-delivery\/"},"modified":"2022-11-25T10:40:37","modified_gmt":"2022-11-25T10:40:37","slug":"conditions-de-vente-et-de-livraison","status":"publish","type":"page","link":"https:\/\/greentec.eu\/fr\/a-propos-de-nous\/conditions-de-vente-et-de-livraison\/","title":{"rendered":"Conditions de vente et de livraison"},"content":{"rendered":"<div id=\"pl-12262\"  class=\"panel-layout\" ><div id=\"pg-12262-0\"  class=\"panel-grid panel-no-style\" ><div id=\"pgc-12262-0-0\"  class=\"panel-grid-cell\" ><div id=\"panel-12262-0-0-0\" class=\"so-panel widget widget_mtt-cover panel-first-child panel-last-child\" data-index=\"0\" ><div\n\t\t\t\n\t\t\tclass=\"so-widget-mtt-cover so-widget-mtt-cover-base\"\n\t\t\t\n\t\t>\n<section class=\"mtt-cover\">\n\n            <img decoding=\"async\" class=\"mtt-cover__graphic graphic graphic--cover-corner\" src=\"https:\/\/greentec.eu\/wp-content\/themes\/greentec-wordpress-theme\/public\/img\/graphic\/cover-bottom-right-shape-white.svg\" alt=\"\"\/>\n    \n    <div class=\"mtt-cover__inner\">\n        <div class=\"mtt-cover__page-container page_container\">\n            <div class=\"mtt-cover__text-container\">\n                                                                            <\/div>\n\n                    <\/div>\n\n        <div class=\"mtt-cover__images\">\n                            <div class=\"mtt-image object-fit\">\n                    <picture>\n                                                    <source srcset=\"https:\/\/greentec.eu\/wp-content\/uploads\/2022\/11\/About-us-Terms-and-conditions-of-sale-and-delivery-Mobile.webp\" media=\"(max-width: 550px)\">\n                                                                        <img decoding=\"async\" src=\"https:\/\/greentec.eu\/wp-content\/uploads\/2022\/11\/About-us-Terms-and-conditions-of-sale-and-delivery-Desktop.webp\" alt=\"Terms and conditions of sale and delivery\">\n                    <\/picture>\n                <\/div>\n                                            <\/div>\n\n    <\/div>\n<\/section><\/div><\/div><\/div><\/div><div id=\"pg-12262-1\"  class=\"panel-grid panel-no-style\" ><div id=\"pgc-12262-1-0\"  class=\"panel-grid-cell\" ><div id=\"panel-12262-1-0-0\" class=\"so-panel widget widget_mtt-text-columns-image panel-first-child panel-last-child\" data-index=\"1\" ><div\n\t\t\t\n\t\t\tclass=\"so-widget-mtt-text-columns-image so-widget-mtt-text-columns-image-base\"\n\t\t\t\n\t\t>\n<section class=\"mtt-text-columns-image spacing_top_32 spacing_bottom_32 spacing-classes-added\">\n    <div class=\"mtt-text-columns-image__inner\">\n        <div class=\"page_container\">\n            <div class=\"mtt-text-columns-image__text-wrap full\">\n                                                    <h1 class=\"mtt-text-columns-image__title title title--2\">Conditions de vente et de livraison<\/h1>\n                \n                \n                            <\/div>\n        <\/div>\n\n        \n    <\/div>\n<\/section><\/div><\/div><\/div><\/div><div id=\"pg-12262-2\"  class=\"panel-grid panel-no-style\" ><div id=\"pgc-12262-2-0\"  class=\"panel-grid-cell\" ><div id=\"panel-12262-2-0-0\" class=\"so-panel widget widget_mtt-single-content panel-first-child panel-last-child\" data-index=\"2\" ><div\n\t\t\t\n\t\t\tclass=\"so-widget-mtt-single-content so-widget-mtt-single-content-base\"\n\t\t\t\n\t\t>\n<section class=\"mtt-single-post  spacing_bottom_80 spacing-classes-added\">\n    <div class=\"mtt-single-post__inner page_container\">\n        <article class=\"mtt-single-post__content mtt-single-post__content--full\">\n                            <div class=\"wysiwyg\">\n                    <p><strong>Clause n\u00b0 1 : Objet<\/strong><br \/>\nLes conditions g\u00e9n\u00e9rales de ventes d\u00e9crites ci-apr\u00e8s d\u00e9taillent les droits et obligations de GreenTec et de son client dans le cadre de la vente des marchandises. (Le vendeur doit recenser les marchandises soumises aux CGV).<br \/>\nToute prestation accomplie par GreenTec implique donc l'adh\u00e9sion sans r\u00e9serve de l'acheteur aux pr\u00e9sentes conditions g\u00e9n\u00e9rales de vente.<\/p>\n<p>&nbsp;<\/p>\n<p><strong>Clause n\u00b0 2 : Prix<\/strong><br \/>\nLes prix des marchandises vendues sont ceux en vigueur au jour de la prise de commande. Ils sont libell\u00e9s en euros et calcul\u00e9s hors taxes. Par voie de cons\u00e9quence, ils seront major\u00e9s du taux de TVA et des frais de transport applicables au jour de la commande.<br \/>\nGreenTec s'accorde le droit de modifier ses tarifs \u00e0 tout moment. Toutefois, elle s'engage \u00e0 facturer les marchandises command\u00e9es aux prix indiqu\u00e9s lors de l'enregistrement de la commande.<\/p>\n<p>&nbsp;<\/p>\n<p><strong>Clause n\u00b0 3 : Rabais et ristournes<\/strong><br \/>\nLes tarifs propos\u00e9s comprennent les rabais et ristournes que GreenTec serait amen\u00e9e \u00e0 octroyer compte tenu de ses r\u00e9sultats ou de la prise en charge par l'acheteur de certaines prestations.<\/p>\n<p>&nbsp;<\/p>\n<p><strong>Clause n\u00b0 4 : Escompte<\/strong><br \/>\nAucun escompte ne sera consenti en cas de paiement anticip\u00e9.<\/p>\n<p>&nbsp;<\/p>\n<p><strong>Clause n\u00b0 5 : Modalit\u00e9s de paiement<\/strong><br \/>\nLe r\u00e8glement des commandes s'effectue :<br \/>\n\u2022\u00a0\u00a0\u00a0 soit par ch\u00e8que ;<br \/>\n\u2022\u00a0\u00a0\u00a0 virement bancaire.<br \/>\nLors de l'enregistrement de la commande, l'acheteur devra verser un acompte de 25% du montant global de la facture.<\/p>\n<p>&nbsp;<\/p>\n<p><strong>Clause n\u00b0 6 : Clause de r\u00e9serve de propri\u00e9t\u00e9<\/strong><br \/>\nGreenTec conserve la propri\u00e9t\u00e9 des biens vendus jusqu'au paiement int\u00e9gral du prix, en principal et en accessoires. \u00c0 ce titre, si l'acheteur fait l'objet d'un redressement ou d'une liquidation judiciaire, GreenTec se r\u00e9serve le droit de revendiquer, dans le cadre de la proc\u00e9dure collective, les marchandises vendues et rest\u00e9es impay\u00e9es.<\/p>\n<p>&nbsp;<\/p>\n<p><strong>Clause n\u00b0 7 : Livraison<\/strong><br \/>\nLa livraison est effectu\u00e9e :<br \/>\n\u2022\u00a0\u00a0\u00a0 soit au lieu indiqu\u00e9 par l'acheteur sur le bon de commande.<br \/>\nLe d\u00e9lai de livraison indiqu\u00e9 lors de l'enregistrement de la commande n'est donn\u00e9 qu'\u00e0 titre indicatif et n'est aucunement garanti.<br \/>\nLes exp\u00e9ditions les plus rapide 48\/72h s'applique aux petit mat\u00e9riel et disponibles en stock pour lesquels la pr\u00e9paration, l'emballage et la remise au transporteur se font au maximum 24 ou 48 heures apr\u00e8s la validation de la commande.<br \/>\nLes exp\u00e9ditions plus longues en messagerie s'appliquent aux gros mat\u00e9riels et disponibles en stock pour lesquels la pr\u00e9paration, l'emballage et la remise au transporteur se font au maximum trois semaines apr\u00e8s la validation de la commande.<\/p>\n<p>Ce d\u00e9lai s'entend hors week-end et jours f\u00e9ri\u00e9s, et selon les quantit\u00e9s disponibles.<br \/>\nLes d\u00e9lais indiqu\u00e9s sont des d\u00e9lais moyens habituellement constat\u00e9s par les transporteurs et ne sont donn\u00e9s qu\u2019\u00e0 titre indicatif.<\/p>\n<p>Par voie de cons\u00e9quence, tout retard raisonnable dans la livraison des produits ne pourra pas donner lieu au profit de l'acheteur \u00e0 :<br \/>\n\u2022\u00a0\u00a0\u00a0 l'allocation de dommages et int\u00e9r\u00eats ;<br \/>\n\u2022\u00a0\u00a0\u00a0 l'annulation de la commande.<br \/>\nLe risque du transport est support\u00e9 en totalit\u00e9 par l'acheteur.<\/p>\n<p>En cas de marchandises manquantes ou d\u00e9t\u00e9rior\u00e9es lors du transport, l'acheteur devra formuler toutes les r\u00e9serves n\u00e9cessaires sur le bon de commande \u00e0 r\u00e9ception desdites marchandises. Ces r\u00e9serves devront \u00eatre, en outre, confirm\u00e9es par \u00e9crit dans les cinq jours suivant la livraison, par courrier recommand\u00e9 AR.<br \/>\n\u2022\u00a0\u00a0\u00a0 Soit pris sur notre d\u00e9p\u00f4t adresse Le Petit B\u0153uf, 18360 Epineuil le Fleuriel.<\/p>\n<p>&nbsp;<\/p>\n<p><strong>Clause n\u00b0 10 : Force majeure<\/strong><\/p>\n<p>La responsabilit\u00e9 de GreenTec ne pourra pas \u00eatre mise en \u0153uvre si la non-ex\u00e9cution ou le retard dans l'ex\u00e9cution de l'une de ses obligations d\u00e9crites dans les pr\u00e9sentes conditions g\u00e9n\u00e9rales de vente d\u00e9coule d'un cas de force majeure. \u00c0 ce titre, la force majeure s'entend de tout \u00e9v\u00e9nement ext\u00e9rieur, impr\u00e9visible et irr\u00e9sistible au sens de l'article 1148 du Code civil.<\/p>\n<p>&nbsp;<\/p>\n<p><strong>Clause n\u00b0 11 : Tribunal comp\u00e9tent<\/strong><br \/>\nTout litige relatif \u00e0 l'interpr\u00e9tation et \u00e0 l'ex\u00e9cution des pr\u00e9sentes conditions g\u00e9n\u00e9rales de vente est soumis au droit fran\u00e7ais.<\/p>\n<p>\u00c0 d\u00e9faut de r\u00e9solution amiable, le litige sera port\u00e9 devant le Tribunal de commerce.<\/p>\n<p>&nbsp;<\/p>\n<p><strong>Clause n\u00b012 : Retour marchandise<\/strong><\/p>\n<p>Tout retour de marchandise doit \u00eatre accept\u00e9 par la direction de GreenTec.\u00a0Seulement\u00a075% de la valeur de la marchandise sera rembours\u00e9, les frais de port ne seront pas rembours\u00e9, les frais de retour sont a la charge du client. La soci\u00e9t\u00e9 n'acceptera aucun retour si la marchandise a \u00e9t\u00e9 livr\u00e9e\u00a0depuis plus de 10 jours.<\/p>\n                <\/div>\n                                <\/article>\n\n            <\/div>\n<\/section><\/div><\/div><\/div><\/div><\/div>","protected":false},"excerpt":{"rendered":"<p>Conditions de vente et de livraison Clause n\u00b0 1 : Objet Les conditions g\u00e9n\u00e9rales de ventes d\u00e9crites ci-apr\u00e8s d\u00e9taillent les droits et obligations de GreenTec et de son client dans le cadre de la vente des marchandises. (Le vendeur doit recenser les marchandises soumises aux CGV). Toute prestation accomplie par GreenTec implique donc l&#8217;adh\u00e9sion sans [&hellip;]<\/p>\n","protected":false},"author":2,"featured_media":0,"parent":14793,"menu_order":0,"comment_status":"closed","ping_status":"closed","template":"","meta":{"_acf_changed":false,"_relevanssi_hide_post":"","_relevanssi_hide_content":"","_relevanssi_pin_for_all":"","_relevanssi_pin_keywords":"","_relevanssi_unpin_keywords":"","_relevanssi_related_keywords":"","_relevanssi_related_include_ids":"","_relevanssi_related_exclude_ids":"","_relevanssi_related_no_append":"","_relevanssi_related_not_related":"","_relevanssi_related_posts":"","_relevanssi_noindex_reason":"","inline_featured_image":false,"footnotes":""},"class_list":["post-12262","page","type-page","status-publish","hentry"],"acf":[],"yoast_head":"<!-- This site is optimized with the Yoast SEO plugin v27.0 - https:\/\/yoast.com\/product\/yoast-seo-wordpress\/ -->\n<title>Conditions de vente et de livraison - GreenTec<\/title>\n<meta name=\"robots\" content=\"index, follow, max-snippet:-1, max-image-preview:large, max-video-preview:-1\" \/>\n<link rel=\"canonical\" href=\"https:\/\/greentec.eu\/fr\/a-propos-de-nous\/conditions-de-vente-et-de-livraison\/\" \/>\n<meta property=\"og:locale\" content=\"fr_FR\" \/>\n<meta property=\"og:type\" content=\"article\" \/>\n<meta property=\"og:title\" content=\"Conditions de vente et de livraison - GreenTec\" \/>\n<meta property=\"og:description\" content=\"Conditions de vente et de livraison Clause n\u00b0 1 : Objet Les conditions g\u00e9n\u00e9rales de ventes d\u00e9crites ci-apr\u00e8s d\u00e9taillent les droits et obligations de GreenTec et de son client dans le cadre de la vente des marchandises. (Le vendeur doit recenser les marchandises soumises aux CGV). Toute prestation accomplie par GreenTec implique donc l&#039;adh\u00e9sion sans [&hellip;]\" \/>\n<meta property=\"og:url\" content=\"https:\/\/greentec.eu\/fr\/a-propos-de-nous\/conditions-de-vente-et-de-livraison\/\" \/>\n<meta property=\"og:site_name\" content=\"GreenTec\" \/>\n<meta property=\"article:modified_time\" content=\"2022-11-25T10:40:37+00:00\" \/>\n<meta name=\"twitter:card\" content=\"summary_large_image\" \/>\n<meta name=\"twitter:label1\" content=\"Est. reading time\" \/>\n\t<meta name=\"twitter:data1\" content=\"1 minute\" \/>\n<script type=\"application\/ld+json\" class=\"yoast-schema-graph\">{\"@context\":\"https:\/\/schema.org\",\"@graph\":[{\"@type\":\"WebPage\",\"@id\":\"https:\/\/greentec.eu\/fr\/a-propos-de-nous\/conditions-de-vente-et-de-livraison\/\",\"url\":\"https:\/\/greentec.eu\/fr\/a-propos-de-nous\/conditions-de-vente-et-de-livraison\/\",\"name\":\"Conditions de vente et de livraison - GreenTec\",\"isPartOf\":{\"@id\":\"https:\/\/greentec.eu\/fr\/#website\"},\"datePublished\":\"2022-11-25T10:23:39+00:00\",\"dateModified\":\"2022-11-25T10:40:37+00:00\",\"inLanguage\":\"fr-FR\",\"potentialAction\":[{\"@type\":\"ReadAction\",\"target\":[\"https:\/\/greentec.eu\/fr\/a-propos-de-nous\/conditions-de-vente-et-de-livraison\/\"]}]},{\"@type\":\"WebSite\",\"@id\":\"https:\/\/greentec.eu\/fr\/#website\",\"url\":\"https:\/\/greentec.eu\/fr\/\",\"name\":\"GreenTec\",\"description\":\"Maskiner til Hegnsklipning og Rabatklipning\",\"potentialAction\":[{\"@type\":\"SearchAction\",\"target\":{\"@type\":\"EntryPoint\",\"urlTemplate\":\"https:\/\/greentec.eu\/fr\/?s={search_term_string}\"},\"query-input\":{\"@type\":\"PropertyValueSpecification\",\"valueRequired\":true,\"valueName\":\"search_term_string\"}}],\"inLanguage\":\"fr-FR\"}]}<\/script>\n<!-- \/ Yoast SEO plugin. -->","yoast_head_json":{"title":"Conditions de vente et de livraison - GreenTec","robots":{"index":"index","follow":"follow","max-snippet":"max-snippet:-1","max-image-preview":"max-image-preview:large","max-video-preview":"max-video-preview:-1"},"canonical":"https:\/\/greentec.eu\/fr\/a-propos-de-nous\/conditions-de-vente-et-de-livraison\/","og_locale":"fr_FR","og_type":"article","og_title":"Conditions de vente et de livraison - GreenTec","og_description":"Conditions de vente et de livraison Clause n\u00b0 1 : Objet Les conditions g\u00e9n\u00e9rales de ventes d\u00e9crites ci-apr\u00e8s d\u00e9taillent les droits et obligations de GreenTec et de son client dans le cadre de la vente des marchandises. (Le vendeur doit recenser les marchandises soumises aux CGV). Toute prestation accomplie par GreenTec implique donc l'adh\u00e9sion sans [&hellip;]","og_url":"https:\/\/greentec.eu\/fr\/a-propos-de-nous\/conditions-de-vente-et-de-livraison\/","og_site_name":"GreenTec","article_modified_time":"2022-11-25T10:40:37+00:00","twitter_card":"summary_large_image","twitter_misc":{"Est. reading time":"1 minute"},"schema":{"@context":"https:\/\/schema.org","@graph":[{"@type":"WebPage","@id":"https:\/\/greentec.eu\/fr\/a-propos-de-nous\/conditions-de-vente-et-de-livraison\/","url":"https:\/\/greentec.eu\/fr\/a-propos-de-nous\/conditions-de-vente-et-de-livraison\/","name":"Conditions de vente et de livraison - GreenTec","isPartOf":{"@id":"https:\/\/greentec.eu\/fr\/#website"},"datePublished":"2022-11-25T10:23:39+00:00","dateModified":"2022-11-25T10:40:37+00:00","inLanguage":"fr-FR","potentialAction":[{"@type":"ReadAction","target":["https:\/\/greentec.eu\/fr\/a-propos-de-nous\/conditions-de-vente-et-de-livraison\/"]}]},{"@type":"WebSite","@id":"https:\/\/greentec.eu\/fr\/#website","url":"https:\/\/greentec.eu\/fr\/","name":"GreenTec","description":"Maskiner til Hegnsklipning og Rabatklipning","potentialAction":[{"@type":"SearchAction","target":{"@type":"EntryPoint","urlTemplate":"https:\/\/greentec.eu\/fr\/?s={search_term_string}"},"query-input":{"@type":"PropertyValueSpecification","valueRequired":true,"valueName":"search_term_string"}}],"inLanguage":"fr-FR"}]}},"_links":{"self":[{"href":"https:\/\/greentec.eu\/fr\/wp-json\/wp\/v2\/pages\/12262","targetHints":{"allow":["GET"]}}],"collection":[{"href":"https:\/\/greentec.eu\/fr\/wp-json\/wp\/v2\/pages"}],"about":[{"href":"https:\/\/greentec.eu\/fr\/wp-json\/wp\/v2\/types\/page"}],"author":[{"embeddable":true,"href":"https:\/\/greentec.eu\/fr\/wp-json\/wp\/v2\/users\/2"}],"replies":[{"embeddable":true,"href":"https:\/\/greentec.eu\/fr\/wp-json\/wp\/v2\/comments?post=12262"}],"version-history":[{"count":4,"href":"https:\/\/greentec.eu\/fr\/wp-json\/wp\/v2\/pages\/12262\/revisions"}],"predecessor-version":[{"id":12275,"href":"https:\/\/greentec.eu\/fr\/wp-json\/wp\/v2\/pages\/12262\/revisions\/12275"}],"up":[{"embeddable":true,"href":"https:\/\/greentec.eu\/fr\/wp-json\/wp\/v2\/pages\/14793"}],"wp:attachment":[{"href":"https:\/\/greentec.eu\/fr\/wp-json\/wp\/v2\/media?parent=12262"}],"curies":[{"name":"wp","href":"https:\/\/api.w.org\/{rel}","templated":true}]}}