{"id":13833,"date":"2022-07-08T10:34:41","date_gmt":"2022-07-08T10:34:41","guid":{"rendered":"https:\/\/greentec.eu.bluebird.pw\/markets\/"},"modified":"2024-02-27T13:15:15","modified_gmt":"2024-02-27T13:15:15","slug":"marches","status":"publish","type":"page","link":"https:\/\/greentec.eu\/fr\/marches\/","title":{"rendered":"March\u00e9s"},"content":{"rendered":"<div id=\"pl-13833\"  class=\"panel-layout\" ><div id=\"pg-13833-0\"  class=\"panel-grid panel-no-style\" ><div id=\"pgc-13833-0-0\"  class=\"panel-grid-cell\" ><div id=\"panel-13833-0-0-0\" class=\"so-panel widget widget_mtt-cover panel-first-child panel-last-child\" data-index=\"0\" ><div\n\t\t\t\n\t\t\tclass=\"so-widget-mtt-cover so-widget-mtt-cover-base\"\n\t\t\t\n\t\t>\n<section class=\"mtt-cover\">\n\n            <img decoding=\"async\" class=\"mtt-cover__graphic graphic graphic--cover-corner\" src=\"https:\/\/greentec.eu\/wp-content\/themes\/greentec-wordpress-theme\/public\/img\/graphic\/cover-bottom-right-shape-white.svg\" alt=\"\"\/>\n    \n    <div class=\"mtt-cover__inner\">\n        <div class=\"mtt-cover__page-container page_container\">\n            <div class=\"mtt-cover__text-container\">\n                                                                            <\/div>\n\n                    <\/div>\n\n        <div class=\"mtt-cover__images\">\n                                            <\/div>\n\n    <\/div>\n<\/section><\/div><\/div><\/div><\/div><div id=\"pg-13833-1\"  class=\"panel-grid panel-no-style\" ><div id=\"pgc-13833-1-0\"  class=\"panel-grid-cell\" ><div id=\"panel-13833-1-0-0\" class=\"so-panel widget widget_mtt-text-columns-image panel-first-child panel-last-child\" data-index=\"1\" ><div\n\t\t\t\n\t\t\tclass=\"so-widget-mtt-text-columns-image so-widget-mtt-text-columns-image-base\"\n\t\t\t\n\t\t>\n<section class=\"mtt-text-columns-image spacing_top_32 spacing_bottom_32 spacing-classes-added\">\n    <div class=\"mtt-text-columns-image__inner\">\n        <div class=\"page_container\">\n            <div class=\"mtt-text-columns-image__text-wrap full\">\n                                                    <h1 class=\"mtt-text-columns-image__title title title--2\">March\u00e9s<\/h1>\n                \n                                    <div class=\"mtt-text-columns-image__text-wrapper wysiwyg\">\n                                                    <div class=\"mtt-text-columns-image__text mtt-text-columns-image__text--first\">\n                                <p>GreenTec est une soci\u00e9t\u00e9 danoise sp\u00e9cialis\u00e9e dans les machines pour l'entretien des espaces verts. Depuis 1979, nous avons d\u00e9velopp\u00e9 un programme complet de machines qui sont principalement utilis\u00e9es pour la <a href=\"https:\/\/greentec.eu\/fr\/produits\/faucheuses\/\">tonte de l'herbe<\/a>, <a href=\"https:\/\/greentec.eu\/fr\/produits\/lamiers-elagage\/\">l'\u00e9lagage des arbres<\/a> et la <a href=\"https:\/\/greentec.eu\/fr\/produits\/taille-haies\/\">taille des haies<\/a>. Tous les produits sont fabriqu\u00e9s dans nos usines au Danemark et distribu\u00e9s dans le monde entier via notre <a href=\"https:\/\/greentec.eu\/fr\/concessionnaires\/\">r\u00e9seau de concessionnaires<\/a>.<\/p>\n                            <\/div>\n                                                                            <div class=\"mtt-text-columns-image__text mtt-text-columns-image__text--second\">\n                                <p>Nos produits ont une large gamme d'applications allant de l'utilisation professionnelle \u00e0 l'utilisation de loisirs. Certains de nos groupes cibles sont les <a href=\"https:\/\/greentec.eu\/fr\/marches\/entretien-municipal-paysages-parcs\/\">municipalit\u00e9s<\/a>, les <a href=\"https:\/\/greentec.eu\/fr\/marches\/entretien-agricole-haies-arbres\/\">agriculteurs<\/a>, les <a href=\"https:\/\/greentec.eu\/fr\/marches\/jardinage-amenagement-paysager-arbres-herbe\/\">jardiniers<\/a>, les <a href=\"https:\/\/greentec.eu\/fr\/marches\/materiel-forestier\/\">travailleurs forestiers<\/a> et les <a href=\"https:\/\/greentec.eu\/fr\/marches\/materiel-elagage-tonte-vergers\/\">gestionnaires de vergers<\/a>. Vous pouvez obtenir plus d'informations sur la fa\u00e7on dont nous cr\u00e9ons de la valeur pour chaque march\u00e9 en suivant les liens ci-dessous.<\/p>\n                            <\/div>\n                                            <\/div>\n                \n                            <\/div>\n        <\/div>\n\n        \n    <\/div>\n<\/section><\/div><\/div><\/div><\/div><div id=\"pg-13833-2\"  class=\"panel-grid panel-no-style\" ><div id=\"pgc-13833-2-0\"  class=\"panel-grid-cell\" ><div id=\"panel-13833-2-0-0\" class=\"so-panel widget widget_mtt-image-link-boxes-slider panel-first-child panel-last-child\" data-index=\"2\" ><div\n\t\t\t\n\t\t\tclass=\"so-widget-mtt-image-link-boxes-slider so-widget-mtt-image-link-boxes-slider-base\"\n\t\t\t\n\t\t>\n    <section class=\"mtt-image-link-boxes-slider spacing_bottom_56 spacing-classes-added\">\n        <div class=\"mtt-image-link-boxes-slider__inner page_container\">\n                        <div class=\"mtt-image-link-boxes-slider__buttons\">\n                <button class=\"swiper-prev swiper-button-prev absolute\" aria-label=\"\"><\/button>\n                <button class=\"swiper-next swiper-button-next absolute\" aria-label=\"\"><\/button>\n            <\/div>\n            <div class=\"mtt-image-link-boxes-slider__swiper swiper\">\n              <div class=\"swiper-wrapper\">\n                                  <a href=\"https:\/\/greentec.eu\/fr\/marches\/entretien-municipal-paysages-parcs\/\" class=\"swiper-slide mtt-image-link-boxes-slide\">\n            <div class=\"mtt-image-link-boxes-slide__image object-fit\">\n            <img decoding=\"async\" src=\"https:\/\/greentec.eu\/wp-content\/uploads\/2022\/11\/Municipality-markets-410x532.webp\" alt=\"Municipalit\u00e9\">\n        <\/div>\n        <div class=\"mtt-image-link-boxes-slide__text\">\n                  <div class=\"mtt-image-link-boxes-slide__title\">\n            <p class=\"title\">Municipalit\u00e9<\/p>                      <\/div>\n                          <div class=\"text\">S\u00e9curisez les routes et les aires de loisirs<\/div>\n            <\/div>\n<\/a>\n                                  <a href=\"https:\/\/greentec.eu\/fr\/marches\/entretien-agricole-haies-arbres\/\" class=\"swiper-slide mtt-image-link-boxes-slide\">\n            <div class=\"mtt-image-link-boxes-slide__image object-fit\">\n            <img decoding=\"async\" src=\"https:\/\/greentec.eu\/wp-content\/uploads\/2023\/01\/Agriculture-markets-410x532.webp\" alt=\"Agriculture\">\n        <\/div>\n        <div class=\"mtt-image-link-boxes-slide__text\">\n                  <div class=\"mtt-image-link-boxes-slide__title\">\n            <p class=\"title\">Agriculture<\/p>                      <\/div>\n                          <div class=\"text\">Maximisez vos gains tout au long de la saison<\/div>\n            <\/div>\n<\/a>\n                                  <a href=\"https:\/\/greentec.eu\/fr\/marches\/jardinage-amenagement-paysager-arbres-herbe\/\" class=\"swiper-slide mtt-image-link-boxes-slide\">\n            <div class=\"mtt-image-link-boxes-slide__image object-fit\">\n            <img decoding=\"async\" src=\"https:\/\/greentec.eu\/wp-content\/uploads\/2023\/01\/Gardening-and-landscaping-markets-410x532.webp\" alt=\"Jardinage et am\u00e9nagement paysager\">\n        <\/div>\n        <div class=\"mtt-image-link-boxes-slide__text\">\n                  <div class=\"mtt-image-link-boxes-slide__title\">\n            <p class=\"title\">Jardinage et am\u00e9nagement paysager<\/p>                      <\/div>\n                          <div class=\"text\">Gagnez du temps et couvrez plus de terrain<\/div>\n            <\/div>\n<\/a>\n                                  <a href=\"https:\/\/greentec.eu\/fr\/marches\/materiel-forestier\/\" class=\"swiper-slide mtt-image-link-boxes-slide\">\n            <div class=\"mtt-image-link-boxes-slide__image object-fit\">\n            <img decoding=\"async\" src=\"https:\/\/greentec.eu\/wp-content\/uploads\/2022\/11\/Forestry-markets-410x532.webp\" alt=\"For\u00eats\">\n        <\/div>\n        <div class=\"mtt-image-link-boxes-slide__text\">\n                  <div class=\"mtt-image-link-boxes-slide__title\">\n            <p class=\"title\">For\u00eats<\/p>                      <\/div>\n                          <div class=\"text\">Entretenir les chemins et sentiers<\/div>\n            <\/div>\n<\/a>\n                                  <a href=\"https:\/\/greentec.eu\/fr\/marches\/materiel-elagage-tonte-vergers\/\" class=\"swiper-slide mtt-image-link-boxes-slide\">\n            <div class=\"mtt-image-link-boxes-slide__image object-fit\">\n            <img decoding=\"async\" src=\"https:\/\/greentec.eu\/wp-content\/uploads\/2022\/11\/Orchards-markets-410x532.webp\" alt=\"Vergers\">\n        <\/div>\n        <div class=\"mtt-image-link-boxes-slide__text\">\n                  <div class=\"mtt-image-link-boxes-slide__title\">\n            <p class=\"title\">Vergers<\/p>                      <\/div>\n                          <div class=\"text\">Obtenez un meilleur rendement<\/div>\n            <\/div>\n<\/a>\n                              <\/div>\n            <\/div>\n        <\/div>\n    <\/section>\n\n<\/div><\/div><\/div><\/div><\/div>","protected":false},"excerpt":{"rendered":"<p>March\u00e9s GreenTec est une soci\u00e9t\u00e9 danoise sp\u00e9cialis\u00e9e dans les machines pour l&#8217;entretien des espaces verts. Depuis 1979, nous avons d\u00e9velopp\u00e9 un programme complet de machines qui sont principalement utilis\u00e9es pour la tonte de l&#8217;herbe, l&#8217;\u00e9lagage des arbres et la taille des haies. Tous les produits sont fabriqu\u00e9s dans nos usines au Danemark et distribu\u00e9s dans [&hellip;]<\/p>\n","protected":false},"author":1,"featured_media":0,"parent":0,"menu_order":0,"comment_status":"closed","ping_status":"closed","template":"","meta":{"_acf_changed":false,"_relevanssi_hide_post":"","_relevanssi_hide_content":"","_relevanssi_pin_for_all":"","_relevanssi_pin_keywords":"","_relevanssi_unpin_keywords":"","_relevanssi_related_keywords":"","_relevanssi_related_include_ids":"","_relevanssi_related_exclude_ids":"","_relevanssi_related_no_append":"","_relevanssi_related_not_related":"","_relevanssi_related_posts":"","_relevanssi_noindex_reason":"","inline_featured_image":false,"footnotes":""},"class_list":["post-13833","page","type-page","status-publish","hentry"],"acf":[],"yoast_head":"<!-- This site is optimized with the Yoast SEO plugin v27.0 - https:\/\/yoast.com\/product\/yoast-seo-wordpress\/ -->\n<title>March\u00e9s - GreenTec<\/title>\n<meta name=\"description\" content=\"Les produits GreenTec ont une large gamme d&#039;applications. Certains de nos groupes cibles sont les municipalit\u00e9s, les agriculteurs, les jardiniers, les travailleurs forestiers et les gestionnaires de vergers.\" \/>\n<meta name=\"robots\" content=\"index, follow, max-snippet:-1, max-image-preview:large, max-video-preview:-1\" \/>\n<link rel=\"canonical\" href=\"https:\/\/greentec.eu\/fr\/marches\/\" \/>\n<meta property=\"og:locale\" content=\"fr_FR\" \/>\n<meta property=\"og:type\" content=\"article\" \/>\n<meta property=\"og:title\" content=\"March\u00e9s - GreenTec\" \/>\n<meta property=\"og:description\" content=\"Les produits GreenTec ont une large gamme d&#039;applications. Certains de nos groupes cibles sont les municipalit\u00e9s, les agriculteurs, les jardiniers, les travailleurs forestiers et les gestionnaires de vergers.\" \/>\n<meta property=\"og:url\" content=\"https:\/\/greentec.eu\/fr\/marches\/\" \/>\n<meta property=\"og:site_name\" content=\"GreenTec\" \/>\n<meta property=\"article:modified_time\" content=\"2024-02-27T13:15:15+00:00\" \/>\n<meta name=\"twitter:card\" content=\"summary_large_image\" \/>\n<meta name=\"twitter:label1\" content=\"Est. reading time\" \/>\n\t<meta name=\"twitter:data1\" content=\"1 minute\" \/>\n<script type=\"application\/ld+json\" class=\"yoast-schema-graph\">{\"@context\":\"https:\/\/schema.org\",\"@graph\":[{\"@type\":\"WebPage\",\"@id\":\"https:\/\/greentec.eu\/fr\/marches\/\",\"url\":\"https:\/\/greentec.eu\/fr\/marches\/\",\"name\":\"March\u00e9s - GreenTec\",\"isPartOf\":{\"@id\":\"https:\/\/greentec.eu\/fr\/#website\"},\"datePublished\":\"2022-07-08T10:34:41+00:00\",\"dateModified\":\"2024-02-27T13:15:15+00:00\",\"description\":\"Les produits GreenTec ont une large gamme d'applications. Certains de nos groupes cibles sont les municipalit\u00e9s, les agriculteurs, les jardiniers, les travailleurs forestiers et les gestionnaires de vergers.\",\"inLanguage\":\"fr-FR\",\"potentialAction\":[{\"@type\":\"ReadAction\",\"target\":[\"https:\/\/greentec.eu\/fr\/marches\/\"]}]},{\"@type\":\"WebSite\",\"@id\":\"https:\/\/greentec.eu\/fr\/#website\",\"url\":\"https:\/\/greentec.eu\/fr\/\",\"name\":\"GreenTec\",\"description\":\"Maskiner til Hegnsklipning og Rabatklipning\",\"potentialAction\":[{\"@type\":\"SearchAction\",\"target\":{\"@type\":\"EntryPoint\",\"urlTemplate\":\"https:\/\/greentec.eu\/fr\/?s={search_term_string}\"},\"query-input\":{\"@type\":\"PropertyValueSpecification\",\"valueRequired\":true,\"valueName\":\"search_term_string\"}}],\"inLanguage\":\"fr-FR\"}]}<\/script>\n<!-- \/ Yoast SEO plugin. -->","yoast_head_json":{"title":"March\u00e9s - GreenTec","description":"Les produits GreenTec ont une large gamme d'applications. Certains de nos groupes cibles sont les municipalit\u00e9s, les agriculteurs, les jardiniers, les travailleurs forestiers et les gestionnaires de vergers.","robots":{"index":"index","follow":"follow","max-snippet":"max-snippet:-1","max-image-preview":"max-image-preview:large","max-video-preview":"max-video-preview:-1"},"canonical":"https:\/\/greentec.eu\/fr\/marches\/","og_locale":"fr_FR","og_type":"article","og_title":"March\u00e9s - GreenTec","og_description":"Les produits GreenTec ont une large gamme d'applications. Certains de nos groupes cibles sont les municipalit\u00e9s, les agriculteurs, les jardiniers, les travailleurs forestiers et les gestionnaires de vergers.","og_url":"https:\/\/greentec.eu\/fr\/marches\/","og_site_name":"GreenTec","article_modified_time":"2024-02-27T13:15:15+00:00","twitter_card":"summary_large_image","twitter_misc":{"Est. reading time":"1 minute"},"schema":{"@context":"https:\/\/schema.org","@graph":[{"@type":"WebPage","@id":"https:\/\/greentec.eu\/fr\/marches\/","url":"https:\/\/greentec.eu\/fr\/marches\/","name":"March\u00e9s - GreenTec","isPartOf":{"@id":"https:\/\/greentec.eu\/fr\/#website"},"datePublished":"2022-07-08T10:34:41+00:00","dateModified":"2024-02-27T13:15:15+00:00","description":"Les produits GreenTec ont une large gamme d'applications. Certains de nos groupes cibles sont les municipalit\u00e9s, les agriculteurs, les jardiniers, les travailleurs forestiers et les gestionnaires de vergers.","inLanguage":"fr-FR","potentialAction":[{"@type":"ReadAction","target":["https:\/\/greentec.eu\/fr\/marches\/"]}]},{"@type":"WebSite","@id":"https:\/\/greentec.eu\/fr\/#website","url":"https:\/\/greentec.eu\/fr\/","name":"GreenTec","description":"Maskiner til Hegnsklipning og Rabatklipning","potentialAction":[{"@type":"SearchAction","target":{"@type":"EntryPoint","urlTemplate":"https:\/\/greentec.eu\/fr\/?s={search_term_string}"},"query-input":{"@type":"PropertyValueSpecification","valueRequired":true,"valueName":"search_term_string"}}],"inLanguage":"fr-FR"}]}},"_links":{"self":[{"href":"https:\/\/greentec.eu\/fr\/wp-json\/wp\/v2\/pages\/13833","targetHints":{"allow":["GET"]}}],"collection":[{"href":"https:\/\/greentec.eu\/fr\/wp-json\/wp\/v2\/pages"}],"about":[{"href":"https:\/\/greentec.eu\/fr\/wp-json\/wp\/v2\/types\/page"}],"author":[{"embeddable":true,"href":"https:\/\/greentec.eu\/fr\/wp-json\/wp\/v2\/users\/1"}],"replies":[{"embeddable":true,"href":"https:\/\/greentec.eu\/fr\/wp-json\/wp\/v2\/comments?post=13833"}],"version-history":[{"count":11,"href":"https:\/\/greentec.eu\/fr\/wp-json\/wp\/v2\/pages\/13833\/revisions"}],"predecessor-version":[{"id":29609,"href":"https:\/\/greentec.eu\/fr\/wp-json\/wp\/v2\/pages\/13833\/revisions\/29609"}],"wp:attachment":[{"href":"https:\/\/greentec.eu\/fr\/wp-json\/wp\/v2\/media?parent=13833"}],"curies":[{"name":"wp","href":"https:\/\/api.w.org\/{rel}","templated":true}]}}