{"id":14886,"date":"2022-06-13T08:55:17","date_gmt":"2022-06-13T08:55:17","guid":{"rendered":"https:\/\/greentec.eu.bluebird.pw\/privacy-policy\/"},"modified":"2026-02-10T06:30:20","modified_gmt":"2026-02-10T06:30:20","slug":"politique-de-confidentialite","status":"publish","type":"page","link":"https:\/\/greentec.eu\/fr\/politique-de-confidentialite\/","title":{"rendered":"Politique de confidentialit\u00e9"},"content":{"rendered":"<div id=\"pl-14886\"  class=\"panel-layout\" ><div id=\"pg-14886-0\"  class=\"panel-grid panel-no-style\" ><div id=\"pgc-14886-0-0\"  class=\"panel-grid-cell\" ><div id=\"panel-14886-0-0-0\" class=\"so-panel widget widget_mtt-cover panel-first-child panel-last-child\" data-index=\"0\" ><div\n\t\t\t\n\t\t\tclass=\"so-widget-mtt-cover so-widget-mtt-cover-base\"\n\t\t\t\n\t\t>\n<section class=\"mtt-cover\">\n\n            <img decoding=\"async\" class=\"mtt-cover__graphic graphic graphic--cover-corner\" src=\"https:\/\/greentec.eu\/wp-content\/themes\/greentec-wordpress-theme\/public\/img\/graphic\/cover-bottom-right-shape-white.svg\" alt=\"\"\/>\n    \n    <div class=\"mtt-cover__inner\">\n        <div class=\"mtt-cover__page-container page_container\">\n            <div class=\"mtt-cover__text-container\">\n                                                                            <\/div>\n\n                    <\/div>\n\n        <div class=\"mtt-cover__images\">\n                            <div class=\"mtt-image object-fit\">\n                    <picture>\n                                                    <source srcset=\"https:\/\/greentec.eu\/wp-content\/uploads\/2022\/12\/Privacy-policy-mobile.webp\" media=\"(max-width: 550px)\">\n                                                                        <img decoding=\"async\" src=\"https:\/\/greentec.eu\/wp-content\/uploads\/2022\/12\/Privacy-policy-desktop.webp\" alt=\"Privacy policy\">\n                    <\/picture>\n                <\/div>\n                                            <\/div>\n\n    <\/div>\n<\/section><\/div><\/div><\/div><\/div><div id=\"pg-14886-1\"  class=\"panel-grid panel-no-style\" ><div id=\"pgc-14886-1-0\"  class=\"panel-grid-cell\" ><div id=\"panel-14886-1-0-0\" class=\"so-panel widget widget_mtt-text-columns-image panel-first-child panel-last-child\" data-index=\"1\" ><div\n\t\t\t\n\t\t\tclass=\"so-widget-mtt-text-columns-image so-widget-mtt-text-columns-image-base\"\n\t\t\t\n\t\t>\n<section class=\"mtt-text-columns-image spacing_top_32 spacing_bottom_32 spacing-classes-added\">\n    <div class=\"mtt-text-columns-image__inner\">\n        <div class=\"page_container\">\n            <div class=\"mtt-text-columns-image__text-wrap full\">\n                                                    <h1 class=\"mtt-text-columns-image__title title title--2\">Politique de confidentialit\u00e9<\/h1>\n                \n                \n                            <\/div>\n        <\/div>\n\n        \n    <\/div>\n<\/section><\/div><\/div><\/div><\/div><div id=\"pg-14886-2\"  class=\"panel-grid panel-no-style\" ><div id=\"pgc-14886-2-0\"  class=\"panel-grid-cell\" ><div id=\"panel-14886-2-0-0\" class=\"so-panel widget widget_mtt-single-content panel-first-child panel-last-child\" data-index=\"2\" ><div\n\t\t\t\n\t\t\tclass=\"so-widget-mtt-single-content so-widget-mtt-single-content-base\"\n\t\t\t\n\t\t>\n<section class=\"mtt-single-post  spacing_bottom_80 spacing-classes-added\">\n    <div class=\"mtt-single-post__inner page_container\">\n        <article class=\"mtt-single-post__content mtt-single-post__content--full\">\n                            <div class=\"wysiwyg\">\n                    <p>Lorsque vous visitez notre site Web, des informations vous concernant sont collect\u00e9es et utilis\u00e9es pour personnaliser et am\u00e9liorer notre contenu et pour augmenter la valeur des publicit\u00e9s affich\u00e9es sur la page. Si vous ne souhaitez pas que des donn\u00e9es vous concernant soient collect\u00e9es, vous devez supprimer vos cookies (voir instructions) et \u00e9viter toute utilisation ult\u00e9rieure du site. Ci-dessous, nous avons pr\u00e9cis\u00e9 quelles informations sont collect\u00e9es, leurs finalit\u00e9s et quels tiers y ont acc\u00e8s.<\/p>\n<p>&nbsp;<\/p>\n<h2>Cookies<\/h2>\n<p><script id=\"CookieDeclaration\" data-culture=\"fr\" src=\"https:\/\/consent.cookiebot.com\/a4212a77-498f-4a4a-8fee-de0ad53e292e\/cd.js\" type=\"text\/javascript\" async><\/script><\/p>\n<p>&nbsp;<\/p>\n<h2>Donn\u00e9es personnelles<\/h2>\n<p><strong>En g\u00e9n\u00e9ral<\/strong><\/p>\n<p>Les informations personnelles sont tout type d'informations qui peuvent \u00eatre li\u00e9es \u00e0 vous dans une certaine mesure. Lors de l'utilisation de notre site Web, nous collectons et traitons diverses informations de ce type. Cela peut se produire lors de l'acc\u00e8s au contenu, en vous inscrivant \u00e0 la newsletter, en participant \u00e0 des concours ou \u00e0 des enqu\u00eates, en utilisant nos services ou en envoyant des demandes de renseignements.<\/p>\n<p>Nous collectons et traitons g\u00e9n\u00e9ralement les types d'informations suivants\u00a0: un identifiant unique et des informations techniques sur votre ordinateur, tablette ou t\u00e9l\u00e9phone portable, votre num\u00e9ro IP, votre emplacement g\u00e9ographique et les pages sur lesquelles vous cliquez (int\u00e9r\u00eats). Nous recueillons \u00e9galement le nom, le num\u00e9ro de t\u00e9l\u00e9phone, l'adresse e-mail et l'adresse lorsque vous donnez votre consentement explicite et saisissez les informations par vous-m\u00eame. Cela sera g\u00e9n\u00e9ralement associ\u00e9 \u00e0 des demandes de renseignements sur nos produits.<\/p>\n<p><strong>S\u00e9curit\u00e9<\/strong><\/p>\n<p>Nous avons pris des mesures techniques et organisationnelles contre le fait que vos informations soient accidentellement ou ill\u00e9galement supprim\u00e9es, publi\u00e9es, perdues, alt\u00e9r\u00e9es ou port\u00e9es \u00e0 la connaissance d'une personne, mal utilis\u00e9es ou autrement trait\u00e9es en violation de la loi.<\/p>\n<p><strong>But<\/strong><\/p>\n<p>Les informations sont utilis\u00e9es pour vous identifier en tant qu'utilisateur et afficher les publicit\u00e9s les plus susceptibles de vous int\u00e9resser, enregistrer vos commandes et fournir les services que vous avez demand\u00e9s, tels que l'envoi d'une offre. De plus, nous utilisons les informations pour optimiser nos services et contenus.<\/p>\n<p><strong>P\u00e9riode de stockage<\/strong><\/p>\n<p>Les informations sont conserv\u00e9es pendant la dur\u00e9e autoris\u00e9e par la loi et nous les supprimons lorsqu'elles ne sont plus n\u00e9cessaires. La dur\u00e9e d\u00e9pend de la nature des informations et du contexte de stockage. Par cons\u00e9quent, il n'est pas possible de sp\u00e9cifier un d\u00e9lai g\u00e9n\u00e9ral pour la suppression des informations.<\/p>\n<p><strong>Divulgation d'informations<\/strong><\/p>\n<p>Les donn\u00e9es concernant votre utilisation du site Web, les publicit\u00e9s que vous recevez et sur lesquelles vous cliquez, l'emplacement g\u00e9ographique, le sexe et l'\u00e2ge, etc. seront divulgu\u00e9es \u00e0 des tiers dans la mesure o\u00f9 ces informations sont connues. Les informations sont utilis\u00e9es pour cibler les publicit\u00e9s.<\/p>\n<p>En outre, nous utilisons un certain nombre de tiers pour stocker et traiter les donn\u00e9es. Ceux-ci ne traitent que des informations en notre nom et ne peuvent pas utiliser les donn\u00e9es \u00e0 leurs propres fins.<\/p>\n<p>La divulgation d'informations personnelles, telles que le nom et l'adresse e-mail, n'aura lieu que si vous y consentez. Nous utilisons uniquement des processeurs de donn\u00e9es dans l'UE ou dans des pays qui peuvent fournir \u00e0 vos informations une protection ad\u00e9quate.<\/p>\n<h3 data-start=\"160\" data-end=\"180\">Google Analytics<\/h3>\n<p data-start=\"182\" data-end=\"617\">Nous utilisons <strong data-start=\"197\" data-end=\"217\">Google Analytics<\/strong>, un service d\u2019analyse web fourni par Google LLC, afin de mieux comprendre la mani\u00e8re dont les visiteurs interagissent avec notre site internet. Cet outil nous aide \u00e0 am\u00e9liorer nos contenus, l\u2019exp\u00e9rience utilisateur ainsi que la performance globale de notre site, en collectant des informations agr\u00e9g\u00e9es telles que les pages les plus consult\u00e9es, la navigation entre les pages et la dur\u00e9e des visites.<\/p>\n<p data-start=\"619\" data-end=\"1180\">Google Analytics utilise des cookies pour g\u00e9n\u00e9rer des rapports statistiques sur le trafic et le comportement des utilisateurs. Les donn\u00e9es collect\u00e9es peuvent inclure votre <strong data-start=\"791\" data-end=\"805\">adresse IP<\/strong>, le <strong data-start=\"810\" data-end=\"832\">type de navigateur<\/strong>, les <strong data-start=\"838\" data-end=\"874\">pages de provenance et de sortie<\/strong>, le <strong data-start=\"879\" data-end=\"905\">syst\u00e8me d\u2019exploitation<\/strong>, ainsi que des <strong data-start=\"921\" data-end=\"954\">donn\u00e9es d\u2019interaction de base<\/strong> (par exemple : clics, d\u00e9filements, dur\u00e9e de session). Toutes les informations sont trait\u00e9es sous une forme anonymis\u00e9e ou pseudonymis\u00e9e \u2014 nous n\u2019utilisons pas Google Analytics pour identifier individuellement les utilisateurs.<\/p>\n<p data-start=\"1182\" data-end=\"1585\">Vous pouvez emp\u00eacher Google Analytics de collecter vos donn\u00e9es en <strong data-start=\"1248\" data-end=\"1315\">d\u00e9sactivant les cookies dans les param\u00e8tres de votre navigateur<\/strong> ou en installant le <strong data-start=\"1336\" data-end=\"1417\">module compl\u00e9mentaire de navigateur pour la d\u00e9sactivation de Google Analytics<\/strong>. Ce module emp\u00eache la transmission de donn\u00e9es \u00e0 Google Analytics. Veuillez noter que la d\u00e9sactivation des cookies peut limiter certaines fonctionnalit\u00e9s de notre site.<\/p>\n<p data-start=\"1587\" data-end=\"1759\">Pour plus d\u2019informations sur la mani\u00e8re dont Google traite les donn\u00e9es, veuillez consulter la <a class=\"decorated-link cursor-pointer\" target=\"_new\" rel=\"noopener\" data-start=\"1681\" data-end=\"1758\">Politique de confidentialit\u00e9 de Google<\/a>.<\/p>\n<h3 data-start=\"1766\" data-end=\"1788\">Google Tag Manager<\/h3>\n<p data-start=\"1790\" data-end=\"2190\">Nous utilisons <strong data-start=\"1805\" data-end=\"1827\">Google Tag Manager<\/strong>, un service fourni par Google LLC, pour g\u00e9rer et d\u00e9ployer efficacement les balises marketing et d\u2019analyse sur notre site. Google Tag Manager ne collecte pas de donn\u00e9es personnelles et n\u2019utilise pas de cookies en lui-m\u00eame. Il sert de conteneur permettant d\u2019activer d\u2019autres outils (par exemple Google Analytics) et de garantir leur chargement correct et efficace.<\/p>\n<p data-start=\"2192\" data-end=\"2634\">Bien que Google Tag Manager ne suive pas directement les utilisateurs, il peut d\u00e9clencher des balises susceptibles de collecter des donn\u00e9es. Toute collecte de donn\u00e9es se fait par le biais de ces balises individuelles, et non par Google Tag Manager lui-m\u00eame. Par exemple, si vous avez consenti aux cookies d\u2019analyse ou de marketing, Google Tag Manager peut charger les scripts correspondants pour enregistrer les donn\u00e9es d\u2019utilisation du site.<\/p>\n<p data-start=\"2636\" data-end=\"3068\">Si vous souhaitez <strong data-start=\"2654\" data-end=\"2677\">d\u00e9sactiver le suivi<\/strong>, vous pouvez modifier vos <strong data-start=\"2704\" data-end=\"2741\">pr\u00e9f\u00e9rences en mati\u00e8re de cookies<\/strong> ou les param\u00e8tres de votre navigateur pour bloquer les cookies d\u2019analyse et de marketing. Cela emp\u00eachera l\u2019activation des balises associ\u00e9es. Vous pouvez \u00e9galement utiliser le <strong data-start=\"2917\" data-end=\"2998\">module compl\u00e9mentaire de navigateur pour la d\u00e9sactivation de Google Analytics<\/strong>, si Google Analytics fait partie des outils d\u00e9ploy\u00e9s via Tag Manager.<\/p>\n<p data-start=\"3070\" data-end=\"3367\">Pour plus d\u2019informations sur Google Tag Manager et la protection des donn\u00e9es, veuillez consulter la <a class=\"decorated-link cursor-pointer\" target=\"_new\" rel=\"noopener\" data-start=\"3170\" data-end=\"3247\">Politique de confidentialit\u00e9 de Google<\/a> ainsi que la <a class=\"decorated-link cursor-pointer\" target=\"_new\" rel=\"noopener\" data-start=\"3261\" data-end=\"3366\">Politique d\u2019utilisation de Google Tag Manager<\/a>.<\/p>\n<h3 data-start=\"3374\" data-end=\"3400\">Formulaires de contact<\/h3>\n<p data-start=\"3402\" data-end=\"3792\">Lorsque vous utilisez nos <strong data-start=\"3428\" data-end=\"3454\">formulaires de contact<\/strong> pour nous joindre, nous collectons les informations que vous fournissez \u2014 g\u00e9n\u00e9ralement votre <strong data-start=\"3548\" data-end=\"3555\">nom<\/strong>, votre <strong data-start=\"3563\" data-end=\"3581\">adresse e-mail<\/strong>, ainsi que le <strong data-start=\"3596\" data-end=\"3624\">contenu de votre message<\/strong>. Ces informations sont utilis\u00e9es uniquement pour r\u00e9pondre \u00e0 votre demande, assurer le suivi de la communication et vous fournir les services ou informations souhait\u00e9s.<\/p>\n<p data-start=\"3794\" data-end=\"4309\">Afin de garantir le bon fonctionnement des formulaires et de prot\u00e9ger contre le spam et les abus, certains formulaires peuvent utiliser des <strong data-start=\"3934\" data-end=\"3958\">cookies fonctionnels<\/strong> ou des <strong data-start=\"3966\" data-end=\"3982\">outils tiers<\/strong> (par exemple des services CAPTCHA). Ces cookies servent \u00e0 v\u00e9rifier qu\u2019il s\u2019agit bien d\u2019une personne r\u00e9elle qui soumet le formulaire, \u00e0 assurer une transmission fiable et \u00e0 maintenir la s\u00e9curit\u00e9 du site. Les cookies fonctionnels utilis\u00e9s dans ce contexte <strong data-start=\"4237\" data-end=\"4308\">ne suivent pas votre activit\u00e9 de navigation en dehors du formulaire<\/strong>.<\/p>\n<p data-start=\"4311\" data-end=\"4793\">Nous pouvons utiliser les informations soumises via les formulaires de contact \u00e0 des <strong data-start=\"4396\" data-end=\"4431\">fins de communication marketing<\/strong>, par exemple pour l\u2019envoi d\u2019une <strong data-start=\"4464\" data-end=\"4488\">newsletter mensuelle<\/strong>. Vous pouvez vous d\u00e9sinscrire \u00e0 tout moment via le lien figurant dans la newsletter re\u00e7ue ou en nous contactant directement \u00e0 l\u2019adresse <strong data-start=\"4625\" data-end=\"4645\"><a class=\"decorated-link cursor-pointer\" rel=\"noopener\" data-start=\"4627\" data-end=\"4643\">info@greentec.eu<\/a><\/strong>. Les donn\u00e9es transmises par le formulaire sont g\u00e9n\u00e9ralement stock\u00e9es sur notre serveur s\u00e9curis\u00e9 et peuvent \u00e9galement nous \u00eatre envoy\u00e9es par e-mail.<\/p>\n<h3 data-start=\"4800\" data-end=\"4826\">Newsletter (Mailchimp)<\/h3>\n<p data-start=\"4828\" data-end=\"5123\">Si vous choisissez de vous abonner \u00e0 notre <strong data-start=\"4871\" data-end=\"4885\">newsletter<\/strong>, nous utilisons <strong data-start=\"4902\" data-end=\"4915\">Mailchimp<\/strong>, un service fourni par Intuit Inc., pour g\u00e9rer notre communication par e-mail. Mailchimp nous aide \u00e0 cr\u00e9er, envoyer et analyser nos newsletters afin de partager des informations pertinentes avec nos abonn\u00e9s.<\/p>\n<p data-start=\"5125\" data-end=\"5657\">Lors de votre inscription \u00e0 la newsletter, nous collectons les donn\u00e9es personnelles que vous fournissez \u2014 g\u00e9n\u00e9ralement votre <strong data-start=\"5250\" data-end=\"5257\">nom<\/strong> et votre <strong data-start=\"5267\" data-end=\"5285\">adresse e-mail<\/strong> \u2014 et nous les stockons de mani\u00e8re s\u00e9curis\u00e9e via la plateforme de Mailchimp. Mailchimp utilise des cookies et des technologies similaires pour suivre la <strong data-start=\"5438\" data-end=\"5469\">performance des newsletters<\/strong>, par exemple les taux d\u2019ouverture, les clics sur les liens et l\u2019activit\u00e9 d\u2019abonnement. Ces informations nous permettent d\u2019\u00e9valuer l\u2019engagement et d\u2019am\u00e9liorer le contenu que nous envoyons.<\/p>\n<p data-start=\"5659\" data-end=\"6109\">Mailchimp peut \u00e9galement placer des cookies lorsque vous interagissez avec nos <strong data-start=\"5738\" data-end=\"5776\">formulaires d\u2019inscription int\u00e9gr\u00e9s<\/strong> sur le site. Ces cookies sont principalement utilis\u00e9s pour garantir le bon fonctionnement du formulaire, \u00e9viter les inscriptions en double et analyser la mani\u00e8re dont les formulaires sont utilis\u00e9s. Si vous consentez aux <strong data-start=\"5997\" data-end=\"6018\">cookies marketing<\/strong>, Mailchimp peut collecter des donn\u00e9es suppl\u00e9mentaires \u00e0 des fins analytiques ou marketing.<\/p>\n<p data-start=\"6111\" data-end=\"6597\">Vous pouvez <strong data-start=\"6123\" data-end=\"6167\">retirer votre consentement \u00e0 tout moment<\/strong> en cliquant sur le lien <strong data-start=\"6192\" data-end=\"6214\">\u00ab Se d\u00e9sinscrire \u00bb<\/strong> pr\u00e9sent en bas de chaque e-mail de newsletter ou en nous contactant directement. Pour \u00e9viter les cookies de Mailchimp, vous pouvez modifier les <strong data-start=\"6359\" data-end=\"6404\">param\u00e8tres de cookies de votre navigateur<\/strong> ou refuser les cookies marketing via notre bandeau de cookies. Veuillez noter que la d\u00e9sactivation de ces cookies peut affecter le bon fonctionnement des formulaires d\u2019inscription sur le site.<\/p>\n<p data-start=\"6599\" data-end=\"6824\">Pour plus d\u2019informations, veuillez consulter la <a class=\"decorated-link cursor-pointer\" target=\"_new\" rel=\"noopener\" data-start=\"6647\" data-end=\"6733\">Politique de confidentialit\u00e9 de Mailchimp<\/a> et la <a class=\"decorated-link cursor-pointer\" target=\"_new\" rel=\"noopener\" data-start=\"6740\" data-end=\"6823\">Politique relative aux cookies de Mailchimp<\/a>.<\/p>\n<h3 data-start=\"75\" data-end=\"125\">Identification des visiteurs du site (Leadinfo)<\/h3>\n<p data-start=\"127\" data-end=\"314\">Nous utilisons Leadinfo B.V., Rotterdam, Pays-Bas, afin d\u2019identifier les visiteurs professionnels de notre site web et d\u2019analyser son utilisation \u00e0 des fins commerciales et marketing B2B.<\/p>\n<p data-start=\"316\" data-end=\"565\">Leadinfo traite les adresses IP, les informations relatives aux entreprises, le comportement de navigation sur le site ainsi que les informations soumises via les formulaires de contact. Ces donn\u00e9es peuvent inclure des donn\u00e9es \u00e0 caract\u00e8re personnel.<\/p>\n<p data-start=\"567\" data-end=\"807\">Le traitement est effectu\u00e9, lorsque requis, uniquement apr\u00e8s consentement via notre banni\u00e8re de cookies et repose sur notre int\u00e9r\u00eat l\u00e9gitime \u00e0 identifier un int\u00e9r\u00eat professionnel pour nos services (article 6, paragraphe 1, point f du RGPD).<\/p>\n<p data-start=\"809\" data-end=\"901\">Leadinfo agit en qualit\u00e9 de sous-traitant sur la base d\u2019un accord de traitement des donn\u00e9es.<\/p>\n<p data-start=\"903\" data-end=\"1006\">Vous pouvez vous opposer \u00e0 ce traitement \u00e0 tout moment via :<br \/>\n<a class=\"decorated-link\" href=\"https:\/\/www.leadinfo.com\/en\/legal\/opt-out\/?utm_source=chatgpt.com\" target=\"_new\" rel=\"noopener\" data-start=\"964\" data-end=\"1006\">https:\/\/www.leadinfo.com\/en\/legal\/opt-out\/<\/a><\/p>\n<p data-start=\"1008\" data-end=\"1072\">Plus d\u2019informations :<br \/>\n<a class=\"decorated-link\" href=\"https:\/\/www.leadinfo.com\/en\/legal\/privacy\/?utm_source=chatgpt.com\" target=\"_new\" rel=\"noopener\" data-start=\"1030\" data-end=\"1072\">https:\/\/www.leadinfo.com\/en\/legal\/privacy\/<\/a><\/p>\n<p><strong>Aper\u00e7us et r\u00e9clamations<\/strong><\/p>\n<p>Vous avez le droit de savoir quelles informations personnelles nous collectons \u00e0 votre sujet. Vous pouvez \u00e9galement vous opposer \u00e0 l'utilisation des informations \u00e0 tout moment. Vous pouvez \u00e9galement r\u00e9voquer votre consentement au traitement des informations vous concernant. Si les informations trait\u00e9es \u00e0 votre sujet sont incorrectes, vous avez le droit de les faire corriger ou supprimer. Veuillez contacter\u00a0:\u00a0<a href=\"mailto:info@greentec.eu\">info@greentec.eu\u00a0<\/a>pour tout cas d'informations ou de r\u00e9clamations.<\/p>\n<p><strong>\u00c9diteur<\/strong><\/p>\n<p>Le site Web est d\u00e9tenu et publi\u00e9 par :<\/p>\n<p>GreenTec A\/S<\/p>\n<p>Merkurvej 25, DK-6000 Kolding<\/p>\n<p>T\u00e9l\u00e9phone: +45 75 55 36 44<\/p>\n<p>E-mail: info@greentec.eu<\/p>\n                <\/div>\n                                <\/article>\n\n            <\/div>\n<\/section><\/div><\/div><\/div><\/div><\/div>","protected":false},"excerpt":{"rendered":"<p>Politique de confidentialit\u00e9 Lorsque vous visitez notre site Web, des informations vous concernant sont collect\u00e9es et utilis\u00e9es pour personnaliser et am\u00e9liorer notre contenu et pour augmenter la valeur des publicit\u00e9s affich\u00e9es sur la page. Si vous ne souhaitez pas que des donn\u00e9es vous concernant soient collect\u00e9es, vous devez supprimer vos cookies (voir instructions) et \u00e9viter [&hellip;]<\/p>\n","protected":false},"author":1,"featured_media":0,"parent":0,"menu_order":0,"comment_status":"closed","ping_status":"open","template":"","meta":{"_acf_changed":false,"_relevanssi_hide_post":"","_relevanssi_hide_content":"","_relevanssi_pin_for_all":"","_relevanssi_pin_keywords":"","_relevanssi_unpin_keywords":"","_relevanssi_related_keywords":"","_relevanssi_related_include_ids":"","_relevanssi_related_exclude_ids":"","_relevanssi_related_no_append":"","_relevanssi_related_not_related":"","_relevanssi_related_posts":"","_relevanssi_noindex_reason":"","inline_featured_image":false,"footnotes":""},"class_list":["post-14886","page","type-page","status-publish","hentry"],"acf":[],"yoast_head":"<!-- This site is optimized with the Yoast SEO plugin v27.0 - https:\/\/yoast.com\/product\/yoast-seo-wordpress\/ -->\n<title>Politique de confidentialit\u00e9 - GreenTec<\/title>\n<meta name=\"robots\" content=\"index, follow, max-snippet:-1, max-image-preview:large, max-video-preview:-1\" \/>\n<link rel=\"canonical\" href=\"https:\/\/greentec.eu\/fr\/politique-de-confidentialite\/\" \/>\n<meta property=\"og:locale\" content=\"fr_FR\" \/>\n<meta property=\"og:type\" content=\"article\" \/>\n<meta property=\"og:title\" content=\"Politique de confidentialit\u00e9 - GreenTec\" \/>\n<meta property=\"og:description\" content=\"Politique de confidentialit\u00e9 Lorsque vous visitez notre site Web, des informations vous concernant sont collect\u00e9es et utilis\u00e9es pour personnaliser et am\u00e9liorer notre contenu et pour augmenter la valeur des publicit\u00e9s affich\u00e9es sur la page. Si vous ne souhaitez pas que des donn\u00e9es vous concernant soient collect\u00e9es, vous devez supprimer vos cookies (voir instructions) et \u00e9viter [&hellip;]\" \/>\n<meta property=\"og:url\" content=\"https:\/\/greentec.eu\/fr\/politique-de-confidentialite\/\" \/>\n<meta property=\"og:site_name\" content=\"GreenTec\" \/>\n<meta property=\"article:modified_time\" content=\"2026-02-10T06:30:20+00:00\" \/>\n<meta name=\"twitter:card\" content=\"summary_large_image\" \/>\n<meta name=\"twitter:label1\" content=\"Est. reading time\" \/>\n\t<meta name=\"twitter:data1\" content=\"7 minutes\" \/>\n<script type=\"application\/ld+json\" class=\"yoast-schema-graph\">{\"@context\":\"https:\/\/schema.org\",\"@graph\":[{\"@type\":\"WebPage\",\"@id\":\"https:\/\/greentec.eu\/fr\/politique-de-confidentialite\/\",\"url\":\"https:\/\/greentec.eu\/fr\/politique-de-confidentialite\/\",\"name\":\"Politique de confidentialit\u00e9 - GreenTec\",\"isPartOf\":{\"@id\":\"https:\/\/greentec.eu\/fr\/#website\"},\"datePublished\":\"2022-06-13T08:55:17+00:00\",\"dateModified\":\"2026-02-10T06:30:20+00:00\",\"inLanguage\":\"fr-FR\",\"potentialAction\":[{\"@type\":\"ReadAction\",\"target\":[\"https:\/\/greentec.eu\/fr\/politique-de-confidentialite\/\"]}]},{\"@type\":\"WebSite\",\"@id\":\"https:\/\/greentec.eu\/fr\/#website\",\"url\":\"https:\/\/greentec.eu\/fr\/\",\"name\":\"GreenTec\",\"description\":\"Maskiner til Hegnsklipning og Rabatklipning\",\"potentialAction\":[{\"@type\":\"SearchAction\",\"target\":{\"@type\":\"EntryPoint\",\"urlTemplate\":\"https:\/\/greentec.eu\/fr\/?s={search_term_string}\"},\"query-input\":{\"@type\":\"PropertyValueSpecification\",\"valueRequired\":true,\"valueName\":\"search_term_string\"}}],\"inLanguage\":\"fr-FR\"}]}<\/script>\n<!-- \/ Yoast SEO plugin. -->","yoast_head_json":{"title":"Politique de confidentialit\u00e9 - GreenTec","robots":{"index":"index","follow":"follow","max-snippet":"max-snippet:-1","max-image-preview":"max-image-preview:large","max-video-preview":"max-video-preview:-1"},"canonical":"https:\/\/greentec.eu\/fr\/politique-de-confidentialite\/","og_locale":"fr_FR","og_type":"article","og_title":"Politique de confidentialit\u00e9 - GreenTec","og_description":"Politique de confidentialit\u00e9 Lorsque vous visitez notre site Web, des informations vous concernant sont collect\u00e9es et utilis\u00e9es pour personnaliser et am\u00e9liorer notre contenu et pour augmenter la valeur des publicit\u00e9s affich\u00e9es sur la page. Si vous ne souhaitez pas que des donn\u00e9es vous concernant soient collect\u00e9es, vous devez supprimer vos cookies (voir instructions) et \u00e9viter [&hellip;]","og_url":"https:\/\/greentec.eu\/fr\/politique-de-confidentialite\/","og_site_name":"GreenTec","article_modified_time":"2026-02-10T06:30:20+00:00","twitter_card":"summary_large_image","twitter_misc":{"Est. reading time":"7 minutes"},"schema":{"@context":"https:\/\/schema.org","@graph":[{"@type":"WebPage","@id":"https:\/\/greentec.eu\/fr\/politique-de-confidentialite\/","url":"https:\/\/greentec.eu\/fr\/politique-de-confidentialite\/","name":"Politique de confidentialit\u00e9 - GreenTec","isPartOf":{"@id":"https:\/\/greentec.eu\/fr\/#website"},"datePublished":"2022-06-13T08:55:17+00:00","dateModified":"2026-02-10T06:30:20+00:00","inLanguage":"fr-FR","potentialAction":[{"@type":"ReadAction","target":["https:\/\/greentec.eu\/fr\/politique-de-confidentialite\/"]}]},{"@type":"WebSite","@id":"https:\/\/greentec.eu\/fr\/#website","url":"https:\/\/greentec.eu\/fr\/","name":"GreenTec","description":"Maskiner til Hegnsklipning og Rabatklipning","potentialAction":[{"@type":"SearchAction","target":{"@type":"EntryPoint","urlTemplate":"https:\/\/greentec.eu\/fr\/?s={search_term_string}"},"query-input":{"@type":"PropertyValueSpecification","valueRequired":true,"valueName":"search_term_string"}}],"inLanguage":"fr-FR"}]}},"_links":{"self":[{"href":"https:\/\/greentec.eu\/fr\/wp-json\/wp\/v2\/pages\/14886","targetHints":{"allow":["GET"]}}],"collection":[{"href":"https:\/\/greentec.eu\/fr\/wp-json\/wp\/v2\/pages"}],"about":[{"href":"https:\/\/greentec.eu\/fr\/wp-json\/wp\/v2\/types\/page"}],"author":[{"embeddable":true,"href":"https:\/\/greentec.eu\/fr\/wp-json\/wp\/v2\/users\/1"}],"replies":[{"embeddable":true,"href":"https:\/\/greentec.eu\/fr\/wp-json\/wp\/v2\/comments?post=14886"}],"version-history":[{"count":9,"href":"https:\/\/greentec.eu\/fr\/wp-json\/wp\/v2\/pages\/14886\/revisions"}],"predecessor-version":[{"id":35375,"href":"https:\/\/greentec.eu\/fr\/wp-json\/wp\/v2\/pages\/14886\/revisions\/35375"}],"wp:attachment":[{"href":"https:\/\/greentec.eu\/fr\/wp-json\/wp\/v2\/media?parent=14886"}],"curies":[{"name":"wp","href":"https:\/\/api.w.org\/{rel}","templated":true}]}}