{"id":15012,"date":"2022-08-24T07:27:20","date_gmt":"2022-08-24T07:27:20","guid":{"rendered":"https:\/\/greentec.eu.bluebird.pw\/explore-learn\/"},"modified":"2023-01-18T08:51:11","modified_gmt":"2023-01-18T08:51:11","slug":"explorer-apprendre","status":"publish","type":"page","link":"https:\/\/greentec.eu\/fr\/explorer-apprendre\/","title":{"rendered":"Explorer et apprendre"},"content":{"rendered":"<div id=\"pl-15012\"  class=\"panel-layout\" ><div id=\"pg-15012-0\"  class=\"panel-grid panel-no-style\" ><div id=\"pgc-15012-0-0\"  class=\"panel-grid-cell\" ><div id=\"panel-15012-0-0-0\" class=\"so-panel widget widget_mtt-archive panel-first-child panel-last-child\" data-index=\"0\" ><div\n\t\t\t\n\t\t\tclass=\"so-widget-mtt-archive so-widget-mtt-archive-base\"\n\t\t\t\n\t\t>    <section class=\"mtt-text-cover mtt-text-cover--article\">\n        <div class=\"pattern-container\">\n            <img decoding=\"async\" class=\"pattern-container__pattern pattern-container__pattern--left\" src=\"https:\/\/greentec.eu\/wp-content\/themes\/greentec-wordpress-theme\/public\/img\/svg\/pattern-text-cover.svg\" alt=\"GreenTec pattern\">\n        <\/div>\n        <div class=\"mtt-text-cover__inner page_container\">\n            <div class=\"mtt-text-cover__text\">\n                <div class=\"mtt-text-cover__text--tagline tagline--prim\">Articles<\/div>                <h1 class=\"mtt-text-cover__text--title\">Explorer et apprendre<\/h1>\n                <div class=\"mtt-text-cover__text--text\">Recevez les derni\u00e8res nouvelles de GreenTec et recevez des conseils sur l'utilisation de vos machines GreenTec !<\/div>            <\/div>\n    <\/section>\n    <section class=\"mtt-article-archive\" data-archive data-post-type=\"articles\" data-archive-per-page=\"9\">\n    <div class=\"page_container\">\n        <div class=\"mtt-article-categories\" data-parent-tax-slug=\"article_categories\">\n            <ul>\n                <li class='mtt-article-category'><button data-archive-button data-tax-slug='article_categories' data-term-id='0' class='active'>Tous<\/button><\/li><li class='mtt-article-category'><button data-archive-button data-tax-slug='article_categories' data-term-id='834' class=''>Presse<\/button><\/li><li class='mtt-article-category'><button data-archive-button data-tax-slug='article_categories' data-term-id='815' class=''>Press<\/button><\/li><li class='mtt-article-category'><button data-archive-button data-tax-slug='article_categories' data-term-id='808' class=''>Tips &amp; Tricks<\/button><\/li><li class='mtt-article-category'><button data-archive-button data-tax-slug='article_categories' data-term-id='725' class=''>Nouvelles du produit<\/button><\/li><li class='mtt-article-category'><button data-archive-button data-tax-slug='article_categories' data-term-id='720' class=''>Activit\u00e9<\/button><\/li><li class='mtt-article-category'><button data-archive-button data-tax-slug='article_categories' data-term-id='355' class=''>Guide<\/button><\/li>            <\/ul>\n        <\/div>\n    <\/div>\n\n    <div class=\"mtt-article-archive__content\">\n        <div class=\"page_container\">\n            <div class=\"mtt-article-categories mtt-article-categories--tags\" data-parent-tax-slug=\"article_tags\">\n                <ul>\n                    <li class='mtt-article-tag'><button data-archive-button data-tax-slug='article_tags' data-term-id='0' class='active'>Tous<\/button><\/li><li class='mtt-article-tag'><button data-archive-button data-tax-slug='article_tags' data-term-id='857' class=''>Tiger<\/button><\/li><li class='mtt-article-tag'><button data-archive-button data-tax-slug='article_tags' data-term-id='732' class=''>Spider<\/button><\/li><li class='mtt-article-tag'><button data-archive-button data-tax-slug='article_tags' data-term-id='356' class=''>Scorpion<\/button><\/li><li class='mtt-article-tag'><button data-archive-button data-tax-slug='article_tags' data-term-id='790' class=''>RX<\/button><\/li><li class='mtt-article-tag'><button data-archive-button data-tax-slug='article_tags' data-term-id='786' class=''>RI<\/button><\/li><li class='mtt-article-tag'><button data-archive-button data-tax-slug='article_tags' data-term-id='89' class=''>FOX<\/button><\/li><li class='mtt-article-tag'><button data-archive-button data-tax-slug='article_tags' data-term-id='100' class=''>LRS<\/button><\/li><li class='mtt-article-tag'><button data-archive-button data-tax-slug='article_tags' data-term-id='106' class=''>FR<\/button><\/li>                <\/ul>\n            <\/div>\n\n            <div class=\"mtt-article-archive__grid\" data-archive-target>\n                \n<a class=\"mtt-article-card\" href=\"https:\/\/greentec.eu\/fr\/articles\/greentec-a-agritechnica-2025\/\">\n    <div class=\"mtt-article-card__image\">\n                                <div class=\"object-fit object-fit--fill\">\n                <img decoding=\"async\" width=\"404\" height=\"280\" src=\"https:\/\/greentec.eu\/wp-content\/uploads\/2025\/10\/Article-1-404x280.webp\" class=\"attachment-410x280x size-410x280x\" alt=\"Agritechnica 2025 GreenTec\" srcset=\"https:\/\/greentec.eu\/wp-content\/uploads\/2025\/10\/Article-1-404x280.webp 404w, https:\/\/greentec.eu\/wp-content\/uploads\/2025\/10\/Article-1-150x104.webp 150w, https:\/\/greentec.eu\/wp-content\/uploads\/2025\/10\/Article-1-180x125.webp 180w, https:\/\/greentec.eu\/wp-content\/uploads\/2025\/10\/Article-1-300x208.webp 300w, https:\/\/greentec.eu\/wp-content\/uploads\/2025\/10\/Article-1-600x416.webp 600w, https:\/\/greentec.eu\/wp-content\/uploads\/2025\/10\/Article-1.webp 678w\" sizes=\"(max-width: 404px) 100vw, 404px\" \/>            <\/div>\n            <\/div>\n    <div class=\"mtt-article-card__text\">\n                    <div class=\"mtt-article-card__category\">\n                Presse            <\/div>\n                <div class=\"mtt-article-card__title\">\n            GreenTec \u00e0 AGRITECHNICA 2025        <\/div>\n    <\/div>\n<\/a>\n<a class=\"mtt-article-card\" href=\"https:\/\/greentec.eu\/fr\/articles\/installation-du-systeme-de-montage-4-points\/\">\n    <div class=\"mtt-article-card__image\">\n                                <div class=\"object-fit object-fit--fill\">\n                <img decoding=\"async\" width=\"404\" height=\"280\" src=\"https:\/\/greentec.eu\/wp-content\/uploads\/2024\/04\/Installation-of-4-point-mounting-system-Spider-and-Scorpion-404x280.webp\" class=\"attachment-410x280x size-410x280x\" alt=\"Installation du syst\u00e8me de montage 4 points\" srcset=\"https:\/\/greentec.eu\/wp-content\/uploads\/2024\/04\/Installation-of-4-point-mounting-system-Spider-and-Scorpion-404x280.webp 404w, https:\/\/greentec.eu\/wp-content\/uploads\/2024\/04\/Installation-of-4-point-mounting-system-Spider-and-Scorpion-150x104.webp 150w, https:\/\/greentec.eu\/wp-content\/uploads\/2024\/04\/Installation-of-4-point-mounting-system-Spider-and-Scorpion-180x125.webp 180w, https:\/\/greentec.eu\/wp-content\/uploads\/2024\/04\/Installation-of-4-point-mounting-system-Spider-and-Scorpion-300x208.webp 300w, https:\/\/greentec.eu\/wp-content\/uploads\/2024\/04\/Installation-of-4-point-mounting-system-Spider-and-Scorpion-600x416.webp 600w, https:\/\/greentec.eu\/wp-content\/uploads\/2024\/04\/Installation-of-4-point-mounting-system-Spider-and-Scorpion.webp 678w\" sizes=\"(max-width: 404px) 100vw, 404px\" \/>            <\/div>\n            <\/div>\n    <div class=\"mtt-article-card__text\">\n                    <div class=\"mtt-article-card__category\">\n                Guide            <\/div>\n                <div class=\"mtt-article-card__title\">\n            Installation du syst\u00e8me de montage 4 points &#8211; S\u00e9ries Spider et Scorpion 6 &#038; 8        <\/div>\n    <\/div>\n<\/a>\n<a class=\"mtt-article-card\" href=\"https:\/\/greentec.eu\/fr\/articles\/scorpion-530-630-basic-front-de-greentec-nouvelles-epareuse-frontales\/\">\n    <div class=\"mtt-article-card__image\">\n                                <div class=\"object-fit object-fit--fill\">\n                <img decoding=\"async\" width=\"404\" height=\"280\" src=\"https:\/\/greentec.eu\/wp-content\/uploads\/2023\/11\/Scorpion-6-Basic-Front-Image-1-404x280.webp\" class=\"attachment-410x280x size-410x280x\" alt=\"GreenTec Scorpion Basic Front\" srcset=\"https:\/\/greentec.eu\/wp-content\/uploads\/2023\/11\/Scorpion-6-Basic-Front-Image-1-404x280.webp 404w, https:\/\/greentec.eu\/wp-content\/uploads\/2023\/11\/Scorpion-6-Basic-Front-Image-1-150x104.webp 150w, https:\/\/greentec.eu\/wp-content\/uploads\/2023\/11\/Scorpion-6-Basic-Front-Image-1-180x125.webp 180w, https:\/\/greentec.eu\/wp-content\/uploads\/2023\/11\/Scorpion-6-Basic-Front-Image-1-300x208.webp 300w, https:\/\/greentec.eu\/wp-content\/uploads\/2023\/11\/Scorpion-6-Basic-Front-Image-1-600x416.webp 600w, https:\/\/greentec.eu\/wp-content\/uploads\/2023\/11\/Scorpion-6-Basic-Front-Image-1.webp 678w\" sizes=\"(max-width: 404px) 100vw, 404px\" \/>            <\/div>\n            <\/div>\n    <div class=\"mtt-article-card__text\">\n                    <div class=\"mtt-article-card__category\">\n                Nouvelles du produit            <\/div>\n                <div class=\"mtt-article-card__title\">\n            Scorpion 530 &#038; 630 &#8211; Basic Front de GreenTec &#8211; Nouvelles \u00e9pareuse frontales        <\/div>\n    <\/div>\n<\/a>\n<a class=\"mtt-article-card\" href=\"https:\/\/greentec.eu\/fr\/articles\/rx-133-de-greentec-tondre-herbe-et-arbustes-conditions-extremes\/\">\n    <div class=\"mtt-article-card__image\">\n                                <div class=\"object-fit object-fit--fill\">\n                <img decoding=\"async\" width=\"404\" height=\"280\" src=\"https:\/\/greentec.eu\/wp-content\/uploads\/2023\/10\/RX-133-image-1-404x280.webp\" class=\"attachment-410x280x size-410x280x\" alt=\"RX 133 de GreenTec - Broyez les branches et les arbustes\" srcset=\"https:\/\/greentec.eu\/wp-content\/uploads\/2023\/10\/RX-133-image-1-404x280.webp 404w, https:\/\/greentec.eu\/wp-content\/uploads\/2023\/10\/RX-133-image-1-150x104.webp 150w, https:\/\/greentec.eu\/wp-content\/uploads\/2023\/10\/RX-133-image-1-180x125.webp 180w, https:\/\/greentec.eu\/wp-content\/uploads\/2023\/10\/RX-133-image-1-300x208.webp 300w, https:\/\/greentec.eu\/wp-content\/uploads\/2023\/10\/RX-133-image-1-600x416.webp 600w, https:\/\/greentec.eu\/wp-content\/uploads\/2023\/10\/RX-133-image-1.webp 678w\" sizes=\"(max-width: 404px) 100vw, 404px\" \/>            <\/div>\n            <\/div>\n    <div class=\"mtt-article-card__text\">\n                    <div class=\"mtt-article-card__category\">\n                Nouvelles du produit            <\/div>\n                <div class=\"mtt-article-card__title\">\n            RX 133 de GreenTec &#8211; Tondre l&#8217;herbe et les arbustes dans des conditions extr\u00eames        <\/div>\n    <\/div>\n<\/a>\n<a class=\"mtt-article-card\" href=\"https:\/\/greentec.eu\/fr\/articles\/ri-82-de-greentec-broyeur-de-cloture-nouvelle-et-amelioree\/\">\n    <div class=\"mtt-article-card__image\">\n                                <div class=\"object-fit object-fit--fill\">\n                <img decoding=\"async\" width=\"404\" height=\"280\" src=\"https:\/\/greentec.eu\/wp-content\/uploads\/2023\/10\/RI-82-image-1-404x280.webp\" class=\"attachment-410x280x size-410x280x\" alt=\"RI 82 de GreenTec - Nouvelle broyeur de cl\u00f4ture am\u00e9lior\u00e9e\" srcset=\"https:\/\/greentec.eu\/wp-content\/uploads\/2023\/10\/RI-82-image-1-404x280.webp 404w, https:\/\/greentec.eu\/wp-content\/uploads\/2023\/10\/RI-82-image-1-150x104.webp 150w, https:\/\/greentec.eu\/wp-content\/uploads\/2023\/10\/RI-82-image-1-180x125.webp 180w, https:\/\/greentec.eu\/wp-content\/uploads\/2023\/10\/RI-82-image-1-300x208.webp 300w, https:\/\/greentec.eu\/wp-content\/uploads\/2023\/10\/RI-82-image-1-600x416.webp 600w, https:\/\/greentec.eu\/wp-content\/uploads\/2023\/10\/RI-82-image-1.webp 678w\" sizes=\"(max-width: 404px) 100vw, 404px\" \/>            <\/div>\n            <\/div>\n    <div class=\"mtt-article-card__text\">\n                    <div class=\"mtt-article-card__category\">\n                Nouvelles du produit            <\/div>\n                <div class=\"mtt-article-card__title\">\n            RI 82 de GreenTec &#8211; Broyeur de cl\u00f4ture nouvelle et am\u00e9lior\u00e9e        <\/div>\n    <\/div>\n<\/a>\n<a class=\"mtt-article-card\" href=\"https:\/\/greentec.eu\/fr\/articles\/parametres-du-systeme-de-bras-hybride-serie-spider\/\">\n    <div class=\"mtt-article-card__image\">\n                                <div class=\"object-fit object-fit--fill\">\n                <img decoding=\"async\" width=\"404\" height=\"280\" src=\"https:\/\/greentec.eu\/wp-content\/uploads\/2023\/09\/Hybrid-Arm-System-settings-Web-404x280.webp\" class=\"attachment-410x280x size-410x280x\" alt=\"Hybrid Arm System\" srcset=\"https:\/\/greentec.eu\/wp-content\/uploads\/2023\/09\/Hybrid-Arm-System-settings-Web-404x280.webp 404w, https:\/\/greentec.eu\/wp-content\/uploads\/2023\/09\/Hybrid-Arm-System-settings-Web-150x104.webp 150w, https:\/\/greentec.eu\/wp-content\/uploads\/2023\/09\/Hybrid-Arm-System-settings-Web-180x125.webp 180w, https:\/\/greentec.eu\/wp-content\/uploads\/2023\/09\/Hybrid-Arm-System-settings-Web-300x208.webp 300w, https:\/\/greentec.eu\/wp-content\/uploads\/2023\/09\/Hybrid-Arm-System-settings-Web-600x416.webp 600w, https:\/\/greentec.eu\/wp-content\/uploads\/2023\/09\/Hybrid-Arm-System-settings-Web.webp 678w\" sizes=\"(max-width: 404px) 100vw, 404px\" \/>            <\/div>\n            <\/div>\n    <div class=\"mtt-article-card__text\">\n                    <div class=\"mtt-article-card__category\">\n                Guide            <\/div>\n                <div class=\"mtt-article-card__title\">\n            Param\u00e8tres du syst\u00e8me de bras hybride &#8211; S\u00e9rie Spider        <\/div>\n    <\/div>\n<\/a>\n<a class=\"mtt-article-card\" href=\"https:\/\/greentec.eu\/fr\/articles\/activation-du-mode-eco-serie-spider\/\">\n    <div class=\"mtt-article-card__image\">\n                                <div class=\"object-fit object-fit--fill\">\n                <img decoding=\"async\" width=\"404\" height=\"280\" src=\"https:\/\/greentec.eu\/wp-content\/uploads\/2023\/09\/ECO-mode-Web-404x280.webp\" class=\"attachment-410x280x size-410x280x\" alt=\"ECO-Mode\" srcset=\"https:\/\/greentec.eu\/wp-content\/uploads\/2023\/09\/ECO-mode-Web-404x280.webp 404w, https:\/\/greentec.eu\/wp-content\/uploads\/2023\/09\/ECO-mode-Web-150x104.webp 150w, https:\/\/greentec.eu\/wp-content\/uploads\/2023\/09\/ECO-mode-Web-180x125.webp 180w, https:\/\/greentec.eu\/wp-content\/uploads\/2023\/09\/ECO-mode-Web-300x208.webp 300w, https:\/\/greentec.eu\/wp-content\/uploads\/2023\/09\/ECO-mode-Web-600x416.webp 600w, https:\/\/greentec.eu\/wp-content\/uploads\/2023\/09\/ECO-mode-Web.webp 678w\" sizes=\"(max-width: 404px) 100vw, 404px\" \/>            <\/div>\n            <\/div>\n    <div class=\"mtt-article-card__text\">\n                    <div class=\"mtt-article-card__category\">\n                Guide            <\/div>\n                <div class=\"mtt-article-card__title\">\n            Activation du mode ECO &#8211; S\u00e9rie Spider        <\/div>\n    <\/div>\n<\/a>\n<a class=\"mtt-article-card\" href=\"https:\/\/greentec.eu\/fr\/articles\/configuration-du-auto-height-control-serie-spider\/\">\n    <div class=\"mtt-article-card__image\">\n                                <div class=\"object-fit object-fit--fill\">\n                <img decoding=\"async\" width=\"404\" height=\"280\" src=\"https:\/\/greentec.eu\/wp-content\/uploads\/2023\/09\/Auto-Height-Control-Spider-series-web-404x280.webp\" class=\"attachment-410x280x size-410x280x\" alt=\"Auto Height Control\" srcset=\"https:\/\/greentec.eu\/wp-content\/uploads\/2023\/09\/Auto-Height-Control-Spider-series-web-404x280.webp 404w, https:\/\/greentec.eu\/wp-content\/uploads\/2023\/09\/Auto-Height-Control-Spider-series-web-150x104.webp 150w, https:\/\/greentec.eu\/wp-content\/uploads\/2023\/09\/Auto-Height-Control-Spider-series-web-180x125.webp 180w, https:\/\/greentec.eu\/wp-content\/uploads\/2023\/09\/Auto-Height-Control-Spider-series-web-300x208.webp 300w, https:\/\/greentec.eu\/wp-content\/uploads\/2023\/09\/Auto-Height-Control-Spider-series-web-600x416.webp 600w, https:\/\/greentec.eu\/wp-content\/uploads\/2023\/09\/Auto-Height-Control-Spider-series-web.webp 678w\" sizes=\"(max-width: 404px) 100vw, 404px\" \/>            <\/div>\n            <\/div>\n    <div class=\"mtt-article-card__text\">\n                    <div class=\"mtt-article-card__category\">\n                Guide            <\/div>\n                <div class=\"mtt-article-card__title\">\n            Configuration du Auto Height Control &#8211; S\u00e9rie Spider        <\/div>\n    <\/div>\n<\/a>\n<a class=\"mtt-article-card\" href=\"https:\/\/greentec.eu\/fr\/articles\/serie-spider-de-greentec-couper-des-deux-cotes-du-tracteur\/\">\n    <div class=\"mtt-article-card__image\">\n                                <div class=\"object-fit object-fit--fill\">\n                <img decoding=\"async\" width=\"404\" height=\"280\" src=\"https:\/\/greentec.eu\/wp-content\/uploads\/2023\/04\/Spider-series-Product-release-FR-404x280.webp\" class=\"attachment-410x280x size-410x280x\" alt=\"S\u00e9rie Spider de GreenTec\" srcset=\"https:\/\/greentec.eu\/wp-content\/uploads\/2023\/04\/Spider-series-Product-release-FR-404x280.webp 404w, https:\/\/greentec.eu\/wp-content\/uploads\/2023\/04\/Spider-series-Product-release-FR-300x208.webp 300w, https:\/\/greentec.eu\/wp-content\/uploads\/2023\/04\/Spider-series-Product-release-FR-150x104.webp 150w, https:\/\/greentec.eu\/wp-content\/uploads\/2023\/04\/Spider-series-Product-release-FR-180x125.webp 180w, https:\/\/greentec.eu\/wp-content\/uploads\/2023\/04\/Spider-series-Product-release-FR-600x416.webp 600w, https:\/\/greentec.eu\/wp-content\/uploads\/2023\/04\/Spider-series-Product-release-FR.webp 678w\" sizes=\"(max-width: 404px) 100vw, 404px\" \/>            <\/div>\n            <\/div>\n    <div class=\"mtt-article-card__text\">\n                    <div class=\"mtt-article-card__category\">\n                Nouvelles du produit            <\/div>\n                <div class=\"mtt-article-card__title\">\n            S\u00e9rie Spider de GreenTec &#8211; Couper des deux c\u00f4t\u00e9s du tracteur        <\/div>\n    <\/div>\n<\/a>            <\/div>\n\n            <div class=\"mtt-archive__pagination\" data-archive-pagination>\n                <div class='mtt-pagination'><button class='mtt-pagination__toggle' data-page='0' aria-label='Forrige' disabled><svg xmlns=\"http:\/\/www.w3.org\/2000\/svg\" viewBox=\"0 0 6 10\" fill=\"currentColor\"><path d=\"M6 9a1 1 0 0 1-.293.707 1 1 0 0 1-1.414 0l-4-4a1 1 0 0 1 0-1.414 1 1 0 0 1 1.414 0l4 4A1 1 0 0 1 6 9Z\"\/><path d=\"M6 1a1 1 0 0 1-.293.707l-4 4a1 1 0 0 1-1.414 0 1 1 0 0 1 0-1.414l4-4A1 1 0 0 1 6 1Z\"\/><\/svg><\/button><span class='mtt-pagination__toggle mtt-pagination__toggle--active' data-page='1'>1<\/span><button class='mtt-pagination__toggle' data-page='2'>2<\/button><button class='mtt-pagination__toggle' data-page='2' aria-label='N\u00e6ste'><svg xmlns=\"http:\/\/www.w3.org\/2000\/svg\" viewBox=\"0 0 6 10\" fill=\"currentColor\"><path d=\"M6 5a1 1 0 0 1-.293.707l-4 4a1 1 0 0 1-1.414 0 1 1 0 0 1 0-1.414l4-4A1 1 0 0 1 6 5Z\"\/><path d=\"M6 5a1 1 0 0 1-.293.707 1 1 0 0 1-1.414 0l-4-4a1 1 0 0 1 0-1.414 1 1 0 0 1 1.414 0l4 4A1 1 0 0 1 6 5Z\"\/><\/svg><\/button><\/div>            <\/div>\n        <\/div>\n    <\/div>\n<\/section><\/div><\/div><\/div><\/div><\/div>","protected":false},"excerpt":{"rendered":"<p>Articles Explorer et apprendre Recevez les derni\u00e8res nouvelles de GreenTec et recevez des conseils sur l&#8217;utilisation de vos machines GreenTec ! TousPressePressTips &amp; TricksNouvelles du produitActivit\u00e9Guide TousTigerSpiderScorpionRXRIFOXLRSFR Presse GreenTec \u00e0 AGRITECHNICA 2025 Guide Installation du syst\u00e8me de montage 4 points &#8211; S\u00e9ries Spider et Scorpion 6 &#038; 8 Nouvelles du produit Scorpion 530 &#038; 630 [&hellip;]<\/p>\n","protected":false},"author":1,"featured_media":0,"parent":0,"menu_order":0,"comment_status":"closed","ping_status":"closed","template":"","meta":{"_acf_changed":false,"_relevanssi_hide_post":"","_relevanssi_hide_content":"","_relevanssi_pin_for_all":"","_relevanssi_pin_keywords":"","_relevanssi_unpin_keywords":"","_relevanssi_related_keywords":"","_relevanssi_related_include_ids":"","_relevanssi_related_exclude_ids":"","_relevanssi_related_no_append":"","_relevanssi_related_not_related":"","_relevanssi_related_posts":"","_relevanssi_noindex_reason":"","inline_featured_image":false,"footnotes":""},"class_list":["post-15012","page","type-page","status-publish","hentry"],"acf":[],"yoast_head":"<!-- This site is optimized with the Yoast SEO plugin v27.0 - https:\/\/yoast.com\/product\/yoast-seo-wordpress\/ -->\n<title>Explorer et apprendre - GreenTec<\/title>\n<meta name=\"robots\" content=\"index, follow, max-snippet:-1, max-image-preview:large, max-video-preview:-1\" \/>\n<link rel=\"canonical\" href=\"https:\/\/greentec.eu\/fr\/explorer-apprendre\/\" \/>\n<meta property=\"og:locale\" content=\"fr_FR\" \/>\n<meta property=\"og:type\" content=\"article\" \/>\n<meta property=\"og:title\" content=\"Explorer et apprendre - GreenTec\" \/>\n<meta property=\"og:description\" content=\"Articles Explorer et apprendre Recevez les derni\u00e8res nouvelles de GreenTec et recevez des conseils sur l&#039;utilisation de vos machines GreenTec ! TousPressePressTips &amp; TricksNouvelles du produitActivit\u00e9Guide TousTigerSpiderScorpionRXRIFOXLRSFR Presse GreenTec \u00e0 AGRITECHNICA 2025 Guide Installation du syst\u00e8me de montage 4 points &#8211; S\u00e9ries Spider et Scorpion 6 &#038; 8 Nouvelles du produit Scorpion 530 &#038; 630 [&hellip;]\" \/>\n<meta property=\"og:url\" content=\"https:\/\/greentec.eu\/fr\/explorer-apprendre\/\" \/>\n<meta property=\"og:site_name\" content=\"GreenTec\" \/>\n<meta property=\"article:modified_time\" content=\"2023-01-18T08:51:11+00:00\" \/>\n<meta name=\"twitter:card\" content=\"summary_large_image\" \/>\n<meta name=\"twitter:label1\" content=\"Est. reading time\" \/>\n\t<meta name=\"twitter:data1\" content=\"1 minute\" \/>\n<script type=\"application\/ld+json\" class=\"yoast-schema-graph\">{\"@context\":\"https:\/\/schema.org\",\"@graph\":[{\"@type\":\"WebPage\",\"@id\":\"https:\/\/greentec.eu\/fr\/explorer-apprendre\/\",\"url\":\"https:\/\/greentec.eu\/fr\/explorer-apprendre\/\",\"name\":\"Explorer et apprendre - GreenTec\",\"isPartOf\":{\"@id\":\"https:\/\/greentec.eu\/fr\/#website\"},\"datePublished\":\"2022-08-24T07:27:20+00:00\",\"dateModified\":\"2023-01-18T08:51:11+00:00\",\"inLanguage\":\"fr-FR\",\"potentialAction\":[{\"@type\":\"ReadAction\",\"target\":[\"https:\/\/greentec.eu\/fr\/explorer-apprendre\/\"]}]},{\"@type\":\"WebSite\",\"@id\":\"https:\/\/greentec.eu\/fr\/#website\",\"url\":\"https:\/\/greentec.eu\/fr\/\",\"name\":\"GreenTec\",\"description\":\"Maskiner til Hegnsklipning og Rabatklipning\",\"potentialAction\":[{\"@type\":\"SearchAction\",\"target\":{\"@type\":\"EntryPoint\",\"urlTemplate\":\"https:\/\/greentec.eu\/fr\/?s={search_term_string}\"},\"query-input\":{\"@type\":\"PropertyValueSpecification\",\"valueRequired\":true,\"valueName\":\"search_term_string\"}}],\"inLanguage\":\"fr-FR\"}]}<\/script>\n<!-- \/ Yoast SEO plugin. -->","yoast_head_json":{"title":"Explorer et apprendre - GreenTec","robots":{"index":"index","follow":"follow","max-snippet":"max-snippet:-1","max-image-preview":"max-image-preview:large","max-video-preview":"max-video-preview:-1"},"canonical":"https:\/\/greentec.eu\/fr\/explorer-apprendre\/","og_locale":"fr_FR","og_type":"article","og_title":"Explorer et apprendre - GreenTec","og_description":"Articles Explorer et apprendre Recevez les derni\u00e8res nouvelles de GreenTec et recevez des conseils sur l'utilisation de vos machines GreenTec ! TousPressePressTips &amp; TricksNouvelles du produitActivit\u00e9Guide TousTigerSpiderScorpionRXRIFOXLRSFR Presse GreenTec \u00e0 AGRITECHNICA 2025 Guide Installation du syst\u00e8me de montage 4 points &#8211; S\u00e9ries Spider et Scorpion 6 &#038; 8 Nouvelles du produit Scorpion 530 &#038; 630 [&hellip;]","og_url":"https:\/\/greentec.eu\/fr\/explorer-apprendre\/","og_site_name":"GreenTec","article_modified_time":"2023-01-18T08:51:11+00:00","twitter_card":"summary_large_image","twitter_misc":{"Est. reading time":"1 minute"},"schema":{"@context":"https:\/\/schema.org","@graph":[{"@type":"WebPage","@id":"https:\/\/greentec.eu\/fr\/explorer-apprendre\/","url":"https:\/\/greentec.eu\/fr\/explorer-apprendre\/","name":"Explorer et apprendre - GreenTec","isPartOf":{"@id":"https:\/\/greentec.eu\/fr\/#website"},"datePublished":"2022-08-24T07:27:20+00:00","dateModified":"2023-01-18T08:51:11+00:00","inLanguage":"fr-FR","potentialAction":[{"@type":"ReadAction","target":["https:\/\/greentec.eu\/fr\/explorer-apprendre\/"]}]},{"@type":"WebSite","@id":"https:\/\/greentec.eu\/fr\/#website","url":"https:\/\/greentec.eu\/fr\/","name":"GreenTec","description":"Maskiner til Hegnsklipning og Rabatklipning","potentialAction":[{"@type":"SearchAction","target":{"@type":"EntryPoint","urlTemplate":"https:\/\/greentec.eu\/fr\/?s={search_term_string}"},"query-input":{"@type":"PropertyValueSpecification","valueRequired":true,"valueName":"search_term_string"}}],"inLanguage":"fr-FR"}]}},"_links":{"self":[{"href":"https:\/\/greentec.eu\/fr\/wp-json\/wp\/v2\/pages\/15012","targetHints":{"allow":["GET"]}}],"collection":[{"href":"https:\/\/greentec.eu\/fr\/wp-json\/wp\/v2\/pages"}],"about":[{"href":"https:\/\/greentec.eu\/fr\/wp-json\/wp\/v2\/types\/page"}],"author":[{"embeddable":true,"href":"https:\/\/greentec.eu\/fr\/wp-json\/wp\/v2\/users\/1"}],"replies":[{"embeddable":true,"href":"https:\/\/greentec.eu\/fr\/wp-json\/wp\/v2\/comments?post=15012"}],"version-history":[{"count":2,"href":"https:\/\/greentec.eu\/fr\/wp-json\/wp\/v2\/pages\/15012\/revisions"}],"predecessor-version":[{"id":15106,"href":"https:\/\/greentec.eu\/fr\/wp-json\/wp\/v2\/pages\/15012\/revisions\/15106"}],"wp:attachment":[{"href":"https:\/\/greentec.eu\/fr\/wp-json\/wp\/v2\/media?parent=15012"}],"curies":[{"name":"wp","href":"https:\/\/api.w.org\/{rel}","templated":true}]}}